{"id":82479,"date":"2016-08-11T15:27:54","date_gmt":"2016-08-11T13:27:54","guid":{"rendered":"https:\/\/prueba.arenatours.com\/?page_id=82479"},"modified":"2025-05-19T18:20:11","modified_gmt":"2025-05-19T16:20:11","slug":"politica-de-privacidade","status":"publish","type":"page","link":"https:\/\/arenatours.com\/pt-pt\/politica-de-privacidade\/","title":{"rendered":"Pol\u00edtica de privacidade"},"content":{"rendered":"\n<h1 class=\"wp-block-heading h-borde\">Pol\u00edtica de prote\u00e7\u00e3o de dados pessoais de viajes Arena Tours S.L.<\/h1>\n\n\n\n<p>Viagens Arena Tours S.L. Ele deseja manter um relacionamento transparente com seus clientes, informando-os sobre como coletamos e tratamos com seguran\u00e7a todos os dados que eles nos fornecem no uso de nossos servi\u00e7os.<\/p>\n\n\n\n<p>Para isso, desenvolvemos esta Pol\u00edtica de Privacidade (doravante denominada &#8220;Pol\u00edtica&#8221;) que permitir\u00e1 que nossos clientes consultem as informa\u00e7\u00f5es necess\u00e1rias ou esclare\u00e7am quaisquer d\u00favidas que possam ter sobre o tratamento que realizamos dos dados pessoais.<\/p>\n\n\n\n<p>Esta &#8220;Pol\u00edtica&#8221; n\u00e3o se aplica a sites de terceiros, incluindo aqueles que podem ser acessados \u200b\u200bpor meio de um link da web em nossos ambientes.<\/p>\n\n\n\n<ol class=\"wp-block-list\">\n<li><strong>Gerente de Tratamento<\/strong><\/li>\n<\/ol>\n\n\n\n<p>A Viajes Arena Tours SL, (a seguir denominada Arenatours) com sede na Calle Paseo de la Castellana 259-C, Torre de Cristal Planta 18, 28046 de Madrid (Espanha), \u00e9 propriet\u00e1ria do dom\u00ednio da Internet: https: \/\/www.arenatours .com \/ e respons\u00e1vel pelo processamento de dados pessoais fornecidos pelo Viajante por meio deste site e \/ ou pelos diferentes meios de comunica\u00e7\u00e3o utilizados para or\u00e7amento, contrata\u00e7\u00e3o de servi\u00e7os e gerenciamento de viagens, a pedido do Viajante.<\/p>\n\n\n\n<p>Esta &#8220;Pol\u00edtica&#8221;, portanto, tamb\u00e9m se aplica a qualquer ambiente atrav\u00e9s do qual interagimos com nossos clientes e solicitamos dados pessoais, como e-mail ou correio e telefone.<\/p>\n\n\n\n<ol start=\"2\" class=\"wp-block-list\">\n<li><strong>De quem s\u00e3o os dados pessoais a que esta Pol\u00edtica se aplica<\/strong><\/li>\n<\/ol>\n\n\n\n<p>Esta pol\u00edtica de privacidade, de acordo com os regulamentos para a prote\u00e7\u00e3o de dados pessoais, descreve o tratamento, gerenciamento e finalidade com os quais os dados pessoais das pessoas que solicitam Arenatours s\u00e3o preparados e processados um ou mais or\u00e7amentos e \/ ou a contrata\u00e7\u00e3o de uma viagem.<\/p>\n\n\n\n<ol start=\"3\" class=\"wp-block-list\">\n<li><strong>Atrav\u00e9s de que fontes coletamos dados pessoais<\/strong><\/li>\n<\/ol>\n\n\n\n<p>Obtemos os dados pessoais diretamente de nossos clientes atrav\u00e9s de nossos servi\u00e7os comerciais ou de atendimento ao cliente e \/ ou atrav\u00e9s de colaboradores externos autorizados para coletar dados de nossos clientes como gerentes de tratamento, especialmente nossos agentes e ag\u00eancias de viagens colaboradores<\/p>\n\n\n\n<ol start=\"4\" class=\"wp-block-list\">\n<li><strong>Objetivo e legitima\u00e7\u00e3o<\/strong><\/li>\n<\/ol>\n\n\n\n<p>4.1 A Arenatours tratar\u00e1 os dados pessoais fornecidos por seus clientes principalmente para gerenciar a prepara\u00e7\u00e3o do or\u00e7amento de viagem solicitado e, se aceito, para a presta\u00e7\u00e3o dos servi\u00e7os contratados. A legitima\u00e7\u00e3o \u00e9 baseada no consentimento do propriet\u00e1rio dos dados para o desenvolvimento de um relacionamento comercial.<\/p>\n\n\n\n<p>O cliente que contribuiu com os dados de outros viajantes garante que, antes da comunica\u00e7\u00e3o dos mesmos \u00e0 Arenatours, obteve sua autoriza\u00e7\u00e3o \/ representa\u00e7\u00e3o, assumindo o dever de informar essas pessoas, se legalmente necess\u00e1rias, do tratamento que a Arenatours executar\u00e1 seus dados pessoais e os direitos que o ajudam descritos nesta &#8220;Pol\u00edtica&#8221;.<\/p>\n\n\n\n<p>4.2 Se contratou um servi\u00e7o com nossa entidade e, consequentemente, era nosso cliente, poderemos usar seus dados adicionalmente para enviar informa\u00e7\u00f5es promocionais da empresa por e-mail em rela\u00e7\u00e3o a servi\u00e7os semelhantes aos que voc\u00ea contratou e \/ ou informa\u00e7\u00f5es relacionadas a os mesmos. O tratamento ser\u00e1 realizado em conformidade com o disposto na Lei 34\/2002, de 11 de julho, sobre servi\u00e7os da sociedade da informa\u00e7\u00e3o e com\u00e9rcio eletr\u00f4nico. O envio de informa\u00e7\u00f5es sobre a atividade da empresa encontra legitimidade no interesse leg\u00edtimo da Arenatours, respons\u00e1vel pelo tratamento, podendo expressar a qualquer momento a oposi\u00e7\u00e3o do cliente a esse tipo de tratamento sem, em nenhum caso, o exerc\u00edcio deste direito condicionar o manuten\u00e7\u00e3o ou rescis\u00e3o do relacionamento contratual que o vincula \u00e0 empresa. No entanto, o envio de comunica\u00e7\u00f5es promocionais encontra sua base de legitimidade no consentimento concedido pela parte interessada.<\/p>\n\n\n\n<p>4.3 Quando o cliente aceita expressamente a recep\u00e7\u00e3o de comunica\u00e7\u00f5es comerciais e publicit\u00e1rias, a Arenatours trata os dados com essa finalidade, sem que, em nenhum caso, a retirada deste consentimento condicione a execu\u00e7\u00e3o do contrato ou a presta\u00e7\u00e3o dos servi\u00e7os que poderiam ter sido contratados.<\/p>\n\n\n\n<p>4.4 Quando o cliente fornece fotografias de suas viagens e autoriza sua publica\u00e7\u00e3o no site ou nas redes sociais da entidade, a Arenatours tratar\u00e1 os dados para esse fim, que os manter\u00e3o publicados at\u00e9 que seja decidida a modifica\u00e7\u00e3o do conte\u00fado dessas redes ou WEB , podendo expressar a qualquer momento sua oposi\u00e7\u00e3o a esse tipo de tratamento. A legitima\u00e7\u00e3o do tratamento ser\u00e1 realizada com base no consentimento expresso do cliente, e o cliente poder\u00e1, no entanto, revog\u00e1-lo a qualquer momento.<\/p>\n\n\n\n<ol start=\"5\" class=\"wp-block-list\">\n<li><strong>Que dados pessoais coletamos<\/strong><\/li>\n<\/ol>\n\n\n\n<p>Coletamos os dados necess\u00e1rios para o gerenciamento do servi\u00e7o solicitado, especialmente:<\/p>\n\n\n\n<p>a) Dados de identifica\u00e7\u00e3o: Nome e sobrenome, dados dos documentos comprobat\u00f3rios (NIF \/ Passaporte), data de nascimento, nacionalidade, informa\u00e7\u00f5es familiares, endere\u00e7o, telefone e email.<br>b) Dados econ\u00f3micos, financeiros e de seguros.<\/p>\n\n\n\n<ol start=\"6\" class=\"wp-block-list\">\n<li><strong>A quem podemos comunicar os dados pessoais<\/strong><\/li>\n<\/ol>\n\n\n\n<p>Pode ser necess\u00e1rio transferir dados pessoais para terceiros que prestam servi\u00e7os associados ao contrato, tanto para sua formaliza\u00e7\u00e3o quanto para seu gerenciamento e execu\u00e7\u00e3o, como: servi\u00e7os m\u00e9dicos, contrata\u00e7\u00e3o de ap\u00f3lices de seguro.<\/p>\n\n\n\n<p>Da mesma forma, para o gerenciamento dos objetivos inerentes ao desenvolvimento e cumprimento do contrato, \u00e9 necess\u00e1rio transferir esses dados para os diferentes provedores, como companhias a\u00e9reas, hot\u00e9is e outros prestadores de servi\u00e7os, que ser\u00e3o obrigados a usar os dados, \u00fanicos e exclusivamente, para cumprir com o objeto do contrato.<\/p>\n\n\n\n<p>Esses provedores, dependendo do pa\u00eds de destino da sua viagem, podem estar localizados em pa\u00edses terceiros para os quais \u00e9 necess\u00e1rio fazer uma transfer\u00eancia internacional de dados.<\/p>\n\n\n\n<p>Da mesma forma, informamos que compartilhamos os dados de nossos clientes com terceiros encarregados do tratamento da Arenatours Travel que desempenham fun\u00e7\u00f5es em nosso nome (incluindo agentes comerciais, consultores externos e consultores profissionais, contadores, auditores, provedores de TI que desenvolvem nossos sistemas tecnol\u00f3gicos ou garantem seus servi\u00e7os). seguran\u00e7a e outros processadores) quando a correta presta\u00e7\u00e3o do servi\u00e7o exigir acesso aos dados pessoais de nosso Cliente, com quem, em qualquer caso, e para garantir a seguran\u00e7a desses dados, a Arenatours assinar\u00e1 o contrato correspondente que regula as obriga\u00e7\u00f5es de cada um dos referidos gerentes de tratamento.<\/p>\n\n\n\n<p>Em todos os casos em Arenatours Travel Solicitamos \u00e0s empresas com quem compartilhamos essas informa\u00e7\u00f5es pessoais que aplicam o mesmo grau de prote\u00e7\u00e3o das informa\u00e7\u00f5es que n\u00f3s.<\/p>\n\n\n\n<p>Da mesma forma, essas informa\u00e7\u00f5es pessoais estar\u00e3o dispon\u00edveis para as administra\u00e7\u00f5es p\u00fablicas, ju\u00edzes e tribunais e outras autoridades competentes para a aten\u00e7\u00e3o das poss\u00edveis responsabilidades decorrentes do tratamento.<\/p>\n\n\n\n<ol start=\"7\" class=\"wp-block-list\">\n<li><strong>Transfer\u00eancia internaciona<\/strong><\/li>\n<\/ol>\n\n\n\n<p>Quando a viagem exigir necessariamente a transfer\u00eancia ou comunica\u00e7\u00e3o dos dados pessoais de nossos clientes a terceiros, localizados fora do escopo dos regulamentos europeus de prote\u00e7\u00e3o de dados, garantiremos que qualquer transfer\u00eancia dessas informa\u00e7\u00f5es pessoais que cumprimos esteja em conformidade com a legisla\u00e7\u00e3o aplic\u00e1vel.<\/p>\n\n\n\n<p>De qualquer forma, a transfer\u00eancia, armazenamento e gerenciamento de suas informa\u00e7\u00f5es pessoais por n\u00f3s sempre ser\u00e3o regidos por esta Pol\u00edtica de Privacidade.<\/p>\n\n\n\n<ol start=\"8\" class=\"wp-block-list\">\n<li><strong>\u00a0Por quanto tempo armazenamos dados pessoais?<\/strong><\/li>\n<\/ol>\n\n\n\n<p>Somente armazenamos dados pessoais na medida em que precisamos deles, a fim de poder us\u00e1-los de acordo com a finalidade para a qual foram coletados e de acordo com a base legal de seu tratamento, de acordo com a lei aplic\u00e1vel.<\/p>\n\n\n\n<p>Manteremos os dados pessoais de nossos clientes enquanto houver uma rela\u00e7\u00e3o contratual e forem necess\u00e1rios para o cumprimento de nossas obriga\u00e7\u00f5es legais ou para a defesa de poss\u00edveis responsabilidades que possam ser exigidas de n\u00f3s.<\/p>\n\n\n\n<p>Ap\u00f3s esses prazos e, em qualquer caso, ap\u00f3s 6 anos do t\u00e9rmino do relacionamento comercial, voc\u00ea cancelar\u00e1 seus dados.<\/p>\n\n\n\n<p>Se voc\u00ea autorizou expressamente o recebimento de informa\u00e7\u00f5es comerciais, manteremos seus dados enquanto voc\u00ea n\u00e3o exercer seu direito de exclus\u00e3o.<\/p>\n\n\n\n<ol start=\"9\" class=\"wp-block-list\">\n<li><strong>Medidas de seguran\u00e7<\/strong><\/li>\n<\/ol>\n\n\n\n<p>Comprometemo-nos a tratar os dados pessoais de acordo com as disposi\u00e7\u00f5es dos regulamentos aplic\u00e1veis \u200b\u200be, em particular, (i) tratar os dados aos quais temos acesso, com garantias suficientes de confidencialidade; e (ii) adotar as medidas de seguran\u00e7a t\u00e9cnica e organizacional necess\u00e1rias para evitar altera\u00e7\u00f5es, perda e tratamento n\u00e3o autorizado ou acesso aos referidos dados.<\/p>\n\n\n\n<p>Todos os dados pessoais s\u00e3o armazenados em servidores seguros (ou c\u00f3pias f\u00edsicas seguras) de nossa propriedade ou de nossos subcontratados, e para acess\u00e1-los e us\u00e1-los, nossos crit\u00e9rios e pol\u00edticas de seguran\u00e7a (ou outros equivalentes de nossos subcontratados) se aplicam.<\/p>\n\n\n\n<p>Embora n\u00e3o seja poss\u00edvel garantir prote\u00e7\u00e3o absoluta contra intrus\u00f5es nas transmiss\u00f5es de dados pela Internet ou pela Web, n\u00f3s e nossos subcontratados fazemos todos os esfor\u00e7os para manter as medidas de prote\u00e7\u00e3o f\u00edsica, eletr\u00f4nica e processual necess\u00e1rias para garantir a prote\u00e7\u00e3o de suas informa\u00e7\u00f5es de acordo com os requisitos aplic\u00e1veis \u200b\u200bem rela\u00e7\u00e3o \u00e0 prote\u00e7\u00e3o de dados.<\/p>\n\n\n\n<ol start=\"10\" class=\"wp-block-list\">\n<li><strong>Direitos que ajudam nossos clientes<\/strong><\/li>\n<\/ol>\n\n\n\n<p>Por fim, informamos que nossos clientes t\u00eam os seguintes direitos:<\/p>\n\n\n\n<ol class=\"wp-block-list\">\n<li><u>Acesso: <\/u>voc\u00ea pode solicitar que forne\u00e7amos mais detalhes sobre como tratamos seus dados pessoais e solicite uma c\u00f3pia das informa\u00e7\u00f5es pessoais que temos sobre eles.<\/li>\n\n\n\n<li><u>Retifica\u00e7\u00e3o<\/u>: Voc\u00ea pode solicitar que alteremos quaisquer imprecis\u00f5es nos dados pessoais que temos.<\/li>\n\n\n\n<li><u>Exclus\u00e3o<\/u>: voc\u00ea pode solicitar que cancelemos seus dados pessoais quando n\u00e3o tivermos mais motivos legais para us\u00e1-los e o relacionamento que nos vincula tiver expirado.<\/li>\n\n\n\n<li><u>Limita\u00e7\u00e3o do tratamento<\/u>: eles podem restringir o processamento de seus dados para uma ou v\u00e1rias finalidades espec\u00edficas.<\/li>\n\n\n\n<li><u>Oposi\u00e7\u00e3o<\/u>: eles podem se opor ao tratamento de seus dados pela empresa para uma finalidade espec\u00edfica, desde que esse tratamento n\u00e3o seja necess\u00e1rio para o cumprimento, desenvolvimento e controle de seu relacionamento.<br>Portabilidade dos dados: voc\u00ea pode pedir para transferir as informa\u00e7\u00f5es pessoais que voc\u00ea forneceu a terceiros.<\/li>\n<\/ol>\n\n\n\n<p>Eles podem exercer seus direitos de acesso, retifica\u00e7\u00e3o, exclus\u00e3o, limita\u00e7\u00e3o no processamento, oposi\u00e7\u00e3o e portabilidade de dados, da seguinte maneira:<\/p>\n\n\n\n<p>Enviando um email enviado para o endere\u00e7o quality@arenatours.com ou por carta para o endere\u00e7o indicado abaixo, acompanhando um documento de identidade e referindo-se aos direitos que eles desejam exercer especificamente.<\/p>\n\n\n\n<p class=\"has-text-align-center has-black-color has-white-background-color has-text-color has-background\"><strong>VIAJES ARENA TOURS S.L. <\/strong>C.I.F. \u00e9 B-84916337 e tem sede em Torre de Cristal, Paseo de Castellana, 259-C Planta 18 de Madri 28046 de Madri.<\/p>\n\n\n\n<p>Por fim, voc\u00ea pode solicitar informa\u00e7\u00f5es sobre seus direitos e registrar uma reclama\u00e7\u00e3o junto \u00e0 Autoridade Espanhola de Prote\u00e7\u00e3o de Dados, com endere\u00e7o na Rua Jorge Juan, n\u00ba 6, 28001 Madrid.<\/p>\n","protected":false},"excerpt":{"rendered":"<p>Pol\u00edtica de prote\u00e7\u00e3o de dados pessoais de viajes Arena Tours S.L. Viagens Arena Tours S.L. Ele deseja manter um relacionamento transparente com seus clientes, informando-os sobre como coletamos e tratamos com seguran\u00e7a todos os dados que eles nos fornecem no uso de nossos servi\u00e7os. Para isso, desenvolvemos esta Pol\u00edtica de Privacidade (doravante denominada &#8220;Pol\u00edtica&#8221;) que &#8230; <a title=\"Pol\u00edtica de privacidade\" class=\"read-more\" href=\"https:\/\/arenatours.com\/pt-pt\/politica-de-privacidade\/\" aria-label=\"Leia mais sobre Pol\u00edtica de privacidade\">Ler mais<\/a><\/p>\n","protected":false},"author":3,"featured_media":202261,"parent":0,"menu_order":0,"comment_status":"closed","ping_status":"closed","template":"","meta":{"_acf_changed":false,"footnotes":""},"class_list":["post-82479","page","type-page","status-publish","has-post-thumbnail"],"acf":[],"yoast_head":"<!-- This site is optimized with the Yoast SEO plugin v27.3 - https:\/\/yoast.com\/product\/yoast-seo-wordpress\/ -->\n<title>Arenatours Pol\u00edtica de privacidade<\/title>\n<meta name=\"robots\" content=\"noindex, nofollow\" \/>\n<meta property=\"og:locale\" content=\"pt_PT\" \/>\n<meta property=\"og:type\" content=\"article\" \/>\n<meta property=\"og:title\" content=\"Arenatours Pol\u00edtica de privacidade\" \/>\n<meta property=\"og:description\" content=\"Pol\u00edtica de prote\u00e7\u00e3o de dados pessoais de viajes Arena Tours S.L. Viagens Arena Tours S.L. Ele deseja manter um relacionamento transparente com seus clientes, informando-os sobre como coletamos e tratamos com seguran\u00e7a todos os dados que eles nos fornecem no uso de nossos servi\u00e7os. Para isso, desenvolvemos esta Pol\u00edtica de Privacidade (doravante denominada &#8220;Pol\u00edtica&#8221;) que ... Ler mais\" \/>\n<meta property=\"og:url\" content=\"https:\/\/arenatours.com\/pt-pt\/politica-de-privacidade\/\" \/>\n<meta property=\"og:site_name\" content=\"Arenatours PT\" \/>\n<meta property=\"article:publisher\" content=\"https:\/\/facebook.com\/arenatoursofficial\" \/>\n<meta property=\"article:modified_time\" content=\"2025-05-19T16:20:11+00:00\" \/>\n<meta property=\"og:image\" content=\"http:\/\/arenatours.com\/wp-content\/uploads\/2022\/11\/hp-slider-black-november-viaje-maldivas.jpg\" \/>\n\t<meta property=\"og:image:width\" content=\"1594\" \/>\n\t<meta property=\"og:image:height\" content=\"771\" \/>\n\t<meta property=\"og:image:type\" content=\"image\/jpeg\" \/>\n<meta name=\"twitter:card\" content=\"summary_large_image\" \/>\n<meta name=\"twitter:site\" content=\"@arenatours\" \/>\n<meta name=\"twitter:label1\" content=\"Tempo estimado de leitura\" \/>\n\t<meta name=\"twitter:data1\" content=\"8 minutos\" \/>\n<script type=\"application\/ld+json\" class=\"yoast-schema-graph\">{\"@context\":\"https:\\\/\\\/schema.org\",\"@graph\":[{\"@type\":\"WebPage\",\"@id\":\"https:\\\/\\\/arenatours.com\\\/pt-pt\\\/politica-de-privacidade\\\/\",\"url\":\"https:\\\/\\\/arenatours.com\\\/pt-pt\\\/politica-de-privacidade\\\/\",\"name\":\"Arenatours Pol\u00edtica de privacidade\",\"isPartOf\":{\"@id\":\"http:\\\/\\\/arenatours.com\\\/pt-pt\\\/#website\"},\"primaryImageOfPage\":{\"@id\":\"https:\\\/\\\/arenatours.com\\\/pt-pt\\\/politica-de-privacidade\\\/#primaryimage\"},\"image\":{\"@id\":\"https:\\\/\\\/arenatours.com\\\/pt-pt\\\/politica-de-privacidade\\\/#primaryimage\"},\"thumbnailUrl\":\"https:\\\/\\\/arenatours.com\\\/wp-content\\\/uploads\\\/2022\\\/11\\\/hp-slider-black-november-viaje-maldivas.jpg\",\"datePublished\":\"2016-08-11T13:27:54+00:00\",\"dateModified\":\"2025-05-19T16:20:11+00:00\",\"breadcrumb\":{\"@id\":\"https:\\\/\\\/arenatours.com\\\/pt-pt\\\/politica-de-privacidade\\\/#breadcrumb\"},\"inLanguage\":\"pt-PT\",\"potentialAction\":[{\"@type\":\"ReadAction\",\"target\":[\"https:\\\/\\\/arenatours.com\\\/pt-pt\\\/politica-de-privacidade\\\/\"]}]},{\"@type\":\"ImageObject\",\"inLanguage\":\"pt-PT\",\"@id\":\"https:\\\/\\\/arenatours.com\\\/pt-pt\\\/politica-de-privacidade\\\/#primaryimage\",\"url\":\"https:\\\/\\\/arenatours.com\\\/wp-content\\\/uploads\\\/2022\\\/11\\\/hp-slider-black-november-viaje-maldivas.jpg\",\"contentUrl\":\"https:\\\/\\\/arenatours.com\\\/wp-content\\\/uploads\\\/2022\\\/11\\\/hp-slider-black-november-viaje-maldivas.jpg\",\"width\":1594,\"height\":771,\"caption\":\"Hp Slider Black November Viaje Maldivas - arenatours.com\"},{\"@type\":\"BreadcrumbList\",\"@id\":\"https:\\\/\\\/arenatours.com\\\/pt-pt\\\/politica-de-privacidade\\\/#breadcrumb\",\"itemListElement\":[{\"@type\":\"ListItem\",\"position\":1,\"name\":\"Portada\",\"item\":\"https:\\\/\\\/arenatours.com\\\/pt-pt\\\/\"},{\"@type\":\"ListItem\",\"position\":2,\"name\":\"Pol\u00edtica de privacidade\"}]},{\"@type\":\"WebSite\",\"@id\":\"http:\\\/\\\/arenatours.com\\\/pt-pt\\\/#website\",\"url\":\"http:\\\/\\\/arenatours.com\\\/pt-pt\\\/\",\"name\":\"Arenatours\",\"description\":\"Especialistas em viagens personalizadas \u00e0s Maldivas e destinos ex\u00f3ticos\",\"publisher\":{\"@id\":\"http:\\\/\\\/arenatours.com\\\/pt-pt\\\/#organization\"},\"potentialAction\":[{\"@type\":\"SearchAction\",\"target\":{\"@type\":\"EntryPoint\",\"urlTemplate\":\"http:\\\/\\\/arenatours.com\\\/pt-pt\\\/?s={search_term_string}\"},\"query-input\":{\"@type\":\"PropertyValueSpecification\",\"valueRequired\":true,\"valueName\":\"search_term_string\"}}],\"inLanguage\":\"pt-PT\"},{\"@type\":\"Organization\",\"@id\":\"http:\\\/\\\/arenatours.com\\\/pt-pt\\\/#organization\",\"name\":\"Arenatours\",\"url\":\"http:\\\/\\\/arenatours.com\\\/pt-pt\\\/\",\"logo\":{\"@type\":\"ImageObject\",\"inLanguage\":\"pt-PT\",\"@id\":\"http:\\\/\\\/arenatours.com\\\/pt-pt\\\/#\\\/schema\\\/logo\\\/image\\\/\",\"url\":\"https:\\\/\\\/arenatours.com\\\/wp-content\\\/uploads\\\/2024\\\/12\\\/logo-arenatours-x-1-1.png\",\"contentUrl\":\"https:\\\/\\\/arenatours.com\\\/wp-content\\\/uploads\\\/2024\\\/12\\\/logo-arenatours-x-1-1.png\",\"width\":1200,\"height\":728,\"caption\":\"Arenatours\"},\"image\":{\"@id\":\"http:\\\/\\\/arenatours.com\\\/pt-pt\\\/#\\\/schema\\\/logo\\\/image\\\/\"},\"sameAs\":[\"https:\\\/\\\/facebook.com\\\/arenatoursofficial\",\"https:\\\/\\\/x.com\\\/arenatours\"]}]}<\/script>\n<!-- \/ Yoast SEO plugin. -->","yoast_head_json":{"title":"Arenatours Pol\u00edtica de privacidade","robots":{"index":"noindex","follow":"nofollow"},"og_locale":"pt_PT","og_type":"article","og_title":"Arenatours Pol\u00edtica de privacidade","og_description":"Pol\u00edtica de prote\u00e7\u00e3o de dados pessoais de viajes Arena Tours S.L. Viagens Arena Tours S.L. Ele deseja manter um relacionamento transparente com seus clientes, informando-os sobre como coletamos e tratamos com seguran\u00e7a todos os dados que eles nos fornecem no uso de nossos servi\u00e7os. Para isso, desenvolvemos esta Pol\u00edtica de Privacidade (doravante denominada &#8220;Pol\u00edtica&#8221;) que ... Ler mais","og_url":"https:\/\/arenatours.com\/pt-pt\/politica-de-privacidade\/","og_site_name":"Arenatours PT","article_publisher":"https:\/\/facebook.com\/arenatoursofficial","article_modified_time":"2025-05-19T16:20:11+00:00","og_image":[{"width":1594,"height":771,"url":"http:\/\/arenatours.com\/wp-content\/uploads\/2022\/11\/hp-slider-black-november-viaje-maldivas.jpg","type":"image\/jpeg"}],"twitter_card":"summary_large_image","twitter_site":"@arenatours","twitter_misc":{"Tempo estimado de leitura":"8 minutos"},"schema":{"@context":"https:\/\/schema.org","@graph":[{"@type":"WebPage","@id":"https:\/\/arenatours.com\/pt-pt\/politica-de-privacidade\/","url":"https:\/\/arenatours.com\/pt-pt\/politica-de-privacidade\/","name":"Arenatours Pol\u00edtica de privacidade","isPartOf":{"@id":"http:\/\/arenatours.com\/pt-pt\/#website"},"primaryImageOfPage":{"@id":"https:\/\/arenatours.com\/pt-pt\/politica-de-privacidade\/#primaryimage"},"image":{"@id":"https:\/\/arenatours.com\/pt-pt\/politica-de-privacidade\/#primaryimage"},"thumbnailUrl":"https:\/\/arenatours.com\/wp-content\/uploads\/2022\/11\/hp-slider-black-november-viaje-maldivas.jpg","datePublished":"2016-08-11T13:27:54+00:00","dateModified":"2025-05-19T16:20:11+00:00","breadcrumb":{"@id":"https:\/\/arenatours.com\/pt-pt\/politica-de-privacidade\/#breadcrumb"},"inLanguage":"pt-PT","potentialAction":[{"@type":"ReadAction","target":["https:\/\/arenatours.com\/pt-pt\/politica-de-privacidade\/"]}]},{"@type":"ImageObject","inLanguage":"pt-PT","@id":"https:\/\/arenatours.com\/pt-pt\/politica-de-privacidade\/#primaryimage","url":"https:\/\/arenatours.com\/wp-content\/uploads\/2022\/11\/hp-slider-black-november-viaje-maldivas.jpg","contentUrl":"https:\/\/arenatours.com\/wp-content\/uploads\/2022\/11\/hp-slider-black-november-viaje-maldivas.jpg","width":1594,"height":771,"caption":"Hp Slider Black November Viaje Maldivas - arenatours.com"},{"@type":"BreadcrumbList","@id":"https:\/\/arenatours.com\/pt-pt\/politica-de-privacidade\/#breadcrumb","itemListElement":[{"@type":"ListItem","position":1,"name":"Portada","item":"https:\/\/arenatours.com\/pt-pt\/"},{"@type":"ListItem","position":2,"name":"Pol\u00edtica de privacidade"}]},{"@type":"WebSite","@id":"http:\/\/arenatours.com\/pt-pt\/#website","url":"http:\/\/arenatours.com\/pt-pt\/","name":"Arenatours","description":"Especialistas em viagens personalizadas \u00e0s Maldivas e destinos ex\u00f3ticos","publisher":{"@id":"http:\/\/arenatours.com\/pt-pt\/#organization"},"potentialAction":[{"@type":"SearchAction","target":{"@type":"EntryPoint","urlTemplate":"http:\/\/arenatours.com\/pt-pt\/?s={search_term_string}"},"query-input":{"@type":"PropertyValueSpecification","valueRequired":true,"valueName":"search_term_string"}}],"inLanguage":"pt-PT"},{"@type":"Organization","@id":"http:\/\/arenatours.com\/pt-pt\/#organization","name":"Arenatours","url":"http:\/\/arenatours.com\/pt-pt\/","logo":{"@type":"ImageObject","inLanguage":"pt-PT","@id":"http:\/\/arenatours.com\/pt-pt\/#\/schema\/logo\/image\/","url":"https:\/\/arenatours.com\/wp-content\/uploads\/2024\/12\/logo-arenatours-x-1-1.png","contentUrl":"https:\/\/arenatours.com\/wp-content\/uploads\/2024\/12\/logo-arenatours-x-1-1.png","width":1200,"height":728,"caption":"Arenatours"},"image":{"@id":"http:\/\/arenatours.com\/pt-pt\/#\/schema\/logo\/image\/"},"sameAs":["https:\/\/facebook.com\/arenatoursofficial","https:\/\/x.com\/arenatours"]}]}},"_links":{"self":[{"href":"https:\/\/arenatours.com\/pt-pt\/wp-json\/wp\/v2\/pages\/82479","targetHints":{"allow":["GET"]}}],"collection":[{"href":"https:\/\/arenatours.com\/pt-pt\/wp-json\/wp\/v2\/pages"}],"about":[{"href":"https:\/\/arenatours.com\/pt-pt\/wp-json\/wp\/v2\/types\/page"}],"author":[{"embeddable":true,"href":"https:\/\/arenatours.com\/pt-pt\/wp-json\/wp\/v2\/users\/3"}],"replies":[{"embeddable":true,"href":"https:\/\/arenatours.com\/pt-pt\/wp-json\/wp\/v2\/comments?post=82479"}],"version-history":[{"count":1,"href":"https:\/\/arenatours.com\/pt-pt\/wp-json\/wp\/v2\/pages\/82479\/revisions"}],"predecessor-version":[{"id":354365,"href":"https:\/\/arenatours.com\/pt-pt\/wp-json\/wp\/v2\/pages\/82479\/revisions\/354365"}],"wp:featuredmedia":[{"embeddable":true,"href":"https:\/\/arenatours.com\/pt-pt\/wp-json\/wp\/v2\/media\/202261"}],"wp:attachment":[{"href":"https:\/\/arenatours.com\/pt-pt\/wp-json\/wp\/v2\/media?parent=82479"}],"curies":[{"name":"wp","href":"https:\/\/api.w.org\/{rel}","templated":true}]}}