{"id":82474,"date":"2016-08-16T16:19:56","date_gmt":"2016-08-16T14:19:56","guid":{"rendered":"https:\/\/prueba.arenatours.com\/?page_id=82474"},"modified":"2025-05-19T18:22:33","modified_gmt":"2025-05-19T16:22:33","slug":"politica-de-cookies","status":"publish","type":"page","link":"https:\/\/arenatours.com\/pt-pt\/politica-de-cookies\/","title":{"rendered":"Pol\u00edtica de Cookies"},"content":{"rendered":"\n<h1 class=\"wp-block-heading h-borde\">Pol\u00edtica de Cookies<\/h1>\n\n\n\n<p>Cookie \u00e9 um arquivo que \u00e9 descarregado para o seu computador ao acessar determinados sites.&nbsp;Os cookies permitem que uma&nbsp;p\u00e1gina da Web, entre outras coisas, armazene e recupere informa\u00e7\u00f5es&nbsp;sobre os&nbsp;h\u00e1bitos&nbsp;de&nbsp;navega\u00e7\u00e3o&nbsp;de um utilizador ou dos seus equipamentos e, dependendo das informa\u00e7\u00f5es que&nbsp;eles cont\u00eam e da forma como os equipamentoss\u00e3o usados, pode ser usado para reconhecer o utilizador. O navegador do utilizador armazena cookies no disco r\u00edgido apenas durante a sess\u00e3o atual, ocupando um espa\u00e7o de mem\u00f3ria&nbsp;m\u00ednimo e n\u00e3o prejudicando&nbsp;o &nbsp;computador.&nbsp;Os cookies n\u00e3o cont\u00eam qualquer tipo de informa\u00e7\u00e3o&nbsp;pessoal&nbsp;espec\u00edfico&nbsp;e a maioria destas \u00e9 apagada do disco r\u00edgido ao terminar a navega\u00e7\u00e3o. (denominadas cookies de sess\u00e3o)<\/p>\n\n\n\n<p>A maioria dos&nbsp;navegadores aceita&nbsp;cookies como padr\u00e3o e, independentemente deles, permitem ou impedem cookies tempor\u00e1rios ou armazenados em configura\u00e7\u00f5es de seguran\u00e7a.<\/p>\n\n\n\n<p>Sem o seu consentimento expresso&nbsp;&#8211;&nbsp;pela ativa\u00e7\u00e3o&nbsp; de cookies no seu navegador&nbsp;\u2013&nbsp;a Arenatours n\u00e3o utilizar\u00e1 nas cookies os dados pessoais fornecidos no momento do registo ou da compra.<\/p>\n\n\n\n<h4 class=\"wp-block-heading\"><strong>Que&nbsp;tipos de cookies s\u00e3o utilizados neste web&nbsp;site?<\/strong><\/h4>\n\n\n\n<p>&#8211;&nbsp;<strong>Cookies&nbsp;t\u00e9cnicos<\/strong>: s\u00e3o&nbsp;aqueles&nbsp;que permitem ao utilizador navegar&nbsp; uma&nbsp;p\u00e1gina da Web, plataforma ou aplicativo e&nbsp;o uso&nbsp;de diferentes op\u00e7\u00f5es ou servi\u00e7os que existem nele, como controlar o&nbsp;tr\u00e1fego e a comunica\u00e7\u00e3o de dados,&nbsp;identificar&nbsp;a sess\u00e3o,&nbsp;aceder a partes de acesso restrito, memorizar os elementos que integram uma ordem de compra, realizar o processo de compra, realizar a inscri\u00e7\u00e3o ou participa\u00e7\u00e3o num evento, utilizar elementos de seguran\u00e7a durante a navega\u00e7\u00e3o, armazenar conte\u00fados para a reprodu\u00e7\u00e3o de videos ou media ou partilhar conte\u00fados atrav\u00e9s de redes sociais.<\/p>\n\n\n\n<p>&#8211;&nbsp;<strong>Cookies de personaliza\u00e7\u00e3o<\/strong>&nbsp;:&nbsp;S\u00e3o aqueles que permitem ao usu\u00e1rio acessar o servi\u00e7o com algumas caracter\u00edsticas gerais pr\u00e9-definidas com base numa s\u00e9rie de crit\u00e9rios no terminal do usu\u00e1rio, como a linguagem, o tipo de navegador atrav\u00e9s do qual o usu\u00e1rio acessa o servi\u00e7o, a configura\u00e7\u00e3o regional de onde o utilizador acede ao servi\u00e7o<\/p>\n\n\n\n<p>&#8211;&nbsp;<strong>Cookies de An\u00e1lise<\/strong>: S\u00e3o aqueles que, bem tratados por n\u00f3s ou por terceiros, nos permitem quantificar o n\u00famero de usu\u00e1rios e, assim, realizar a medi\u00e7\u00e3o e an\u00e1lise estat\u00edstica do uso feito pelos usu\u00e1rios do servi\u00e7o oferecido. Para este efeito, analisamos a sua navega\u00e7\u00e3o no nosso site, para melhorar a oferta de produtos ou servi\u00e7os.<\/p>\n\n\n\n<p>&#8211;&nbsp;<strong>Cookies publicit\u00e1rios<\/strong>: S\u00e3o aqueles que, bem tratados por n\u00f3s ou por terceiros, nos permitem administrar da forma mais eficiente poss\u00edvel a oferta dos espa\u00e7os publicit\u00e1rios que est\u00e3o no site, adaptando o conte\u00fado do an\u00fancio ao conte\u00fado do servi\u00e7o solicitado ou ao uso do nosso site. Para tal, podemos analisar os seus h\u00e1bitos de navega\u00e7\u00e3o na Internet e podemos mostrar an\u00fancios relacionados com o seu perfil de navega\u00e7\u00e3o.<\/p>\n\n\n\n<p>&#8211;<strong>&nbsp;Cookies de publicidade comportamental<\/strong>: S\u00e3o&nbsp;aqueles que permitem a gest\u00e3o&nbsp;, da forma mais&nbsp;eficiente poss\u00edvel, dos espa\u00e7os publicit\u00e1rios que o editor tenha inclu\u00eddo numa&nbsp;p\u00e1gina web, aplica\u00e7\u00e3o&nbsp;ou plataforma a&nbsp;partir da qual fornece o servi\u00e7o solicitado.&nbsp;Esses cookies armazenam informa\u00e7\u00f5es sobre&nbsp;o comportamento dos usu\u00e1rios, obtidos atrav\u00e9s&nbsp;da observa\u00e7\u00e3o&nbsp;cont\u00ednua dos seus&nbsp;h\u00e1bitos de navega\u00e7\u00e3o&nbsp;, o que permite desenvolver um perfil espec\u00edfico&nbsp;para exibir&nbsp;publicidade com base&nbsp;nele.<\/p>\n\n\n\n<p>&#8211; <strong>Cookies de terceiros<\/strong>: O site da Arenatours pode usar servi\u00e7os de terceiros que, em nome da Arenatours, obter\u00e3o informa\u00e7\u00f5es,&nbsp;para fins estat\u00edsticos, do uso do site pelo usu\u00e1rio e para o fornecimento&nbsp;de outros&nbsp;servi\u00e7os relacionados com a atividade do site e outros servi\u00e7os da Internet.<\/p>\n\n\n\n<p>Em particular, este site usa o Google Analytics, um&nbsp;servi\u00e7o&nbsp;anal\u00edtico da&nbsp;web fornecido pela Google, Inc. baseado nos Estados Unidos, com sede em 1600 Amphitheatre Parkway, Mountain View, Calif\u00f3rnia 94043. Para a presta\u00e7\u00e3o&nbsp;desses servi\u00e7os, estes usam cookies que recolhem as&nbsp;informa\u00e7\u00f5es,&nbsp;incluindo o endere\u00e7o IP do utilizador, que ser\u00e1 transmitida, tratada e armazenada pelo Google nos termos fixados em www.google.com , incluindo a eventual transmiss\u00e3o da dita informa\u00e7\u00e3o a terceiros por raz\u00f5es de exig\u00eancia legal ou quando estes terceiroas processem a informa\u00e7\u00e3o em nome da Google.<\/p>\n\n\n\n<p>Pode obter mais informa\u00e7\u00f5es sobre cookies, informa\u00e7\u00f5es sobre privacidade, ou consultar a descri\u00e7\u00e3o do tipo de cookies utilizados, suas caracter\u00edsticas principais, per\u00edodo de validade, etc. no(s) seguinte(s) link(s):<\/p>\n\n\n\n<p>Google: <a href=\"https:\/\/policies.google.com\/technologies\/partner-sites\" target=\"_blank\" rel=\"noreferrer noopener\">https:\/\/policies.google.com\/technologies\/partner-sites<\/a><\/p>\n\n\n\n<p><strong>O usu\u00e1rio aceita expressamente, pela itiliza\u00e7\u00e3o deste site,&nbsp;o tratamento das informa\u00e7\u00f5es&nbsp;recolhida na forma e com as finalidades acima referidas<\/strong>.&nbsp;E tamb\u00e9m reconhece a possibilidade de recusar o tratamento desses dados ou informa\u00e7\u00e3o, recusando o uso de cookies mediante a sele\u00e7\u00e3o da configura\u00e7\u00e3o apropriada para esse fim no seu navegador. &nbsp;Embora esta op\u00e7\u00e3o&nbsp;de bloqueio de cookies no seu navegador pode n\u00e3o permitir o uso total de todos os recursos do site.<\/p>\n\n\n\n<p>O usu\u00e1rio pode permitir, bloquear ou excluir os cookies instalados&nbsp;no seu computador, configurando&nbsp;as op\u00e7\u00f5es do navegador instaladas no seu computador:<\/p>\n\n\n\n<ul class=\"wp-block-list\">\n<li>Chrome<\/li>\n\n\n\n<li>Explorer<\/li>\n\n\n\n<li>Firefox<\/li>\n\n\n\n<li>Safari<\/li>\n<\/ul>\n\n\n\n<p>Se tiver d\u00favidas sobre esta&nbsp;pol\u00edtica de cookies, poder\u00e1 entrar em contato com a Arenatours atrav\u00e9s de info@arenatours.com .<\/p>\n","protected":false},"excerpt":{"rendered":"<p>Pol\u00edtica de Cookies Cookie \u00e9 um arquivo que \u00e9 descarregado para o seu computador ao acessar determinados sites.&nbsp;Os cookies permitem que uma&nbsp;p\u00e1gina da Web, entre outras coisas, armazene e recupere informa\u00e7\u00f5es&nbsp;sobre os&nbsp;h\u00e1bitos&nbsp;de&nbsp;navega\u00e7\u00e3o&nbsp;de um utilizador ou dos seus equipamentos e, dependendo das informa\u00e7\u00f5es que&nbsp;eles cont\u00eam e da forma como os equipamentoss\u00e3o usados, pode ser usado para &#8230; <a title=\"Pol\u00edtica de Cookies\" class=\"read-more\" href=\"https:\/\/arenatours.com\/pt-pt\/politica-de-cookies\/\" aria-label=\"Leia mais sobre Pol\u00edtica de Cookies\">Ler mais<\/a><\/p>\n","protected":false},"author":3,"featured_media":119839,"parent":0,"menu_order":100,"comment_status":"closed","ping_status":"closed","template":"","meta":{"_acf_changed":false,"footnotes":""},"class_list":["post-82474","page","type-page","status-publish","has-post-thumbnail"],"acf":[],"yoast_head":"<!-- This site is optimized with the Yoast SEO plugin v27.3 - https:\/\/yoast.com\/product\/yoast-seo-wordpress\/ -->\n<title>Arenatours Pol\u00edtica de Cookies<\/title>\n<meta name=\"robots\" content=\"noindex, nofollow\" \/>\n<meta property=\"og:locale\" content=\"pt_PT\" \/>\n<meta property=\"og:type\" content=\"article\" \/>\n<meta property=\"og:title\" content=\"Arenatours Pol\u00edtica de Cookies\" \/>\n<meta property=\"og:description\" content=\"Pol\u00edtica de Cookies Cookie \u00e9 um arquivo que \u00e9 descarregado para o seu computador ao acessar determinados sites.&nbsp;Os cookies permitem que uma&nbsp;p\u00e1gina da Web, entre outras coisas, armazene e recupere informa\u00e7\u00f5es&nbsp;sobre os&nbsp;h\u00e1bitos&nbsp;de&nbsp;navega\u00e7\u00e3o&nbsp;de um utilizador ou dos seus equipamentos e, dependendo das informa\u00e7\u00f5es que&nbsp;eles cont\u00eam e da forma como os equipamentoss\u00e3o usados, pode ser usado para ... Ler mais\" \/>\n<meta property=\"og:url\" content=\"https:\/\/arenatours.com\/pt-pt\/politica-de-cookies\/\" \/>\n<meta property=\"og:site_name\" content=\"Arenatours PT\" \/>\n<meta property=\"article:publisher\" content=\"https:\/\/facebook.com\/arenatoursofficial\" \/>\n<meta property=\"article:modified_time\" content=\"2025-05-19T16:22:33+00:00\" \/>\n<meta property=\"og:image\" content=\"http:\/\/arenatours.com\/wp-content\/uploads\/2020\/04\/viaje-maldivas-todo-incluido-oblu-select-slider-hp.jpg\" \/>\n\t<meta property=\"og:image:width\" content=\"1600\" \/>\n\t<meta property=\"og:image:height\" content=\"774\" \/>\n\t<meta property=\"og:image:type\" content=\"image\/jpeg\" \/>\n<meta name=\"twitter:card\" content=\"summary_large_image\" \/>\n<meta name=\"twitter:site\" content=\"@arenatours\" \/>\n<meta name=\"twitter:label1\" content=\"Tempo estimado de leitura\" \/>\n\t<meta name=\"twitter:data1\" content=\"4 minutos\" \/>\n<script type=\"application\/ld+json\" class=\"yoast-schema-graph\">{\"@context\":\"https:\\\/\\\/schema.org\",\"@graph\":[{\"@type\":\"WebPage\",\"@id\":\"https:\\\/\\\/arenatours.com\\\/pt-pt\\\/politica-de-cookies\\\/\",\"url\":\"https:\\\/\\\/arenatours.com\\\/pt-pt\\\/politica-de-cookies\\\/\",\"name\":\"Arenatours Pol\u00edtica de Cookies\",\"isPartOf\":{\"@id\":\"http:\\\/\\\/arenatours.com\\\/pt-pt\\\/#website\"},\"primaryImageOfPage\":{\"@id\":\"https:\\\/\\\/arenatours.com\\\/pt-pt\\\/politica-de-cookies\\\/#primaryimage\"},\"image\":{\"@id\":\"https:\\\/\\\/arenatours.com\\\/pt-pt\\\/politica-de-cookies\\\/#primaryimage\"},\"thumbnailUrl\":\"https:\\\/\\\/arenatours.com\\\/wp-content\\\/uploads\\\/2020\\\/04\\\/viaje-maldivas-todo-incluido-oblu-select-slider-hp.jpg\",\"datePublished\":\"2016-08-16T14:19:56+00:00\",\"dateModified\":\"2025-05-19T16:22:33+00:00\",\"breadcrumb\":{\"@id\":\"https:\\\/\\\/arenatours.com\\\/pt-pt\\\/politica-de-cookies\\\/#breadcrumb\"},\"inLanguage\":\"pt-PT\",\"potentialAction\":[{\"@type\":\"ReadAction\",\"target\":[\"https:\\\/\\\/arenatours.com\\\/pt-pt\\\/politica-de-cookies\\\/\"]}]},{\"@type\":\"ImageObject\",\"inLanguage\":\"pt-PT\",\"@id\":\"https:\\\/\\\/arenatours.com\\\/pt-pt\\\/politica-de-cookies\\\/#primaryimage\",\"url\":\"https:\\\/\\\/arenatours.com\\\/wp-content\\\/uploads\\\/2020\\\/04\\\/viaje-maldivas-todo-incluido-oblu-select-slider-hp.jpg\",\"contentUrl\":\"https:\\\/\\\/arenatours.com\\\/wp-content\\\/uploads\\\/2020\\\/04\\\/viaje-maldivas-todo-incluido-oblu-select-slider-hp.jpg\",\"width\":1600,\"height\":774,\"caption\":\"viaje a Maldivas todo incluido en Oblu Select Sangeli\"},{\"@type\":\"BreadcrumbList\",\"@id\":\"https:\\\/\\\/arenatours.com\\\/pt-pt\\\/politica-de-cookies\\\/#breadcrumb\",\"itemListElement\":[{\"@type\":\"ListItem\",\"position\":1,\"name\":\"Portada\",\"item\":\"https:\\\/\\\/arenatours.com\\\/pt-pt\\\/\"},{\"@type\":\"ListItem\",\"position\":2,\"name\":\"Pol\u00edtica de Cookies\"}]},{\"@type\":\"WebSite\",\"@id\":\"http:\\\/\\\/arenatours.com\\\/pt-pt\\\/#website\",\"url\":\"http:\\\/\\\/arenatours.com\\\/pt-pt\\\/\",\"name\":\"Arenatours\",\"description\":\"Especialistas em viagens personalizadas \u00e0s Maldivas e destinos ex\u00f3ticos\",\"publisher\":{\"@id\":\"http:\\\/\\\/arenatours.com\\\/pt-pt\\\/#organization\"},\"potentialAction\":[{\"@type\":\"SearchAction\",\"target\":{\"@type\":\"EntryPoint\",\"urlTemplate\":\"http:\\\/\\\/arenatours.com\\\/pt-pt\\\/?s={search_term_string}\"},\"query-input\":{\"@type\":\"PropertyValueSpecification\",\"valueRequired\":true,\"valueName\":\"search_term_string\"}}],\"inLanguage\":\"pt-PT\"},{\"@type\":\"Organization\",\"@id\":\"http:\\\/\\\/arenatours.com\\\/pt-pt\\\/#organization\",\"name\":\"Arenatours\",\"url\":\"http:\\\/\\\/arenatours.com\\\/pt-pt\\\/\",\"logo\":{\"@type\":\"ImageObject\",\"inLanguage\":\"pt-PT\",\"@id\":\"http:\\\/\\\/arenatours.com\\\/pt-pt\\\/#\\\/schema\\\/logo\\\/image\\\/\",\"url\":\"https:\\\/\\\/arenatours.com\\\/wp-content\\\/uploads\\\/2024\\\/12\\\/logo-arenatours-x-1-1.png\",\"contentUrl\":\"https:\\\/\\\/arenatours.com\\\/wp-content\\\/uploads\\\/2024\\\/12\\\/logo-arenatours-x-1-1.png\",\"width\":1200,\"height\":728,\"caption\":\"Arenatours\"},\"image\":{\"@id\":\"http:\\\/\\\/arenatours.com\\\/pt-pt\\\/#\\\/schema\\\/logo\\\/image\\\/\"},\"sameAs\":[\"https:\\\/\\\/facebook.com\\\/arenatoursofficial\",\"https:\\\/\\\/x.com\\\/arenatours\"]}]}<\/script>\n<!-- \/ Yoast SEO plugin. -->","yoast_head_json":{"title":"Arenatours Pol\u00edtica de Cookies","robots":{"index":"noindex","follow":"nofollow"},"og_locale":"pt_PT","og_type":"article","og_title":"Arenatours Pol\u00edtica de Cookies","og_description":"Pol\u00edtica de Cookies Cookie \u00e9 um arquivo que \u00e9 descarregado para o seu computador ao acessar determinados sites.&nbsp;Os cookies permitem que uma&nbsp;p\u00e1gina da Web, entre outras coisas, armazene e recupere informa\u00e7\u00f5es&nbsp;sobre os&nbsp;h\u00e1bitos&nbsp;de&nbsp;navega\u00e7\u00e3o&nbsp;de um utilizador ou dos seus equipamentos e, dependendo das informa\u00e7\u00f5es que&nbsp;eles cont\u00eam e da forma como os equipamentoss\u00e3o usados, pode ser usado para ... Ler mais","og_url":"https:\/\/arenatours.com\/pt-pt\/politica-de-cookies\/","og_site_name":"Arenatours PT","article_publisher":"https:\/\/facebook.com\/arenatoursofficial","article_modified_time":"2025-05-19T16:22:33+00:00","og_image":[{"width":1600,"height":774,"url":"http:\/\/arenatours.com\/wp-content\/uploads\/2020\/04\/viaje-maldivas-todo-incluido-oblu-select-slider-hp.jpg","type":"image\/jpeg"}],"twitter_card":"summary_large_image","twitter_site":"@arenatours","twitter_misc":{"Tempo estimado de leitura":"4 minutos"},"schema":{"@context":"https:\/\/schema.org","@graph":[{"@type":"WebPage","@id":"https:\/\/arenatours.com\/pt-pt\/politica-de-cookies\/","url":"https:\/\/arenatours.com\/pt-pt\/politica-de-cookies\/","name":"Arenatours Pol\u00edtica de Cookies","isPartOf":{"@id":"http:\/\/arenatours.com\/pt-pt\/#website"},"primaryImageOfPage":{"@id":"https:\/\/arenatours.com\/pt-pt\/politica-de-cookies\/#primaryimage"},"image":{"@id":"https:\/\/arenatours.com\/pt-pt\/politica-de-cookies\/#primaryimage"},"thumbnailUrl":"https:\/\/arenatours.com\/wp-content\/uploads\/2020\/04\/viaje-maldivas-todo-incluido-oblu-select-slider-hp.jpg","datePublished":"2016-08-16T14:19:56+00:00","dateModified":"2025-05-19T16:22:33+00:00","breadcrumb":{"@id":"https:\/\/arenatours.com\/pt-pt\/politica-de-cookies\/#breadcrumb"},"inLanguage":"pt-PT","potentialAction":[{"@type":"ReadAction","target":["https:\/\/arenatours.com\/pt-pt\/politica-de-cookies\/"]}]},{"@type":"ImageObject","inLanguage":"pt-PT","@id":"https:\/\/arenatours.com\/pt-pt\/politica-de-cookies\/#primaryimage","url":"https:\/\/arenatours.com\/wp-content\/uploads\/2020\/04\/viaje-maldivas-todo-incluido-oblu-select-slider-hp.jpg","contentUrl":"https:\/\/arenatours.com\/wp-content\/uploads\/2020\/04\/viaje-maldivas-todo-incluido-oblu-select-slider-hp.jpg","width":1600,"height":774,"caption":"viaje a Maldivas todo incluido en Oblu Select Sangeli"},{"@type":"BreadcrumbList","@id":"https:\/\/arenatours.com\/pt-pt\/politica-de-cookies\/#breadcrumb","itemListElement":[{"@type":"ListItem","position":1,"name":"Portada","item":"https:\/\/arenatours.com\/pt-pt\/"},{"@type":"ListItem","position":2,"name":"Pol\u00edtica de Cookies"}]},{"@type":"WebSite","@id":"http:\/\/arenatours.com\/pt-pt\/#website","url":"http:\/\/arenatours.com\/pt-pt\/","name":"Arenatours","description":"Especialistas em viagens personalizadas \u00e0s Maldivas e destinos ex\u00f3ticos","publisher":{"@id":"http:\/\/arenatours.com\/pt-pt\/#organization"},"potentialAction":[{"@type":"SearchAction","target":{"@type":"EntryPoint","urlTemplate":"http:\/\/arenatours.com\/pt-pt\/?s={search_term_string}"},"query-input":{"@type":"PropertyValueSpecification","valueRequired":true,"valueName":"search_term_string"}}],"inLanguage":"pt-PT"},{"@type":"Organization","@id":"http:\/\/arenatours.com\/pt-pt\/#organization","name":"Arenatours","url":"http:\/\/arenatours.com\/pt-pt\/","logo":{"@type":"ImageObject","inLanguage":"pt-PT","@id":"http:\/\/arenatours.com\/pt-pt\/#\/schema\/logo\/image\/","url":"https:\/\/arenatours.com\/wp-content\/uploads\/2024\/12\/logo-arenatours-x-1-1.png","contentUrl":"https:\/\/arenatours.com\/wp-content\/uploads\/2024\/12\/logo-arenatours-x-1-1.png","width":1200,"height":728,"caption":"Arenatours"},"image":{"@id":"http:\/\/arenatours.com\/pt-pt\/#\/schema\/logo\/image\/"},"sameAs":["https:\/\/facebook.com\/arenatoursofficial","https:\/\/x.com\/arenatours"]}]}},"_links":{"self":[{"href":"https:\/\/arenatours.com\/pt-pt\/wp-json\/wp\/v2\/pages\/82474","targetHints":{"allow":["GET"]}}],"collection":[{"href":"https:\/\/arenatours.com\/pt-pt\/wp-json\/wp\/v2\/pages"}],"about":[{"href":"https:\/\/arenatours.com\/pt-pt\/wp-json\/wp\/v2\/types\/page"}],"author":[{"embeddable":true,"href":"https:\/\/arenatours.com\/pt-pt\/wp-json\/wp\/v2\/users\/3"}],"replies":[{"embeddable":true,"href":"https:\/\/arenatours.com\/pt-pt\/wp-json\/wp\/v2\/comments?post=82474"}],"version-history":[{"count":2,"href":"https:\/\/arenatours.com\/pt-pt\/wp-json\/wp\/v2\/pages\/82474\/revisions"}],"predecessor-version":[{"id":329326,"href":"https:\/\/arenatours.com\/pt-pt\/wp-json\/wp\/v2\/pages\/82474\/revisions\/329326"}],"wp:featuredmedia":[{"embeddable":true,"href":"https:\/\/arenatours.com\/pt-pt\/wp-json\/wp\/v2\/media\/119839"}],"wp:attachment":[{"href":"https:\/\/arenatours.com\/pt-pt\/wp-json\/wp\/v2\/media?parent=82474"}],"curies":[{"name":"wp","href":"https:\/\/api.w.org\/{rel}","templated":true}]}}