{"id":373542,"date":"2024-12-04T11:59:08","date_gmt":"2024-12-04T10:59:08","guid":{"rendered":"https:\/\/arenatours.com\/?page_id=373542"},"modified":"2026-03-23T10:56:09","modified_gmt":"2026-03-23T09:56:09","slug":"catalogos","status":"publish","type":"page","link":"https:\/\/arenatours.com\/pt-pt\/catalogos\/","title":{"rendered":"Cat\u00e1logos"},"content":{"rendered":"<p class=\"has-text-align-center\">Explore os nossos cat\u00e1logos exclusivos de viagens, concebidos para o inspirar. Na Arenatours, criamos experi\u00eancias \u00fanicas em destinos de sonho, com itiner\u00e1rios cuidadosamente selecionados e alojamentos que combinam conforto e autenticidade.<\/p>\n\n\n\n<p class=\"has-text-align-center\">Quer procure relaxar numa praia paradis\u00edaca, viver a emo\u00e7\u00e3o de um safari ou descobrir culturas fascinantes, os nossos cat\u00e1logos oferecem-lhe o guia perfeito para planear a sua pr\u00f3xima viagem. D\u00ea uma vista de olhos e encontre a experi\u00eancia que melhor se adapta a si.<\/p>\n\n\n\n<div style=\"height:30px\" aria-hidden=\"true\" class=\"wp-block-spacer\"><\/div><section class=\"arenatours-catalog-grid\"><article class=\"arenatours-catalog-card\"><a class=\"arenatours-catalog-card__link js-arenatours-open-catalog\" href=\"https:\/\/arenatours.com\/pt-pt\/catalogos\/?catalogo=373522\" data-modal-src=\"https:\/\/arenatours.com\/pt-pt\/catalogos\/?catalogo=373522&#038;catalogo_modal=1\" aria-label=\"Ver catalogo: Maldivas 2026\"><span class=\"arenatours-catalog-card__cover\"><img class=\"arenatours-catalog-card__image\" src=\"https:\/\/arenatours.com\/wp-content\/uploads\/2026\/03\/portada-arenatours-2025-pt-web-lq.avif\" alt=\"Maldivas 2026\" loading=\"lazy\" decoding=\"async\"><\/span><span class=\"arenatours-catalog-card__body\"><span class=\"arenatours-catalog-card__title\">Maldivas 2026<\/span><\/span><\/a><a class=\"arenatours-catalog-card__download\" href=\"https:\/\/arenatours.com\/wp-content\/uploads\/2026\/03\/catalogo-arenatours-maldivas-2025-pt-lq.pdf\" target=\"_blank\" rel=\"noopener\">Descarregar PDF<\/a><\/article><article class=\"arenatours-catalog-card\"><a class=\"arenatours-catalog-card__link js-arenatours-open-catalog\" href=\"https:\/\/arenatours.com\/pt-pt\/catalogos\/?catalogo=373530\" data-modal-src=\"https:\/\/arenatours.com\/pt-pt\/catalogos\/?catalogo=373530&#038;catalogo_modal=1\" aria-label=\"Ver catalogo: Maldivas 2024\"><span class=\"arenatours-catalog-card__cover\"><img class=\"arenatours-catalog-card__image\" src=\"https:\/\/arenatours.com\/wp-content\/uploads\/2026\/03\/portada-arenatours-2024-pt-lq.avif\" alt=\"Maldivas 2024\" loading=\"lazy\" decoding=\"async\"><\/span><span class=\"arenatours-catalog-card__body\"><span class=\"arenatours-catalog-card__title\">Maldivas 2024<\/span><\/span><\/a><a class=\"arenatours-catalog-card__download\" href=\"https:\/\/arenatours.com\/wp-content\/uploads\/2026\/03\/catalogo-arenatours-maldivas-2024-pt-web-mq.pdf\" target=\"_blank\" rel=\"noopener\">Descarregar PDF<\/a><\/article><article class=\"arenatours-catalog-card\"><a class=\"arenatours-catalog-card__link js-arenatours-open-catalog\" href=\"https:\/\/arenatours.com\/pt-pt\/catalogos\/?catalogo=373535\" data-modal-src=\"https:\/\/arenatours.com\/pt-pt\/catalogos\/?catalogo=373535&#038;catalogo_modal=1\" aria-label=\"Ver catalogo: Maldivas 2022\"><span class=\"arenatours-catalog-card__cover\"><img class=\"arenatours-catalog-card__image\" src=\"https:\/\/arenatours.com\/wp-content\/uploads\/2026\/03\/catalogo-2022-pt-web-portada.avif\" alt=\"Maldivas 2022\" loading=\"lazy\" decoding=\"async\"><\/span><span class=\"arenatours-catalog-card__body\"><span class=\"arenatours-catalog-card__title\">Maldivas 2022<\/span><\/span><\/a><a class=\"arenatours-catalog-card__download\" href=\"https:\/\/arenatours.com\/wp-content\/uploads\/2026\/03\/catalogo-2022-pt-web-mq.pdf\" target=\"_blank\" rel=\"noopener\">Descarregar PDF<\/a><\/article><\/section><div class=\"arenatours-catalog-modal\" hidden aria-hidden=\"true\"><div class=\"arenatours-catalog-modal__backdrop js-arenatours-catalog-modal-close\"><\/div><div class=\"arenatours-catalog-modal__dialog\" role=\"dialog\" aria-modal=\"true\" aria-label=\"Ver catalogo\"><button type=\"button\" class=\"arenatours-catalog-modal__close js-arenatours-catalog-modal-close\" aria-label=\"Fechar\">\u00d7<\/button><iframe class=\"arenatours-catalog-modal__frame\" title=\"Ver catalogo\" loading=\"lazy\" allowfullscreen><\/iframe><\/div><\/div>","protected":false},"excerpt":{"rendered":"<p>Explore os nossos cat\u00e1logos exclusivos de viagens, concebidos para o inspirar. Na Arenatours, criamos experi\u00eancias \u00fanicas em destinos de sonho, com itiner\u00e1rios cuidadosamente selecionados e alojamentos que combinam conforto e autenticidade. Quer procure relaxar numa praia paradis\u00edaca, viver a emo\u00e7\u00e3o de um safari ou descobrir culturas fascinantes, os nossos cat\u00e1logos oferecem-lhe o guia perfeito para &#8230; <a title=\"Cat\u00e1logos\" class=\"read-more\" href=\"https:\/\/arenatours.com\/pt-pt\/catalogos\/\" aria-label=\"Leia mais sobre Cat\u00e1logos\">Ler mais<\/a><\/p>\n","protected":false},"author":3,"featured_media":333498,"parent":0,"menu_order":0,"comment_status":"closed","ping_status":"closed","template":"","meta":{"_acf_changed":false,"footnotes":""},"class_list":["post-373542","page","type-page","status-publish","has-post-thumbnail"],"acf":[],"yoast_head":"<!-- This site is optimized with the Yoast SEO plugin v27.5 - https:\/\/yoast.com\/product\/yoast-seo-wordpress\/ -->\n<title>Cat\u00e1logos - Arenatours PT<\/title>\n<meta name=\"robots\" content=\"index, follow, max-snippet:-1, max-image-preview:large, max-video-preview:-1\" \/>\n<link rel=\"canonical\" href=\"https:\/\/arenatours.com\/pt-pt\/catalogos\/\" \/>\n<meta property=\"og:locale\" content=\"pt_PT\" \/>\n<meta property=\"og:type\" content=\"article\" \/>\n<meta property=\"og:title\" content=\"Cat\u00e1logos - Arenatours PT\" \/>\n<meta property=\"og:description\" content=\"Explore os nossos cat\u00e1logos exclusivos de viagens, concebidos para o inspirar. Na Arenatours, criamos experi\u00eancias \u00fanicas em destinos de sonho, com itiner\u00e1rios cuidadosamente selecionados e alojamentos que combinam conforto e autenticidade. Quer procure relaxar numa praia paradis\u00edaca, viver a emo\u00e7\u00e3o de um safari ou descobrir culturas fascinantes, os nossos cat\u00e1logos oferecem-lhe o guia perfeito para ... Ler mais\" \/>\n<meta property=\"og:url\" content=\"https:\/\/arenatours.com\/pt-pt\/catalogos\/\" \/>\n<meta property=\"og:site_name\" content=\"Arenatours PT\" \/>\n<meta property=\"article:publisher\" content=\"https:\/\/facebook.com\/arenatoursofficial\" \/>\n<meta property=\"article:modified_time\" content=\"2026-03-23T09:56:09+00:00\" \/>\n<meta property=\"og:image\" content=\"https:\/\/arenatours.com\/wp-content\/uploads\/2024\/12\/portada-header-catalogos-arenatours-2.webp\" \/>\n\t<meta property=\"og:image:width\" content=\"1600\" \/>\n\t<meta property=\"og:image:height\" content=\"514\" \/>\n\t<meta property=\"og:image:type\" content=\"image\/webp\" \/>\n<meta name=\"twitter:card\" content=\"summary_large_image\" \/>\n<meta name=\"twitter:site\" content=\"@arenatours\" \/>\n<meta name=\"twitter:label1\" content=\"Tempo estimado de leitura\" \/>\n\t<meta name=\"twitter:data1\" content=\"1 minuto\" \/>\n<script type=\"application\/ld+json\" class=\"yoast-schema-graph\">{\"@context\":\"https:\\\/\\\/schema.org\",\"@graph\":[{\"@type\":\"WebPage\",\"@id\":\"https:\\\/\\\/arenatours.com\\\/pt-pt\\\/catalogos\\\/\",\"url\":\"https:\\\/\\\/arenatours.com\\\/pt-pt\\\/catalogos\\\/\",\"name\":\"Cat\u00e1logos - Arenatours PT\",\"isPartOf\":{\"@id\":\"http:\\\/\\\/arenatours.com\\\/pt-pt\\\/#website\"},\"primaryImageOfPage\":{\"@id\":\"https:\\\/\\\/arenatours.com\\\/pt-pt\\\/catalogos\\\/#primaryimage\"},\"image\":{\"@id\":\"https:\\\/\\\/arenatours.com\\\/pt-pt\\\/catalogos\\\/#primaryimage\"},\"thumbnailUrl\":\"https:\\\/\\\/arenatours.com\\\/wp-content\\\/uploads\\\/2024\\\/12\\\/portada-header-catalogos-arenatours-2.webp\",\"datePublished\":\"2024-12-04T10:59:08+00:00\",\"dateModified\":\"2026-03-23T09:56:09+00:00\",\"breadcrumb\":{\"@id\":\"https:\\\/\\\/arenatours.com\\\/pt-pt\\\/catalogos\\\/#breadcrumb\"},\"inLanguage\":\"pt-PT\",\"potentialAction\":[{\"@type\":\"ReadAction\",\"target\":[\"https:\\\/\\\/arenatours.com\\\/pt-pt\\\/catalogos\\\/\"]}]},{\"@type\":\"ImageObject\",\"inLanguage\":\"pt-PT\",\"@id\":\"https:\\\/\\\/arenatours.com\\\/pt-pt\\\/catalogos\\\/#primaryimage\",\"url\":\"https:\\\/\\\/arenatours.com\\\/wp-content\\\/uploads\\\/2024\\\/12\\\/portada-header-catalogos-arenatours-2.webp\",\"contentUrl\":\"https:\\\/\\\/arenatours.com\\\/wp-content\\\/uploads\\\/2024\\\/12\\\/portada-header-catalogos-arenatours-2.webp\",\"width\":1600,\"height\":514},{\"@type\":\"BreadcrumbList\",\"@id\":\"https:\\\/\\\/arenatours.com\\\/pt-pt\\\/catalogos\\\/#breadcrumb\",\"itemListElement\":[{\"@type\":\"ListItem\",\"position\":1,\"name\":\"Portada\",\"item\":\"https:\\\/\\\/arenatours.com\\\/pt-pt\\\/\"},{\"@type\":\"ListItem\",\"position\":2,\"name\":\"Cat\u00e1logos\"}]},{\"@type\":\"WebSite\",\"@id\":\"http:\\\/\\\/arenatours.com\\\/pt-pt\\\/#website\",\"url\":\"http:\\\/\\\/arenatours.com\\\/pt-pt\\\/\",\"name\":\"Arenatours\",\"description\":\"Especialistas em viagens personalizadas \u00e0s Maldivas e destinos ex\u00f3ticos\",\"publisher\":{\"@id\":\"http:\\\/\\\/arenatours.com\\\/pt-pt\\\/#organization\"},\"potentialAction\":[{\"@type\":\"SearchAction\",\"target\":{\"@type\":\"EntryPoint\",\"urlTemplate\":\"http:\\\/\\\/arenatours.com\\\/pt-pt\\\/?s={search_term_string}\"},\"query-input\":{\"@type\":\"PropertyValueSpecification\",\"valueRequired\":true,\"valueName\":\"search_term_string\"}}],\"inLanguage\":\"pt-PT\"},{\"@type\":\"Organization\",\"@id\":\"http:\\\/\\\/arenatours.com\\\/pt-pt\\\/#organization\",\"name\":\"Arenatours\",\"url\":\"http:\\\/\\\/arenatours.com\\\/pt-pt\\\/\",\"logo\":{\"@type\":\"ImageObject\",\"inLanguage\":\"pt-PT\",\"@id\":\"http:\\\/\\\/arenatours.com\\\/pt-pt\\\/#\\\/schema\\\/logo\\\/image\\\/\",\"url\":\"https:\\\/\\\/arenatours.com\\\/wp-content\\\/uploads\\\/2024\\\/12\\\/logo-arenatours-x-1-1.png\",\"contentUrl\":\"https:\\\/\\\/arenatours.com\\\/wp-content\\\/uploads\\\/2024\\\/12\\\/logo-arenatours-x-1-1.png\",\"width\":1200,\"height\":728,\"caption\":\"Arenatours\"},\"image\":{\"@id\":\"http:\\\/\\\/arenatours.com\\\/pt-pt\\\/#\\\/schema\\\/logo\\\/image\\\/\"},\"sameAs\":[\"https:\\\/\\\/facebook.com\\\/arenatoursofficial\",\"https:\\\/\\\/x.com\\\/arenatours\"]}]}<\/script>\n<!-- \/ Yoast SEO plugin. -->","yoast_head_json":{"title":"Cat\u00e1logos - Arenatours PT","robots":{"index":"index","follow":"follow","max-snippet":"max-snippet:-1","max-image-preview":"max-image-preview:large","max-video-preview":"max-video-preview:-1"},"canonical":"https:\/\/arenatours.com\/pt-pt\/catalogos\/","og_locale":"pt_PT","og_type":"article","og_title":"Cat\u00e1logos - Arenatours PT","og_description":"Explore os nossos cat\u00e1logos exclusivos de viagens, concebidos para o inspirar. Na Arenatours, criamos experi\u00eancias \u00fanicas em destinos de sonho, com itiner\u00e1rios cuidadosamente selecionados e alojamentos que combinam conforto e autenticidade. Quer procure relaxar numa praia paradis\u00edaca, viver a emo\u00e7\u00e3o de um safari ou descobrir culturas fascinantes, os nossos cat\u00e1logos oferecem-lhe o guia perfeito para ... Ler mais","og_url":"https:\/\/arenatours.com\/pt-pt\/catalogos\/","og_site_name":"Arenatours PT","article_publisher":"https:\/\/facebook.com\/arenatoursofficial","article_modified_time":"2026-03-23T09:56:09+00:00","og_image":[{"width":1600,"height":514,"url":"https:\/\/arenatours.com\/wp-content\/uploads\/2024\/12\/portada-header-catalogos-arenatours-2.webp","type":"image\/webp"}],"twitter_card":"summary_large_image","twitter_site":"@arenatours","twitter_misc":{"Tempo estimado de leitura":"1 minuto"},"schema":{"@context":"https:\/\/schema.org","@graph":[{"@type":"WebPage","@id":"https:\/\/arenatours.com\/pt-pt\/catalogos\/","url":"https:\/\/arenatours.com\/pt-pt\/catalogos\/","name":"Cat\u00e1logos - Arenatours PT","isPartOf":{"@id":"http:\/\/arenatours.com\/pt-pt\/#website"},"primaryImageOfPage":{"@id":"https:\/\/arenatours.com\/pt-pt\/catalogos\/#primaryimage"},"image":{"@id":"https:\/\/arenatours.com\/pt-pt\/catalogos\/#primaryimage"},"thumbnailUrl":"https:\/\/arenatours.com\/wp-content\/uploads\/2024\/12\/portada-header-catalogos-arenatours-2.webp","datePublished":"2024-12-04T10:59:08+00:00","dateModified":"2026-03-23T09:56:09+00:00","breadcrumb":{"@id":"https:\/\/arenatours.com\/pt-pt\/catalogos\/#breadcrumb"},"inLanguage":"pt-PT","potentialAction":[{"@type":"ReadAction","target":["https:\/\/arenatours.com\/pt-pt\/catalogos\/"]}]},{"@type":"ImageObject","inLanguage":"pt-PT","@id":"https:\/\/arenatours.com\/pt-pt\/catalogos\/#primaryimage","url":"https:\/\/arenatours.com\/wp-content\/uploads\/2024\/12\/portada-header-catalogos-arenatours-2.webp","contentUrl":"https:\/\/arenatours.com\/wp-content\/uploads\/2024\/12\/portada-header-catalogos-arenatours-2.webp","width":1600,"height":514},{"@type":"BreadcrumbList","@id":"https:\/\/arenatours.com\/pt-pt\/catalogos\/#breadcrumb","itemListElement":[{"@type":"ListItem","position":1,"name":"Portada","item":"https:\/\/arenatours.com\/pt-pt\/"},{"@type":"ListItem","position":2,"name":"Cat\u00e1logos"}]},{"@type":"WebSite","@id":"http:\/\/arenatours.com\/pt-pt\/#website","url":"http:\/\/arenatours.com\/pt-pt\/","name":"Arenatours","description":"Especialistas em viagens personalizadas \u00e0s Maldivas e destinos ex\u00f3ticos","publisher":{"@id":"http:\/\/arenatours.com\/pt-pt\/#organization"},"potentialAction":[{"@type":"SearchAction","target":{"@type":"EntryPoint","urlTemplate":"http:\/\/arenatours.com\/pt-pt\/?s={search_term_string}"},"query-input":{"@type":"PropertyValueSpecification","valueRequired":true,"valueName":"search_term_string"}}],"inLanguage":"pt-PT"},{"@type":"Organization","@id":"http:\/\/arenatours.com\/pt-pt\/#organization","name":"Arenatours","url":"http:\/\/arenatours.com\/pt-pt\/","logo":{"@type":"ImageObject","inLanguage":"pt-PT","@id":"http:\/\/arenatours.com\/pt-pt\/#\/schema\/logo\/image\/","url":"https:\/\/arenatours.com\/wp-content\/uploads\/2024\/12\/logo-arenatours-x-1-1.png","contentUrl":"https:\/\/arenatours.com\/wp-content\/uploads\/2024\/12\/logo-arenatours-x-1-1.png","width":1200,"height":728,"caption":"Arenatours"},"image":{"@id":"http:\/\/arenatours.com\/pt-pt\/#\/schema\/logo\/image\/"},"sameAs":["https:\/\/facebook.com\/arenatoursofficial","https:\/\/x.com\/arenatours"]}]}},"_links":{"self":[{"href":"https:\/\/arenatours.com\/pt-pt\/wp-json\/wp\/v2\/pages\/373542","targetHints":{"allow":["GET"]}}],"collection":[{"href":"https:\/\/arenatours.com\/pt-pt\/wp-json\/wp\/v2\/pages"}],"about":[{"href":"https:\/\/arenatours.com\/pt-pt\/wp-json\/wp\/v2\/types\/page"}],"author":[{"embeddable":true,"href":"https:\/\/arenatours.com\/pt-pt\/wp-json\/wp\/v2\/users\/3"}],"replies":[{"embeddable":true,"href":"https:\/\/arenatours.com\/pt-pt\/wp-json\/wp\/v2\/comments?post=373542"}],"version-history":[{"count":1,"href":"https:\/\/arenatours.com\/pt-pt\/wp-json\/wp\/v2\/pages\/373542\/revisions"}],"predecessor-version":[{"id":373543,"href":"https:\/\/arenatours.com\/pt-pt\/wp-json\/wp\/v2\/pages\/373542\/revisions\/373543"}],"wp:featuredmedia":[{"embeddable":true,"href":"https:\/\/arenatours.com\/pt-pt\/wp-json\/wp\/v2\/media\/333498"}],"wp:attachment":[{"href":"https:\/\/arenatours.com\/pt-pt\/wp-json\/wp\/v2\/media?parent=373542"}],"curies":[{"name":"wp","href":"https:\/\/api.w.org\/{rel}","templated":true}]}}