{"id":363245,"date":"2025-05-29T14:50:45","date_gmt":"2025-05-29T12:50:45","guid":{"rendered":"https:\/\/arenatours.com\/?page_id=363245"},"modified":"2025-07-22T12:15:20","modified_gmt":"2025-07-22T10:15:20","slug":"hoteis-tudo-incluido-nas-maldivas","status":"publish","type":"page","link":"https:\/\/arenatours.com\/pt-pt\/hoteis-tudo-incluido-nas-maldivas\/","title":{"rendered":"Hot\u00e9is Tudo Inclu\u00eddo nas Maldivas"},"content":{"rendered":"","protected":false},"excerpt":{"rendered":"","protected":false},"author":22,"featured_media":305452,"parent":0,"menu_order":0,"comment_status":"closed","ping_status":"closed","template":"","meta":{"_acf_changed":false,"footnotes":""},"class_list":["post-363245","page","type-page","status-publish","has-post-thumbnail"],"acf":[],"yoast_head":"<!-- This site is optimized with the Yoast SEO plugin v27.4 - https:\/\/yoast.com\/product\/yoast-seo-wordpress\/ -->\n<title>Hot\u00e9is Tudo Inclu\u00eddo nas Maldivas<\/title>\n<meta name=\"description\" content=\"Os hot\u00e9is Tudo Inclu\u00eddo nas Maldivas incluem muito mais que refei\u00e7\u00f5es. \u2b50 Escolhe o melhor de acordo com o teu perfil.\" \/>\n<meta name=\"robots\" content=\"index, follow, max-snippet:-1, max-image-preview:large, max-video-preview:-1\" \/>\n<link rel=\"canonical\" href=\"https:\/\/arenatours.com\/pt-pt\/hoteis-tudo-incluido-nas-maldivas\/\" \/>\n<meta property=\"og:locale\" content=\"pt_PT\" \/>\n<meta property=\"og:type\" content=\"article\" \/>\n<meta property=\"og:title\" content=\"Hot\u00e9is Tudo Inclu\u00eddo nas Maldivas\" \/>\n<meta property=\"og:description\" content=\"Os hot\u00e9is Tudo Inclu\u00eddo nas Maldivas incluem muito mais que refei\u00e7\u00f5es. \u2b50 Escolhe o melhor de acordo com o teu perfil.\" \/>\n<meta property=\"og:url\" content=\"https:\/\/arenatours.com\/pt-pt\/hoteis-tudo-incluido-nas-maldivas\/\" \/>\n<meta property=\"og:site_name\" content=\"Arenatours PT\" \/>\n<meta property=\"article:publisher\" content=\"https:\/\/facebook.com\/arenatoursofficial\" \/>\n<meta property=\"article:modified_time\" content=\"2025-07-22T10:15:20+00:00\" \/>\n<meta property=\"og:image\" content=\"http:\/\/arenatours.com\/wp-content\/uploads\/maldives\/vakarufalhi-island-resort-superior\/vakarufalhi-island-resort-superior-2.jpeg\" \/>\n\t<meta property=\"og:image:width\" content=\"1180\" \/>\n\t<meta property=\"og:image:height\" content=\"596\" \/>\n\t<meta property=\"og:image:type\" content=\"image\/jpeg\" \/>\n<meta name=\"twitter:card\" content=\"summary_large_image\" \/>\n<meta name=\"twitter:site\" content=\"@arenatours\" \/>\n<meta name=\"twitter:label1\" content=\"Tempo estimado de leitura\" \/>\n\t<meta name=\"twitter:data1\" content=\"4 minutos\" \/>\n<script type=\"application\/ld+json\" class=\"yoast-schema-graph\">{\"@context\":\"https:\\\/\\\/schema.org\",\"@graph\":[{\"@type\":\"WebPage\",\"@id\":\"https:\\\/\\\/arenatours.com\\\/pt-pt\\\/hoteis-tudo-incluido-nas-maldivas\\\/\",\"url\":\"https:\\\/\\\/arenatours.com\\\/pt-pt\\\/hoteis-tudo-incluido-nas-maldivas\\\/\",\"name\":\"Hot\u00e9is Tudo Inclu\u00eddo nas Maldivas\",\"isPartOf\":{\"@id\":\"http:\\\/\\\/arenatours.com\\\/pt-pt\\\/#website\"},\"primaryImageOfPage\":{\"@id\":\"https:\\\/\\\/arenatours.com\\\/pt-pt\\\/hoteis-tudo-incluido-nas-maldivas\\\/#primaryimage\"},\"image\":{\"@id\":\"https:\\\/\\\/arenatours.com\\\/pt-pt\\\/hoteis-tudo-incluido-nas-maldivas\\\/#primaryimage\"},\"thumbnailUrl\":\"https:\\\/\\\/arenatours.com\\\/wp-content\\\/uploads\\\/maldives\\\/vakarufalhi-island-resort-superior\\\/vakarufalhi-island-resort-superior-2.jpeg\",\"datePublished\":\"2025-05-29T12:50:45+00:00\",\"dateModified\":\"2025-07-22T10:15:20+00:00\",\"description\":\"Os hot\u00e9is Tudo Inclu\u00eddo nas Maldivas incluem muito mais que refei\u00e7\u00f5es. \u2b50 Escolhe o melhor de acordo com o teu perfil.\",\"breadcrumb\":{\"@id\":\"https:\\\/\\\/arenatours.com\\\/pt-pt\\\/hoteis-tudo-incluido-nas-maldivas\\\/#breadcrumb\"},\"inLanguage\":\"pt-PT\",\"potentialAction\":[{\"@type\":\"ReadAction\",\"target\":[\"https:\\\/\\\/arenatours.com\\\/pt-pt\\\/hoteis-tudo-incluido-nas-maldivas\\\/\"]}]},{\"@type\":\"ImageObject\",\"inLanguage\":\"pt-PT\",\"@id\":\"https:\\\/\\\/arenatours.com\\\/pt-pt\\\/hoteis-tudo-incluido-nas-maldivas\\\/#primaryimage\",\"url\":\"https:\\\/\\\/arenatours.com\\\/wp-content\\\/uploads\\\/maldives\\\/vakarufalhi-island-resort-superior\\\/vakarufalhi-island-resort-superior-2.jpeg\",\"contentUrl\":\"https:\\\/\\\/arenatours.com\\\/wp-content\\\/uploads\\\/maldives\\\/vakarufalhi-island-resort-superior\\\/vakarufalhi-island-resort-superior-2.jpeg\",\"width\":1180,\"height\":596,\"caption\":\"Hot\u00e9is Tudo Inclu\u00eddo nas Maldivas\"},{\"@type\":\"BreadcrumbList\",\"@id\":\"https:\\\/\\\/arenatours.com\\\/pt-pt\\\/hoteis-tudo-incluido-nas-maldivas\\\/#breadcrumb\",\"itemListElement\":[{\"@type\":\"ListItem\",\"position\":1,\"name\":\"Portada\",\"item\":\"https:\\\/\\\/arenatours.com\\\/pt-pt\\\/\"},{\"@type\":\"ListItem\",\"position\":2,\"name\":\"Hot\u00e9is Tudo Inclu\u00eddo nas Maldivas\"}]},{\"@type\":\"WebSite\",\"@id\":\"http:\\\/\\\/arenatours.com\\\/pt-pt\\\/#website\",\"url\":\"http:\\\/\\\/arenatours.com\\\/pt-pt\\\/\",\"name\":\"Arenatours\",\"description\":\"Especialistas em viagens personalizadas \u00e0s Maldivas e destinos ex\u00f3ticos\",\"publisher\":{\"@id\":\"http:\\\/\\\/arenatours.com\\\/pt-pt\\\/#organization\"},\"potentialAction\":[{\"@type\":\"SearchAction\",\"target\":{\"@type\":\"EntryPoint\",\"urlTemplate\":\"http:\\\/\\\/arenatours.com\\\/pt-pt\\\/?s={search_term_string}\"},\"query-input\":{\"@type\":\"PropertyValueSpecification\",\"valueRequired\":true,\"valueName\":\"search_term_string\"}}],\"inLanguage\":\"pt-PT\"},{\"@type\":\"Organization\",\"@id\":\"http:\\\/\\\/arenatours.com\\\/pt-pt\\\/#organization\",\"name\":\"Arenatours\",\"url\":\"http:\\\/\\\/arenatours.com\\\/pt-pt\\\/\",\"logo\":{\"@type\":\"ImageObject\",\"inLanguage\":\"pt-PT\",\"@id\":\"http:\\\/\\\/arenatours.com\\\/pt-pt\\\/#\\\/schema\\\/logo\\\/image\\\/\",\"url\":\"https:\\\/\\\/arenatours.com\\\/wp-content\\\/uploads\\\/2024\\\/12\\\/logo-arenatours-x-1-1.png\",\"contentUrl\":\"https:\\\/\\\/arenatours.com\\\/wp-content\\\/uploads\\\/2024\\\/12\\\/logo-arenatours-x-1-1.png\",\"width\":1200,\"height\":728,\"caption\":\"Arenatours\"},\"image\":{\"@id\":\"http:\\\/\\\/arenatours.com\\\/pt-pt\\\/#\\\/schema\\\/logo\\\/image\\\/\"},\"sameAs\":[\"https:\\\/\\\/facebook.com\\\/arenatoursofficial\",\"https:\\\/\\\/x.com\\\/arenatours\"]}]}<\/script>\n<!-- \/ Yoast SEO plugin. -->","yoast_head_json":{"title":"Hot\u00e9is Tudo Inclu\u00eddo nas Maldivas","description":"Os hot\u00e9is Tudo Inclu\u00eddo nas Maldivas incluem muito mais que refei\u00e7\u00f5es. \u2b50 Escolhe o melhor de acordo com o teu perfil.","robots":{"index":"index","follow":"follow","max-snippet":"max-snippet:-1","max-image-preview":"max-image-preview:large","max-video-preview":"max-video-preview:-1"},"canonical":"https:\/\/arenatours.com\/pt-pt\/hoteis-tudo-incluido-nas-maldivas\/","og_locale":"pt_PT","og_type":"article","og_title":"Hot\u00e9is Tudo Inclu\u00eddo nas Maldivas","og_description":"Os hot\u00e9is Tudo Inclu\u00eddo nas Maldivas incluem muito mais que refei\u00e7\u00f5es. \u2b50 Escolhe o melhor de acordo com o teu perfil.","og_url":"https:\/\/arenatours.com\/pt-pt\/hoteis-tudo-incluido-nas-maldivas\/","og_site_name":"Arenatours PT","article_publisher":"https:\/\/facebook.com\/arenatoursofficial","article_modified_time":"2025-07-22T10:15:20+00:00","og_image":[{"width":1180,"height":596,"url":"http:\/\/arenatours.com\/wp-content\/uploads\/maldives\/vakarufalhi-island-resort-superior\/vakarufalhi-island-resort-superior-2.jpeg","type":"image\/jpeg"}],"twitter_card":"summary_large_image","twitter_site":"@arenatours","twitter_misc":{"Tempo estimado de leitura":"4 minutos"},"schema":{"@context":"https:\/\/schema.org","@graph":[{"@type":"WebPage","@id":"https:\/\/arenatours.com\/pt-pt\/hoteis-tudo-incluido-nas-maldivas\/","url":"https:\/\/arenatours.com\/pt-pt\/hoteis-tudo-incluido-nas-maldivas\/","name":"Hot\u00e9is Tudo Inclu\u00eddo nas Maldivas","isPartOf":{"@id":"http:\/\/arenatours.com\/pt-pt\/#website"},"primaryImageOfPage":{"@id":"https:\/\/arenatours.com\/pt-pt\/hoteis-tudo-incluido-nas-maldivas\/#primaryimage"},"image":{"@id":"https:\/\/arenatours.com\/pt-pt\/hoteis-tudo-incluido-nas-maldivas\/#primaryimage"},"thumbnailUrl":"https:\/\/arenatours.com\/wp-content\/uploads\/maldives\/vakarufalhi-island-resort-superior\/vakarufalhi-island-resort-superior-2.jpeg","datePublished":"2025-05-29T12:50:45+00:00","dateModified":"2025-07-22T10:15:20+00:00","description":"Os hot\u00e9is Tudo Inclu\u00eddo nas Maldivas incluem muito mais que refei\u00e7\u00f5es. \u2b50 Escolhe o melhor de acordo com o teu perfil.","breadcrumb":{"@id":"https:\/\/arenatours.com\/pt-pt\/hoteis-tudo-incluido-nas-maldivas\/#breadcrumb"},"inLanguage":"pt-PT","potentialAction":[{"@type":"ReadAction","target":["https:\/\/arenatours.com\/pt-pt\/hoteis-tudo-incluido-nas-maldivas\/"]}]},{"@type":"ImageObject","inLanguage":"pt-PT","@id":"https:\/\/arenatours.com\/pt-pt\/hoteis-tudo-incluido-nas-maldivas\/#primaryimage","url":"https:\/\/arenatours.com\/wp-content\/uploads\/maldives\/vakarufalhi-island-resort-superior\/vakarufalhi-island-resort-superior-2.jpeg","contentUrl":"https:\/\/arenatours.com\/wp-content\/uploads\/maldives\/vakarufalhi-island-resort-superior\/vakarufalhi-island-resort-superior-2.jpeg","width":1180,"height":596,"caption":"Hot\u00e9is Tudo Inclu\u00eddo nas Maldivas"},{"@type":"BreadcrumbList","@id":"https:\/\/arenatours.com\/pt-pt\/hoteis-tudo-incluido-nas-maldivas\/#breadcrumb","itemListElement":[{"@type":"ListItem","position":1,"name":"Portada","item":"https:\/\/arenatours.com\/pt-pt\/"},{"@type":"ListItem","position":2,"name":"Hot\u00e9is Tudo Inclu\u00eddo nas Maldivas"}]},{"@type":"WebSite","@id":"http:\/\/arenatours.com\/pt-pt\/#website","url":"http:\/\/arenatours.com\/pt-pt\/","name":"Arenatours","description":"Especialistas em viagens personalizadas \u00e0s Maldivas e destinos ex\u00f3ticos","publisher":{"@id":"http:\/\/arenatours.com\/pt-pt\/#organization"},"potentialAction":[{"@type":"SearchAction","target":{"@type":"EntryPoint","urlTemplate":"http:\/\/arenatours.com\/pt-pt\/?s={search_term_string}"},"query-input":{"@type":"PropertyValueSpecification","valueRequired":true,"valueName":"search_term_string"}}],"inLanguage":"pt-PT"},{"@type":"Organization","@id":"http:\/\/arenatours.com\/pt-pt\/#organization","name":"Arenatours","url":"http:\/\/arenatours.com\/pt-pt\/","logo":{"@type":"ImageObject","inLanguage":"pt-PT","@id":"http:\/\/arenatours.com\/pt-pt\/#\/schema\/logo\/image\/","url":"https:\/\/arenatours.com\/wp-content\/uploads\/2024\/12\/logo-arenatours-x-1-1.png","contentUrl":"https:\/\/arenatours.com\/wp-content\/uploads\/2024\/12\/logo-arenatours-x-1-1.png","width":1200,"height":728,"caption":"Arenatours"},"image":{"@id":"http:\/\/arenatours.com\/pt-pt\/#\/schema\/logo\/image\/"},"sameAs":["https:\/\/facebook.com\/arenatoursofficial","https:\/\/x.com\/arenatours"]}]}},"_links":{"self":[{"href":"https:\/\/arenatours.com\/pt-pt\/wp-json\/wp\/v2\/pages\/363245","targetHints":{"allow":["GET"]}}],"collection":[{"href":"https:\/\/arenatours.com\/pt-pt\/wp-json\/wp\/v2\/pages"}],"about":[{"href":"https:\/\/arenatours.com\/pt-pt\/wp-json\/wp\/v2\/types\/page"}],"author":[{"embeddable":true,"href":"https:\/\/arenatours.com\/pt-pt\/wp-json\/wp\/v2\/users\/22"}],"replies":[{"embeddable":true,"href":"https:\/\/arenatours.com\/pt-pt\/wp-json\/wp\/v2\/comments?post=363245"}],"version-history":[{"count":1,"href":"https:\/\/arenatours.com\/pt-pt\/wp-json\/wp\/v2\/pages\/363245\/revisions"}],"predecessor-version":[{"id":363246,"href":"https:\/\/arenatours.com\/pt-pt\/wp-json\/wp\/v2\/pages\/363245\/revisions\/363246"}],"wp:featuredmedia":[{"embeddable":true,"href":"https:\/\/arenatours.com\/pt-pt\/wp-json\/wp\/v2\/media\/305452"}],"wp:attachment":[{"href":"https:\/\/arenatours.com\/pt-pt\/wp-json\/wp\/v2\/media?parent=363245"}],"curies":[{"name":"wp","href":"https:\/\/api.w.org\/{rel}","templated":true}]}}