{"id":360332,"date":"2025-02-13T16:32:58","date_gmt":"2025-02-13T15:32:58","guid":{"rendered":"https:\/\/arenatours.com\/?page_id=360332"},"modified":"2026-01-30T12:51:43","modified_gmt":"2026-01-30T11:51:43","slug":"opinioes-sobre-a-arenatours","status":"publish","type":"page","link":"https:\/\/arenatours.com\/pt-pt\/opinioes-sobre-a-arenatours\/","title":{"rendered":"Opini\u00f5es sobre a Arenatours"},"content":{"rendered":"","protected":false},"excerpt":{"rendered":"","protected":false},"author":22,"featured_media":102816,"parent":0,"menu_order":0,"comment_status":"closed","ping_status":"closed","template":"","meta":{"_acf_changed":false,"footnotes":""},"class_list":["post-360332","page","type-page","status-publish","has-post-thumbnail"],"acf":[],"yoast_head":"<!-- This site is optimized with the Yoast SEO plugin v27.5 - https:\/\/yoast.com\/product\/yoast-seo-wordpress\/ -->\n<title>Opini\u00f5es sobre a Arenatours<\/title>\n<meta name=\"description\" content=\"Ao leres as opini\u00f5es sobre a Arenatours vais perceber porque \u00e9 considerada a melhor ag\u00eancia de viagens para quem quer f\u00e9rias inesquec\u00edveis.\" \/>\n<meta name=\"robots\" content=\"index, follow, max-snippet:-1, max-image-preview:large, max-video-preview:-1\" \/>\n<link rel=\"canonical\" href=\"https:\/\/arenatours.com\/pt-pt\/opinioes-sobre-a-arenatours\/\" \/>\n<meta property=\"og:locale\" content=\"pt_PT\" \/>\n<meta property=\"og:type\" content=\"article\" \/>\n<meta property=\"og:title\" content=\"Opini\u00f5es sobre a Arenatours\" \/>\n<meta property=\"og:description\" content=\"Ao leres as opini\u00f5es sobre a Arenatours vais perceber porque \u00e9 considerada a melhor ag\u00eancia de viagens para quem quer f\u00e9rias inesquec\u00edveis.\" \/>\n<meta property=\"og:url\" content=\"https:\/\/arenatours.com\/pt-pt\/opinioes-sobre-a-arenatours\/\" \/>\n<meta property=\"og:site_name\" content=\"Arenatours PT\" \/>\n<meta property=\"article:publisher\" content=\"https:\/\/facebook.com\/arenatoursofficial\" \/>\n<meta property=\"article:modified_time\" content=\"2026-01-30T11:51:43+00:00\" \/>\n<meta property=\"og:image\" content=\"https:\/\/arenatours.com\/wp-content\/uploads\/2019\/05\/hp-slider-baros-maldives-aerial.jpg\" \/>\n\t<meta property=\"og:image:width\" content=\"1600\" \/>\n\t<meta property=\"og:image:height\" content=\"774\" \/>\n\t<meta property=\"og:image:type\" content=\"image\/jpeg\" \/>\n<meta name=\"twitter:card\" content=\"summary_large_image\" \/>\n<meta name=\"twitter:site\" content=\"@arenatours\" \/>\n<meta name=\"twitter:label1\" content=\"Tempo estimado de leitura\" \/>\n\t<meta name=\"twitter:data1\" content=\"12 minutos\" \/>\n<script type=\"application\/ld+json\" class=\"yoast-schema-graph\">{\"@context\":\"https:\\\/\\\/schema.org\",\"@graph\":[{\"@type\":\"WebPage\",\"@id\":\"https:\\\/\\\/arenatours.com\\\/pt-pt\\\/opinioes-sobre-a-arenatours\\\/\",\"url\":\"https:\\\/\\\/arenatours.com\\\/pt-pt\\\/opinioes-sobre-a-arenatours\\\/\",\"name\":\"Opini\u00f5es sobre a Arenatours\",\"isPartOf\":{\"@id\":\"http:\\\/\\\/arenatours.com\\\/pt-pt\\\/#website\"},\"primaryImageOfPage\":{\"@id\":\"https:\\\/\\\/arenatours.com\\\/pt-pt\\\/opinioes-sobre-a-arenatours\\\/#primaryimage\"},\"image\":{\"@id\":\"https:\\\/\\\/arenatours.com\\\/pt-pt\\\/opinioes-sobre-a-arenatours\\\/#primaryimage\"},\"thumbnailUrl\":\"https:\\\/\\\/arenatours.com\\\/wp-content\\\/uploads\\\/2019\\\/05\\\/hp-slider-baros-maldives-aerial.jpg\",\"datePublished\":\"2025-02-13T15:32:58+00:00\",\"dateModified\":\"2026-01-30T11:51:43+00:00\",\"description\":\"Ao leres as opini\u00f5es sobre a Arenatours vais perceber porque \u00e9 considerada a melhor ag\u00eancia de viagens para quem quer f\u00e9rias inesquec\u00edveis.\",\"breadcrumb\":{\"@id\":\"https:\\\/\\\/arenatours.com\\\/pt-pt\\\/opinioes-sobre-a-arenatours\\\/#breadcrumb\"},\"inLanguage\":\"pt-PT\",\"potentialAction\":[{\"@type\":\"ReadAction\",\"target\":[\"https:\\\/\\\/arenatours.com\\\/pt-pt\\\/opinioes-sobre-a-arenatours\\\/\"]}]},{\"@type\":\"ImageObject\",\"inLanguage\":\"pt-PT\",\"@id\":\"https:\\\/\\\/arenatours.com\\\/pt-pt\\\/opinioes-sobre-a-arenatours\\\/#primaryimage\",\"url\":\"https:\\\/\\\/arenatours.com\\\/wp-content\\\/uploads\\\/2019\\\/05\\\/hp-slider-baros-maldives-aerial.jpg\",\"contentUrl\":\"https:\\\/\\\/arenatours.com\\\/wp-content\\\/uploads\\\/2019\\\/05\\\/hp-slider-baros-maldives-aerial.jpg\",\"width\":1600,\"height\":774,\"caption\":\"Hp Slider Baros Maldives Aerial - arenatours.com\"},{\"@type\":\"BreadcrumbList\",\"@id\":\"https:\\\/\\\/arenatours.com\\\/pt-pt\\\/opinioes-sobre-a-arenatours\\\/#breadcrumb\",\"itemListElement\":[{\"@type\":\"ListItem\",\"position\":1,\"name\":\"Portada\",\"item\":\"https:\\\/\\\/arenatours.com\\\/pt-pt\\\/\"},{\"@type\":\"ListItem\",\"position\":2,\"name\":\"Opini\u00f5es sobre a Arenatours\"}]},{\"@type\":\"WebSite\",\"@id\":\"http:\\\/\\\/arenatours.com\\\/pt-pt\\\/#website\",\"url\":\"http:\\\/\\\/arenatours.com\\\/pt-pt\\\/\",\"name\":\"Arenatours\",\"description\":\"Especialistas em viagens personalizadas \u00e0s Maldivas e destinos ex\u00f3ticos\",\"publisher\":{\"@id\":\"http:\\\/\\\/arenatours.com\\\/pt-pt\\\/#organization\"},\"potentialAction\":[{\"@type\":\"SearchAction\",\"target\":{\"@type\":\"EntryPoint\",\"urlTemplate\":\"http:\\\/\\\/arenatours.com\\\/pt-pt\\\/?s={search_term_string}\"},\"query-input\":{\"@type\":\"PropertyValueSpecification\",\"valueRequired\":true,\"valueName\":\"search_term_string\"}}],\"inLanguage\":\"pt-PT\"},{\"@type\":\"Organization\",\"@id\":\"http:\\\/\\\/arenatours.com\\\/pt-pt\\\/#organization\",\"name\":\"Arenatours\",\"url\":\"http:\\\/\\\/arenatours.com\\\/pt-pt\\\/\",\"logo\":{\"@type\":\"ImageObject\",\"inLanguage\":\"pt-PT\",\"@id\":\"http:\\\/\\\/arenatours.com\\\/pt-pt\\\/#\\\/schema\\\/logo\\\/image\\\/\",\"url\":\"https:\\\/\\\/arenatours.com\\\/wp-content\\\/uploads\\\/2024\\\/12\\\/logo-arenatours-x-1-1.png\",\"contentUrl\":\"https:\\\/\\\/arenatours.com\\\/wp-content\\\/uploads\\\/2024\\\/12\\\/logo-arenatours-x-1-1.png\",\"width\":1200,\"height\":728,\"caption\":\"Arenatours\"},\"image\":{\"@id\":\"http:\\\/\\\/arenatours.com\\\/pt-pt\\\/#\\\/schema\\\/logo\\\/image\\\/\"},\"sameAs\":[\"https:\\\/\\\/facebook.com\\\/arenatoursofficial\",\"https:\\\/\\\/x.com\\\/arenatours\"]}]}<\/script>\n<!-- \/ Yoast SEO plugin. -->","yoast_head_json":{"title":"Opini\u00f5es sobre a Arenatours","description":"Ao leres as opini\u00f5es sobre a Arenatours vais perceber porque \u00e9 considerada a melhor ag\u00eancia de viagens para quem quer f\u00e9rias inesquec\u00edveis.","robots":{"index":"index","follow":"follow","max-snippet":"max-snippet:-1","max-image-preview":"max-image-preview:large","max-video-preview":"max-video-preview:-1"},"canonical":"https:\/\/arenatours.com\/pt-pt\/opinioes-sobre-a-arenatours\/","og_locale":"pt_PT","og_type":"article","og_title":"Opini\u00f5es sobre a Arenatours","og_description":"Ao leres as opini\u00f5es sobre a Arenatours vais perceber porque \u00e9 considerada a melhor ag\u00eancia de viagens para quem quer f\u00e9rias inesquec\u00edveis.","og_url":"https:\/\/arenatours.com\/pt-pt\/opinioes-sobre-a-arenatours\/","og_site_name":"Arenatours PT","article_publisher":"https:\/\/facebook.com\/arenatoursofficial","article_modified_time":"2026-01-30T11:51:43+00:00","og_image":[{"width":1600,"height":774,"url":"https:\/\/arenatours.com\/wp-content\/uploads\/2019\/05\/hp-slider-baros-maldives-aerial.jpg","type":"image\/jpeg"}],"twitter_card":"summary_large_image","twitter_site":"@arenatours","twitter_misc":{"Tempo estimado de leitura":"12 minutos"},"schema":{"@context":"https:\/\/schema.org","@graph":[{"@type":"WebPage","@id":"https:\/\/arenatours.com\/pt-pt\/opinioes-sobre-a-arenatours\/","url":"https:\/\/arenatours.com\/pt-pt\/opinioes-sobre-a-arenatours\/","name":"Opini\u00f5es sobre a Arenatours","isPartOf":{"@id":"http:\/\/arenatours.com\/pt-pt\/#website"},"primaryImageOfPage":{"@id":"https:\/\/arenatours.com\/pt-pt\/opinioes-sobre-a-arenatours\/#primaryimage"},"image":{"@id":"https:\/\/arenatours.com\/pt-pt\/opinioes-sobre-a-arenatours\/#primaryimage"},"thumbnailUrl":"https:\/\/arenatours.com\/wp-content\/uploads\/2019\/05\/hp-slider-baros-maldives-aerial.jpg","datePublished":"2025-02-13T15:32:58+00:00","dateModified":"2026-01-30T11:51:43+00:00","description":"Ao leres as opini\u00f5es sobre a Arenatours vais perceber porque \u00e9 considerada a melhor ag\u00eancia de viagens para quem quer f\u00e9rias inesquec\u00edveis.","breadcrumb":{"@id":"https:\/\/arenatours.com\/pt-pt\/opinioes-sobre-a-arenatours\/#breadcrumb"},"inLanguage":"pt-PT","potentialAction":[{"@type":"ReadAction","target":["https:\/\/arenatours.com\/pt-pt\/opinioes-sobre-a-arenatours\/"]}]},{"@type":"ImageObject","inLanguage":"pt-PT","@id":"https:\/\/arenatours.com\/pt-pt\/opinioes-sobre-a-arenatours\/#primaryimage","url":"https:\/\/arenatours.com\/wp-content\/uploads\/2019\/05\/hp-slider-baros-maldives-aerial.jpg","contentUrl":"https:\/\/arenatours.com\/wp-content\/uploads\/2019\/05\/hp-slider-baros-maldives-aerial.jpg","width":1600,"height":774,"caption":"Hp Slider Baros Maldives Aerial - arenatours.com"},{"@type":"BreadcrumbList","@id":"https:\/\/arenatours.com\/pt-pt\/opinioes-sobre-a-arenatours\/#breadcrumb","itemListElement":[{"@type":"ListItem","position":1,"name":"Portada","item":"https:\/\/arenatours.com\/pt-pt\/"},{"@type":"ListItem","position":2,"name":"Opini\u00f5es sobre a Arenatours"}]},{"@type":"WebSite","@id":"http:\/\/arenatours.com\/pt-pt\/#website","url":"http:\/\/arenatours.com\/pt-pt\/","name":"Arenatours","description":"Especialistas em viagens personalizadas \u00e0s Maldivas e destinos ex\u00f3ticos","publisher":{"@id":"http:\/\/arenatours.com\/pt-pt\/#organization"},"potentialAction":[{"@type":"SearchAction","target":{"@type":"EntryPoint","urlTemplate":"http:\/\/arenatours.com\/pt-pt\/?s={search_term_string}"},"query-input":{"@type":"PropertyValueSpecification","valueRequired":true,"valueName":"search_term_string"}}],"inLanguage":"pt-PT"},{"@type":"Organization","@id":"http:\/\/arenatours.com\/pt-pt\/#organization","name":"Arenatours","url":"http:\/\/arenatours.com\/pt-pt\/","logo":{"@type":"ImageObject","inLanguage":"pt-PT","@id":"http:\/\/arenatours.com\/pt-pt\/#\/schema\/logo\/image\/","url":"https:\/\/arenatours.com\/wp-content\/uploads\/2024\/12\/logo-arenatours-x-1-1.png","contentUrl":"https:\/\/arenatours.com\/wp-content\/uploads\/2024\/12\/logo-arenatours-x-1-1.png","width":1200,"height":728,"caption":"Arenatours"},"image":{"@id":"http:\/\/arenatours.com\/pt-pt\/#\/schema\/logo\/image\/"},"sameAs":["https:\/\/facebook.com\/arenatoursofficial","https:\/\/x.com\/arenatours"]}]}},"_links":{"self":[{"href":"https:\/\/arenatours.com\/pt-pt\/wp-json\/wp\/v2\/pages\/360332","targetHints":{"allow":["GET"]}}],"collection":[{"href":"https:\/\/arenatours.com\/pt-pt\/wp-json\/wp\/v2\/pages"}],"about":[{"href":"https:\/\/arenatours.com\/pt-pt\/wp-json\/wp\/v2\/types\/page"}],"author":[{"embeddable":true,"href":"https:\/\/arenatours.com\/pt-pt\/wp-json\/wp\/v2\/users\/22"}],"replies":[{"embeddable":true,"href":"https:\/\/arenatours.com\/pt-pt\/wp-json\/wp\/v2\/comments?post=360332"}],"version-history":[{"count":7,"href":"https:\/\/arenatours.com\/pt-pt\/wp-json\/wp\/v2\/pages\/360332\/revisions"}],"predecessor-version":[{"id":372752,"href":"https:\/\/arenatours.com\/pt-pt\/wp-json\/wp\/v2\/pages\/360332\/revisions\/372752"}],"wp:featuredmedia":[{"embeddable":true,"href":"https:\/\/arenatours.com\/pt-pt\/wp-json\/wp\/v2\/media\/102816"}],"wp:attachment":[{"href":"https:\/\/arenatours.com\/pt-pt\/wp-json\/wp\/v2\/media?parent=360332"}],"curies":[{"name":"wp","href":"https:\/\/api.w.org\/{rel}","templated":true}]}}