{"id":327164,"date":"2024-09-09T13:44:32","date_gmt":"2024-09-09T11:44:32","guid":{"rendered":"https:\/\/qa.arenatours.com\/?page_id=327164"},"modified":"2026-04-07T16:27:01","modified_gmt":"2026-04-07T14:27:01","slug":"viagem-para-zanzibar","status":"publish","type":"page","link":"https:\/\/arenatours.com\/pt-pt\/viagem-para-zanzibar\/","title":{"rendered":"Zanzibar"},"content":{"rendered":"","protected":false},"excerpt":{"rendered":"","protected":false},"author":22,"featured_media":326445,"parent":0,"menu_order":1,"comment_status":"closed","ping_status":"closed","template":"","meta":{"_acf_changed":false,"footnotes":""},"class_list":["post-327164","page","type-page","status-publish","has-post-thumbnail"],"acf":[],"yoast_head":"<!-- This site is optimized with the Yoast SEO plugin v27.3 - https:\/\/yoast.com\/product\/yoast-seo-wordpress\/ -->\n<title>Viagem para Zanzibar Tudo Inclu\u00eddo<\/title>\n<meta name=\"description\" content=\"Descubra a experi\u00eancia de viajar para Zanzibar com as melhores recomenda\u00e7\u00f5es: praias paradis\u00edacas, resorts de luxo\u2728 e atividades exclusivas.\" \/>\n<meta name=\"robots\" content=\"index, follow, max-snippet:-1, max-image-preview:large, max-video-preview:-1\" \/>\n<link rel=\"canonical\" href=\"https:\/\/arenatours.com\/pt-pt\/viagem-para-zanzibar\/\" \/>\n<meta property=\"og:locale\" content=\"pt_PT\" \/>\n<meta property=\"og:type\" content=\"article\" \/>\n<meta property=\"og:title\" content=\"Viagem para Zanzibar Tudo Inclu\u00eddo\" \/>\n<meta property=\"og:description\" content=\"Descubra a experi\u00eancia de viajar para Zanzibar com as melhores recomenda\u00e7\u00f5es: praias paradis\u00edacas, resorts de luxo\u2728 e atividades exclusivas.\" \/>\n<meta property=\"og:url\" content=\"https:\/\/arenatours.com\/pt-pt\/viagem-para-zanzibar\/\" \/>\n<meta property=\"og:site_name\" content=\"Arenatours PT\" \/>\n<meta property=\"article:publisher\" content=\"https:\/\/facebook.com\/arenatoursofficial\" \/>\n<meta property=\"article:modified_time\" content=\"2026-04-07T14:27:01+00:00\" \/>\n<meta property=\"og:image\" content=\"https:\/\/arenatours.com\/wp-content\/uploads\/2024\/09\/viaje-a-zanzibar-todo-icnluido-3.webp\" \/>\n\t<meta property=\"og:image:width\" content=\"1900\" \/>\n\t<meta property=\"og:image:height\" content=\"800\" \/>\n\t<meta property=\"og:image:type\" content=\"image\/webp\" \/>\n<meta name=\"twitter:card\" content=\"summary_large_image\" \/>\n<meta name=\"twitter:site\" content=\"@arenatours\" \/>\n<meta name=\"twitter:label1\" content=\"Tempo estimado de leitura\" \/>\n\t<meta name=\"twitter:data1\" content=\"9 minutos\" \/>\n<script type=\"application\/ld+json\" class=\"yoast-schema-graph\">{\"@context\":\"https:\\\/\\\/schema.org\",\"@graph\":[{\"@type\":\"WebPage\",\"@id\":\"https:\\\/\\\/arenatours.com\\\/pt-pt\\\/viagem-para-zanzibar\\\/\",\"url\":\"https:\\\/\\\/arenatours.com\\\/pt-pt\\\/viagem-para-zanzibar\\\/\",\"name\":\"Viagem para Zanzibar Tudo Inclu\u00eddo\",\"isPartOf\":{\"@id\":\"http:\\\/\\\/arenatours.com\\\/pt-pt\\\/#website\"},\"primaryImageOfPage\":{\"@id\":\"https:\\\/\\\/arenatours.com\\\/pt-pt\\\/viagem-para-zanzibar\\\/#primaryimage\"},\"image\":{\"@id\":\"https:\\\/\\\/arenatours.com\\\/pt-pt\\\/viagem-para-zanzibar\\\/#primaryimage\"},\"thumbnailUrl\":\"https:\\\/\\\/arenatours.com\\\/wp-content\\\/uploads\\\/2024\\\/09\\\/viaje-a-zanzibar-todo-icnluido-3.webp\",\"datePublished\":\"2024-09-09T11:44:32+00:00\",\"dateModified\":\"2026-04-07T14:27:01+00:00\",\"description\":\"Descubra a experi\u00eancia de viajar para Zanzibar com as melhores recomenda\u00e7\u00f5es: praias paradis\u00edacas, resorts de luxo\u2728 e atividades exclusivas.\",\"breadcrumb\":{\"@id\":\"https:\\\/\\\/arenatours.com\\\/pt-pt\\\/viagem-para-zanzibar\\\/#breadcrumb\"},\"inLanguage\":\"pt-PT\",\"potentialAction\":[{\"@type\":\"ReadAction\",\"target\":[\"https:\\\/\\\/arenatours.com\\\/pt-pt\\\/viagem-para-zanzibar\\\/\"]}]},{\"@type\":\"ImageObject\",\"inLanguage\":\"pt-PT\",\"@id\":\"https:\\\/\\\/arenatours.com\\\/pt-pt\\\/viagem-para-zanzibar\\\/#primaryimage\",\"url\":\"https:\\\/\\\/arenatours.com\\\/wp-content\\\/uploads\\\/2024\\\/09\\\/viaje-a-zanzibar-todo-icnluido-3.webp\",\"contentUrl\":\"https:\\\/\\\/arenatours.com\\\/wp-content\\\/uploads\\\/2024\\\/09\\\/viaje-a-zanzibar-todo-icnluido-3.webp\",\"width\":1900,\"height\":800},{\"@type\":\"BreadcrumbList\",\"@id\":\"https:\\\/\\\/arenatours.com\\\/pt-pt\\\/viagem-para-zanzibar\\\/#breadcrumb\",\"itemListElement\":[{\"@type\":\"ListItem\",\"position\":1,\"name\":\"Portada\",\"item\":\"https:\\\/\\\/arenatours.com\\\/pt-pt\\\/\"},{\"@type\":\"ListItem\",\"position\":2,\"name\":\"Zanzibar\"}]},{\"@type\":\"WebSite\",\"@id\":\"http:\\\/\\\/arenatours.com\\\/pt-pt\\\/#website\",\"url\":\"http:\\\/\\\/arenatours.com\\\/pt-pt\\\/\",\"name\":\"Arenatours\",\"description\":\"Especialistas em viagens personalizadas \u00e0s Maldivas e destinos ex\u00f3ticos\",\"publisher\":{\"@id\":\"http:\\\/\\\/arenatours.com\\\/pt-pt\\\/#organization\"},\"potentialAction\":[{\"@type\":\"SearchAction\",\"target\":{\"@type\":\"EntryPoint\",\"urlTemplate\":\"http:\\\/\\\/arenatours.com\\\/pt-pt\\\/?s={search_term_string}\"},\"query-input\":{\"@type\":\"PropertyValueSpecification\",\"valueRequired\":true,\"valueName\":\"search_term_string\"}}],\"inLanguage\":\"pt-PT\"},{\"@type\":\"Organization\",\"@id\":\"http:\\\/\\\/arenatours.com\\\/pt-pt\\\/#organization\",\"name\":\"Arenatours\",\"url\":\"http:\\\/\\\/arenatours.com\\\/pt-pt\\\/\",\"logo\":{\"@type\":\"ImageObject\",\"inLanguage\":\"pt-PT\",\"@id\":\"http:\\\/\\\/arenatours.com\\\/pt-pt\\\/#\\\/schema\\\/logo\\\/image\\\/\",\"url\":\"https:\\\/\\\/arenatours.com\\\/wp-content\\\/uploads\\\/2024\\\/12\\\/logo-arenatours-x-1-1.png\",\"contentUrl\":\"https:\\\/\\\/arenatours.com\\\/wp-content\\\/uploads\\\/2024\\\/12\\\/logo-arenatours-x-1-1.png\",\"width\":1200,\"height\":728,\"caption\":\"Arenatours\"},\"image\":{\"@id\":\"http:\\\/\\\/arenatours.com\\\/pt-pt\\\/#\\\/schema\\\/logo\\\/image\\\/\"},\"sameAs\":[\"https:\\\/\\\/facebook.com\\\/arenatoursofficial\",\"https:\\\/\\\/x.com\\\/arenatours\"]}]}<\/script>\n<!-- \/ Yoast SEO plugin. -->","yoast_head_json":{"title":"Viagem para Zanzibar Tudo Inclu\u00eddo","description":"Descubra a experi\u00eancia de viajar para Zanzibar com as melhores recomenda\u00e7\u00f5es: praias paradis\u00edacas, resorts de luxo\u2728 e atividades exclusivas.","robots":{"index":"index","follow":"follow","max-snippet":"max-snippet:-1","max-image-preview":"max-image-preview:large","max-video-preview":"max-video-preview:-1"},"canonical":"https:\/\/arenatours.com\/pt-pt\/viagem-para-zanzibar\/","og_locale":"pt_PT","og_type":"article","og_title":"Viagem para Zanzibar Tudo Inclu\u00eddo","og_description":"Descubra a experi\u00eancia de viajar para Zanzibar com as melhores recomenda\u00e7\u00f5es: praias paradis\u00edacas, resorts de luxo\u2728 e atividades exclusivas.","og_url":"https:\/\/arenatours.com\/pt-pt\/viagem-para-zanzibar\/","og_site_name":"Arenatours PT","article_publisher":"https:\/\/facebook.com\/arenatoursofficial","article_modified_time":"2026-04-07T14:27:01+00:00","og_image":[{"width":1900,"height":800,"url":"https:\/\/arenatours.com\/wp-content\/uploads\/2024\/09\/viaje-a-zanzibar-todo-icnluido-3.webp","type":"image\/webp"}],"twitter_card":"summary_large_image","twitter_site":"@arenatours","twitter_misc":{"Tempo estimado de leitura":"9 minutos"},"schema":{"@context":"https:\/\/schema.org","@graph":[{"@type":"WebPage","@id":"https:\/\/arenatours.com\/pt-pt\/viagem-para-zanzibar\/","url":"https:\/\/arenatours.com\/pt-pt\/viagem-para-zanzibar\/","name":"Viagem para Zanzibar Tudo Inclu\u00eddo","isPartOf":{"@id":"http:\/\/arenatours.com\/pt-pt\/#website"},"primaryImageOfPage":{"@id":"https:\/\/arenatours.com\/pt-pt\/viagem-para-zanzibar\/#primaryimage"},"image":{"@id":"https:\/\/arenatours.com\/pt-pt\/viagem-para-zanzibar\/#primaryimage"},"thumbnailUrl":"https:\/\/arenatours.com\/wp-content\/uploads\/2024\/09\/viaje-a-zanzibar-todo-icnluido-3.webp","datePublished":"2024-09-09T11:44:32+00:00","dateModified":"2026-04-07T14:27:01+00:00","description":"Descubra a experi\u00eancia de viajar para Zanzibar com as melhores recomenda\u00e7\u00f5es: praias paradis\u00edacas, resorts de luxo\u2728 e atividades exclusivas.","breadcrumb":{"@id":"https:\/\/arenatours.com\/pt-pt\/viagem-para-zanzibar\/#breadcrumb"},"inLanguage":"pt-PT","potentialAction":[{"@type":"ReadAction","target":["https:\/\/arenatours.com\/pt-pt\/viagem-para-zanzibar\/"]}]},{"@type":"ImageObject","inLanguage":"pt-PT","@id":"https:\/\/arenatours.com\/pt-pt\/viagem-para-zanzibar\/#primaryimage","url":"https:\/\/arenatours.com\/wp-content\/uploads\/2024\/09\/viaje-a-zanzibar-todo-icnluido-3.webp","contentUrl":"https:\/\/arenatours.com\/wp-content\/uploads\/2024\/09\/viaje-a-zanzibar-todo-icnluido-3.webp","width":1900,"height":800},{"@type":"BreadcrumbList","@id":"https:\/\/arenatours.com\/pt-pt\/viagem-para-zanzibar\/#breadcrumb","itemListElement":[{"@type":"ListItem","position":1,"name":"Portada","item":"https:\/\/arenatours.com\/pt-pt\/"},{"@type":"ListItem","position":2,"name":"Zanzibar"}]},{"@type":"WebSite","@id":"http:\/\/arenatours.com\/pt-pt\/#website","url":"http:\/\/arenatours.com\/pt-pt\/","name":"Arenatours","description":"Especialistas em viagens personalizadas \u00e0s Maldivas e destinos ex\u00f3ticos","publisher":{"@id":"http:\/\/arenatours.com\/pt-pt\/#organization"},"potentialAction":[{"@type":"SearchAction","target":{"@type":"EntryPoint","urlTemplate":"http:\/\/arenatours.com\/pt-pt\/?s={search_term_string}"},"query-input":{"@type":"PropertyValueSpecification","valueRequired":true,"valueName":"search_term_string"}}],"inLanguage":"pt-PT"},{"@type":"Organization","@id":"http:\/\/arenatours.com\/pt-pt\/#organization","name":"Arenatours","url":"http:\/\/arenatours.com\/pt-pt\/","logo":{"@type":"ImageObject","inLanguage":"pt-PT","@id":"http:\/\/arenatours.com\/pt-pt\/#\/schema\/logo\/image\/","url":"https:\/\/arenatours.com\/wp-content\/uploads\/2024\/12\/logo-arenatours-x-1-1.png","contentUrl":"https:\/\/arenatours.com\/wp-content\/uploads\/2024\/12\/logo-arenatours-x-1-1.png","width":1200,"height":728,"caption":"Arenatours"},"image":{"@id":"http:\/\/arenatours.com\/pt-pt\/#\/schema\/logo\/image\/"},"sameAs":["https:\/\/facebook.com\/arenatoursofficial","https:\/\/x.com\/arenatours"]}]}},"_links":{"self":[{"href":"https:\/\/arenatours.com\/pt-pt\/wp-json\/wp\/v2\/pages\/327164","targetHints":{"allow":["GET"]}}],"collection":[{"href":"https:\/\/arenatours.com\/pt-pt\/wp-json\/wp\/v2\/pages"}],"about":[{"href":"https:\/\/arenatours.com\/pt-pt\/wp-json\/wp\/v2\/types\/page"}],"author":[{"embeddable":true,"href":"https:\/\/arenatours.com\/pt-pt\/wp-json\/wp\/v2\/users\/22"}],"replies":[{"embeddable":true,"href":"https:\/\/arenatours.com\/pt-pt\/wp-json\/wp\/v2\/comments?post=327164"}],"version-history":[{"count":10,"href":"https:\/\/arenatours.com\/pt-pt\/wp-json\/wp\/v2\/pages\/327164\/revisions"}],"predecessor-version":[{"id":374113,"href":"https:\/\/arenatours.com\/pt-pt\/wp-json\/wp\/v2\/pages\/327164\/revisions\/374113"}],"wp:featuredmedia":[{"embeddable":true,"href":"https:\/\/arenatours.com\/pt-pt\/wp-json\/wp\/v2\/media\/326445"}],"wp:attachment":[{"href":"https:\/\/arenatours.com\/pt-pt\/wp-json\/wp\/v2\/media?parent=327164"}],"curies":[{"name":"wp","href":"https:\/\/api.w.org\/{rel}","templated":true}]}}