{"id":319769,"date":"2021-07-01T15:58:42","date_gmt":"2021-07-01T13:58:42","guid":{"rendered":"https:\/\/qa.arenatours.com\/?page_id=319769"},"modified":"2026-01-29T13:51:10","modified_gmt":"2026-01-29T12:51:10","slug":"viagens-premium","status":"publish","type":"page","link":"https:\/\/arenatours.com\/pt-pt\/viagens-premium\/","title":{"rendered":"Viagens Premium"},"content":{"rendered":"","protected":false},"excerpt":{"rendered":"","protected":false},"author":3,"featured_media":213301,"parent":0,"menu_order":101,"comment_status":"closed","ping_status":"closed","template":"","meta":{"_acf_changed":false,"footnotes":""},"class_list":["post-319769","page","type-page","status-publish","has-post-thumbnail"],"acf":[],"yoast_head":"<!-- This site is optimized with the Yoast SEO plugin v27.3 - https:\/\/yoast.com\/product\/yoast-seo-wordpress\/ -->\n<title>Viagens de luxo \u00e0 medida<\/title>\n<meta name=\"description\" content=\"Descubra a m\u00e1xima express\u00e3o do luxo com as nossas viagens premium para destinos ex\u00f3ticos. F\u00e9rias de verdadeiro luxo com servi\u00e7os personalizados.\" \/>\n<meta name=\"robots\" content=\"index, follow, max-snippet:-1, max-image-preview:large, max-video-preview:-1\" \/>\n<link rel=\"canonical\" href=\"https:\/\/arenatours.com\/pt-pt\/viagens-premium\/\" \/>\n<meta property=\"og:locale\" content=\"pt_PT\" \/>\n<meta property=\"og:type\" content=\"article\" \/>\n<meta property=\"og:title\" content=\"Viagens de luxo \u00e0 medida\" \/>\n<meta property=\"og:description\" content=\"Descubra a m\u00e1xima express\u00e3o do luxo com as nossas viagens premium para destinos ex\u00f3ticos. F\u00e9rias de verdadeiro luxo com servi\u00e7os personalizados.\" \/>\n<meta property=\"og:url\" content=\"https:\/\/arenatours.com\/pt-pt\/viagens-premium\/\" \/>\n<meta property=\"og:site_name\" content=\"Arenatours PT\" \/>\n<meta property=\"article:publisher\" content=\"https:\/\/facebook.com\/arenatoursofficial\" \/>\n<meta property=\"article:modified_time\" content=\"2026-01-29T12:51:10+00:00\" \/>\n<meta property=\"og:image\" content=\"https:\/\/arenatours.com\/wp-content\/uploads\/2023\/04\/viajes-maldivas-arena-relax-hp-slider-.jpg\" \/>\n\t<meta property=\"og:image:width\" content=\"1594\" \/>\n\t<meta property=\"og:image:height\" content=\"771\" \/>\n\t<meta property=\"og:image:type\" content=\"image\/jpeg\" \/>\n<meta name=\"twitter:card\" content=\"summary_large_image\" \/>\n<meta name=\"twitter:site\" content=\"@arenatours\" \/>\n<meta name=\"twitter:label1\" content=\"Tempo estimado de leitura\" \/>\n\t<meta name=\"twitter:data1\" content=\"4 minutos\" \/>\n<script type=\"application\/ld+json\" class=\"yoast-schema-graph\">{\"@context\":\"https:\\\/\\\/schema.org\",\"@graph\":[{\"@type\":\"WebPage\",\"@id\":\"https:\\\/\\\/arenatours.com\\\/pt-pt\\\/viagens-premium\\\/\",\"url\":\"https:\\\/\\\/arenatours.com\\\/pt-pt\\\/viagens-premium\\\/\",\"name\":\"Viagens de luxo \u00e0 medida\",\"isPartOf\":{\"@id\":\"http:\\\/\\\/arenatours.com\\\/pt-pt\\\/#website\"},\"primaryImageOfPage\":{\"@id\":\"https:\\\/\\\/arenatours.com\\\/pt-pt\\\/viagens-premium\\\/#primaryimage\"},\"image\":{\"@id\":\"https:\\\/\\\/arenatours.com\\\/pt-pt\\\/viagens-premium\\\/#primaryimage\"},\"thumbnailUrl\":\"https:\\\/\\\/arenatours.com\\\/wp-content\\\/uploads\\\/2023\\\/04\\\/viajes-maldivas-arena-relax-hp-slider-.jpg\",\"datePublished\":\"2021-07-01T13:58:42+00:00\",\"dateModified\":\"2026-01-29T12:51:10+00:00\",\"description\":\"Descubra a m\u00e1xima express\u00e3o do luxo com as nossas viagens premium para destinos ex\u00f3ticos. F\u00e9rias de verdadeiro luxo com servi\u00e7os personalizados.\",\"breadcrumb\":{\"@id\":\"https:\\\/\\\/arenatours.com\\\/pt-pt\\\/viagens-premium\\\/#breadcrumb\"},\"inLanguage\":\"pt-PT\",\"potentialAction\":[{\"@type\":\"ReadAction\",\"target\":[\"https:\\\/\\\/arenatours.com\\\/pt-pt\\\/viagens-premium\\\/\"]}]},{\"@type\":\"ImageObject\",\"inLanguage\":\"pt-PT\",\"@id\":\"https:\\\/\\\/arenatours.com\\\/pt-pt\\\/viagens-premium\\\/#primaryimage\",\"url\":\"https:\\\/\\\/arenatours.com\\\/wp-content\\\/uploads\\\/2023\\\/04\\\/viajes-maldivas-arena-relax-hp-slider-.jpg\",\"contentUrl\":\"https:\\\/\\\/arenatours.com\\\/wp-content\\\/uploads\\\/2023\\\/04\\\/viajes-maldivas-arena-relax-hp-slider-.jpg\",\"width\":1594,\"height\":771,\"caption\":\"Viajes Maldivas Arena Relax Hp Slider - arenatours.com\"},{\"@type\":\"BreadcrumbList\",\"@id\":\"https:\\\/\\\/arenatours.com\\\/pt-pt\\\/viagens-premium\\\/#breadcrumb\",\"itemListElement\":[{\"@type\":\"ListItem\",\"position\":1,\"name\":\"Portada\",\"item\":\"https:\\\/\\\/arenatours.com\\\/pt-pt\\\/\"},{\"@type\":\"ListItem\",\"position\":2,\"name\":\"Viagens Premium\"}]},{\"@type\":\"WebSite\",\"@id\":\"http:\\\/\\\/arenatours.com\\\/pt-pt\\\/#website\",\"url\":\"http:\\\/\\\/arenatours.com\\\/pt-pt\\\/\",\"name\":\"Arenatours\",\"description\":\"Especialistas em viagens personalizadas \u00e0s Maldivas e destinos ex\u00f3ticos\",\"publisher\":{\"@id\":\"http:\\\/\\\/arenatours.com\\\/pt-pt\\\/#organization\"},\"potentialAction\":[{\"@type\":\"SearchAction\",\"target\":{\"@type\":\"EntryPoint\",\"urlTemplate\":\"http:\\\/\\\/arenatours.com\\\/pt-pt\\\/?s={search_term_string}\"},\"query-input\":{\"@type\":\"PropertyValueSpecification\",\"valueRequired\":true,\"valueName\":\"search_term_string\"}}],\"inLanguage\":\"pt-PT\"},{\"@type\":\"Organization\",\"@id\":\"http:\\\/\\\/arenatours.com\\\/pt-pt\\\/#organization\",\"name\":\"Arenatours\",\"url\":\"http:\\\/\\\/arenatours.com\\\/pt-pt\\\/\",\"logo\":{\"@type\":\"ImageObject\",\"inLanguage\":\"pt-PT\",\"@id\":\"http:\\\/\\\/arenatours.com\\\/pt-pt\\\/#\\\/schema\\\/logo\\\/image\\\/\",\"url\":\"https:\\\/\\\/arenatours.com\\\/wp-content\\\/uploads\\\/2024\\\/12\\\/logo-arenatours-x-1-1.png\",\"contentUrl\":\"https:\\\/\\\/arenatours.com\\\/wp-content\\\/uploads\\\/2024\\\/12\\\/logo-arenatours-x-1-1.png\",\"width\":1200,\"height\":728,\"caption\":\"Arenatours\"},\"image\":{\"@id\":\"http:\\\/\\\/arenatours.com\\\/pt-pt\\\/#\\\/schema\\\/logo\\\/image\\\/\"},\"sameAs\":[\"https:\\\/\\\/facebook.com\\\/arenatoursofficial\",\"https:\\\/\\\/x.com\\\/arenatours\"]}]}<\/script>\n<!-- \/ Yoast SEO plugin. -->","yoast_head_json":{"title":"Viagens de luxo \u00e0 medida","description":"Descubra a m\u00e1xima express\u00e3o do luxo com as nossas viagens premium para destinos ex\u00f3ticos. F\u00e9rias de verdadeiro luxo com servi\u00e7os personalizados.","robots":{"index":"index","follow":"follow","max-snippet":"max-snippet:-1","max-image-preview":"max-image-preview:large","max-video-preview":"max-video-preview:-1"},"canonical":"https:\/\/arenatours.com\/pt-pt\/viagens-premium\/","og_locale":"pt_PT","og_type":"article","og_title":"Viagens de luxo \u00e0 medida","og_description":"Descubra a m\u00e1xima express\u00e3o do luxo com as nossas viagens premium para destinos ex\u00f3ticos. F\u00e9rias de verdadeiro luxo com servi\u00e7os personalizados.","og_url":"https:\/\/arenatours.com\/pt-pt\/viagens-premium\/","og_site_name":"Arenatours PT","article_publisher":"https:\/\/facebook.com\/arenatoursofficial","article_modified_time":"2026-01-29T12:51:10+00:00","og_image":[{"width":1594,"height":771,"url":"https:\/\/arenatours.com\/wp-content\/uploads\/2023\/04\/viajes-maldivas-arena-relax-hp-slider-.jpg","type":"image\/jpeg"}],"twitter_card":"summary_large_image","twitter_site":"@arenatours","twitter_misc":{"Tempo estimado de leitura":"4 minutos"},"schema":{"@context":"https:\/\/schema.org","@graph":[{"@type":"WebPage","@id":"https:\/\/arenatours.com\/pt-pt\/viagens-premium\/","url":"https:\/\/arenatours.com\/pt-pt\/viagens-premium\/","name":"Viagens de luxo \u00e0 medida","isPartOf":{"@id":"http:\/\/arenatours.com\/pt-pt\/#website"},"primaryImageOfPage":{"@id":"https:\/\/arenatours.com\/pt-pt\/viagens-premium\/#primaryimage"},"image":{"@id":"https:\/\/arenatours.com\/pt-pt\/viagens-premium\/#primaryimage"},"thumbnailUrl":"https:\/\/arenatours.com\/wp-content\/uploads\/2023\/04\/viajes-maldivas-arena-relax-hp-slider-.jpg","datePublished":"2021-07-01T13:58:42+00:00","dateModified":"2026-01-29T12:51:10+00:00","description":"Descubra a m\u00e1xima express\u00e3o do luxo com as nossas viagens premium para destinos ex\u00f3ticos. F\u00e9rias de verdadeiro luxo com servi\u00e7os personalizados.","breadcrumb":{"@id":"https:\/\/arenatours.com\/pt-pt\/viagens-premium\/#breadcrumb"},"inLanguage":"pt-PT","potentialAction":[{"@type":"ReadAction","target":["https:\/\/arenatours.com\/pt-pt\/viagens-premium\/"]}]},{"@type":"ImageObject","inLanguage":"pt-PT","@id":"https:\/\/arenatours.com\/pt-pt\/viagens-premium\/#primaryimage","url":"https:\/\/arenatours.com\/wp-content\/uploads\/2023\/04\/viajes-maldivas-arena-relax-hp-slider-.jpg","contentUrl":"https:\/\/arenatours.com\/wp-content\/uploads\/2023\/04\/viajes-maldivas-arena-relax-hp-slider-.jpg","width":1594,"height":771,"caption":"Viajes Maldivas Arena Relax Hp Slider - arenatours.com"},{"@type":"BreadcrumbList","@id":"https:\/\/arenatours.com\/pt-pt\/viagens-premium\/#breadcrumb","itemListElement":[{"@type":"ListItem","position":1,"name":"Portada","item":"https:\/\/arenatours.com\/pt-pt\/"},{"@type":"ListItem","position":2,"name":"Viagens Premium"}]},{"@type":"WebSite","@id":"http:\/\/arenatours.com\/pt-pt\/#website","url":"http:\/\/arenatours.com\/pt-pt\/","name":"Arenatours","description":"Especialistas em viagens personalizadas \u00e0s Maldivas e destinos ex\u00f3ticos","publisher":{"@id":"http:\/\/arenatours.com\/pt-pt\/#organization"},"potentialAction":[{"@type":"SearchAction","target":{"@type":"EntryPoint","urlTemplate":"http:\/\/arenatours.com\/pt-pt\/?s={search_term_string}"},"query-input":{"@type":"PropertyValueSpecification","valueRequired":true,"valueName":"search_term_string"}}],"inLanguage":"pt-PT"},{"@type":"Organization","@id":"http:\/\/arenatours.com\/pt-pt\/#organization","name":"Arenatours","url":"http:\/\/arenatours.com\/pt-pt\/","logo":{"@type":"ImageObject","inLanguage":"pt-PT","@id":"http:\/\/arenatours.com\/pt-pt\/#\/schema\/logo\/image\/","url":"https:\/\/arenatours.com\/wp-content\/uploads\/2024\/12\/logo-arenatours-x-1-1.png","contentUrl":"https:\/\/arenatours.com\/wp-content\/uploads\/2024\/12\/logo-arenatours-x-1-1.png","width":1200,"height":728,"caption":"Arenatours"},"image":{"@id":"http:\/\/arenatours.com\/pt-pt\/#\/schema\/logo\/image\/"},"sameAs":["https:\/\/facebook.com\/arenatoursofficial","https:\/\/x.com\/arenatours"]}]}},"_links":{"self":[{"href":"https:\/\/arenatours.com\/pt-pt\/wp-json\/wp\/v2\/pages\/319769","targetHints":{"allow":["GET"]}}],"collection":[{"href":"https:\/\/arenatours.com\/pt-pt\/wp-json\/wp\/v2\/pages"}],"about":[{"href":"https:\/\/arenatours.com\/pt-pt\/wp-json\/wp\/v2\/types\/page"}],"author":[{"embeddable":true,"href":"https:\/\/arenatours.com\/pt-pt\/wp-json\/wp\/v2\/users\/3"}],"replies":[{"embeddable":true,"href":"https:\/\/arenatours.com\/pt-pt\/wp-json\/wp\/v2\/comments?post=319769"}],"version-history":[{"count":5,"href":"https:\/\/arenatours.com\/pt-pt\/wp-json\/wp\/v2\/pages\/319769\/revisions"}],"predecessor-version":[{"id":372695,"href":"https:\/\/arenatours.com\/pt-pt\/wp-json\/wp\/v2\/pages\/319769\/revisions\/372695"}],"wp:featuredmedia":[{"embeddable":true,"href":"https:\/\/arenatours.com\/pt-pt\/wp-json\/wp\/v2\/media\/213301"}],"wp:attachment":[{"href":"https:\/\/arenatours.com\/pt-pt\/wp-json\/wp\/v2\/media?parent=319769"}],"curies":[{"name":"wp","href":"https:\/\/api.w.org\/{rel}","templated":true}]}}