{"id":280102,"date":"2024-02-21T11:48:47","date_gmt":"2024-02-21T10:48:47","guid":{"rendered":"https:\/\/qa.arenatours.com\/?page_id=280102"},"modified":"2026-01-02T14:12:03","modified_gmt":"2026-01-02T13:12:03","slug":"viagens-vietname","status":"publish","type":"page","link":"https:\/\/arenatours.com\/pt-pt\/viagens-vietname\/","title":{"rendered":"Vietname"},"content":{"rendered":"","protected":false},"excerpt":{"rendered":"","protected":false},"author":22,"featured_media":358321,"parent":0,"menu_order":16,"comment_status":"closed","ping_status":"closed","template":"","meta":{"_acf_changed":false,"footnotes":""},"class_list":["post-280102","page","type-page","status-publish","has-post-thumbnail"],"acf":[],"yoast_head":"<!-- This site is optimized with the Yoast SEO plugin v27.3 - https:\/\/yoast.com\/product\/yoast-seo-wordpress\/ -->\n<title>Viagens Vietname \u2b50 Sob medida e privada<\/title>\n<meta name=\"description\" content=\"\u2b50Viagens Vietname sob medida e privada\u2b50 Personalizamos a sua viagem ao Vietn\u00e3 com os hot\u00e9is, visitas e experi\u00eancias que voc\u00ea deseja viver!\" \/>\n<meta name=\"robots\" content=\"index, follow, max-snippet:-1, max-image-preview:large, max-video-preview:-1\" \/>\n<link rel=\"canonical\" href=\"https:\/\/arenatours.com\/pt-pt\/viagens-vietname\/\" \/>\n<meta property=\"og:locale\" content=\"pt_PT\" \/>\n<meta property=\"og:type\" content=\"article\" \/>\n<meta property=\"og:title\" content=\"Viagens Vietname \u2b50 Sob medida e privada\" \/>\n<meta property=\"og:description\" content=\"\u2b50Viagens Vietname sob medida e privada\u2b50 Personalizamos a sua viagem ao Vietn\u00e3 com os hot\u00e9is, visitas e experi\u00eancias que voc\u00ea deseja viver!\" \/>\n<meta property=\"og:url\" content=\"https:\/\/arenatours.com\/pt-pt\/viagens-vietname\/\" \/>\n<meta property=\"og:site_name\" content=\"Arenatours PT\" \/>\n<meta property=\"article:publisher\" content=\"https:\/\/facebook.com\/arenatoursofficial\" \/>\n<meta property=\"article:modified_time\" content=\"2026-01-02T13:12:03+00:00\" \/>\n<meta property=\"og:image\" content=\"https:\/\/arenatours.com\/wp-content\/uploads\/2025\/06\/viajes-a-vietnam.webp\" \/>\n\t<meta property=\"og:image:width\" content=\"1200\" \/>\n\t<meta property=\"og:image:height\" content=\"506\" \/>\n\t<meta property=\"og:image:type\" content=\"image\/webp\" \/>\n<meta name=\"twitter:card\" content=\"summary_large_image\" \/>\n<meta name=\"twitter:site\" content=\"@arenatours\" \/>\n<meta name=\"twitter:label1\" content=\"Tempo estimado de leitura\" \/>\n\t<meta name=\"twitter:data1\" content=\"13 minutos\" \/>\n<script type=\"application\/ld+json\" class=\"yoast-schema-graph\">{\"@context\":\"https:\\\/\\\/schema.org\",\"@graph\":[{\"@type\":\"WebPage\",\"@id\":\"https:\\\/\\\/arenatours.com\\\/pt-pt\\\/viagens-vietname\\\/\",\"url\":\"https:\\\/\\\/arenatours.com\\\/pt-pt\\\/viagens-vietname\\\/\",\"name\":\"Viagens Vietname \u2b50 Sob medida e privada\",\"isPartOf\":{\"@id\":\"http:\\\/\\\/arenatours.com\\\/pt-pt\\\/#website\"},\"primaryImageOfPage\":{\"@id\":\"https:\\\/\\\/arenatours.com\\\/pt-pt\\\/viagens-vietname\\\/#primaryimage\"},\"image\":{\"@id\":\"https:\\\/\\\/arenatours.com\\\/pt-pt\\\/viagens-vietname\\\/#primaryimage\"},\"thumbnailUrl\":\"https:\\\/\\\/arenatours.com\\\/wp-content\\\/uploads\\\/2025\\\/06\\\/viajes-a-vietnam.webp\",\"datePublished\":\"2024-02-21T10:48:47+00:00\",\"dateModified\":\"2026-01-02T13:12:03+00:00\",\"description\":\"\u2b50Viagens Vietname sob medida e privada\u2b50 Personalizamos a sua viagem ao Vietn\u00e3 com os hot\u00e9is, visitas e experi\u00eancias que voc\u00ea deseja viver!\",\"breadcrumb\":{\"@id\":\"https:\\\/\\\/arenatours.com\\\/pt-pt\\\/viagens-vietname\\\/#breadcrumb\"},\"inLanguage\":\"pt-PT\",\"potentialAction\":[{\"@type\":\"ReadAction\",\"target\":[\"https:\\\/\\\/arenatours.com\\\/pt-pt\\\/viagens-vietname\\\/\"]}]},{\"@type\":\"ImageObject\",\"inLanguage\":\"pt-PT\",\"@id\":\"https:\\\/\\\/arenatours.com\\\/pt-pt\\\/viagens-vietname\\\/#primaryimage\",\"url\":\"https:\\\/\\\/arenatours.com\\\/wp-content\\\/uploads\\\/2025\\\/06\\\/viajes-a-vietnam.webp\",\"contentUrl\":\"https:\\\/\\\/arenatours.com\\\/wp-content\\\/uploads\\\/2025\\\/06\\\/viajes-a-vietnam.webp\",\"width\":1200,\"height\":506},{\"@type\":\"BreadcrumbList\",\"@id\":\"https:\\\/\\\/arenatours.com\\\/pt-pt\\\/viagens-vietname\\\/#breadcrumb\",\"itemListElement\":[{\"@type\":\"ListItem\",\"position\":1,\"name\":\"Portada\",\"item\":\"https:\\\/\\\/arenatours.com\\\/pt-pt\\\/\"},{\"@type\":\"ListItem\",\"position\":2,\"name\":\"Vietname\"}]},{\"@type\":\"WebSite\",\"@id\":\"http:\\\/\\\/arenatours.com\\\/pt-pt\\\/#website\",\"url\":\"http:\\\/\\\/arenatours.com\\\/pt-pt\\\/\",\"name\":\"Arenatours\",\"description\":\"Especialistas em viagens personalizadas \u00e0s Maldivas e destinos ex\u00f3ticos\",\"publisher\":{\"@id\":\"http:\\\/\\\/arenatours.com\\\/pt-pt\\\/#organization\"},\"potentialAction\":[{\"@type\":\"SearchAction\",\"target\":{\"@type\":\"EntryPoint\",\"urlTemplate\":\"http:\\\/\\\/arenatours.com\\\/pt-pt\\\/?s={search_term_string}\"},\"query-input\":{\"@type\":\"PropertyValueSpecification\",\"valueRequired\":true,\"valueName\":\"search_term_string\"}}],\"inLanguage\":\"pt-PT\"},{\"@type\":\"Organization\",\"@id\":\"http:\\\/\\\/arenatours.com\\\/pt-pt\\\/#organization\",\"name\":\"Arenatours\",\"url\":\"http:\\\/\\\/arenatours.com\\\/pt-pt\\\/\",\"logo\":{\"@type\":\"ImageObject\",\"inLanguage\":\"pt-PT\",\"@id\":\"http:\\\/\\\/arenatours.com\\\/pt-pt\\\/#\\\/schema\\\/logo\\\/image\\\/\",\"url\":\"https:\\\/\\\/arenatours.com\\\/wp-content\\\/uploads\\\/2024\\\/12\\\/logo-arenatours-x-1-1.png\",\"contentUrl\":\"https:\\\/\\\/arenatours.com\\\/wp-content\\\/uploads\\\/2024\\\/12\\\/logo-arenatours-x-1-1.png\",\"width\":1200,\"height\":728,\"caption\":\"Arenatours\"},\"image\":{\"@id\":\"http:\\\/\\\/arenatours.com\\\/pt-pt\\\/#\\\/schema\\\/logo\\\/image\\\/\"},\"sameAs\":[\"https:\\\/\\\/facebook.com\\\/arenatoursofficial\",\"https:\\\/\\\/x.com\\\/arenatours\"]}]}<\/script>\n<!-- \/ Yoast SEO plugin. -->","yoast_head_json":{"title":"Viagens Vietname \u2b50 Sob medida e privada","description":"\u2b50Viagens Vietname sob medida e privada\u2b50 Personalizamos a sua viagem ao Vietn\u00e3 com os hot\u00e9is, visitas e experi\u00eancias que voc\u00ea deseja viver!","robots":{"index":"index","follow":"follow","max-snippet":"max-snippet:-1","max-image-preview":"max-image-preview:large","max-video-preview":"max-video-preview:-1"},"canonical":"https:\/\/arenatours.com\/pt-pt\/viagens-vietname\/","og_locale":"pt_PT","og_type":"article","og_title":"Viagens Vietname \u2b50 Sob medida e privada","og_description":"\u2b50Viagens Vietname sob medida e privada\u2b50 Personalizamos a sua viagem ao Vietn\u00e3 com os hot\u00e9is, visitas e experi\u00eancias que voc\u00ea deseja viver!","og_url":"https:\/\/arenatours.com\/pt-pt\/viagens-vietname\/","og_site_name":"Arenatours PT","article_publisher":"https:\/\/facebook.com\/arenatoursofficial","article_modified_time":"2026-01-02T13:12:03+00:00","og_image":[{"width":1200,"height":506,"url":"https:\/\/arenatours.com\/wp-content\/uploads\/2025\/06\/viajes-a-vietnam.webp","type":"image\/webp"}],"twitter_card":"summary_large_image","twitter_site":"@arenatours","twitter_misc":{"Tempo estimado de leitura":"13 minutos"},"schema":{"@context":"https:\/\/schema.org","@graph":[{"@type":"WebPage","@id":"https:\/\/arenatours.com\/pt-pt\/viagens-vietname\/","url":"https:\/\/arenatours.com\/pt-pt\/viagens-vietname\/","name":"Viagens Vietname \u2b50 Sob medida e privada","isPartOf":{"@id":"http:\/\/arenatours.com\/pt-pt\/#website"},"primaryImageOfPage":{"@id":"https:\/\/arenatours.com\/pt-pt\/viagens-vietname\/#primaryimage"},"image":{"@id":"https:\/\/arenatours.com\/pt-pt\/viagens-vietname\/#primaryimage"},"thumbnailUrl":"https:\/\/arenatours.com\/wp-content\/uploads\/2025\/06\/viajes-a-vietnam.webp","datePublished":"2024-02-21T10:48:47+00:00","dateModified":"2026-01-02T13:12:03+00:00","description":"\u2b50Viagens Vietname sob medida e privada\u2b50 Personalizamos a sua viagem ao Vietn\u00e3 com os hot\u00e9is, visitas e experi\u00eancias que voc\u00ea deseja viver!","breadcrumb":{"@id":"https:\/\/arenatours.com\/pt-pt\/viagens-vietname\/#breadcrumb"},"inLanguage":"pt-PT","potentialAction":[{"@type":"ReadAction","target":["https:\/\/arenatours.com\/pt-pt\/viagens-vietname\/"]}]},{"@type":"ImageObject","inLanguage":"pt-PT","@id":"https:\/\/arenatours.com\/pt-pt\/viagens-vietname\/#primaryimage","url":"https:\/\/arenatours.com\/wp-content\/uploads\/2025\/06\/viajes-a-vietnam.webp","contentUrl":"https:\/\/arenatours.com\/wp-content\/uploads\/2025\/06\/viajes-a-vietnam.webp","width":1200,"height":506},{"@type":"BreadcrumbList","@id":"https:\/\/arenatours.com\/pt-pt\/viagens-vietname\/#breadcrumb","itemListElement":[{"@type":"ListItem","position":1,"name":"Portada","item":"https:\/\/arenatours.com\/pt-pt\/"},{"@type":"ListItem","position":2,"name":"Vietname"}]},{"@type":"WebSite","@id":"http:\/\/arenatours.com\/pt-pt\/#website","url":"http:\/\/arenatours.com\/pt-pt\/","name":"Arenatours","description":"Especialistas em viagens personalizadas \u00e0s Maldivas e destinos ex\u00f3ticos","publisher":{"@id":"http:\/\/arenatours.com\/pt-pt\/#organization"},"potentialAction":[{"@type":"SearchAction","target":{"@type":"EntryPoint","urlTemplate":"http:\/\/arenatours.com\/pt-pt\/?s={search_term_string}"},"query-input":{"@type":"PropertyValueSpecification","valueRequired":true,"valueName":"search_term_string"}}],"inLanguage":"pt-PT"},{"@type":"Organization","@id":"http:\/\/arenatours.com\/pt-pt\/#organization","name":"Arenatours","url":"http:\/\/arenatours.com\/pt-pt\/","logo":{"@type":"ImageObject","inLanguage":"pt-PT","@id":"http:\/\/arenatours.com\/pt-pt\/#\/schema\/logo\/image\/","url":"https:\/\/arenatours.com\/wp-content\/uploads\/2024\/12\/logo-arenatours-x-1-1.png","contentUrl":"https:\/\/arenatours.com\/wp-content\/uploads\/2024\/12\/logo-arenatours-x-1-1.png","width":1200,"height":728,"caption":"Arenatours"},"image":{"@id":"http:\/\/arenatours.com\/pt-pt\/#\/schema\/logo\/image\/"},"sameAs":["https:\/\/facebook.com\/arenatoursofficial","https:\/\/x.com\/arenatours"]}]}},"_links":{"self":[{"href":"https:\/\/arenatours.com\/pt-pt\/wp-json\/wp\/v2\/pages\/280102","targetHints":{"allow":["GET"]}}],"collection":[{"href":"https:\/\/arenatours.com\/pt-pt\/wp-json\/wp\/v2\/pages"}],"about":[{"href":"https:\/\/arenatours.com\/pt-pt\/wp-json\/wp\/v2\/types\/page"}],"author":[{"embeddable":true,"href":"https:\/\/arenatours.com\/pt-pt\/wp-json\/wp\/v2\/users\/22"}],"replies":[{"embeddable":true,"href":"https:\/\/arenatours.com\/pt-pt\/wp-json\/wp\/v2\/comments?post=280102"}],"version-history":[{"count":47,"href":"https:\/\/arenatours.com\/pt-pt\/wp-json\/wp\/v2\/pages\/280102\/revisions"}],"predecessor-version":[{"id":372105,"href":"https:\/\/arenatours.com\/pt-pt\/wp-json\/wp\/v2\/pages\/280102\/revisions\/372105"}],"wp:featuredmedia":[{"embeddable":true,"href":"https:\/\/arenatours.com\/pt-pt\/wp-json\/wp\/v2\/media\/358321"}],"wp:attachment":[{"href":"https:\/\/arenatours.com\/pt-pt\/wp-json\/wp\/v2\/media?parent=280102"}],"curies":[{"name":"wp","href":"https:\/\/api.w.org\/{rel}","templated":true}]}}