{"id":280064,"date":"2024-02-21T11:43:20","date_gmt":"2024-02-21T10:43:20","guid":{"rendered":"https:\/\/qa.arenatours.com\/?page_id=280064"},"modified":"2026-01-29T14:05:17","modified_gmt":"2026-01-29T13:05:17","slug":"viagens-quenia","status":"publish","type":"page","link":"https:\/\/arenatours.com\/pt-pt\/viagens-quenia\/","title":{"rendered":"Qu\u00eania"},"content":{"rendered":"","protected":false},"excerpt":{"rendered":"","protected":false},"author":22,"featured_media":358358,"parent":0,"menu_order":11,"comment_status":"closed","ping_status":"closed","template":"","meta":{"_acf_changed":false,"footnotes":""},"class_list":["post-280064","page","type-page","status-publish","has-post-thumbnail"],"acf":[],"yoast_head":"<!-- This site is optimized with the Yoast SEO plugin v27.3 - https:\/\/yoast.com\/product\/yoast-seo-wordpress\/ -->\n<title>Viagens ao Qu\u00eania \u2b50 Os melhores saf\u00e1ris organizados<\/title>\n<meta name=\"description\" content=\"Viagens ao Qu\u00eania em grupo ou privado\ufe0f\u2b50 Personalizamos sua viagem para o Qu\u00eania com saf\u00e1ris, hot\u00e9is e experi\u00eancias que voc\u00ea deseja viver!\" \/>\n<meta name=\"robots\" content=\"index, follow, max-snippet:-1, max-image-preview:large, max-video-preview:-1\" \/>\n<link rel=\"canonical\" href=\"https:\/\/arenatours.com\/pt-pt\/viagens-quenia\/\" \/>\n<meta property=\"og:locale\" content=\"pt_PT\" \/>\n<meta property=\"og:type\" content=\"article\" \/>\n<meta property=\"og:title\" content=\"Viagens ao Qu\u00eania \u2b50 Os melhores saf\u00e1ris organizados\" \/>\n<meta property=\"og:description\" content=\"Viagens ao Qu\u00eania em grupo ou privado\ufe0f\u2b50 Personalizamos sua viagem para o Qu\u00eania com saf\u00e1ris, hot\u00e9is e experi\u00eancias que voc\u00ea deseja viver!\" \/>\n<meta property=\"og:url\" content=\"https:\/\/arenatours.com\/pt-pt\/viagens-quenia\/\" \/>\n<meta property=\"og:site_name\" content=\"Arenatours PT\" \/>\n<meta property=\"article:publisher\" content=\"https:\/\/facebook.com\/arenatoursofficial\" \/>\n<meta property=\"article:modified_time\" content=\"2026-01-29T13:05:17+00:00\" \/>\n<meta property=\"og:image\" content=\"https:\/\/arenatours.com\/wp-content\/uploads\/2025\/06\/viajes-a-kenia.webp\" \/>\n\t<meta property=\"og:image:width\" content=\"1200\" \/>\n\t<meta property=\"og:image:height\" content=\"506\" \/>\n\t<meta property=\"og:image:type\" content=\"image\/webp\" \/>\n<meta name=\"twitter:card\" content=\"summary_large_image\" \/>\n<meta name=\"twitter:site\" content=\"@arenatours\" \/>\n<meta name=\"twitter:label1\" content=\"Tempo estimado de leitura\" \/>\n\t<meta name=\"twitter:data1\" content=\"10 minutos\" \/>\n<script type=\"application\/ld+json\" class=\"yoast-schema-graph\">{\"@context\":\"https:\\\/\\\/schema.org\",\"@graph\":[{\"@type\":\"WebPage\",\"@id\":\"https:\\\/\\\/arenatours.com\\\/pt-pt\\\/viagens-quenia\\\/\",\"url\":\"https:\\\/\\\/arenatours.com\\\/pt-pt\\\/viagens-quenia\\\/\",\"name\":\"Viagens ao Qu\u00eania \u2b50 Os melhores saf\u00e1ris organizados\",\"isPartOf\":{\"@id\":\"http:\\\/\\\/arenatours.com\\\/pt-pt\\\/#website\"},\"primaryImageOfPage\":{\"@id\":\"https:\\\/\\\/arenatours.com\\\/pt-pt\\\/viagens-quenia\\\/#primaryimage\"},\"image\":{\"@id\":\"https:\\\/\\\/arenatours.com\\\/pt-pt\\\/viagens-quenia\\\/#primaryimage\"},\"thumbnailUrl\":\"https:\\\/\\\/arenatours.com\\\/wp-content\\\/uploads\\\/2025\\\/06\\\/viajes-a-kenia.webp\",\"datePublished\":\"2024-02-21T10:43:20+00:00\",\"dateModified\":\"2026-01-29T13:05:17+00:00\",\"description\":\"Viagens ao Qu\u00eania em grupo ou privado\ufe0f\u2b50 Personalizamos sua viagem para o Qu\u00eania com saf\u00e1ris, hot\u00e9is e experi\u00eancias que voc\u00ea deseja viver!\",\"breadcrumb\":{\"@id\":\"https:\\\/\\\/arenatours.com\\\/pt-pt\\\/viagens-quenia\\\/#breadcrumb\"},\"inLanguage\":\"pt-PT\",\"potentialAction\":[{\"@type\":\"ReadAction\",\"target\":[\"https:\\\/\\\/arenatours.com\\\/pt-pt\\\/viagens-quenia\\\/\"]}]},{\"@type\":\"ImageObject\",\"inLanguage\":\"pt-PT\",\"@id\":\"https:\\\/\\\/arenatours.com\\\/pt-pt\\\/viagens-quenia\\\/#primaryimage\",\"url\":\"https:\\\/\\\/arenatours.com\\\/wp-content\\\/uploads\\\/2025\\\/06\\\/viajes-a-kenia.webp\",\"contentUrl\":\"https:\\\/\\\/arenatours.com\\\/wp-content\\\/uploads\\\/2025\\\/06\\\/viajes-a-kenia.webp\",\"width\":1200,\"height\":506},{\"@type\":\"BreadcrumbList\",\"@id\":\"https:\\\/\\\/arenatours.com\\\/pt-pt\\\/viagens-quenia\\\/#breadcrumb\",\"itemListElement\":[{\"@type\":\"ListItem\",\"position\":1,\"name\":\"Portada\",\"item\":\"https:\\\/\\\/arenatours.com\\\/pt-pt\\\/\"},{\"@type\":\"ListItem\",\"position\":2,\"name\":\"Qu\u00eania\"}]},{\"@type\":\"WebSite\",\"@id\":\"http:\\\/\\\/arenatours.com\\\/pt-pt\\\/#website\",\"url\":\"http:\\\/\\\/arenatours.com\\\/pt-pt\\\/\",\"name\":\"Arenatours\",\"description\":\"Especialistas em viagens personalizadas \u00e0s Maldivas e destinos ex\u00f3ticos\",\"publisher\":{\"@id\":\"http:\\\/\\\/arenatours.com\\\/pt-pt\\\/#organization\"},\"potentialAction\":[{\"@type\":\"SearchAction\",\"target\":{\"@type\":\"EntryPoint\",\"urlTemplate\":\"http:\\\/\\\/arenatours.com\\\/pt-pt\\\/?s={search_term_string}\"},\"query-input\":{\"@type\":\"PropertyValueSpecification\",\"valueRequired\":true,\"valueName\":\"search_term_string\"}}],\"inLanguage\":\"pt-PT\"},{\"@type\":\"Organization\",\"@id\":\"http:\\\/\\\/arenatours.com\\\/pt-pt\\\/#organization\",\"name\":\"Arenatours\",\"url\":\"http:\\\/\\\/arenatours.com\\\/pt-pt\\\/\",\"logo\":{\"@type\":\"ImageObject\",\"inLanguage\":\"pt-PT\",\"@id\":\"http:\\\/\\\/arenatours.com\\\/pt-pt\\\/#\\\/schema\\\/logo\\\/image\\\/\",\"url\":\"https:\\\/\\\/arenatours.com\\\/wp-content\\\/uploads\\\/2024\\\/12\\\/logo-arenatours-x-1-1.png\",\"contentUrl\":\"https:\\\/\\\/arenatours.com\\\/wp-content\\\/uploads\\\/2024\\\/12\\\/logo-arenatours-x-1-1.png\",\"width\":1200,\"height\":728,\"caption\":\"Arenatours\"},\"image\":{\"@id\":\"http:\\\/\\\/arenatours.com\\\/pt-pt\\\/#\\\/schema\\\/logo\\\/image\\\/\"},\"sameAs\":[\"https:\\\/\\\/facebook.com\\\/arenatoursofficial\",\"https:\\\/\\\/x.com\\\/arenatours\"]}]}<\/script>\n<!-- \/ Yoast SEO plugin. -->","yoast_head_json":{"title":"Viagens ao Qu\u00eania \u2b50 Os melhores saf\u00e1ris organizados","description":"Viagens ao Qu\u00eania em grupo ou privado\ufe0f\u2b50 Personalizamos sua viagem para o Qu\u00eania com saf\u00e1ris, hot\u00e9is e experi\u00eancias que voc\u00ea deseja viver!","robots":{"index":"index","follow":"follow","max-snippet":"max-snippet:-1","max-image-preview":"max-image-preview:large","max-video-preview":"max-video-preview:-1"},"canonical":"https:\/\/arenatours.com\/pt-pt\/viagens-quenia\/","og_locale":"pt_PT","og_type":"article","og_title":"Viagens ao Qu\u00eania \u2b50 Os melhores saf\u00e1ris organizados","og_description":"Viagens ao Qu\u00eania em grupo ou privado\ufe0f\u2b50 Personalizamos sua viagem para o Qu\u00eania com saf\u00e1ris, hot\u00e9is e experi\u00eancias que voc\u00ea deseja viver!","og_url":"https:\/\/arenatours.com\/pt-pt\/viagens-quenia\/","og_site_name":"Arenatours PT","article_publisher":"https:\/\/facebook.com\/arenatoursofficial","article_modified_time":"2026-01-29T13:05:17+00:00","og_image":[{"width":1200,"height":506,"url":"https:\/\/arenatours.com\/wp-content\/uploads\/2025\/06\/viajes-a-kenia.webp","type":"image\/webp"}],"twitter_card":"summary_large_image","twitter_site":"@arenatours","twitter_misc":{"Tempo estimado de leitura":"10 minutos"},"schema":{"@context":"https:\/\/schema.org","@graph":[{"@type":"WebPage","@id":"https:\/\/arenatours.com\/pt-pt\/viagens-quenia\/","url":"https:\/\/arenatours.com\/pt-pt\/viagens-quenia\/","name":"Viagens ao Qu\u00eania \u2b50 Os melhores saf\u00e1ris organizados","isPartOf":{"@id":"http:\/\/arenatours.com\/pt-pt\/#website"},"primaryImageOfPage":{"@id":"https:\/\/arenatours.com\/pt-pt\/viagens-quenia\/#primaryimage"},"image":{"@id":"https:\/\/arenatours.com\/pt-pt\/viagens-quenia\/#primaryimage"},"thumbnailUrl":"https:\/\/arenatours.com\/wp-content\/uploads\/2025\/06\/viajes-a-kenia.webp","datePublished":"2024-02-21T10:43:20+00:00","dateModified":"2026-01-29T13:05:17+00:00","description":"Viagens ao Qu\u00eania em grupo ou privado\ufe0f\u2b50 Personalizamos sua viagem para o Qu\u00eania com saf\u00e1ris, hot\u00e9is e experi\u00eancias que voc\u00ea deseja viver!","breadcrumb":{"@id":"https:\/\/arenatours.com\/pt-pt\/viagens-quenia\/#breadcrumb"},"inLanguage":"pt-PT","potentialAction":[{"@type":"ReadAction","target":["https:\/\/arenatours.com\/pt-pt\/viagens-quenia\/"]}]},{"@type":"ImageObject","inLanguage":"pt-PT","@id":"https:\/\/arenatours.com\/pt-pt\/viagens-quenia\/#primaryimage","url":"https:\/\/arenatours.com\/wp-content\/uploads\/2025\/06\/viajes-a-kenia.webp","contentUrl":"https:\/\/arenatours.com\/wp-content\/uploads\/2025\/06\/viajes-a-kenia.webp","width":1200,"height":506},{"@type":"BreadcrumbList","@id":"https:\/\/arenatours.com\/pt-pt\/viagens-quenia\/#breadcrumb","itemListElement":[{"@type":"ListItem","position":1,"name":"Portada","item":"https:\/\/arenatours.com\/pt-pt\/"},{"@type":"ListItem","position":2,"name":"Qu\u00eania"}]},{"@type":"WebSite","@id":"http:\/\/arenatours.com\/pt-pt\/#website","url":"http:\/\/arenatours.com\/pt-pt\/","name":"Arenatours","description":"Especialistas em viagens personalizadas \u00e0s Maldivas e destinos ex\u00f3ticos","publisher":{"@id":"http:\/\/arenatours.com\/pt-pt\/#organization"},"potentialAction":[{"@type":"SearchAction","target":{"@type":"EntryPoint","urlTemplate":"http:\/\/arenatours.com\/pt-pt\/?s={search_term_string}"},"query-input":{"@type":"PropertyValueSpecification","valueRequired":true,"valueName":"search_term_string"}}],"inLanguage":"pt-PT"},{"@type":"Organization","@id":"http:\/\/arenatours.com\/pt-pt\/#organization","name":"Arenatours","url":"http:\/\/arenatours.com\/pt-pt\/","logo":{"@type":"ImageObject","inLanguage":"pt-PT","@id":"http:\/\/arenatours.com\/pt-pt\/#\/schema\/logo\/image\/","url":"https:\/\/arenatours.com\/wp-content\/uploads\/2024\/12\/logo-arenatours-x-1-1.png","contentUrl":"https:\/\/arenatours.com\/wp-content\/uploads\/2024\/12\/logo-arenatours-x-1-1.png","width":1200,"height":728,"caption":"Arenatours"},"image":{"@id":"http:\/\/arenatours.com\/pt-pt\/#\/schema\/logo\/image\/"},"sameAs":["https:\/\/facebook.com\/arenatoursofficial","https:\/\/x.com\/arenatours"]}]}},"_links":{"self":[{"href":"https:\/\/arenatours.com\/pt-pt\/wp-json\/wp\/v2\/pages\/280064","targetHints":{"allow":["GET"]}}],"collection":[{"href":"https:\/\/arenatours.com\/pt-pt\/wp-json\/wp\/v2\/pages"}],"about":[{"href":"https:\/\/arenatours.com\/pt-pt\/wp-json\/wp\/v2\/types\/page"}],"author":[{"embeddable":true,"href":"https:\/\/arenatours.com\/pt-pt\/wp-json\/wp\/v2\/users\/22"}],"replies":[{"embeddable":true,"href":"https:\/\/arenatours.com\/pt-pt\/wp-json\/wp\/v2\/comments?post=280064"}],"version-history":[{"count":51,"href":"https:\/\/arenatours.com\/pt-pt\/wp-json\/wp\/v2\/pages\/280064\/revisions"}],"predecessor-version":[{"id":372707,"href":"https:\/\/arenatours.com\/pt-pt\/wp-json\/wp\/v2\/pages\/280064\/revisions\/372707"}],"wp:featuredmedia":[{"embeddable":true,"href":"https:\/\/arenatours.com\/pt-pt\/wp-json\/wp\/v2\/media\/358358"}],"wp:attachment":[{"href":"https:\/\/arenatours.com\/pt-pt\/wp-json\/wp\/v2\/media?parent=280064"}],"curies":[{"name":"wp","href":"https:\/\/api.w.org\/{rel}","templated":true}]}}