{"id":119867,"date":"2020-04-09T12:54:08","date_gmt":"2020-04-09T10:54:08","guid":{"rendered":"https:\/\/arenatours.com\/te-llamamos\/"},"modified":"2025-11-27T15:08:28","modified_gmt":"2025-11-27T14:08:28","slug":"nos-ligamos-lhe","status":"publish","type":"page","link":"https:\/\/arenatours.com\/pt-pt\/nos-ligamos-lhe\/","title":{"rendered":"N\u00f3s ligamos-lhe"},"content":{"rendered":"\n<h1 class=\"wp-block-heading has-text-align-center\">N\u00f3s ligamos-lhe!<\/h1>\n\n\n\n<p class=\"has-text-align-center\">Este servi\u00e7o est\u00e1 ativo apenas para Portugal, se voc\u00ea entrar em contato conosco de outro pa\u00eds, teremos o maior prazer em ajud\u00e1-lo <a href=\"https:\/\/web.whatsapp.com\/send\/?phone=34622370200\" target=\"_blank\" rel=\"noopener noreferrer\">via WhatsApp <\/a><\/p>\n\n\n\n<div class=\"wp-block-group form-llamamos\"><div class=\"wp-block-group__inner-container is-layout-flow wp-block-group-is-layout-flow\"><style id=\"wpforms-css-vars-147454\">\n\t\t\t\t#wpforms-147454 {\n\t\t\t\t--wpforms-container-padding: 0px;\n--wpforms-container-border-width: 1px;\n--wpforms-container-border-radius: 3px;\n--wpforms-background-color: rgba(0, 0, 0, 0);\n--wpforms-field-size-input-height: 43px;\n--wpforms-field-size-input-spacing: 15px;\n--wpforms-field-size-font-size: 16px;\n--wpforms-field-size-line-height: 19px;\n--wpforms-field-size-padding-h: 14px;\n--wpforms-field-size-checkbox-size: 16px;\n--wpforms-field-size-sublabel-spacing: 5px;\n--wpforms-field-size-icon-size: 1;\n--wpforms-label-size-font-size: 16px;\n--wpforms-label-size-line-height: 19px;\n--wpforms-label-size-sublabel-font-size: 14px;\n--wpforms-label-size-sublabel-line-height: 17px;\n--wpforms-button-size-font-size: 17px;\n--wpforms-button-size-height: 41px;\n--wpforms-button-size-padding-h: 15px;\n--wpforms-button-size-margin-top: 10px;\n--wpforms-container-shadow-size-box-shadow: none;\n\t\t\t}\n\t\t\t<\/style><div class=\"wpforms-container wpforms-container-full form-contacto wpforms-render-modern\" id=\"wpforms-147454\"><form id=\"wpforms-form-147454\" class=\"wpforms-validate wpforms-form\" data-formid=\"147454\" method=\"post\" enctype=\"multipart\/form-data\" action=\"\/pt-pt\/wp-json\/wp\/v2\/pages\/119867\" data-token=\"60180aa5befcb5cbdcfa2322cb52c4a5\" data-token-time=\"1776848761\"><noscript class=\"wpforms-error-noscript\">Please enable JavaScript in your browser to complete this form.<\/noscript><div id=\"wpforms-error-noscript\" style=\"display: none;\">Please enable JavaScript in your browser to complete this form.<\/div><div class=\"wpforms-field-container\"><div id=\"wpforms-147454-field_0-container\" class=\"wpforms-field wpforms-field-name\" data-field-id=\"0\"><label class=\"wpforms-field-label\" for=\"wpforms-147454-field_0\">Seu nome <span class=\"wpforms-required-label\" aria-hidden=\"true\">*<\/span><\/label><input type=\"text\" id=\"wpforms-147454-field_0\" class=\"wpforms-field-large wpforms-field-required\" name=\"wpforms[fields][0]\" aria-errormessage=\"wpforms-147454-field_0-error\" required><\/div><div id=\"wpforms-147454-field_5-container\" class=\"wpforms-field wpforms-field-text\" data-field-id=\"5\"><label class=\"wpforms-field-label\" for=\"wpforms-147454-field_5\">Seu telefone <span class=\"wpforms-required-label\" aria-hidden=\"true\">*<\/span><\/label><input type=\"text\" id=\"wpforms-147454-field_5\" class=\"wpforms-field-large wpforms-field-required\" name=\"wpforms[fields][5]\" aria-errormessage=\"wpforms-147454-field_5-error\" required><\/div><div id=\"wpforms-147454-field_6-container\" class=\"wpforms-field wpforms-field-email\" data-field-id=\"6\"><label class=\"wpforms-field-label\" for=\"wpforms-147454-field_6\">Seu email <span class=\"wpforms-required-label\" aria-hidden=\"true\">*<\/span><\/label><input type=\"email\" id=\"wpforms-147454-field_6\" class=\"wpforms-field-large wpforms-field-required\" name=\"wpforms[fields][6]\" spellcheck=\"false\" aria-errormessage=\"wpforms-147454-field_6-error\" required><\/div>\t\t<div id=\"wpforms-147454-field_1-container\"\n\t\t\tclass=\"wpforms-field wpforms-field-text\"\n\t\t\tdata-field-type=\"text\"\n\t\t\tdata-field-id=\"1\"\n\t\t\t>\n\t\t\t<label class=\"wpforms-field-label\" for=\"wpforms-147454-field_1\" >email Seu Consentimiento<\/label>\n\t\t\t<input type=\"text\" id=\"wpforms-147454-field_1\" class=\"wpforms-field-medium\" name=\"wpforms[fields][1]\" >\n\t\t<\/div>\n\t\t<div id=\"wpforms-147454-field_4-container\" class=\"wpforms-field wpforms-field-checkbox consentimiento\" data-field-id=\"4\"><fieldset><legend class=\"wpforms-field-label wpforms-label-hide\" aria-hidden=\"false\">Consentimiento <span class=\"wpforms-required-label\" aria-hidden=\"true\">*<\/span><\/legend><ul id=\"wpforms-147454-field_4\" class=\"wpforms-field-required\"><li class=\"choice-1 depth-1\"><input type=\"checkbox\" id=\"wpforms-147454-field_4_1\" name=\"wpforms[fields][4][]\" value=\"Eu li e aceito a &lt;a href=&quot;https:\/\/arenatours.com\/pt-pt\/politica-de-privacidade\/&quot; target=&quot;_blank&quot;&gt; pol\u00edtica de privacidade &lt;\/a&gt;\" aria-errormessage=\"wpforms-147454-field_4_1-error\" required ><label class=\"wpforms-field-label-inline\" for=\"wpforms-147454-field_4_1\">Eu li e aceito a <a href=\"https:\/\/arenatours.com\/pt-pt\/politica-de-privacidade\/\" target=\"_blank\"> pol\u00edtica de privacidade <\/a><\/label><\/li><\/ul><\/fieldset><\/div><script>\n\t\t\t\t( function() {\n\t\t\t\t\tconst style = document.createElement( 'style' );\n\t\t\t\t\tstyle.appendChild( document.createTextNode( '#wpforms-147454-field_1-container { position: absolute !important; overflow: hidden !important; display: inline !important; height: 1px !important; width: 1px !important; z-index: -1000 !important; padding: 0 !important; } #wpforms-147454-field_1-container input { visibility: hidden; } #wpforms-conversational-form-page #wpforms-147454-field_1-container label { counter-increment: none; }' ) );\n\t\t\t\t\tdocument.head.appendChild( style );\n\t\t\t\t\tdocument.currentScript?.remove();\n\t\t\t\t} )();\n\t\t\t<\/script><\/div><!-- .wpforms-field-container --><div class=\"wpforms-recaptcha-container wpforms-is-recaptcha wpforms-is-recaptcha-type-v2\" ><div class=\"g-recaptcha\" data-sitekey=\"6LeuLnQsAAAAAK1nqYPFEfd56YZoLboVNM2I_GvP\"><\/div><input type=\"text\" name=\"g-recaptcha-hidden\" class=\"wpforms-recaptcha-hidden\" style=\"position:absolute!important;clip:rect(0,0,0,0)!important;height:1px!important;width:1px!important;border:0!important;overflow:hidden!important;padding:0!important;margin:0!important;\" data-rule-recaptcha=\"1\"><\/div><div class=\"wpforms-submit-container\" ><input type=\"hidden\" name=\"wpforms[id]\" value=\"147454\"><input type=\"hidden\" name=\"page_title\" value=\"\"><input type=\"hidden\" name=\"page_url\" value=\"https:\/\/arenatours.com\/pt-pt\/wp-json\/wp\/v2\/pages\/119867\"><input type=\"hidden\" name=\"url_referer\" value=\"\"><button type=\"submit\" name=\"wpforms[submit]\" id=\"wpforms-submit-147454\" class=\"wpforms-submit btn-envio btn button\" data-alt-text=\"Enviando...\" data-submit-text=\"Enviar\" aria-live=\"assertive\" value=\"wpforms-submit\">Enviar<\/button><\/div><\/form><\/div>  <!-- .wpforms-container -->\n<\/div><\/div>\n\n\n\n<p class=\"has-text-align-center has-small-font-size\">Este site \u00e9 protegido pelo reCAPTCHA e aplicam-se a <a href=\"https:\/\/policies.google.com\/privacy\" target=\"_blank\" rel=\"noopener noreferrer\">Politica de privacidade<\/a> e <a href=\"https:\/\/policies.google.com\/terms\" target=\"_blank\" rel=\"noopener noreferrer\">Termos de Servi\u00e7o<\/a> da Google.<br>De acordo com o disposto no Regulamento (UE) 2016\/679 sobre prote\u00e7\u00e3o de dados pessoais e na Lei Org\u00e2nica 3\/2018 de prote\u00e7\u00e3o de dados e garantia dos direitos digitais, VIAJES ARENA TOURS SL, com CIFB84916337, e endere\u00e7o em PASEO DE LA CASTELLANA, 259 C, MADRID (28046), MADRID \u00e9 respons\u00e1vel pelo tratamento dos seus dados pessoais.<\/p>\n","protected":false},"excerpt":{"rendered":"<p>N\u00f3s ligamos-lhe! Este servi\u00e7o est\u00e1 ativo apenas para Portugal, se voc\u00ea entrar em contato conosco de outro pa\u00eds, teremos o maior prazer em ajud\u00e1-lo via WhatsApp Este site \u00e9 protegido pelo reCAPTCHA e aplicam-se a Politica de privacidade e Termos de Servi\u00e7o da Google.De acordo com o disposto no Regulamento (UE) 2016\/679 sobre prote\u00e7\u00e3o de &#8230; <a title=\"N\u00f3s ligamos-lhe\" class=\"read-more\" href=\"https:\/\/arenatours.com\/pt-pt\/nos-ligamos-lhe\/\" aria-label=\"Leia mais sobre N\u00f3s ligamos-lhe\">Ler mais<\/a><\/p>\n","protected":false},"author":3,"featured_media":274207,"parent":0,"menu_order":100,"comment_status":"closed","ping_status":"closed","template":"","meta":{"_acf_changed":false,"footnotes":""},"class_list":["post-119867","page","type-page","status-publish","has-post-thumbnail"],"acf":[],"yoast_head":"<!-- This site is optimized with the Yoast SEO plugin v27.4 - https:\/\/yoast.com\/product\/yoast-seo-wordpress\/ -->\n<title>Arenatours Nos ligamos<\/title>\n<meta name=\"robots\" content=\"noindex, follow\" \/>\n<meta property=\"og:locale\" content=\"pt_PT\" \/>\n<meta property=\"og:type\" content=\"article\" \/>\n<meta property=\"og:title\" content=\"Arenatours Nos ligamos\" \/>\n<meta property=\"og:description\" content=\"N\u00f3s ligamos-lhe! Este servi\u00e7o est\u00e1 ativo apenas para Portugal, se voc\u00ea entrar em contato conosco de outro pa\u00eds, teremos o maior prazer em ajud\u00e1-lo via WhatsApp Este site \u00e9 protegido pelo reCAPTCHA e aplicam-se a Politica de privacidade e Termos de Servi\u00e7o da Google.De acordo com o disposto no Regulamento (UE) 2016\/679 sobre prote\u00e7\u00e3o de ... Ler mais\" \/>\n<meta property=\"og:url\" content=\"https:\/\/arenatours.com\/pt-pt\/nos-ligamos-lhe\/\" \/>\n<meta property=\"og:site_name\" content=\"Arenatours PT\" \/>\n<meta property=\"article:publisher\" content=\"https:\/\/facebook.com\/arenatoursofficial\" \/>\n<meta property=\"article:modified_time\" content=\"2025-11-27T14:08:28+00:00\" \/>\n<meta property=\"og:image\" content=\"https:\/\/arenatours.com\/wp-content\/uploads\/2024\/02\/le-meridien-maldivas-8.webp\" \/>\n\t<meta property=\"og:image:width\" content=\"1180\" \/>\n\t<meta property=\"og:image:height\" content=\"596\" \/>\n\t<meta property=\"og:image:type\" content=\"image\/webp\" \/>\n<meta name=\"twitter:card\" content=\"summary_large_image\" \/>\n<meta name=\"twitter:site\" content=\"@arenatours\" \/>\n<meta name=\"twitter:label1\" content=\"Tempo estimado de leitura\" \/>\n\t<meta name=\"twitter:data1\" content=\"1 minuto\" \/>\n<script type=\"application\/ld+json\" class=\"yoast-schema-graph\">{\"@context\":\"https:\\\/\\\/schema.org\",\"@graph\":[{\"@type\":\"WebPage\",\"@id\":\"https:\\\/\\\/arenatours.com\\\/pt-pt\\\/nos-ligamos-lhe\\\/\",\"url\":\"https:\\\/\\\/arenatours.com\\\/pt-pt\\\/nos-ligamos-lhe\\\/\",\"name\":\"Arenatours Nos ligamos\",\"isPartOf\":{\"@id\":\"http:\\\/\\\/arenatours.com\\\/pt-pt\\\/#website\"},\"primaryImageOfPage\":{\"@id\":\"https:\\\/\\\/arenatours.com\\\/pt-pt\\\/nos-ligamos-lhe\\\/#primaryimage\"},\"image\":{\"@id\":\"https:\\\/\\\/arenatours.com\\\/pt-pt\\\/nos-ligamos-lhe\\\/#primaryimage\"},\"thumbnailUrl\":\"https:\\\/\\\/arenatours.com\\\/wp-content\\\/uploads\\\/2024\\\/02\\\/le-meridien-maldivas-8.webp\",\"datePublished\":\"2020-04-09T10:54:08+00:00\",\"dateModified\":\"2025-11-27T14:08:28+00:00\",\"breadcrumb\":{\"@id\":\"https:\\\/\\\/arenatours.com\\\/pt-pt\\\/nos-ligamos-lhe\\\/#breadcrumb\"},\"inLanguage\":\"pt-PT\",\"potentialAction\":[{\"@type\":\"ReadAction\",\"target\":[\"https:\\\/\\\/arenatours.com\\\/pt-pt\\\/nos-ligamos-lhe\\\/\"]}]},{\"@type\":\"ImageObject\",\"inLanguage\":\"pt-PT\",\"@id\":\"https:\\\/\\\/arenatours.com\\\/pt-pt\\\/nos-ligamos-lhe\\\/#primaryimage\",\"url\":\"https:\\\/\\\/arenatours.com\\\/wp-content\\\/uploads\\\/2024\\\/02\\\/le-meridien-maldivas-8.webp\",\"contentUrl\":\"https:\\\/\\\/arenatours.com\\\/wp-content\\\/uploads\\\/2024\\\/02\\\/le-meridien-maldivas-8.webp\",\"width\":1180,\"height\":596},{\"@type\":\"BreadcrumbList\",\"@id\":\"https:\\\/\\\/arenatours.com\\\/pt-pt\\\/nos-ligamos-lhe\\\/#breadcrumb\",\"itemListElement\":[{\"@type\":\"ListItem\",\"position\":1,\"name\":\"Portada\",\"item\":\"https:\\\/\\\/arenatours.com\\\/pt-pt\\\/\"},{\"@type\":\"ListItem\",\"position\":2,\"name\":\"N\u00f3s ligamos-lhe\"}]},{\"@type\":\"WebSite\",\"@id\":\"http:\\\/\\\/arenatours.com\\\/pt-pt\\\/#website\",\"url\":\"http:\\\/\\\/arenatours.com\\\/pt-pt\\\/\",\"name\":\"Arenatours\",\"description\":\"Especialistas em viagens personalizadas \u00e0s Maldivas e destinos ex\u00f3ticos\",\"publisher\":{\"@id\":\"http:\\\/\\\/arenatours.com\\\/pt-pt\\\/#organization\"},\"potentialAction\":[{\"@type\":\"SearchAction\",\"target\":{\"@type\":\"EntryPoint\",\"urlTemplate\":\"http:\\\/\\\/arenatours.com\\\/pt-pt\\\/?s={search_term_string}\"},\"query-input\":{\"@type\":\"PropertyValueSpecification\",\"valueRequired\":true,\"valueName\":\"search_term_string\"}}],\"inLanguage\":\"pt-PT\"},{\"@type\":\"Organization\",\"@id\":\"http:\\\/\\\/arenatours.com\\\/pt-pt\\\/#organization\",\"name\":\"Arenatours\",\"url\":\"http:\\\/\\\/arenatours.com\\\/pt-pt\\\/\",\"logo\":{\"@type\":\"ImageObject\",\"inLanguage\":\"pt-PT\",\"@id\":\"http:\\\/\\\/arenatours.com\\\/pt-pt\\\/#\\\/schema\\\/logo\\\/image\\\/\",\"url\":\"https:\\\/\\\/arenatours.com\\\/wp-content\\\/uploads\\\/2024\\\/12\\\/logo-arenatours-x-1-1.png\",\"contentUrl\":\"https:\\\/\\\/arenatours.com\\\/wp-content\\\/uploads\\\/2024\\\/12\\\/logo-arenatours-x-1-1.png\",\"width\":1200,\"height\":728,\"caption\":\"Arenatours\"},\"image\":{\"@id\":\"http:\\\/\\\/arenatours.com\\\/pt-pt\\\/#\\\/schema\\\/logo\\\/image\\\/\"},\"sameAs\":[\"https:\\\/\\\/facebook.com\\\/arenatoursofficial\",\"https:\\\/\\\/x.com\\\/arenatours\"]}]}<\/script>\n<!-- \/ Yoast SEO plugin. -->","yoast_head_json":{"title":"Arenatours Nos ligamos","robots":{"index":"noindex","follow":"follow"},"og_locale":"pt_PT","og_type":"article","og_title":"Arenatours Nos ligamos","og_description":"N\u00f3s ligamos-lhe! Este servi\u00e7o est\u00e1 ativo apenas para Portugal, se voc\u00ea entrar em contato conosco de outro pa\u00eds, teremos o maior prazer em ajud\u00e1-lo via WhatsApp Este site \u00e9 protegido pelo reCAPTCHA e aplicam-se a Politica de privacidade e Termos de Servi\u00e7o da Google.De acordo com o disposto no Regulamento (UE) 2016\/679 sobre prote\u00e7\u00e3o de ... Ler mais","og_url":"https:\/\/arenatours.com\/pt-pt\/nos-ligamos-lhe\/","og_site_name":"Arenatours PT","article_publisher":"https:\/\/facebook.com\/arenatoursofficial","article_modified_time":"2025-11-27T14:08:28+00:00","og_image":[{"width":1180,"height":596,"url":"https:\/\/arenatours.com\/wp-content\/uploads\/2024\/02\/le-meridien-maldivas-8.webp","type":"image\/webp"}],"twitter_card":"summary_large_image","twitter_site":"@arenatours","twitter_misc":{"Tempo estimado de leitura":"1 minuto"},"schema":{"@context":"https:\/\/schema.org","@graph":[{"@type":"WebPage","@id":"https:\/\/arenatours.com\/pt-pt\/nos-ligamos-lhe\/","url":"https:\/\/arenatours.com\/pt-pt\/nos-ligamos-lhe\/","name":"Arenatours Nos ligamos","isPartOf":{"@id":"http:\/\/arenatours.com\/pt-pt\/#website"},"primaryImageOfPage":{"@id":"https:\/\/arenatours.com\/pt-pt\/nos-ligamos-lhe\/#primaryimage"},"image":{"@id":"https:\/\/arenatours.com\/pt-pt\/nos-ligamos-lhe\/#primaryimage"},"thumbnailUrl":"https:\/\/arenatours.com\/wp-content\/uploads\/2024\/02\/le-meridien-maldivas-8.webp","datePublished":"2020-04-09T10:54:08+00:00","dateModified":"2025-11-27T14:08:28+00:00","breadcrumb":{"@id":"https:\/\/arenatours.com\/pt-pt\/nos-ligamos-lhe\/#breadcrumb"},"inLanguage":"pt-PT","potentialAction":[{"@type":"ReadAction","target":["https:\/\/arenatours.com\/pt-pt\/nos-ligamos-lhe\/"]}]},{"@type":"ImageObject","inLanguage":"pt-PT","@id":"https:\/\/arenatours.com\/pt-pt\/nos-ligamos-lhe\/#primaryimage","url":"https:\/\/arenatours.com\/wp-content\/uploads\/2024\/02\/le-meridien-maldivas-8.webp","contentUrl":"https:\/\/arenatours.com\/wp-content\/uploads\/2024\/02\/le-meridien-maldivas-8.webp","width":1180,"height":596},{"@type":"BreadcrumbList","@id":"https:\/\/arenatours.com\/pt-pt\/nos-ligamos-lhe\/#breadcrumb","itemListElement":[{"@type":"ListItem","position":1,"name":"Portada","item":"https:\/\/arenatours.com\/pt-pt\/"},{"@type":"ListItem","position":2,"name":"N\u00f3s ligamos-lhe"}]},{"@type":"WebSite","@id":"http:\/\/arenatours.com\/pt-pt\/#website","url":"http:\/\/arenatours.com\/pt-pt\/","name":"Arenatours","description":"Especialistas em viagens personalizadas \u00e0s Maldivas e destinos ex\u00f3ticos","publisher":{"@id":"http:\/\/arenatours.com\/pt-pt\/#organization"},"potentialAction":[{"@type":"SearchAction","target":{"@type":"EntryPoint","urlTemplate":"http:\/\/arenatours.com\/pt-pt\/?s={search_term_string}"},"query-input":{"@type":"PropertyValueSpecification","valueRequired":true,"valueName":"search_term_string"}}],"inLanguage":"pt-PT"},{"@type":"Organization","@id":"http:\/\/arenatours.com\/pt-pt\/#organization","name":"Arenatours","url":"http:\/\/arenatours.com\/pt-pt\/","logo":{"@type":"ImageObject","inLanguage":"pt-PT","@id":"http:\/\/arenatours.com\/pt-pt\/#\/schema\/logo\/image\/","url":"https:\/\/arenatours.com\/wp-content\/uploads\/2024\/12\/logo-arenatours-x-1-1.png","contentUrl":"https:\/\/arenatours.com\/wp-content\/uploads\/2024\/12\/logo-arenatours-x-1-1.png","width":1200,"height":728,"caption":"Arenatours"},"image":{"@id":"http:\/\/arenatours.com\/pt-pt\/#\/schema\/logo\/image\/"},"sameAs":["https:\/\/facebook.com\/arenatoursofficial","https:\/\/x.com\/arenatours"]}]}},"_links":{"self":[{"href":"https:\/\/arenatours.com\/pt-pt\/wp-json\/wp\/v2\/pages\/119867","targetHints":{"allow":["GET"]}}],"collection":[{"href":"https:\/\/arenatours.com\/pt-pt\/wp-json\/wp\/v2\/pages"}],"about":[{"href":"https:\/\/arenatours.com\/pt-pt\/wp-json\/wp\/v2\/types\/page"}],"author":[{"embeddable":true,"href":"https:\/\/arenatours.com\/pt-pt\/wp-json\/wp\/v2\/users\/3"}],"replies":[{"embeddable":true,"href":"https:\/\/arenatours.com\/pt-pt\/wp-json\/wp\/v2\/comments?post=119867"}],"version-history":[{"count":3,"href":"https:\/\/arenatours.com\/pt-pt\/wp-json\/wp\/v2\/pages\/119867\/revisions"}],"predecessor-version":[{"id":327750,"href":"https:\/\/arenatours.com\/pt-pt\/wp-json\/wp\/v2\/pages\/119867\/revisions\/327750"}],"wp:featuredmedia":[{"embeddable":true,"href":"https:\/\/arenatours.com\/pt-pt\/wp-json\/wp\/v2\/media\/274207"}],"wp:attachment":[{"href":"https:\/\/arenatours.com\/pt-pt\/wp-json\/wp\/v2\/media?parent=119867"}],"curies":[{"name":"wp","href":"https:\/\/api.w.org\/{rel}","templated":true}]}}