{"id":169043,"date":"2021-09-22T15:03:07","date_gmt":"2021-09-22T13:03:07","guid":{"rendered":"https:\/\/arenatours.com\/?page_id=169043"},"modified":"2025-05-19T18:26:36","modified_gmt":"2025-05-19T16:26:36","slug":"lavora-con-noi","status":"publish","type":"page","link":"https:\/\/arenatours.com\/it\/lavora-con-noi\/","title":{"rendered":"Lavora con noi"},"content":{"rendered":"\n<div class=\"wp-block-cover is-light\" style=\"min-height:475px;aspect-ratio:unset;\"><span aria-hidden=\"true\" class=\"wp-block-cover__background has-background-dim\"><\/span><img decoding=\"async\" width=\"1600\" height=\"542\" class=\"wp-block-cover__image-background wp-image-63399\" src=\"https:\/\/arenatours.com\/wp-content\/uploads\/2017\/03\/torre-de-cristal-paseo-castellana-madrid-pelli.jpg\" style=\"object-position:46% 60%\" data-object-fit=\"cover\" data-object-position=\"46% 60%\" srcset=\"https:\/\/arenatours.com\/wp-content\/uploads\/2017\/03\/torre-de-cristal-paseo-castellana-madrid-pelli.jpg 1600w, https:\/\/arenatours.com\/wp-content\/uploads\/2017\/03\/torre-de-cristal-paseo-castellana-madrid-pelli-218x74.jpg 218w\" sizes=\"(max-width: 1600px) 100vw, 1600px\" \/><div class=\"wp-block-cover__inner-container is-layout-flow wp-block-cover-is-layout-flow\">\n<p class=\"has-text-align-center has-base-3-color has-text-color\" style=\"font-size:40px\">Lavora con noi<\/p>\n<\/div><\/div>\n\n\n\n<div style=\"height:15px\" aria-hidden=\"true\" class=\"wp-block-spacer\"><\/div>\n\n\n\n<div class=\"wp-block-hacce-wrapper grid-container\">\n<p class=\"has-text-align-center has-medium-font-size\">Cresciamo velocemente, innoviamo costantemente ed evolviamo a livello internazionale. Inizia un nuovo capitolo della tua carriera in cui puoi trovare innovazione tecnologica, apprendimento continuo e ampi orizzonti.<\/p>\n<\/div>\n\n\n\n<div style=\"height:20px\" aria-hidden=\"true\" class=\"wp-block-spacer\"><\/div>\n\n\n\n<div class=\"wp-block-hacce-wrapper grid-container\">\n<div class=\"wp-block-columns is-layout-flex wp-container-core-columns-is-layout-9d6595d7 wp-block-columns-is-layout-flex\">\n<div class=\"wp-block-column is-layout-flow wp-block-column-is-layout-flow\" style=\"flex-basis:25%\">\n<div class=\"trabaja-nosotros-4\">\n  <div class=\"overlay-trabaja\"><\/div>\n  <div class=\"text-trabaja-1\">16<\/div>\n  <div class=\"text-trabaja-2\">Anni di esperienza<\/div>\n <\/div>\n<\/div>\n\n\n\n<div class=\"wp-block-column is-layout-flow wp-block-column-is-layout-flow\" style=\"flex-basis:25%\">\n<div class=\"trabaja-nosotros-1\">\n  <div class=\"overlay-trabaja\"><\/div>\n  <div class=\"text-trabaja-1\">30+<\/div>\n  <div class=\"text-trabaja-2\">Dipendenti in 7 Paesi<\/div>\n <\/div>\n<\/div>\n\n\n\n<div class=\"wp-block-column is-layout-flow wp-block-column-is-layout-flow\" style=\"flex-basis:24.99%\">\n<div class=\"trabaja-nosotros-2\">\n  <div class=\"overlay-trabaja\"><\/div>\n  <div class=\"text-trabaja-18\">+18%<\/div>\n  <div class=\"text-trabaja-2\">Aumento dei dipendenti<\/div>\n <\/div>\n<\/div>\n\n\n\n<div class=\"wp-block-column is-layout-flow wp-block-column-is-layout-flow\" style=\"flex-basis:25%\">\n<div class=\"trabaja-nosotros-3\">\n  <div class=\"overlay-trabaja\"><\/div>\n  <div class=\"text-trabaja-6\">9<\/div>\n  <div class=\"text-trabaja-2\">Lingue parlate dal nostro team<\/div>\n <\/div>\n<\/div>\n<\/div>\n<\/div>\n\n\n\n<hr class=\"wp-block-separator has-css-opacity\"\/>\n\n\n\n<div style=\"height:5px\" aria-hidden=\"true\" class=\"wp-block-spacer\"><\/div>\n\n\n\n<p class=\"has-text-align-center\" style=\"font-size:35px\">Invia il tuo curriculum a <a href=\"mailto:hr@arenatours.com\"><span style=\"text-decoration: underline;\">hr@arenatours.com<\/span><\/a><\/p>\n\n\n\n<div style=\"height:20px\" aria-hidden=\"true\" class=\"wp-block-spacer\"><\/div>\n\n\n\n<hr class=\"wp-block-separator has-css-opacity\"\/>\n\n\n\n<div style=\"height:20px\" aria-hidden=\"true\" class=\"wp-block-spacer\"><\/div>\n\n\n\n<p class=\"has-text-align-center\" style=\"font-size:40px\">Stiamo cercando:<\/p>\n\n\n\n<div style=\"height:15px\" aria-hidden=\"true\" class=\"wp-block-spacer\"><\/div>\n\n\n\n<div class=\"wp-block-hacce-wrapper grid-container\">\n<div style=\"height:25px\" aria-hidden=\"true\" class=\"wp-block-spacer\"><\/div>\n\n\n\n<div class=\"wp-block-cover\" style=\"min-height:33px;aspect-ratio:unset;\"><span aria-hidden=\"true\" class=\"wp-block-cover__background has-background-dim-100 has-background-dim\" style=\"background-color:#404040\"><\/span><div class=\"wp-block-cover__inner-container is-layout-flow wp-block-cover-is-layout-flow\">\n<p class=\"has-text-align-left has-text-color\" style=\"color:#ffd700;font-size:23px\">Travel Planner<\/p>\n\n\n\n<hr class=\"wp-block-separator has-css-opacity sep-trabaja\"\/>\n\n\n\n<div style=\"height:20px\" aria-hidden=\"true\" class=\"wp-block-spacer\"><\/div>\n\n\n\n<div class=\"wp-block-columns is-layout-flex wp-container-core-columns-is-layout-9d6595d7 wp-block-columns-is-layout-flex\">\n<div class=\"wp-block-column is-layout-flow wp-block-column-is-layout-flow\">\n<ul class=\"wp-block-list\">\n<li>Alto profilo commerciale, autonomia e orientamento agli obiettivi<\/li>\n\n\n\n<li>Esperienza nel servizio clienti e nella gestione delle prenotazioni<\/li>\n<\/ul>\n<\/div>\n\n\n\n<div class=\"wp-block-column is-layout-flow wp-block-column-is-layout-flow\">\n<ul class=\"wp-block-list\">\n<li>Conoscenza GDS, preferibilmente Amadeus<\/li>\n\n\n\n<li>Alto livello di inglese e spagnolo<\/li>\n<\/ul>\n<\/div>\n<\/div>\n\n\n\n<p>Lavoro Freelance con alte commissioni<\/p>\n\n\n\n<div style=\"height:20px\" aria-hidden=\"true\" class=\"wp-block-spacer\"><\/div>\n\n\n\n<div class=\"compartelo-trabaja\">\nCONDIVIDI: \n<!-- Whatsapp -->\n<a class=\"fab fa-whatsapp social-trabaja\" href=\"https:\/\/wa.me\/?text=Arenatours:%20Trabaja%20con%20nosotros%20https:\/\/arenatours.com\/trabaja-con-nosotros\/\"><\/a>\n\n<!-- Linkedin -->\n<a class=\"fab fa-linkedin-in social-trabaja\" href=\"https:\/\/www.linkedin.com\/shareArticle?mini=true&amp;url=https%3A\/\/arenatours.com\/trabaja-con-nosotros\/&amp;title=Arenatours%20-%20Trabaja%20con%20nosotros&amp;summary=&amp;source=\"><\/a>\n\n<!-- Facebook -->\n<a class=\"fab fa-facebook-f social-trabaja\" href=\"https:\/\/www.facebook.com\/sharer\/sharer.php?u=https:\/\/arenatours.com\/trabaja-con-nosotros\/\"><\/a>\n\n<!-- Twitter -->\n<a class=\"fab fa-twitter social-trabaja\" href=\"https:\/\/twitter.com\/intent\/tweet?text=https%3A\/\/arenatours.com\/trabaja-con-nosotros\/\"><\/a>\n<\/div>\n<\/div><\/div>\n\n\n\n<div style=\"height:25px\" aria-hidden=\"true\" class=\"wp-block-spacer\"><\/div>\n<\/div>\n\n\n\n<div style=\"height:10px\" aria-hidden=\"true\" class=\"wp-block-spacer\"><\/div>\n\n\n\n<div class=\"wp-block-hacce-wrapper grid-container\">\n<p style=\"font-size:28px\">Cosa offriamo?<\/p>\n\n\n\n<p class=\"has-medium-font-size\">Lavorare in un gruppo leader, con pi\u00f9 di 50 professionisti e una presenza in 7 paesi.<br>Formazione e sviluppo professionale: investiamo affinch\u00e9 i nostri dipendenti siano i migliori e pi\u00f9 preparati del settore, con carriere professionali di successo.<\/p>\n\n\n\n<p style=\"font-size:28px\">Cosa cerchiamo?<\/p>\n\n\n\n<p class=\"has-medium-font-size\">Cerchiamo persone capaci di leadership, autonome e con un chiaro orientamento ai risultati. Se hai una passione per la crescita, ti invitiamo a unirti a noi.<\/p>\n\n\n\n<p style=\"font-size:28px\">Opportunit\u00e0 di crescita<\/p>\n\n\n\n<p class=\"has-medium-font-size\">Il nostro impegno nello sviluppo del team \u00e8 completo. In Arenatours incoraggiamo la crescita del nostro personale in ogni fase della loro carriera.<\/p>\n\n\n\n<p style=\"font-size:28px\">Ambiente di lavoro<\/p>\n\n\n\n<p class=\"has-medium-font-size\">Un ambiente di lavoro piacevole \u00e8 fondamentale per poter dare il meglio di s\u00e9 e vincere tutte le sfide che ci poniamo. Noi di Arenatours vogliamo che i nostri dipendenti si impegnino per l&#8217;azienda e sentano che \u00e8 il posto migliore in cui lavorare.<\/p>\n<\/div>\n\n\n\n<div style=\"height:5px\" aria-hidden=\"true\" class=\"wp-block-spacer\"><\/div>\n","protected":false},"excerpt":{"rendered":"<p>Invia il tuo curriculum a hr@arenatours.com Stiamo cercando:<\/p>\n","protected":false},"author":3,"featured_media":169045,"parent":0,"menu_order":100,"comment_status":"closed","ping_status":"closed","template":"","meta":{"_acf_changed":false,"footnotes":""},"class_list":["post-169043","page","type-page","status-publish","has-post-thumbnail"],"acf":[],"yoast_head":"<!-- This site is optimized with the Yoast SEO plugin v27.3 - https:\/\/yoast.com\/product\/yoast-seo-wordpress\/ -->\n<title>Arenatours Lavora con noi<\/title>\n<meta name=\"description\" content=\"Cresciamo velocemente, innoviamo costantemente ed evolviamo a livello internazionale. Inizia un nuovo capitolo della tua carriera in cui puoi trovare innovazione tecnologica, apprendimento continuo e ampi orizzonti.\" \/>\n<meta name=\"robots\" content=\"noindex, nofollow\" \/>\n<meta property=\"og:locale\" content=\"it_IT\" \/>\n<meta property=\"og:type\" content=\"article\" \/>\n<meta property=\"og:title\" content=\"Arenatours Lavora con noi\" \/>\n<meta property=\"og:description\" content=\"Cresciamo velocemente, innoviamo costantemente ed evolviamo a livello internazionale. Inizia un nuovo capitolo della tua carriera in cui puoi trovare innovazione tecnologica, apprendimento continuo e ampi orizzonti.\" \/>\n<meta property=\"og:url\" content=\"https:\/\/arenatours.com\/it\/lavora-con-noi\/\" \/>\n<meta property=\"og:site_name\" content=\"Arenatours IT\" \/>\n<meta property=\"article:publisher\" content=\"https:\/\/facebook.com\/arenatoursofficial\" \/>\n<meta property=\"article:modified_time\" content=\"2025-05-19T16:26:36+00:00\" \/>\n<meta property=\"og:image\" content=\"http:\/\/arenatours.com\/wp-content\/uploads\/2017\/03\/torre-de-cristal-paseo-castellana-madrid-pelli.jpg\" \/>\n\t<meta property=\"og:image:width\" content=\"1600\" \/>\n\t<meta property=\"og:image:height\" content=\"542\" \/>\n\t<meta property=\"og:image:type\" content=\"image\/jpeg\" \/>\n<meta name=\"twitter:card\" content=\"summary_large_image\" \/>\n<meta name=\"twitter:site\" content=\"@arenatours\" \/>\n<meta name=\"twitter:label1\" content=\"Tempo di lettura stimato\" \/>\n\t<meta name=\"twitter:data1\" content=\"2 minuti\" \/>\n<script type=\"application\/ld+json\" class=\"yoast-schema-graph\">{\"@context\":\"https:\\\/\\\/schema.org\",\"@graph\":[{\"@type\":\"WebPage\",\"@id\":\"https:\\\/\\\/arenatours.com\\\/it\\\/lavora-con-noi\\\/\",\"url\":\"https:\\\/\\\/arenatours.com\\\/it\\\/lavora-con-noi\\\/\",\"name\":\"Arenatours Lavora con noi\",\"isPartOf\":{\"@id\":\"http:\\\/\\\/arenatours.com\\\/it\\\/#website\"},\"primaryImageOfPage\":{\"@id\":\"https:\\\/\\\/arenatours.com\\\/it\\\/lavora-con-noi\\\/#primaryimage\"},\"image\":{\"@id\":\"https:\\\/\\\/arenatours.com\\\/it\\\/lavora-con-noi\\\/#primaryimage\"},\"thumbnailUrl\":\"https:\\\/\\\/arenatours.com\\\/wp-content\\\/uploads\\\/2017\\\/03\\\/torre-de-cristal-paseo-castellana-madrid-pelli.jpg\",\"datePublished\":\"2021-09-22T13:03:07+00:00\",\"dateModified\":\"2025-05-19T16:26:36+00:00\",\"description\":\"Cresciamo velocemente, innoviamo costantemente ed evolviamo a livello internazionale. Inizia un nuovo capitolo della tua carriera in cui puoi trovare innovazione tecnologica, apprendimento continuo e ampi orizzonti.\",\"breadcrumb\":{\"@id\":\"https:\\\/\\\/arenatours.com\\\/it\\\/lavora-con-noi\\\/#breadcrumb\"},\"inLanguage\":\"it-IT\",\"potentialAction\":[{\"@type\":\"ReadAction\",\"target\":[\"https:\\\/\\\/arenatours.com\\\/it\\\/lavora-con-noi\\\/\"]}]},{\"@type\":\"ImageObject\",\"inLanguage\":\"it-IT\",\"@id\":\"https:\\\/\\\/arenatours.com\\\/it\\\/lavora-con-noi\\\/#primaryimage\",\"url\":\"https:\\\/\\\/arenatours.com\\\/wp-content\\\/uploads\\\/2017\\\/03\\\/torre-de-cristal-paseo-castellana-madrid-pelli.jpg\",\"contentUrl\":\"https:\\\/\\\/arenatours.com\\\/wp-content\\\/uploads\\\/2017\\\/03\\\/torre-de-cristal-paseo-castellana-madrid-pelli.jpg\",\"width\":1600,\"height\":542,\"caption\":\"Torre De Cristal Paseo Castellana Madrid Pelli - arenatours.com\"},{\"@type\":\"BreadcrumbList\",\"@id\":\"https:\\\/\\\/arenatours.com\\\/it\\\/lavora-con-noi\\\/#breadcrumb\",\"itemListElement\":[{\"@type\":\"ListItem\",\"position\":1,\"name\":\"Portada\",\"item\":\"https:\\\/\\\/arenatours.com\\\/it\\\/\"},{\"@type\":\"ListItem\",\"position\":2,\"name\":\"Lavora con noi\"}]},{\"@type\":\"WebSite\",\"@id\":\"http:\\\/\\\/arenatours.com\\\/it\\\/#website\",\"url\":\"http:\\\/\\\/arenatours.com\\\/it\\\/\",\"name\":\"Arenatours\",\"description\":\"Specialisti in viaggi su misura alle Maldive e destinazioni esotiche\",\"publisher\":{\"@id\":\"http:\\\/\\\/arenatours.com\\\/it\\\/#organization\"},\"potentialAction\":[{\"@type\":\"SearchAction\",\"target\":{\"@type\":\"EntryPoint\",\"urlTemplate\":\"http:\\\/\\\/arenatours.com\\\/it\\\/?s={search_term_string}\"},\"query-input\":{\"@type\":\"PropertyValueSpecification\",\"valueRequired\":true,\"valueName\":\"search_term_string\"}}],\"inLanguage\":\"it-IT\"},{\"@type\":\"Organization\",\"@id\":\"http:\\\/\\\/arenatours.com\\\/it\\\/#organization\",\"name\":\"Arenatours\",\"url\":\"http:\\\/\\\/arenatours.com\\\/it\\\/\",\"logo\":{\"@type\":\"ImageObject\",\"inLanguage\":\"it-IT\",\"@id\":\"http:\\\/\\\/arenatours.com\\\/it\\\/#\\\/schema\\\/logo\\\/image\\\/\",\"url\":\"https:\\\/\\\/arenatours.com\\\/wp-content\\\/uploads\\\/2024\\\/12\\\/logo-arenatours-x-1-1.png\",\"contentUrl\":\"https:\\\/\\\/arenatours.com\\\/wp-content\\\/uploads\\\/2024\\\/12\\\/logo-arenatours-x-1-1.png\",\"width\":1200,\"height\":728,\"caption\":\"Arenatours\"},\"image\":{\"@id\":\"http:\\\/\\\/arenatours.com\\\/it\\\/#\\\/schema\\\/logo\\\/image\\\/\"},\"sameAs\":[\"https:\\\/\\\/facebook.com\\\/arenatoursofficial\",\"https:\\\/\\\/x.com\\\/arenatours\"]}]}<\/script>\n<!-- \/ Yoast SEO plugin. -->","yoast_head_json":{"title":"Arenatours Lavora con noi","description":"Cresciamo velocemente, innoviamo costantemente ed evolviamo a livello internazionale. Inizia un nuovo capitolo della tua carriera in cui puoi trovare innovazione tecnologica, apprendimento continuo e ampi orizzonti.","robots":{"index":"noindex","follow":"nofollow"},"og_locale":"it_IT","og_type":"article","og_title":"Arenatours Lavora con noi","og_description":"Cresciamo velocemente, innoviamo costantemente ed evolviamo a livello internazionale. Inizia un nuovo capitolo della tua carriera in cui puoi trovare innovazione tecnologica, apprendimento continuo e ampi orizzonti.","og_url":"https:\/\/arenatours.com\/it\/lavora-con-noi\/","og_site_name":"Arenatours IT","article_publisher":"https:\/\/facebook.com\/arenatoursofficial","article_modified_time":"2025-05-19T16:26:36+00:00","og_image":[{"width":1600,"height":542,"url":"http:\/\/arenatours.com\/wp-content\/uploads\/2017\/03\/torre-de-cristal-paseo-castellana-madrid-pelli.jpg","type":"image\/jpeg"}],"twitter_card":"summary_large_image","twitter_site":"@arenatours","twitter_misc":{"Tempo di lettura stimato":"2 minuti"},"schema":{"@context":"https:\/\/schema.org","@graph":[{"@type":"WebPage","@id":"https:\/\/arenatours.com\/it\/lavora-con-noi\/","url":"https:\/\/arenatours.com\/it\/lavora-con-noi\/","name":"Arenatours Lavora con noi","isPartOf":{"@id":"http:\/\/arenatours.com\/it\/#website"},"primaryImageOfPage":{"@id":"https:\/\/arenatours.com\/it\/lavora-con-noi\/#primaryimage"},"image":{"@id":"https:\/\/arenatours.com\/it\/lavora-con-noi\/#primaryimage"},"thumbnailUrl":"https:\/\/arenatours.com\/wp-content\/uploads\/2017\/03\/torre-de-cristal-paseo-castellana-madrid-pelli.jpg","datePublished":"2021-09-22T13:03:07+00:00","dateModified":"2025-05-19T16:26:36+00:00","description":"Cresciamo velocemente, innoviamo costantemente ed evolviamo a livello internazionale. Inizia un nuovo capitolo della tua carriera in cui puoi trovare innovazione tecnologica, apprendimento continuo e ampi orizzonti.","breadcrumb":{"@id":"https:\/\/arenatours.com\/it\/lavora-con-noi\/#breadcrumb"},"inLanguage":"it-IT","potentialAction":[{"@type":"ReadAction","target":["https:\/\/arenatours.com\/it\/lavora-con-noi\/"]}]},{"@type":"ImageObject","inLanguage":"it-IT","@id":"https:\/\/arenatours.com\/it\/lavora-con-noi\/#primaryimage","url":"https:\/\/arenatours.com\/wp-content\/uploads\/2017\/03\/torre-de-cristal-paseo-castellana-madrid-pelli.jpg","contentUrl":"https:\/\/arenatours.com\/wp-content\/uploads\/2017\/03\/torre-de-cristal-paseo-castellana-madrid-pelli.jpg","width":1600,"height":542,"caption":"Torre De Cristal Paseo Castellana Madrid Pelli - arenatours.com"},{"@type":"BreadcrumbList","@id":"https:\/\/arenatours.com\/it\/lavora-con-noi\/#breadcrumb","itemListElement":[{"@type":"ListItem","position":1,"name":"Portada","item":"https:\/\/arenatours.com\/it\/"},{"@type":"ListItem","position":2,"name":"Lavora con noi"}]},{"@type":"WebSite","@id":"http:\/\/arenatours.com\/it\/#website","url":"http:\/\/arenatours.com\/it\/","name":"Arenatours","description":"Specialisti in viaggi su misura alle Maldive e destinazioni esotiche","publisher":{"@id":"http:\/\/arenatours.com\/it\/#organization"},"potentialAction":[{"@type":"SearchAction","target":{"@type":"EntryPoint","urlTemplate":"http:\/\/arenatours.com\/it\/?s={search_term_string}"},"query-input":{"@type":"PropertyValueSpecification","valueRequired":true,"valueName":"search_term_string"}}],"inLanguage":"it-IT"},{"@type":"Organization","@id":"http:\/\/arenatours.com\/it\/#organization","name":"Arenatours","url":"http:\/\/arenatours.com\/it\/","logo":{"@type":"ImageObject","inLanguage":"it-IT","@id":"http:\/\/arenatours.com\/it\/#\/schema\/logo\/image\/","url":"https:\/\/arenatours.com\/wp-content\/uploads\/2024\/12\/logo-arenatours-x-1-1.png","contentUrl":"https:\/\/arenatours.com\/wp-content\/uploads\/2024\/12\/logo-arenatours-x-1-1.png","width":1200,"height":728,"caption":"Arenatours"},"image":{"@id":"http:\/\/arenatours.com\/it\/#\/schema\/logo\/image\/"},"sameAs":["https:\/\/facebook.com\/arenatoursofficial","https:\/\/x.com\/arenatours"]}]}},"_links":{"self":[{"href":"https:\/\/arenatours.com\/it\/wp-json\/wp\/v2\/pages\/169043","targetHints":{"allow":["GET"]}}],"collection":[{"href":"https:\/\/arenatours.com\/it\/wp-json\/wp\/v2\/pages"}],"about":[{"href":"https:\/\/arenatours.com\/it\/wp-json\/wp\/v2\/types\/page"}],"author":[{"embeddable":true,"href":"https:\/\/arenatours.com\/it\/wp-json\/wp\/v2\/users\/3"}],"replies":[{"embeddable":true,"href":"https:\/\/arenatours.com\/it\/wp-json\/wp\/v2\/comments?post=169043"}],"version-history":[{"count":5,"href":"https:\/\/arenatours.com\/it\/wp-json\/wp\/v2\/pages\/169043\/revisions"}],"predecessor-version":[{"id":205163,"href":"https:\/\/arenatours.com\/it\/wp-json\/wp\/v2\/pages\/169043\/revisions\/205163"}],"wp:featuredmedia":[{"embeddable":true,"href":"https:\/\/arenatours.com\/it\/wp-json\/wp\/v2\/media\/169045"}],"wp:attachment":[{"href":"https:\/\/arenatours.com\/it\/wp-json\/wp\/v2\/media?parent=169043"}],"curies":[{"name":"wp","href":"https:\/\/api.w.org\/{rel}","templated":true}]}}