{"id":119866,"date":"2020-04-09T12:54:08","date_gmt":"2020-04-09T10:54:08","guid":{"rendered":"https:\/\/arenatours.com\/te-llamamos\/"},"modified":"2025-11-27T15:08:20","modified_gmt":"2025-11-27T14:08:20","slug":"ti-chiamiamo","status":"publish","type":"page","link":"https:\/\/arenatours.com\/it\/ti-chiamiamo\/","title":{"rendered":"Ti chiamiamo"},"content":{"rendered":"\n<h1 class=\"wp-block-heading has-text-align-center\">Ti chiamiamo!<\/h1>\n\n\n\n<p class=\"has-text-align-center\">Questo servizio \u00e8 attivo solo per l&#8217;Italia, se ci contatti da un altro Paese saremo lieti di aiutarti <a href=\"https:\/\/wa.me\/34622370200\" target=\"_blank\" rel=\"noreferrer noopener\">tramite WhatsApp <\/a><\/p>\n\n\n\n<div class=\"wp-block-group form-llamamos\"><div class=\"wp-block-group__inner-container is-layout-flow wp-block-group-is-layout-flow\"><style id=\"wpforms-css-vars-147455\">\n\t\t\t\t#wpforms-147455 {\n\t\t\t\t--wpforms-container-padding: 0px;\n--wpforms-container-border-width: 1px;\n--wpforms-container-border-radius: 3px;\n--wpforms-background-color: rgba(0, 0, 0, 0);\n--wpforms-field-size-input-height: 43px;\n--wpforms-field-size-input-spacing: 15px;\n--wpforms-field-size-font-size: 16px;\n--wpforms-field-size-line-height: 19px;\n--wpforms-field-size-padding-h: 14px;\n--wpforms-field-size-checkbox-size: 16px;\n--wpforms-field-size-sublabel-spacing: 5px;\n--wpforms-field-size-icon-size: 1;\n--wpforms-label-size-font-size: 16px;\n--wpforms-label-size-line-height: 19px;\n--wpforms-label-size-sublabel-font-size: 14px;\n--wpforms-label-size-sublabel-line-height: 17px;\n--wpforms-button-size-font-size: 17px;\n--wpforms-button-size-height: 41px;\n--wpforms-button-size-padding-h: 15px;\n--wpforms-button-size-margin-top: 10px;\n--wpforms-container-shadow-size-box-shadow: none;\n\t\t\t}\n\t\t\t<\/style><div class=\"wpforms-container wpforms-container-full form-contacto wpforms-render-modern\" id=\"wpforms-147455\"><form id=\"wpforms-form-147455\" class=\"wpforms-validate wpforms-form\" data-formid=\"147455\" method=\"post\" enctype=\"multipart\/form-data\" action=\"\/it\/wp-json\/wp\/v2\/pages\/119866\" data-token=\"9451f8a5b703e92b7ea88cf32664f7fd\" data-token-time=\"1776888329\"><noscript class=\"wpforms-error-noscript\">Abilita JavaScript nel browser per completare questo modulo.<\/noscript><div id=\"wpforms-error-noscript\" style=\"display: none;\">Abilita JavaScript nel browser per completare questo modulo.<\/div><div class=\"wpforms-field-container\"><div id=\"wpforms-147455-field_0-container\" class=\"wpforms-field wpforms-field-name\" data-field-id=\"0\"><label class=\"wpforms-field-label\" for=\"wpforms-147455-field_0\">Nome <span class=\"wpforms-required-label\" aria-hidden=\"true\">*<\/span><\/label><input type=\"text\" id=\"wpforms-147455-field_0\" class=\"wpforms-field-large wpforms-field-required\" name=\"wpforms[fields][0]\" aria-errormessage=\"wpforms-147455-field_0-error\" required><\/div>\t\t<div id=\"wpforms-147455-field_1-container\"\n\t\t\tclass=\"wpforms-field wpforms-field-text\"\n\t\t\tdata-field-type=\"text\"\n\t\t\tdata-field-id=\"1\"\n\t\t\t>\n\t\t\t<label class=\"wpforms-field-label\" for=\"wpforms-147455-field_1\" >Nome Email Consentimiento<\/label>\n\t\t\t<input type=\"text\" id=\"wpforms-147455-field_1\" class=\"wpforms-field-medium\" name=\"wpforms[fields][1]\" >\n\t\t<\/div>\n\t\t<div id=\"wpforms-147455-field_5-container\" class=\"wpforms-field wpforms-field-text\" data-field-id=\"5\"><label class=\"wpforms-field-label\" for=\"wpforms-147455-field_5\">Telefono <span class=\"wpforms-required-label\" aria-hidden=\"true\">*<\/span><\/label><input type=\"text\" id=\"wpforms-147455-field_5\" class=\"wpforms-field-large wpforms-field-required\" name=\"wpforms[fields][5]\" aria-errormessage=\"wpforms-147455-field_5-error\" required><\/div><div id=\"wpforms-147455-field_6-container\" class=\"wpforms-field wpforms-field-email\" data-field-id=\"6\"><label class=\"wpforms-field-label\" for=\"wpforms-147455-field_6\">Email <span class=\"wpforms-required-label\" aria-hidden=\"true\">*<\/span><\/label><input type=\"email\" id=\"wpforms-147455-field_6\" class=\"wpforms-field-large wpforms-field-required\" name=\"wpforms[fields][6]\" spellcheck=\"false\" aria-errormessage=\"wpforms-147455-field_6-error\" required><\/div><div id=\"wpforms-147455-field_4-container\" class=\"wpforms-field wpforms-field-checkbox consentimiento\" data-field-id=\"4\"><fieldset><legend class=\"wpforms-field-label wpforms-label-hide\" aria-hidden=\"false\">Consentimiento <span class=\"wpforms-required-label\" aria-hidden=\"true\">*<\/span><\/legend><ul id=\"wpforms-147455-field_4\" class=\"wpforms-field-required\"><li class=\"choice-1 depth-1\"><input type=\"checkbox\" id=\"wpforms-147455-field_4_1\" name=\"wpforms[fields][4][]\" value=\"Ho letto ed accetto la &lt;a href=&quot;https:\/\/arenatours.com\/it\/politica-sulla-privacy\/&quot; target=&quot;_blank&quot;&gt; Pol\u00edtica sulla privacy &lt;\/a&gt;\" aria-errormessage=\"wpforms-147455-field_4_1-error\" required ><label class=\"wpforms-field-label-inline\" for=\"wpforms-147455-field_4_1\">Ho letto ed accetto la <a href=\"https:\/\/arenatours.com\/it\/politica-sulla-privacy\/\" target=\"_blank\"> Pol\u00edtica sulla privacy <\/a><\/label><\/li><\/ul><\/fieldset><\/div><script>\n\t\t\t\t( function() {\n\t\t\t\t\tconst style = document.createElement( 'style' );\n\t\t\t\t\tstyle.appendChild( document.createTextNode( '#wpforms-147455-field_1-container { position: absolute !important; overflow: hidden !important; display: inline !important; height: 1px !important; width: 1px !important; z-index: -1000 !important; padding: 0 !important; } #wpforms-147455-field_1-container input { visibility: hidden; } #wpforms-conversational-form-page #wpforms-147455-field_1-container label { counter-increment: none; }' ) );\n\t\t\t\t\tdocument.head.appendChild( style );\n\t\t\t\t\tdocument.currentScript?.remove();\n\t\t\t\t} )();\n\t\t\t<\/script><\/div><!-- .wpforms-field-container --><div class=\"wpforms-recaptcha-container wpforms-is-recaptcha wpforms-is-recaptcha-type-v2\" ><div class=\"g-recaptcha\" data-sitekey=\"6LeuLnQsAAAAAK1nqYPFEfd56YZoLboVNM2I_GvP\"><\/div><input type=\"text\" name=\"g-recaptcha-hidden\" class=\"wpforms-recaptcha-hidden\" style=\"position:absolute!important;clip:rect(0,0,0,0)!important;height:1px!important;width:1px!important;border:0!important;overflow:hidden!important;padding:0!important;margin:0!important;\" data-rule-recaptcha=\"1\"><\/div><div class=\"wpforms-submit-container\" ><input type=\"hidden\" name=\"wpforms[id]\" value=\"147455\"><input type=\"hidden\" name=\"page_title\" value=\"\"><input type=\"hidden\" name=\"page_url\" value=\"https:\/\/arenatours.com\/it\/wp-json\/wp\/v2\/pages\/119866\"><input type=\"hidden\" name=\"url_referer\" value=\"\"><button type=\"submit\" name=\"wpforms[submit]\" id=\"wpforms-submit-147455\" class=\"wpforms-submit btn-envio btn button\" data-alt-text=\"Enviando...\" data-submit-text=\"Inviare\" aria-live=\"assertive\" value=\"wpforms-submit\">Inviare<\/button><\/div><\/form><\/div>  <!-- .wpforms-container -->\n<\/div><\/div>\n\n\n\n<p class=\"has-text-align-center has-small-font-size\">Questo sito \u00e8 protetto da reCAPTCHA applicando le <a href=\"https:\/\/policies.google.com\/privacy\" target=\"_blank\" rel=\"nofollow noopener noreferrer\">Privacy Policy<\/a> e <a href=\"https:\/\/policies.google.com\/terms\" target=\"_blank\" rel=\"nofollow noopener noreferrer\">Terms of Service<\/a> di Google.<br>In conformit\u00e0 con le disposizioni del Regolamento (UE) 2016\/679 sulla protezione dei dati personali e della Legge Organica 3\/2018 sulla protezione dei dati e la garanzia dei diritti digitali, VIAJES ARENA TOURS SL, con CIFB84916337, e indirizzo a PASEO DE LA CASTELLANA, 259 C, MADRID (28046), MADRID \u00e8 responsabile del trattamento dei vostri dati personali.<\/p>\n","protected":false},"excerpt":{"rendered":"<p>Ti chiamiamo! Questo servizio \u00e8 attivo solo per l&#8217;Italia, se ci contatti da un altro Paese saremo lieti di aiutarti tramite WhatsApp Questo sito \u00e8 protetto da reCAPTCHA applicando le Privacy Policy e Terms of Service di Google.In conformit\u00e0 con le disposizioni del Regolamento (UE) 2016\/679 sulla protezione dei dati personali e della Legge Organica &#8230; <a title=\"Ti chiamiamo\" class=\"read-more\" href=\"https:\/\/arenatours.com\/it\/ti-chiamiamo\/\" aria-label=\"Per saperne di pi\u00f9 su Ti chiamiamo\">Leggi tutto<\/a><\/p>\n","protected":false},"author":3,"featured_media":274206,"parent":0,"menu_order":100,"comment_status":"closed","ping_status":"closed","template":"","meta":{"_acf_changed":false,"footnotes":""},"class_list":["post-119866","page","type-page","status-publish","has-post-thumbnail"],"acf":[],"yoast_head":"<!-- This site is optimized with the Yoast SEO plugin v27.4 - https:\/\/yoast.com\/product\/yoast-seo-wordpress\/ -->\n<title>Arenatours Ti chiamiamo<\/title>\n<meta name=\"robots\" content=\"noindex, follow\" \/>\n<meta property=\"og:locale\" content=\"it_IT\" \/>\n<meta property=\"og:type\" content=\"article\" \/>\n<meta property=\"og:title\" content=\"Arenatours Ti chiamiamo\" \/>\n<meta property=\"og:description\" content=\"Ti chiamiamo! Questo servizio \u00e8 attivo solo per l&#8217;Italia, se ci contatti da un altro Paese saremo lieti di aiutarti tramite WhatsApp Questo sito \u00e8 protetto da reCAPTCHA applicando le Privacy Policy e Terms of Service di Google.In conformit\u00e0 con le disposizioni del Regolamento (UE) 2016\/679 sulla protezione dei dati personali e della Legge Organica ... Leggi tutto\" \/>\n<meta property=\"og:url\" content=\"https:\/\/arenatours.com\/it\/ti-chiamiamo\/\" \/>\n<meta property=\"og:site_name\" content=\"Arenatours IT\" \/>\n<meta property=\"article:publisher\" content=\"https:\/\/facebook.com\/arenatoursofficial\" \/>\n<meta property=\"article:modified_time\" content=\"2025-11-27T14:08:20+00:00\" \/>\n<meta property=\"og:image\" content=\"http:\/\/arenatours.com\/wp-content\/uploads\/2024\/02\/le-meridien-maldivas-8.webp\" \/>\n\t<meta property=\"og:image:width\" content=\"1180\" \/>\n\t<meta property=\"og:image:height\" content=\"596\" \/>\n\t<meta property=\"og:image:type\" content=\"image\/webp\" \/>\n<meta name=\"twitter:card\" content=\"summary_large_image\" \/>\n<meta name=\"twitter:site\" content=\"@arenatours\" \/>\n<meta name=\"twitter:label1\" content=\"Tempo di lettura stimato\" \/>\n\t<meta name=\"twitter:data1\" content=\"1 minuto\" \/>\n<script type=\"application\/ld+json\" class=\"yoast-schema-graph\">{\"@context\":\"https:\\\/\\\/schema.org\",\"@graph\":[{\"@type\":\"WebPage\",\"@id\":\"https:\\\/\\\/arenatours.com\\\/it\\\/ti-chiamiamo\\\/\",\"url\":\"https:\\\/\\\/arenatours.com\\\/it\\\/ti-chiamiamo\\\/\",\"name\":\"Arenatours Ti chiamiamo\",\"isPartOf\":{\"@id\":\"http:\\\/\\\/arenatours.com\\\/it\\\/#website\"},\"primaryImageOfPage\":{\"@id\":\"https:\\\/\\\/arenatours.com\\\/it\\\/ti-chiamiamo\\\/#primaryimage\"},\"image\":{\"@id\":\"https:\\\/\\\/arenatours.com\\\/it\\\/ti-chiamiamo\\\/#primaryimage\"},\"thumbnailUrl\":\"https:\\\/\\\/arenatours.com\\\/wp-content\\\/uploads\\\/2024\\\/02\\\/le-meridien-maldivas-8.webp\",\"datePublished\":\"2020-04-09T10:54:08+00:00\",\"dateModified\":\"2025-11-27T14:08:20+00:00\",\"breadcrumb\":{\"@id\":\"https:\\\/\\\/arenatours.com\\\/it\\\/ti-chiamiamo\\\/#breadcrumb\"},\"inLanguage\":\"it-IT\",\"potentialAction\":[{\"@type\":\"ReadAction\",\"target\":[\"https:\\\/\\\/arenatours.com\\\/it\\\/ti-chiamiamo\\\/\"]}]},{\"@type\":\"ImageObject\",\"inLanguage\":\"it-IT\",\"@id\":\"https:\\\/\\\/arenatours.com\\\/it\\\/ti-chiamiamo\\\/#primaryimage\",\"url\":\"https:\\\/\\\/arenatours.com\\\/wp-content\\\/uploads\\\/2024\\\/02\\\/le-meridien-maldivas-8.webp\",\"contentUrl\":\"https:\\\/\\\/arenatours.com\\\/wp-content\\\/uploads\\\/2024\\\/02\\\/le-meridien-maldivas-8.webp\",\"width\":1180,\"height\":596},{\"@type\":\"BreadcrumbList\",\"@id\":\"https:\\\/\\\/arenatours.com\\\/it\\\/ti-chiamiamo\\\/#breadcrumb\",\"itemListElement\":[{\"@type\":\"ListItem\",\"position\":1,\"name\":\"Portada\",\"item\":\"https:\\\/\\\/arenatours.com\\\/it\\\/\"},{\"@type\":\"ListItem\",\"position\":2,\"name\":\"Ti chiamiamo\"}]},{\"@type\":\"WebSite\",\"@id\":\"http:\\\/\\\/arenatours.com\\\/it\\\/#website\",\"url\":\"http:\\\/\\\/arenatours.com\\\/it\\\/\",\"name\":\"Arenatours\",\"description\":\"Specialisti in viaggi su misura alle Maldive e destinazioni esotiche\",\"publisher\":{\"@id\":\"http:\\\/\\\/arenatours.com\\\/it\\\/#organization\"},\"potentialAction\":[{\"@type\":\"SearchAction\",\"target\":{\"@type\":\"EntryPoint\",\"urlTemplate\":\"http:\\\/\\\/arenatours.com\\\/it\\\/?s={search_term_string}\"},\"query-input\":{\"@type\":\"PropertyValueSpecification\",\"valueRequired\":true,\"valueName\":\"search_term_string\"}}],\"inLanguage\":\"it-IT\"},{\"@type\":\"Organization\",\"@id\":\"http:\\\/\\\/arenatours.com\\\/it\\\/#organization\",\"name\":\"Arenatours\",\"url\":\"http:\\\/\\\/arenatours.com\\\/it\\\/\",\"logo\":{\"@type\":\"ImageObject\",\"inLanguage\":\"it-IT\",\"@id\":\"http:\\\/\\\/arenatours.com\\\/it\\\/#\\\/schema\\\/logo\\\/image\\\/\",\"url\":\"https:\\\/\\\/arenatours.com\\\/wp-content\\\/uploads\\\/2024\\\/12\\\/logo-arenatours-x-1-1.png\",\"contentUrl\":\"https:\\\/\\\/arenatours.com\\\/wp-content\\\/uploads\\\/2024\\\/12\\\/logo-arenatours-x-1-1.png\",\"width\":1200,\"height\":728,\"caption\":\"Arenatours\"},\"image\":{\"@id\":\"http:\\\/\\\/arenatours.com\\\/it\\\/#\\\/schema\\\/logo\\\/image\\\/\"},\"sameAs\":[\"https:\\\/\\\/facebook.com\\\/arenatoursofficial\",\"https:\\\/\\\/x.com\\\/arenatours\"]}]}<\/script>\n<!-- \/ Yoast SEO plugin. -->","yoast_head_json":{"title":"Arenatours Ti chiamiamo","robots":{"index":"noindex","follow":"follow"},"og_locale":"it_IT","og_type":"article","og_title":"Arenatours Ti chiamiamo","og_description":"Ti chiamiamo! Questo servizio \u00e8 attivo solo per l&#8217;Italia, se ci contatti da un altro Paese saremo lieti di aiutarti tramite WhatsApp Questo sito \u00e8 protetto da reCAPTCHA applicando le Privacy Policy e Terms of Service di Google.In conformit\u00e0 con le disposizioni del Regolamento (UE) 2016\/679 sulla protezione dei dati personali e della Legge Organica ... Leggi tutto","og_url":"https:\/\/arenatours.com\/it\/ti-chiamiamo\/","og_site_name":"Arenatours IT","article_publisher":"https:\/\/facebook.com\/arenatoursofficial","article_modified_time":"2025-11-27T14:08:20+00:00","og_image":[{"width":1180,"height":596,"url":"http:\/\/arenatours.com\/wp-content\/uploads\/2024\/02\/le-meridien-maldivas-8.webp","type":"image\/webp"}],"twitter_card":"summary_large_image","twitter_site":"@arenatours","twitter_misc":{"Tempo di lettura stimato":"1 minuto"},"schema":{"@context":"https:\/\/schema.org","@graph":[{"@type":"WebPage","@id":"https:\/\/arenatours.com\/it\/ti-chiamiamo\/","url":"https:\/\/arenatours.com\/it\/ti-chiamiamo\/","name":"Arenatours Ti chiamiamo","isPartOf":{"@id":"http:\/\/arenatours.com\/it\/#website"},"primaryImageOfPage":{"@id":"https:\/\/arenatours.com\/it\/ti-chiamiamo\/#primaryimage"},"image":{"@id":"https:\/\/arenatours.com\/it\/ti-chiamiamo\/#primaryimage"},"thumbnailUrl":"https:\/\/arenatours.com\/wp-content\/uploads\/2024\/02\/le-meridien-maldivas-8.webp","datePublished":"2020-04-09T10:54:08+00:00","dateModified":"2025-11-27T14:08:20+00:00","breadcrumb":{"@id":"https:\/\/arenatours.com\/it\/ti-chiamiamo\/#breadcrumb"},"inLanguage":"it-IT","potentialAction":[{"@type":"ReadAction","target":["https:\/\/arenatours.com\/it\/ti-chiamiamo\/"]}]},{"@type":"ImageObject","inLanguage":"it-IT","@id":"https:\/\/arenatours.com\/it\/ti-chiamiamo\/#primaryimage","url":"https:\/\/arenatours.com\/wp-content\/uploads\/2024\/02\/le-meridien-maldivas-8.webp","contentUrl":"https:\/\/arenatours.com\/wp-content\/uploads\/2024\/02\/le-meridien-maldivas-8.webp","width":1180,"height":596},{"@type":"BreadcrumbList","@id":"https:\/\/arenatours.com\/it\/ti-chiamiamo\/#breadcrumb","itemListElement":[{"@type":"ListItem","position":1,"name":"Portada","item":"https:\/\/arenatours.com\/it\/"},{"@type":"ListItem","position":2,"name":"Ti chiamiamo"}]},{"@type":"WebSite","@id":"http:\/\/arenatours.com\/it\/#website","url":"http:\/\/arenatours.com\/it\/","name":"Arenatours","description":"Specialisti in viaggi su misura alle Maldive e destinazioni esotiche","publisher":{"@id":"http:\/\/arenatours.com\/it\/#organization"},"potentialAction":[{"@type":"SearchAction","target":{"@type":"EntryPoint","urlTemplate":"http:\/\/arenatours.com\/it\/?s={search_term_string}"},"query-input":{"@type":"PropertyValueSpecification","valueRequired":true,"valueName":"search_term_string"}}],"inLanguage":"it-IT"},{"@type":"Organization","@id":"http:\/\/arenatours.com\/it\/#organization","name":"Arenatours","url":"http:\/\/arenatours.com\/it\/","logo":{"@type":"ImageObject","inLanguage":"it-IT","@id":"http:\/\/arenatours.com\/it\/#\/schema\/logo\/image\/","url":"https:\/\/arenatours.com\/wp-content\/uploads\/2024\/12\/logo-arenatours-x-1-1.png","contentUrl":"https:\/\/arenatours.com\/wp-content\/uploads\/2024\/12\/logo-arenatours-x-1-1.png","width":1200,"height":728,"caption":"Arenatours"},"image":{"@id":"http:\/\/arenatours.com\/it\/#\/schema\/logo\/image\/"},"sameAs":["https:\/\/facebook.com\/arenatoursofficial","https:\/\/x.com\/arenatours"]}]}},"_links":{"self":[{"href":"https:\/\/arenatours.com\/it\/wp-json\/wp\/v2\/pages\/119866","targetHints":{"allow":["GET"]}}],"collection":[{"href":"https:\/\/arenatours.com\/it\/wp-json\/wp\/v2\/pages"}],"about":[{"href":"https:\/\/arenatours.com\/it\/wp-json\/wp\/v2\/types\/page"}],"author":[{"embeddable":true,"href":"https:\/\/arenatours.com\/it\/wp-json\/wp\/v2\/users\/3"}],"replies":[{"embeddable":true,"href":"https:\/\/arenatours.com\/it\/wp-json\/wp\/v2\/comments?post=119866"}],"version-history":[{"count":4,"href":"https:\/\/arenatours.com\/it\/wp-json\/wp\/v2\/pages\/119866\/revisions"}],"predecessor-version":[{"id":329330,"href":"https:\/\/arenatours.com\/it\/wp-json\/wp\/v2\/pages\/119866\/revisions\/329330"}],"wp:featuredmedia":[{"embeddable":true,"href":"https:\/\/arenatours.com\/it\/wp-json\/wp\/v2\/media\/274206"}],"wp:attachment":[{"href":"https:\/\/arenatours.com\/it\/wp-json\/wp\/v2\/media?parent=119866"}],"curies":[{"name":"wp","href":"https:\/\/api.w.org\/{rel}","templated":true}]}}