{"id":87270,"date":"2016-08-11T15:27:54","date_gmt":"2016-08-11T13:27:54","guid":{"rendered":"https:\/\/prueba.arenatours.com\/?page_id=87270"},"modified":"2025-05-19T18:10:14","modified_gmt":"2025-05-19T16:10:14","slug":"politique-de-confidentialite","status":"publish","type":"page","link":"https:\/\/arenatours.com\/fr\/politique-de-confidentialite\/","title":{"rendered":"Politique de Confidentialit\u00e9"},"content":{"rendered":"\n<h1 class=\"h-borde wp-block-heading\">Politique de confidentialit\u00e9<\/h1>\n\n\n\n<p class=\"p1\">Notre objectif est de vous fournir un aper\u00e7u complet de toutes les informations que vous recherchez en ce qui concerne l\u2019utilisation de vos donn\u00e9es personnelles. Si vous manquez des informations ou si vous avez des questions, veuillez nous contacter.<\/p>\n\n\n\n<p class=\"p1\">Notre consultant en protection des donn\u00e9es Arjun est heureux de vous aider, booking@arenatours.com.<\/p>\n\n\n\n<h3 class=\"wp-block-heading\"><strong>Vos donn\u00e9es et Arenatours<\/strong><\/h3>\n\n\n\n<p class=\"p1\">Chez Arenatours, nous croyons que la transparence est la cl\u00e9 d\u2019une bonne gouvernance des donn\u00e9es. C\u2019est ce que nous nous effor\u00e7ons de nous r\u00e9aliser constamment, et ce que nous d\u00e9montrons par l\u2019exemple \u00e0 nos clients. Nous sommes soutenus dans cette id\u00e9e par le r\u00e8glement g\u00e9n\u00e9ral sur la protection des donn\u00e9es (GDPR), qui entrera en vigueur \u00e0 partir du 25 mai 2018. Le GDPR exige que les organisations fournissent un aper\u00e7u de leurs activit\u00e9s de traitement des donn\u00e9es. Cette page sert \u00e9galement \u00e0 d\u00e9montrer la conformit\u00e9 \u00e0 ces exigences.<\/p>\n\n\n\n<p class=\"p1\">Tout au long de cette page, nous ferons souvent r\u00e9f\u00e9rence \u00e0 des articles et des clauses du R\u00e8glement g\u00e9n\u00e9ral sur la protection des donn\u00e9es (GDPR). Le r\u00e8glement complet peut \u00eatre consult\u00e9 en format pdf <a href=\"https:\/\/ec.europa.eu\/info\/law\/law-topic\/data-protection_en\">via ce lien.<\/a><\/p>\n\n\n\n<h3 class=\"p1 wp-block-heading\"><strong>Nos coordonn\u00e9es<\/strong><\/h3>\n\n\n\n<p class=\"has-text-align-center p1 has-black-color has-white-background-color has-text-color has-background\">Rue profondrieux 27\n7190 (Ecaussinnes)\nLa Belgique\n+32 067 79 17 01<\/p>\n\n\n\n<h3 class=\"p1 wp-block-heading\"><strong>Cat\u00e9gories de donn\u00e9es personnelles<\/strong><\/h3>\n\n\n\n<p class=\"p1\">Lorsque vous concluez un contrat ou un contrat (de service) avec Arenatours S.L., laissez vos coordonn\u00e9es avec nous, soumettez des demandes ou communiquez avec nous, nous pouvons collecter et traiter les cat\u00e9gories d\u2019informations personnelles suivantes:<\/p>\n\n\n\n<ul class=\"wp-block-list\"><li class=\"p1\">Informations d\u2019identification uniques ou semi-uniques:<\/li><li class=\"p1\">Votre nom<\/li><li class=\"p1\">Votre sexe<\/li><li class=\"p1\">Votre adresse email<\/li><li class=\"p1\">Identifiants \u00e9lectroniques, tels que votre adresse IP<\/li><li class=\"p1\">Vos int\u00e9r\u00eats professionnels<\/li><li class=\"p1\">Communication et informations de contact:<\/li><li class=\"p1\">Adresse e-mail professionnelle<\/li><li class=\"p1\">Num\u00e9ro de t\u00e9l\u00e9phone de contact<\/li><li class=\"p1\">Pays de r\u00e9sidence<\/li><li class=\"p1\">Votre communication avec nous. Nous pouvons enregistrer toute information, question, offre ou demande que vous nous avez fournie.<\/li><\/ul>\n\n\n\n<p class=\"p1\">Nous ne traitons jamais de cat\u00e9gories particuli\u00e8res de donn\u00e9es personnelles (\u00ab donn\u00e9es personnelles sensibles \u00bb).<\/p>\n\n\n\n<h3 class=\"p1 wp-block-heading\"><strong>Buts du traitement<\/strong><\/h3>\n\n\n\n<p class=\"p1\">Par \u00abtraitement\u00bb, nous entendons par \u00abtoute op\u00e9ration\u00bb effectu\u00e9e sur des donn\u00e9es personnelles. Cela inclut, entre autres, la collecte, le stockage et la r\u00e9cup\u00e9ration de ces donn\u00e9es (article 4, paragraphe 2, de la GDPR).<\/p>\n\n\n\n<p class=\"p1\">Les objectifs du traitement peuvent inclure:<\/p>\n\n\n\n<p class=\"p1\">Pour g\u00e9rer ou ex\u00e9cuter un service que nous avons avec vous.<\/p>\n\n\n\n<h3 class=\"p1 wp-block-heading\"><strong>Destinataires de donn\u00e9es<\/strong><\/h3>\n\n\n\n<p class=\"p1\">Nous ne transmettons, distribuons ou vendons vos donn\u00e9es personnelles \u00e0 aucun tiers. Nous ne transf\u00e9rons pas vos donn\u00e9es personnelles dans un autre pays.<\/p>\n\n\n\n<h3 class=\"p1 wp-block-heading\"><strong>Droit d\u2019acc\u00e8s, de rectification et d\u2019effacement<\/strong><\/h3>\n\n\n\n<p class=\"p1\">Vous pouvez avoir le droit de demander une copie de vos donn\u00e9es personnelles ainsi que de rectifier, effacer ou restreindre l\u2019utilisation de celles-ci. Vous pouvez le faire en envoyant une demande par e-mail \u00e0 booking@arenatours.com.<\/p>\n\n\n\n<h3 class=\"p1 wp-block-heading\"><strong>Prise de d\u00e9cision automatique et profilage<\/strong><\/h3>\n\n\n\n<p class=\"p1\">Nous utilisons des techniques automatis\u00e9es pour r\u00e9pondre \u00e0 vos int\u00e9r\u00eats avec nos offres de services et de solutions. Ces techniques correspondent \u00e0 votre domaine professionnel avec des th\u00e8mes correspondants. Il y a une intervention humaine dans ces processus, et aucune prise de d\u00e9cision automatique n\u2019est utilis\u00e9e.<\/p>\n\n\n\n<h3 class=\"p1 wp-block-heading\"><strong>Demandes d\u2019informations<\/strong><\/h3>\n\n\n\n<p class=\"p1\">Si vous avez des demandes pour plus d\u2019informations concernant l\u2019utilisation de vos donn\u00e9es personnelles, y compris mais non exhaustives \u00e0 ce qui est mentionn\u00e9 ci-dessus, s\u2019il vous pla\u00eet contactez-nous. Vous pouvez le faire via les informations de contact en haut de cette page.<\/p>\n\n\n\n<p class=\"p1\">Arenatours S.L. se r\u00e9serve le droit de modifier sa politique de confidentialit\u00e9 des donn\u00e9es personnelles \u00e0 tout moment.<\/p>\n","protected":false},"excerpt":{"rendered":"<p>Politique de confidentialit\u00e9 Notre objectif est de vous fournir un aper\u00e7u complet de toutes les informations que vous recherchez en ce qui concerne l\u2019utilisation de vos donn\u00e9es personnelles. Si vous manquez des informations ou si vous avez des questions, veuillez nous contacter. Notre consultant en protection des donn\u00e9es Arjun est heureux de vous aider, booking@arenatours.com. &#8230; <a title=\"Politique de Confidentialit\u00e9\" class=\"read-more\" href=\"https:\/\/arenatours.com\/fr\/politique-de-confidentialite\/\" aria-label=\"En savoir plus sur Politique de Confidentialit\u00e9\">Lire la suite<\/a><\/p>\n","protected":false},"author":3,"featured_media":202258,"parent":0,"menu_order":0,"comment_status":"closed","ping_status":"closed","template":"","meta":{"_acf_changed":false,"footnotes":""},"class_list":["post-87270","page","type-page","status-publish","has-post-thumbnail"],"acf":[],"yoast_head":"<!-- This site is optimized with the Yoast SEO plugin v27.3 - https:\/\/yoast.com\/product\/yoast-seo-wordpress\/ -->\n<title>Arenatours Politique de Confidentialit\u00e9<\/title>\n<meta name=\"robots\" content=\"noindex, nofollow\" \/>\n<meta property=\"og:locale\" content=\"fr_FR\" \/>\n<meta property=\"og:type\" content=\"article\" \/>\n<meta property=\"og:title\" content=\"Arenatours Politique de Confidentialit\u00e9\" \/>\n<meta property=\"og:description\" content=\"Politique de confidentialit\u00e9 Notre objectif est de vous fournir un aper\u00e7u complet de toutes les informations que vous recherchez en ce qui concerne l\u2019utilisation de vos donn\u00e9es personnelles. Si vous manquez des informations ou si vous avez des questions, veuillez nous contacter. Notre consultant en protection des donn\u00e9es Arjun est heureux de vous aider, booking@arenatours.com. ... Lire la suite\" \/>\n<meta property=\"og:url\" content=\"https:\/\/arenatours.com\/fr\/politique-de-confidentialite\/\" \/>\n<meta property=\"og:site_name\" content=\"Arenatours FR\" \/>\n<meta property=\"article:publisher\" content=\"https:\/\/facebook.com\/arenatoursofficial\" \/>\n<meta property=\"article:modified_time\" content=\"2025-05-19T16:10:14+00:00\" \/>\n<meta property=\"og:image\" content=\"http:\/\/arenatours.com\/wp-content\/uploads\/2022\/11\/hp-slider-black-november-viaje-maldivas.jpg\" \/>\n\t<meta property=\"og:image:width\" content=\"1594\" \/>\n\t<meta property=\"og:image:height\" content=\"771\" \/>\n\t<meta property=\"og:image:type\" content=\"image\/jpeg\" \/>\n<meta name=\"twitter:card\" content=\"summary_large_image\" \/>\n<meta name=\"twitter:site\" content=\"@arenatours\" \/>\n<meta name=\"twitter:label1\" content=\"Dur\u00e9e de lecture estim\u00e9e\" \/>\n\t<meta name=\"twitter:data1\" content=\"3 minutes\" \/>\n<script type=\"application\/ld+json\" class=\"yoast-schema-graph\">{\"@context\":\"https:\\\/\\\/schema.org\",\"@graph\":[{\"@type\":\"WebPage\",\"@id\":\"https:\\\/\\\/arenatours.com\\\/fr\\\/politique-de-confidentialite\\\/\",\"url\":\"https:\\\/\\\/arenatours.com\\\/fr\\\/politique-de-confidentialite\\\/\",\"name\":\"Arenatours Politique de Confidentialit\u00e9\",\"isPartOf\":{\"@id\":\"http:\\\/\\\/arenatours.com\\\/fr\\\/#website\"},\"primaryImageOfPage\":{\"@id\":\"https:\\\/\\\/arenatours.com\\\/fr\\\/politique-de-confidentialite\\\/#primaryimage\"},\"image\":{\"@id\":\"https:\\\/\\\/arenatours.com\\\/fr\\\/politique-de-confidentialite\\\/#primaryimage\"},\"thumbnailUrl\":\"https:\\\/\\\/arenatours.com\\\/wp-content\\\/uploads\\\/2022\\\/11\\\/hp-slider-black-november-viaje-maldivas.jpg\",\"datePublished\":\"2016-08-11T13:27:54+00:00\",\"dateModified\":\"2025-05-19T16:10:14+00:00\",\"breadcrumb\":{\"@id\":\"https:\\\/\\\/arenatours.com\\\/fr\\\/politique-de-confidentialite\\\/#breadcrumb\"},\"inLanguage\":\"fr-FR\",\"potentialAction\":[{\"@type\":\"ReadAction\",\"target\":[\"https:\\\/\\\/arenatours.com\\\/fr\\\/politique-de-confidentialite\\\/\"]}]},{\"@type\":\"ImageObject\",\"inLanguage\":\"fr-FR\",\"@id\":\"https:\\\/\\\/arenatours.com\\\/fr\\\/politique-de-confidentialite\\\/#primaryimage\",\"url\":\"https:\\\/\\\/arenatours.com\\\/wp-content\\\/uploads\\\/2022\\\/11\\\/hp-slider-black-november-viaje-maldivas.jpg\",\"contentUrl\":\"https:\\\/\\\/arenatours.com\\\/wp-content\\\/uploads\\\/2022\\\/11\\\/hp-slider-black-november-viaje-maldivas.jpg\",\"width\":1594,\"height\":771,\"caption\":\"Hp Slider Black November Viaje Maldivas - arenatours.com\"},{\"@type\":\"BreadcrumbList\",\"@id\":\"https:\\\/\\\/arenatours.com\\\/fr\\\/politique-de-confidentialite\\\/#breadcrumb\",\"itemListElement\":[{\"@type\":\"ListItem\",\"position\":1,\"name\":\"Portada\",\"item\":\"https:\\\/\\\/arenatours.com\\\/fr\\\/\"},{\"@type\":\"ListItem\",\"position\":2,\"name\":\"Politique de Confidentialit\u00e9\"}]},{\"@type\":\"WebSite\",\"@id\":\"http:\\\/\\\/arenatours.com\\\/fr\\\/#website\",\"url\":\"http:\\\/\\\/arenatours.com\\\/fr\\\/\",\"name\":\"Arenatours\",\"description\":\"Sp\u00e9cialistes des voyages sur mesure aux Maldives et dans des destinations exotiques\",\"publisher\":{\"@id\":\"http:\\\/\\\/arenatours.com\\\/fr\\\/#organization\"},\"potentialAction\":[{\"@type\":\"SearchAction\",\"target\":{\"@type\":\"EntryPoint\",\"urlTemplate\":\"http:\\\/\\\/arenatours.com\\\/fr\\\/?s={search_term_string}\"},\"query-input\":{\"@type\":\"PropertyValueSpecification\",\"valueRequired\":true,\"valueName\":\"search_term_string\"}}],\"inLanguage\":\"fr-FR\"},{\"@type\":\"Organization\",\"@id\":\"http:\\\/\\\/arenatours.com\\\/fr\\\/#organization\",\"name\":\"Arenatours\",\"url\":\"http:\\\/\\\/arenatours.com\\\/fr\\\/\",\"logo\":{\"@type\":\"ImageObject\",\"inLanguage\":\"fr-FR\",\"@id\":\"http:\\\/\\\/arenatours.com\\\/fr\\\/#\\\/schema\\\/logo\\\/image\\\/\",\"url\":\"https:\\\/\\\/arenatours.com\\\/wp-content\\\/uploads\\\/2024\\\/12\\\/logo-arenatours-x-1-1.png\",\"contentUrl\":\"https:\\\/\\\/arenatours.com\\\/wp-content\\\/uploads\\\/2024\\\/12\\\/logo-arenatours-x-1-1.png\",\"width\":1200,\"height\":728,\"caption\":\"Arenatours\"},\"image\":{\"@id\":\"http:\\\/\\\/arenatours.com\\\/fr\\\/#\\\/schema\\\/logo\\\/image\\\/\"},\"sameAs\":[\"https:\\\/\\\/facebook.com\\\/arenatoursofficial\",\"https:\\\/\\\/x.com\\\/arenatours\"]}]}<\/script>\n<!-- \/ Yoast SEO plugin. -->","yoast_head_json":{"title":"Arenatours Politique de Confidentialit\u00e9","robots":{"index":"noindex","follow":"nofollow"},"og_locale":"fr_FR","og_type":"article","og_title":"Arenatours Politique de Confidentialit\u00e9","og_description":"Politique de confidentialit\u00e9 Notre objectif est de vous fournir un aper\u00e7u complet de toutes les informations que vous recherchez en ce qui concerne l\u2019utilisation de vos donn\u00e9es personnelles. Si vous manquez des informations ou si vous avez des questions, veuillez nous contacter. Notre consultant en protection des donn\u00e9es Arjun est heureux de vous aider, booking@arenatours.com. ... Lire la suite","og_url":"https:\/\/arenatours.com\/fr\/politique-de-confidentialite\/","og_site_name":"Arenatours FR","article_publisher":"https:\/\/facebook.com\/arenatoursofficial","article_modified_time":"2025-05-19T16:10:14+00:00","og_image":[{"width":1594,"height":771,"url":"http:\/\/arenatours.com\/wp-content\/uploads\/2022\/11\/hp-slider-black-november-viaje-maldivas.jpg","type":"image\/jpeg"}],"twitter_card":"summary_large_image","twitter_site":"@arenatours","twitter_misc":{"Dur\u00e9e de lecture estim\u00e9e":"3 minutes"},"schema":{"@context":"https:\/\/schema.org","@graph":[{"@type":"WebPage","@id":"https:\/\/arenatours.com\/fr\/politique-de-confidentialite\/","url":"https:\/\/arenatours.com\/fr\/politique-de-confidentialite\/","name":"Arenatours Politique de Confidentialit\u00e9","isPartOf":{"@id":"http:\/\/arenatours.com\/fr\/#website"},"primaryImageOfPage":{"@id":"https:\/\/arenatours.com\/fr\/politique-de-confidentialite\/#primaryimage"},"image":{"@id":"https:\/\/arenatours.com\/fr\/politique-de-confidentialite\/#primaryimage"},"thumbnailUrl":"https:\/\/arenatours.com\/wp-content\/uploads\/2022\/11\/hp-slider-black-november-viaje-maldivas.jpg","datePublished":"2016-08-11T13:27:54+00:00","dateModified":"2025-05-19T16:10:14+00:00","breadcrumb":{"@id":"https:\/\/arenatours.com\/fr\/politique-de-confidentialite\/#breadcrumb"},"inLanguage":"fr-FR","potentialAction":[{"@type":"ReadAction","target":["https:\/\/arenatours.com\/fr\/politique-de-confidentialite\/"]}]},{"@type":"ImageObject","inLanguage":"fr-FR","@id":"https:\/\/arenatours.com\/fr\/politique-de-confidentialite\/#primaryimage","url":"https:\/\/arenatours.com\/wp-content\/uploads\/2022\/11\/hp-slider-black-november-viaje-maldivas.jpg","contentUrl":"https:\/\/arenatours.com\/wp-content\/uploads\/2022\/11\/hp-slider-black-november-viaje-maldivas.jpg","width":1594,"height":771,"caption":"Hp Slider Black November Viaje Maldivas - arenatours.com"},{"@type":"BreadcrumbList","@id":"https:\/\/arenatours.com\/fr\/politique-de-confidentialite\/#breadcrumb","itemListElement":[{"@type":"ListItem","position":1,"name":"Portada","item":"https:\/\/arenatours.com\/fr\/"},{"@type":"ListItem","position":2,"name":"Politique de Confidentialit\u00e9"}]},{"@type":"WebSite","@id":"http:\/\/arenatours.com\/fr\/#website","url":"http:\/\/arenatours.com\/fr\/","name":"Arenatours","description":"Sp\u00e9cialistes des voyages sur mesure aux Maldives et dans des destinations exotiques","publisher":{"@id":"http:\/\/arenatours.com\/fr\/#organization"},"potentialAction":[{"@type":"SearchAction","target":{"@type":"EntryPoint","urlTemplate":"http:\/\/arenatours.com\/fr\/?s={search_term_string}"},"query-input":{"@type":"PropertyValueSpecification","valueRequired":true,"valueName":"search_term_string"}}],"inLanguage":"fr-FR"},{"@type":"Organization","@id":"http:\/\/arenatours.com\/fr\/#organization","name":"Arenatours","url":"http:\/\/arenatours.com\/fr\/","logo":{"@type":"ImageObject","inLanguage":"fr-FR","@id":"http:\/\/arenatours.com\/fr\/#\/schema\/logo\/image\/","url":"https:\/\/arenatours.com\/wp-content\/uploads\/2024\/12\/logo-arenatours-x-1-1.png","contentUrl":"https:\/\/arenatours.com\/wp-content\/uploads\/2024\/12\/logo-arenatours-x-1-1.png","width":1200,"height":728,"caption":"Arenatours"},"image":{"@id":"http:\/\/arenatours.com\/fr\/#\/schema\/logo\/image\/"},"sameAs":["https:\/\/facebook.com\/arenatoursofficial","https:\/\/x.com\/arenatours"]}]}},"_links":{"self":[{"href":"https:\/\/arenatours.com\/fr\/wp-json\/wp\/v2\/pages\/87270","targetHints":{"allow":["GET"]}}],"collection":[{"href":"https:\/\/arenatours.com\/fr\/wp-json\/wp\/v2\/pages"}],"about":[{"href":"https:\/\/arenatours.com\/fr\/wp-json\/wp\/v2\/types\/page"}],"author":[{"embeddable":true,"href":"https:\/\/arenatours.com\/fr\/wp-json\/wp\/v2\/users\/3"}],"replies":[{"embeddable":true,"href":"https:\/\/arenatours.com\/fr\/wp-json\/wp\/v2\/comments?post=87270"}],"version-history":[{"count":1,"href":"https:\/\/arenatours.com\/fr\/wp-json\/wp\/v2\/pages\/87270\/revisions"}],"predecessor-version":[{"id":357764,"href":"https:\/\/arenatours.com\/fr\/wp-json\/wp\/v2\/pages\/87270\/revisions\/357764"}],"wp:featuredmedia":[{"embeddable":true,"href":"https:\/\/arenatours.com\/fr\/wp-json\/wp\/v2\/media\/202258"}],"wp:attachment":[{"href":"https:\/\/arenatours.com\/fr\/wp-json\/wp\/v2\/media?parent=87270"}],"curies":[{"name":"wp","href":"https:\/\/api.w.org\/{rel}","templated":true}]}}