{"id":60946,"date":"2016-08-16T16:19:56","date_gmt":"2016-08-16T14:19:56","guid":{"rendered":"https:\/\/prueba.arenatours.com\/?page_id=60946\/"},"modified":"2025-05-19T18:22:09","modified_gmt":"2025-05-19T16:22:09","slug":"politique-de-cookies","status":"publish","type":"page","link":"https:\/\/arenatours.com\/fr\/politique-de-cookies\/","title":{"rendered":"Politique de cookies"},"content":{"rendered":"\n<h1 class=\"wp-block-heading h-borde\">Politique de cookies<\/h1>\n\n\n\n<p>Les cookies sont des fichiers de textes qui sont install\u00e9s dans le terminal de l\u2019utilisateur visiteur avec des informations sur la visite de la page. Si vous d\u00e9sirez obtenir de plus amples renseignements concernant les cookies, vous pouvez acc\u00e9der au lien suivant:&nbsp;<a href=\"https:\/\/www.aboutcookies.org\/\" target=\"_blank\" rel=\"noopener\">https:\/\/www.aboutcookies.org\/<\/a>.<\/p>\n\n\n\n<p>En r\u00e8gle g\u00e9n\u00e9rale, les navigateurs (Google Chrome, Mozilla Firefox, Internet Explorer, Safari\u2026)&nbsp; disposent de diverses options de param\u00e9trage concernant les cookies, qui permettent de r\u00e9gler diff\u00e9rents niveaux de confidentialit\u00e9, de sorte par exemple \u00e0 refuser tous les cookies que pourrait envoyer un site web comme celui-ci ou m\u00eame \u00e9liminer tous les cookies qui pourraient avoir \u00e9t\u00e9 gard\u00e9s. Pour modifier ces param\u00e8tres on peut demander l\u2019aide du fabricant correspondant ou consulter les documents aff\u00e9rents.<\/p>\n\n\n\n<p>Tenez compte du fait que si l\u2019utilisateur restreint ou bloque certain ou tous les cookies du pr\u00e9sent site Web, il est possible que certaines des fonctionnalit\u00e9s ou services offerts sur la page ne soient pas disponibles.<\/p>\n\n\n\n<p>Vous pouvez obtenir plus d&rsquo;informations sur les cookies, des informations sur la confidentialit\u00e9, ou consulter la description du type de cookies utilis\u00e9s, leurs principales caract\u00e9ristiques, leur p\u00e9riode d&rsquo;expiration, etc. sur le(s) lien(s) suivant(s) :<\/p>\n\n\n\n<p>Google : <a href=\"https:\/\/policies.google.com\/technologies\/partner-sites\" target=\"_blank\" rel=\"noreferrer noopener\">https:\/\/policies.google.com\/technologies\/partner-sites<\/a><\/p>\n\n\n\n<h4 class=\"wp-block-heading\"><strong>Donn\u00e9s d&rsquo;identification du titulaire<\/strong><\/h4>\n\n\n\n<p>Conform\u00e9ment aux dispositions de l\u2019article 10 de la Loi 34\/2002, du 11 juillet, sur les services de la soci\u00e9t\u00e9 de l\u2019information et du commerce \u00e9lectronique, nous informons l\u2019utilisateur que le titulaire du pr\u00e9sent Site Web est la compagnie commerciale Arenatours S.L., dont le si\u00e8ge est situ\u00e9 \u00e0 La Belgique,&nbsp;Rue profondrieux 27, 7190 (Ecaussinnes).<\/p>\n\n\n\n<h4 class=\"wp-block-heading\"><strong>Contact<\/strong><\/h4>\n\n\n\n<p>Pour toute question, vous pouvez contacter Arenatours S.L en t\u00e9l\u00e9phonant au +32 067 79 17 01 ou adresser votre demande \u00e0 l\u2019adresse de courrier \u00e9lectronique&nbsp;booking@arenatours.com.<\/p>\n\n\n\n<h4 class=\"wp-block-heading\"><strong>Protection des donn\u00e9es<\/strong><\/h4>\n\n\n\n<p>Au nom de l\u2019entreprise nous traitons toutes les informations que vous nous apportez dans le but de vous informer et vous offrir le service demand\u00e9. Les donn\u00e9es fournies seront conserv\u00e9es tant que durera la relation commerciale ou pendant les ann\u00e9es n\u00e9cessaires pour satisfaire aux exigences l\u00e9gales. Les donn\u00e9es ne seront pas c\u00e9d\u00e9es \u00e0 des tiers, sauf en cas d\u2019obligation l\u00e9gale.<\/p>\n\n\n\n<p>L\u2019utilisateur autorise le traitement automatis\u00e9 des donn\u00e9es personnelles fournies \u00e0 Arenatours S.L. dans le but de g\u00e9rer et am\u00e9liorer les services et produits propos\u00e9s par l\u2019entreprise&nbsp;:<\/p>\n\n\n\n<ul class=\"wp-block-list\">\n<li>Les informations sont utilis\u00e9es pour la correcte identification des utilisateurs qui demandent des produits et\/ou des informations \u00e0 Arenatours S.L., pour la r\u00e9alisation d\u2019\u00e9tudes statistiques, pour mettre en \u0153uvre des travaux \u00e9l\u00e9mentaires d\u2019administration ou pour communiquer des incidents.<\/li>\n\n\n\n<li>Les informations ne sont pas utilis\u00e9es pour des communications commerciales de Arenatours S.L.<\/li>\n<\/ul>\n\n\n\n<p>On comprendra que l\u2019utilisateur accepte les conditions \u00e9tablies s\u2019il clique sur le bouton \u00ab&nbsp;ENVOYER&nbsp;\u00bb qui se trouve dans les formulaires de collecte de donn\u00e9es.<\/p>\n\n\n\n<p>L\u2019utilisateur r\u00e9pond de la v\u00e9racit\u00e9 des donn\u00e9es fournies, Arenatours S.L. se r\u00e9servant le droit d\u2019exclure des services enregistr\u00e9s tout utilisateur qui aurait fourni de fausses donn\u00e9es, sous r\u00e9serve de tous autres droits.<\/p>\n\n\n\n<p>Conform\u00e9ment \u00e0 la r\u00e9glementation en vigueur sur la protection des donn\u00e9es \u00e0 caract\u00e8re personnel, vous avez le droit d\u2019obtenir confirmation du traitement de vos donn\u00e9es personnelles de la part de Arenatours S.L., ce pourquoi vous avez le droit d\u2019acc\u00e9der \u00e0 vos donn\u00e9es personnelles, de rectifier les donn\u00e9es inexactes ou demander leur suppression lorsque les donn\u00e9es ne seront plus n\u00e9cessaires.<\/p>\n","protected":false},"excerpt":{"rendered":"<p>Politique de cookies Les cookies sont des fichiers de textes qui sont install\u00e9s dans le terminal de l\u2019utilisateur visiteur avec des informations sur la visite de la page. Si vous d\u00e9sirez obtenir de plus amples renseignements concernant les cookies, vous pouvez acc\u00e9der au lien suivant:&nbsp;https:\/\/www.aboutcookies.org\/. En r\u00e8gle g\u00e9n\u00e9rale, les navigateurs (Google Chrome, Mozilla Firefox, Internet &#8230; <a title=\"Politique de cookies\" class=\"read-more\" href=\"https:\/\/arenatours.com\/fr\/politique-de-cookies\/\" aria-label=\"En savoir plus sur Politique de cookies\">Lire la suite<\/a><\/p>\n","protected":false},"author":3,"featured_media":119838,"parent":0,"menu_order":100,"comment_status":"closed","ping_status":"closed","template":"","meta":{"_acf_changed":false,"footnotes":""},"class_list":["post-60946","page","type-page","status-publish","has-post-thumbnail"],"acf":[],"yoast_head":"<!-- This site is optimized with the Yoast SEO plugin v27.3 - https:\/\/yoast.com\/product\/yoast-seo-wordpress\/ -->\n<title>Arenatours Politique de cookies<\/title>\n<meta name=\"robots\" content=\"noindex, nofollow\" \/>\n<meta property=\"og:locale\" content=\"fr_FR\" \/>\n<meta property=\"og:type\" content=\"article\" \/>\n<meta property=\"og:title\" content=\"Arenatours Politique de cookies\" \/>\n<meta property=\"og:description\" content=\"Politique de cookies Les cookies sont des fichiers de textes qui sont install\u00e9s dans le terminal de l\u2019utilisateur visiteur avec des informations sur la visite de la page. Si vous d\u00e9sirez obtenir de plus amples renseignements concernant les cookies, vous pouvez acc\u00e9der au lien suivant:&nbsp;https:\/\/www.aboutcookies.org\/. En r\u00e8gle g\u00e9n\u00e9rale, les navigateurs (Google Chrome, Mozilla Firefox, Internet ... Lire la suite\" \/>\n<meta property=\"og:url\" content=\"https:\/\/arenatours.com\/fr\/politique-de-cookies\/\" \/>\n<meta property=\"og:site_name\" content=\"Arenatours FR\" \/>\n<meta property=\"article:publisher\" content=\"https:\/\/facebook.com\/arenatoursofficial\" \/>\n<meta property=\"article:modified_time\" content=\"2025-05-19T16:22:09+00:00\" \/>\n<meta property=\"og:image\" content=\"http:\/\/arenatours.com\/wp-content\/uploads\/2020\/04\/viaje-maldivas-todo-incluido-oblu-select-slider-hp.jpg\" \/>\n\t<meta property=\"og:image:width\" content=\"1600\" \/>\n\t<meta property=\"og:image:height\" content=\"774\" \/>\n\t<meta property=\"og:image:type\" content=\"image\/jpeg\" \/>\n<meta name=\"twitter:card\" content=\"summary_large_image\" \/>\n<meta name=\"twitter:site\" content=\"@arenatours\" \/>\n<meta name=\"twitter:label1\" content=\"Dur\u00e9e de lecture estim\u00e9e\" \/>\n\t<meta name=\"twitter:data1\" content=\"3 minutes\" \/>\n<script type=\"application\/ld+json\" class=\"yoast-schema-graph\">{\"@context\":\"https:\\\/\\\/schema.org\",\"@graph\":[{\"@type\":\"WebPage\",\"@id\":\"https:\\\/\\\/arenatours.com\\\/fr\\\/politique-de-cookies\\\/\",\"url\":\"https:\\\/\\\/arenatours.com\\\/fr\\\/politique-de-cookies\\\/\",\"name\":\"Arenatours Politique de cookies\",\"isPartOf\":{\"@id\":\"http:\\\/\\\/arenatours.com\\\/fr\\\/#website\"},\"primaryImageOfPage\":{\"@id\":\"https:\\\/\\\/arenatours.com\\\/fr\\\/politique-de-cookies\\\/#primaryimage\"},\"image\":{\"@id\":\"https:\\\/\\\/arenatours.com\\\/fr\\\/politique-de-cookies\\\/#primaryimage\"},\"thumbnailUrl\":\"https:\\\/\\\/arenatours.com\\\/wp-content\\\/uploads\\\/2020\\\/04\\\/viaje-maldivas-todo-incluido-oblu-select-slider-hp.jpg\",\"datePublished\":\"2016-08-16T14:19:56+00:00\",\"dateModified\":\"2025-05-19T16:22:09+00:00\",\"breadcrumb\":{\"@id\":\"https:\\\/\\\/arenatours.com\\\/fr\\\/politique-de-cookies\\\/#breadcrumb\"},\"inLanguage\":\"fr-FR\",\"potentialAction\":[{\"@type\":\"ReadAction\",\"target\":[\"https:\\\/\\\/arenatours.com\\\/fr\\\/politique-de-cookies\\\/\"]}]},{\"@type\":\"ImageObject\",\"inLanguage\":\"fr-FR\",\"@id\":\"https:\\\/\\\/arenatours.com\\\/fr\\\/politique-de-cookies\\\/#primaryimage\",\"url\":\"https:\\\/\\\/arenatours.com\\\/wp-content\\\/uploads\\\/2020\\\/04\\\/viaje-maldivas-todo-incluido-oblu-select-slider-hp.jpg\",\"contentUrl\":\"https:\\\/\\\/arenatours.com\\\/wp-content\\\/uploads\\\/2020\\\/04\\\/viaje-maldivas-todo-incluido-oblu-select-slider-hp.jpg\",\"width\":1600,\"height\":774,\"caption\":\"viaje a Maldivas todo incluido en Oblu Select Sangeli\"},{\"@type\":\"BreadcrumbList\",\"@id\":\"https:\\\/\\\/arenatours.com\\\/fr\\\/politique-de-cookies\\\/#breadcrumb\",\"itemListElement\":[{\"@type\":\"ListItem\",\"position\":1,\"name\":\"Portada\",\"item\":\"https:\\\/\\\/arenatours.com\\\/fr\\\/\"},{\"@type\":\"ListItem\",\"position\":2,\"name\":\"Politique de cookies\"}]},{\"@type\":\"WebSite\",\"@id\":\"http:\\\/\\\/arenatours.com\\\/fr\\\/#website\",\"url\":\"http:\\\/\\\/arenatours.com\\\/fr\\\/\",\"name\":\"Arenatours\",\"description\":\"Sp\u00e9cialistes des voyages sur mesure aux Maldives et dans des destinations exotiques\",\"publisher\":{\"@id\":\"http:\\\/\\\/arenatours.com\\\/fr\\\/#organization\"},\"potentialAction\":[{\"@type\":\"SearchAction\",\"target\":{\"@type\":\"EntryPoint\",\"urlTemplate\":\"http:\\\/\\\/arenatours.com\\\/fr\\\/?s={search_term_string}\"},\"query-input\":{\"@type\":\"PropertyValueSpecification\",\"valueRequired\":true,\"valueName\":\"search_term_string\"}}],\"inLanguage\":\"fr-FR\"},{\"@type\":\"Organization\",\"@id\":\"http:\\\/\\\/arenatours.com\\\/fr\\\/#organization\",\"name\":\"Arenatours\",\"url\":\"http:\\\/\\\/arenatours.com\\\/fr\\\/\",\"logo\":{\"@type\":\"ImageObject\",\"inLanguage\":\"fr-FR\",\"@id\":\"http:\\\/\\\/arenatours.com\\\/fr\\\/#\\\/schema\\\/logo\\\/image\\\/\",\"url\":\"https:\\\/\\\/arenatours.com\\\/wp-content\\\/uploads\\\/2024\\\/12\\\/logo-arenatours-x-1-1.png\",\"contentUrl\":\"https:\\\/\\\/arenatours.com\\\/wp-content\\\/uploads\\\/2024\\\/12\\\/logo-arenatours-x-1-1.png\",\"width\":1200,\"height\":728,\"caption\":\"Arenatours\"},\"image\":{\"@id\":\"http:\\\/\\\/arenatours.com\\\/fr\\\/#\\\/schema\\\/logo\\\/image\\\/\"},\"sameAs\":[\"https:\\\/\\\/facebook.com\\\/arenatoursofficial\",\"https:\\\/\\\/x.com\\\/arenatours\"]}]}<\/script>\n<!-- \/ Yoast SEO plugin. -->","yoast_head_json":{"title":"Arenatours Politique de cookies","robots":{"index":"noindex","follow":"nofollow"},"og_locale":"fr_FR","og_type":"article","og_title":"Arenatours Politique de cookies","og_description":"Politique de cookies Les cookies sont des fichiers de textes qui sont install\u00e9s dans le terminal de l\u2019utilisateur visiteur avec des informations sur la visite de la page. Si vous d\u00e9sirez obtenir de plus amples renseignements concernant les cookies, vous pouvez acc\u00e9der au lien suivant:&nbsp;https:\/\/www.aboutcookies.org\/. En r\u00e8gle g\u00e9n\u00e9rale, les navigateurs (Google Chrome, Mozilla Firefox, Internet ... Lire la suite","og_url":"https:\/\/arenatours.com\/fr\/politique-de-cookies\/","og_site_name":"Arenatours FR","article_publisher":"https:\/\/facebook.com\/arenatoursofficial","article_modified_time":"2025-05-19T16:22:09+00:00","og_image":[{"width":1600,"height":774,"url":"http:\/\/arenatours.com\/wp-content\/uploads\/2020\/04\/viaje-maldivas-todo-incluido-oblu-select-slider-hp.jpg","type":"image\/jpeg"}],"twitter_card":"summary_large_image","twitter_site":"@arenatours","twitter_misc":{"Dur\u00e9e de lecture estim\u00e9e":"3 minutes"},"schema":{"@context":"https:\/\/schema.org","@graph":[{"@type":"WebPage","@id":"https:\/\/arenatours.com\/fr\/politique-de-cookies\/","url":"https:\/\/arenatours.com\/fr\/politique-de-cookies\/","name":"Arenatours Politique de cookies","isPartOf":{"@id":"http:\/\/arenatours.com\/fr\/#website"},"primaryImageOfPage":{"@id":"https:\/\/arenatours.com\/fr\/politique-de-cookies\/#primaryimage"},"image":{"@id":"https:\/\/arenatours.com\/fr\/politique-de-cookies\/#primaryimage"},"thumbnailUrl":"https:\/\/arenatours.com\/wp-content\/uploads\/2020\/04\/viaje-maldivas-todo-incluido-oblu-select-slider-hp.jpg","datePublished":"2016-08-16T14:19:56+00:00","dateModified":"2025-05-19T16:22:09+00:00","breadcrumb":{"@id":"https:\/\/arenatours.com\/fr\/politique-de-cookies\/#breadcrumb"},"inLanguage":"fr-FR","potentialAction":[{"@type":"ReadAction","target":["https:\/\/arenatours.com\/fr\/politique-de-cookies\/"]}]},{"@type":"ImageObject","inLanguage":"fr-FR","@id":"https:\/\/arenatours.com\/fr\/politique-de-cookies\/#primaryimage","url":"https:\/\/arenatours.com\/wp-content\/uploads\/2020\/04\/viaje-maldivas-todo-incluido-oblu-select-slider-hp.jpg","contentUrl":"https:\/\/arenatours.com\/wp-content\/uploads\/2020\/04\/viaje-maldivas-todo-incluido-oblu-select-slider-hp.jpg","width":1600,"height":774,"caption":"viaje a Maldivas todo incluido en Oblu Select Sangeli"},{"@type":"BreadcrumbList","@id":"https:\/\/arenatours.com\/fr\/politique-de-cookies\/#breadcrumb","itemListElement":[{"@type":"ListItem","position":1,"name":"Portada","item":"https:\/\/arenatours.com\/fr\/"},{"@type":"ListItem","position":2,"name":"Politique de cookies"}]},{"@type":"WebSite","@id":"http:\/\/arenatours.com\/fr\/#website","url":"http:\/\/arenatours.com\/fr\/","name":"Arenatours","description":"Sp\u00e9cialistes des voyages sur mesure aux Maldives et dans des destinations exotiques","publisher":{"@id":"http:\/\/arenatours.com\/fr\/#organization"},"potentialAction":[{"@type":"SearchAction","target":{"@type":"EntryPoint","urlTemplate":"http:\/\/arenatours.com\/fr\/?s={search_term_string}"},"query-input":{"@type":"PropertyValueSpecification","valueRequired":true,"valueName":"search_term_string"}}],"inLanguage":"fr-FR"},{"@type":"Organization","@id":"http:\/\/arenatours.com\/fr\/#organization","name":"Arenatours","url":"http:\/\/arenatours.com\/fr\/","logo":{"@type":"ImageObject","inLanguage":"fr-FR","@id":"http:\/\/arenatours.com\/fr\/#\/schema\/logo\/image\/","url":"https:\/\/arenatours.com\/wp-content\/uploads\/2024\/12\/logo-arenatours-x-1-1.png","contentUrl":"https:\/\/arenatours.com\/wp-content\/uploads\/2024\/12\/logo-arenatours-x-1-1.png","width":1200,"height":728,"caption":"Arenatours"},"image":{"@id":"http:\/\/arenatours.com\/fr\/#\/schema\/logo\/image\/"},"sameAs":["https:\/\/facebook.com\/arenatoursofficial","https:\/\/x.com\/arenatours"]}]}},"_links":{"self":[{"href":"https:\/\/arenatours.com\/fr\/wp-json\/wp\/v2\/pages\/60946","targetHints":{"allow":["GET"]}}],"collection":[{"href":"https:\/\/arenatours.com\/fr\/wp-json\/wp\/v2\/pages"}],"about":[{"href":"https:\/\/arenatours.com\/fr\/wp-json\/wp\/v2\/types\/page"}],"author":[{"embeddable":true,"href":"https:\/\/arenatours.com\/fr\/wp-json\/wp\/v2\/users\/3"}],"replies":[{"embeddable":true,"href":"https:\/\/arenatours.com\/fr\/wp-json\/wp\/v2\/comments?post=60946"}],"version-history":[{"count":2,"href":"https:\/\/arenatours.com\/fr\/wp-json\/wp\/v2\/pages\/60946\/revisions"}],"predecessor-version":[{"id":329324,"href":"https:\/\/arenatours.com\/fr\/wp-json\/wp\/v2\/pages\/60946\/revisions\/329324"}],"wp:featuredmedia":[{"embeddable":true,"href":"https:\/\/arenatours.com\/fr\/wp-json\/wp\/v2\/media\/119838"}],"wp:attachment":[{"href":"https:\/\/arenatours.com\/fr\/wp-json\/wp\/v2\/media?parent=60946"}],"curies":[{"name":"wp","href":"https:\/\/api.w.org\/{rel}","templated":true}]}}