{"id":362129,"date":"2025-05-22T18:32:03","date_gmt":"2025-05-22T16:32:03","guid":{"rendered":"https:\/\/arenatours.com\/?page_id=362129"},"modified":"2025-07-18T15:08:21","modified_gmt":"2025-07-18T13:08:21","slug":"croisiere-plongee-aux-maldives","status":"publish","type":"page","link":"https:\/\/arenatours.com\/fr\/voyage-aux-maldives\/hotel-maldives\/croisiere-plongee-aux-maldives\/","title":{"rendered":"Croisi\u00e8re Plong\u00e9e aux Maldives"},"content":{"rendered":"","protected":false},"excerpt":{"rendered":"","protected":false},"author":22,"featured_media":300102,"parent":361401,"menu_order":0,"comment_status":"closed","ping_status":"closed","template":"","meta":{"_acf_changed":false,"footnotes":""},"class_list":["post-362129","page","type-page","status-publish","has-post-thumbnail"],"acf":[],"yoast_head":"<!-- This site is optimized with the Yoast SEO plugin v27.4 - https:\/\/yoast.com\/product\/yoast-seo-wordpress\/ -->\n<title>Croisi\u00e8re Plong\u00e9e aux Maldives et Surf<\/title>\n<meta name=\"description\" content=\"Explorez les Maldives lors d\u2019une croisi\u00e8re exclusive. Nos embarcations s\u00e9lectionn\u00e9es par Arenatours sont id\u00e9ales pour les amateurs de plong\u00e9e et de surf.\" \/>\n<meta name=\"robots\" content=\"index, follow, max-snippet:-1, max-image-preview:large, max-video-preview:-1\" \/>\n<link rel=\"canonical\" href=\"https:\/\/arenatours.com\/fr\/voyage-aux-maldives\/hotel-maldives\/croisiere-plongee-aux-maldives\/\" \/>\n<meta property=\"og:locale\" content=\"fr_FR\" \/>\n<meta property=\"og:type\" content=\"article\" \/>\n<meta property=\"og:title\" content=\"Croisi\u00e8re Plong\u00e9e aux Maldives et Surf\" \/>\n<meta property=\"og:description\" content=\"Explorez les Maldives lors d\u2019une croisi\u00e8re exclusive. Nos embarcations s\u00e9lectionn\u00e9es par Arenatours sont id\u00e9ales pour les amateurs de plong\u00e9e et de surf.\" \/>\n<meta property=\"og:url\" content=\"https:\/\/arenatours.com\/fr\/voyage-aux-maldives\/hotel-maldives\/croisiere-plongee-aux-maldives\/\" \/>\n<meta property=\"og:site_name\" content=\"Arenatours FR\" \/>\n<meta property=\"article:publisher\" content=\"https:\/\/facebook.com\/arenatoursofficial\" \/>\n<meta property=\"article:modified_time\" content=\"2025-07-18T13:08:21+00:00\" \/>\n<meta property=\"og:image\" content=\"http:\/\/arenatours.com\/wp-content\/uploads\/maldives\/scubaspa-ying-yang-yacht\/scubaspa-ying-yang-yacht-14.jpeg\" \/>\n\t<meta property=\"og:image:width\" content=\"1180\" \/>\n\t<meta property=\"og:image:height\" content=\"596\" \/>\n\t<meta property=\"og:image:type\" content=\"image\/jpeg\" \/>\n<meta name=\"twitter:card\" content=\"summary_large_image\" \/>\n<meta name=\"twitter:site\" content=\"@arenatours\" \/>\n<meta name=\"twitter:label1\" content=\"Dur\u00e9e de lecture estim\u00e9e\" \/>\n\t<meta name=\"twitter:data1\" content=\"3 minutes\" \/>\n<script type=\"application\/ld+json\" class=\"yoast-schema-graph\">{\"@context\":\"https:\\\/\\\/schema.org\",\"@graph\":[{\"@type\":\"WebPage\",\"@id\":\"https:\\\/\\\/arenatours.com\\\/fr\\\/voyage-aux-maldives\\\/hotel-maldives\\\/croisiere-plongee-aux-maldives\\\/\",\"url\":\"https:\\\/\\\/arenatours.com\\\/fr\\\/voyage-aux-maldives\\\/hotel-maldives\\\/croisiere-plongee-aux-maldives\\\/\",\"name\":\"Croisi\u00e8re Plong\u00e9e aux Maldives et Surf\",\"isPartOf\":{\"@id\":\"http:\\\/\\\/arenatours.com\\\/fr\\\/#website\"},\"primaryImageOfPage\":{\"@id\":\"https:\\\/\\\/arenatours.com\\\/fr\\\/voyage-aux-maldives\\\/hotel-maldives\\\/croisiere-plongee-aux-maldives\\\/#primaryimage\"},\"image\":{\"@id\":\"https:\\\/\\\/arenatours.com\\\/fr\\\/voyage-aux-maldives\\\/hotel-maldives\\\/croisiere-plongee-aux-maldives\\\/#primaryimage\"},\"thumbnailUrl\":\"https:\\\/\\\/arenatours.com\\\/wp-content\\\/uploads\\\/maldives\\\/scubaspa-ying-yang-yacht\\\/scubaspa-ying-yang-yacht-14.jpeg\",\"datePublished\":\"2025-05-22T16:32:03+00:00\",\"dateModified\":\"2025-07-18T13:08:21+00:00\",\"description\":\"Explorez les Maldives lors d\u2019une croisi\u00e8re exclusive. Nos embarcations s\u00e9lectionn\u00e9es par Arenatours sont id\u00e9ales pour les amateurs de plong\u00e9e et de surf.\",\"breadcrumb\":{\"@id\":\"https:\\\/\\\/arenatours.com\\\/fr\\\/voyage-aux-maldives\\\/hotel-maldives\\\/croisiere-plongee-aux-maldives\\\/#breadcrumb\"},\"inLanguage\":\"fr-FR\",\"potentialAction\":[{\"@type\":\"ReadAction\",\"target\":[\"https:\\\/\\\/arenatours.com\\\/fr\\\/voyage-aux-maldives\\\/hotel-maldives\\\/croisiere-plongee-aux-maldives\\\/\"]}]},{\"@type\":\"ImageObject\",\"inLanguage\":\"fr-FR\",\"@id\":\"https:\\\/\\\/arenatours.com\\\/fr\\\/voyage-aux-maldives\\\/hotel-maldives\\\/croisiere-plongee-aux-maldives\\\/#primaryimage\",\"url\":\"https:\\\/\\\/arenatours.com\\\/wp-content\\\/uploads\\\/maldives\\\/scubaspa-ying-yang-yacht\\\/scubaspa-ying-yang-yacht-14.jpeg\",\"contentUrl\":\"https:\\\/\\\/arenatours.com\\\/wp-content\\\/uploads\\\/maldives\\\/scubaspa-ying-yang-yacht\\\/scubaspa-ying-yang-yacht-14.jpeg\",\"width\":1180,\"height\":596},{\"@type\":\"BreadcrumbList\",\"@id\":\"https:\\\/\\\/arenatours.com\\\/fr\\\/voyage-aux-maldives\\\/hotel-maldives\\\/croisiere-plongee-aux-maldives\\\/#breadcrumb\",\"itemListElement\":[{\"@type\":\"ListItem\",\"position\":1,\"name\":\"Portada\",\"item\":\"https:\\\/\\\/arenatours.com\\\/fr\\\/\"},{\"@type\":\"ListItem\",\"position\":2,\"name\":\"Maldives\",\"item\":\"https:\\\/\\\/arenatours.com\\\/fr\\\/voyage-aux-maldives\\\/\"},{\"@type\":\"ListItem\",\"position\":3,\"name\":\"H\u00f4tel Maldives\",\"item\":\"https:\\\/\\\/arenatours.com\\\/fr\\\/voyage-aux-maldives\\\/hotel-maldives\\\/\"},{\"@type\":\"ListItem\",\"position\":4,\"name\":\"Croisi\u00e8re Plong\u00e9e aux Maldives\"}]},{\"@type\":\"WebSite\",\"@id\":\"http:\\\/\\\/arenatours.com\\\/fr\\\/#website\",\"url\":\"http:\\\/\\\/arenatours.com\\\/fr\\\/\",\"name\":\"Arenatours\",\"description\":\"Sp\u00e9cialistes des voyages sur mesure aux Maldives et dans des destinations exotiques\",\"publisher\":{\"@id\":\"http:\\\/\\\/arenatours.com\\\/fr\\\/#organization\"},\"potentialAction\":[{\"@type\":\"SearchAction\",\"target\":{\"@type\":\"EntryPoint\",\"urlTemplate\":\"http:\\\/\\\/arenatours.com\\\/fr\\\/?s={search_term_string}\"},\"query-input\":{\"@type\":\"PropertyValueSpecification\",\"valueRequired\":true,\"valueName\":\"search_term_string\"}}],\"inLanguage\":\"fr-FR\"},{\"@type\":\"Organization\",\"@id\":\"http:\\\/\\\/arenatours.com\\\/fr\\\/#organization\",\"name\":\"Arenatours\",\"url\":\"http:\\\/\\\/arenatours.com\\\/fr\\\/\",\"logo\":{\"@type\":\"ImageObject\",\"inLanguage\":\"fr-FR\",\"@id\":\"http:\\\/\\\/arenatours.com\\\/fr\\\/#\\\/schema\\\/logo\\\/image\\\/\",\"url\":\"https:\\\/\\\/arenatours.com\\\/wp-content\\\/uploads\\\/2024\\\/12\\\/logo-arenatours-x-1-1.png\",\"contentUrl\":\"https:\\\/\\\/arenatours.com\\\/wp-content\\\/uploads\\\/2024\\\/12\\\/logo-arenatours-x-1-1.png\",\"width\":1200,\"height\":728,\"caption\":\"Arenatours\"},\"image\":{\"@id\":\"http:\\\/\\\/arenatours.com\\\/fr\\\/#\\\/schema\\\/logo\\\/image\\\/\"},\"sameAs\":[\"https:\\\/\\\/facebook.com\\\/arenatoursofficial\",\"https:\\\/\\\/x.com\\\/arenatours\"]}]}<\/script>\n<!-- \/ Yoast SEO plugin. -->","yoast_head_json":{"title":"Croisi\u00e8re Plong\u00e9e aux Maldives et Surf","description":"Explorez les Maldives lors d\u2019une croisi\u00e8re exclusive. Nos embarcations s\u00e9lectionn\u00e9es par Arenatours sont id\u00e9ales pour les amateurs de plong\u00e9e et de surf.","robots":{"index":"index","follow":"follow","max-snippet":"max-snippet:-1","max-image-preview":"max-image-preview:large","max-video-preview":"max-video-preview:-1"},"canonical":"https:\/\/arenatours.com\/fr\/voyage-aux-maldives\/hotel-maldives\/croisiere-plongee-aux-maldives\/","og_locale":"fr_FR","og_type":"article","og_title":"Croisi\u00e8re Plong\u00e9e aux Maldives et Surf","og_description":"Explorez les Maldives lors d\u2019une croisi\u00e8re exclusive. Nos embarcations s\u00e9lectionn\u00e9es par Arenatours sont id\u00e9ales pour les amateurs de plong\u00e9e et de surf.","og_url":"https:\/\/arenatours.com\/fr\/voyage-aux-maldives\/hotel-maldives\/croisiere-plongee-aux-maldives\/","og_site_name":"Arenatours FR","article_publisher":"https:\/\/facebook.com\/arenatoursofficial","article_modified_time":"2025-07-18T13:08:21+00:00","og_image":[{"width":1180,"height":596,"url":"http:\/\/arenatours.com\/wp-content\/uploads\/maldives\/scubaspa-ying-yang-yacht\/scubaspa-ying-yang-yacht-14.jpeg","type":"image\/jpeg"}],"twitter_card":"summary_large_image","twitter_site":"@arenatours","twitter_misc":{"Dur\u00e9e de lecture estim\u00e9e":"3 minutes"},"schema":{"@context":"https:\/\/schema.org","@graph":[{"@type":"WebPage","@id":"https:\/\/arenatours.com\/fr\/voyage-aux-maldives\/hotel-maldives\/croisiere-plongee-aux-maldives\/","url":"https:\/\/arenatours.com\/fr\/voyage-aux-maldives\/hotel-maldives\/croisiere-plongee-aux-maldives\/","name":"Croisi\u00e8re Plong\u00e9e aux Maldives et Surf","isPartOf":{"@id":"http:\/\/arenatours.com\/fr\/#website"},"primaryImageOfPage":{"@id":"https:\/\/arenatours.com\/fr\/voyage-aux-maldives\/hotel-maldives\/croisiere-plongee-aux-maldives\/#primaryimage"},"image":{"@id":"https:\/\/arenatours.com\/fr\/voyage-aux-maldives\/hotel-maldives\/croisiere-plongee-aux-maldives\/#primaryimage"},"thumbnailUrl":"https:\/\/arenatours.com\/wp-content\/uploads\/maldives\/scubaspa-ying-yang-yacht\/scubaspa-ying-yang-yacht-14.jpeg","datePublished":"2025-05-22T16:32:03+00:00","dateModified":"2025-07-18T13:08:21+00:00","description":"Explorez les Maldives lors d\u2019une croisi\u00e8re exclusive. Nos embarcations s\u00e9lectionn\u00e9es par Arenatours sont id\u00e9ales pour les amateurs de plong\u00e9e et de surf.","breadcrumb":{"@id":"https:\/\/arenatours.com\/fr\/voyage-aux-maldives\/hotel-maldives\/croisiere-plongee-aux-maldives\/#breadcrumb"},"inLanguage":"fr-FR","potentialAction":[{"@type":"ReadAction","target":["https:\/\/arenatours.com\/fr\/voyage-aux-maldives\/hotel-maldives\/croisiere-plongee-aux-maldives\/"]}]},{"@type":"ImageObject","inLanguage":"fr-FR","@id":"https:\/\/arenatours.com\/fr\/voyage-aux-maldives\/hotel-maldives\/croisiere-plongee-aux-maldives\/#primaryimage","url":"https:\/\/arenatours.com\/wp-content\/uploads\/maldives\/scubaspa-ying-yang-yacht\/scubaspa-ying-yang-yacht-14.jpeg","contentUrl":"https:\/\/arenatours.com\/wp-content\/uploads\/maldives\/scubaspa-ying-yang-yacht\/scubaspa-ying-yang-yacht-14.jpeg","width":1180,"height":596},{"@type":"BreadcrumbList","@id":"https:\/\/arenatours.com\/fr\/voyage-aux-maldives\/hotel-maldives\/croisiere-plongee-aux-maldives\/#breadcrumb","itemListElement":[{"@type":"ListItem","position":1,"name":"Portada","item":"https:\/\/arenatours.com\/fr\/"},{"@type":"ListItem","position":2,"name":"Maldives","item":"https:\/\/arenatours.com\/fr\/voyage-aux-maldives\/"},{"@type":"ListItem","position":3,"name":"H\u00f4tel Maldives","item":"https:\/\/arenatours.com\/fr\/voyage-aux-maldives\/hotel-maldives\/"},{"@type":"ListItem","position":4,"name":"Croisi\u00e8re Plong\u00e9e aux Maldives"}]},{"@type":"WebSite","@id":"http:\/\/arenatours.com\/fr\/#website","url":"http:\/\/arenatours.com\/fr\/","name":"Arenatours","description":"Sp\u00e9cialistes des voyages sur mesure aux Maldives et dans des destinations exotiques","publisher":{"@id":"http:\/\/arenatours.com\/fr\/#organization"},"potentialAction":[{"@type":"SearchAction","target":{"@type":"EntryPoint","urlTemplate":"http:\/\/arenatours.com\/fr\/?s={search_term_string}"},"query-input":{"@type":"PropertyValueSpecification","valueRequired":true,"valueName":"search_term_string"}}],"inLanguage":"fr-FR"},{"@type":"Organization","@id":"http:\/\/arenatours.com\/fr\/#organization","name":"Arenatours","url":"http:\/\/arenatours.com\/fr\/","logo":{"@type":"ImageObject","inLanguage":"fr-FR","@id":"http:\/\/arenatours.com\/fr\/#\/schema\/logo\/image\/","url":"https:\/\/arenatours.com\/wp-content\/uploads\/2024\/12\/logo-arenatours-x-1-1.png","contentUrl":"https:\/\/arenatours.com\/wp-content\/uploads\/2024\/12\/logo-arenatours-x-1-1.png","width":1200,"height":728,"caption":"Arenatours"},"image":{"@id":"http:\/\/arenatours.com\/fr\/#\/schema\/logo\/image\/"},"sameAs":["https:\/\/facebook.com\/arenatoursofficial","https:\/\/x.com\/arenatours"]}]}},"_links":{"self":[{"href":"https:\/\/arenatours.com\/fr\/wp-json\/wp\/v2\/pages\/362129","targetHints":{"allow":["GET"]}}],"collection":[{"href":"https:\/\/arenatours.com\/fr\/wp-json\/wp\/v2\/pages"}],"about":[{"href":"https:\/\/arenatours.com\/fr\/wp-json\/wp\/v2\/types\/page"}],"author":[{"embeddable":true,"href":"https:\/\/arenatours.com\/fr\/wp-json\/wp\/v2\/users\/22"}],"replies":[{"embeddable":true,"href":"https:\/\/arenatours.com\/fr\/wp-json\/wp\/v2\/comments?post=362129"}],"version-history":[{"count":2,"href":"https:\/\/arenatours.com\/fr\/wp-json\/wp\/v2\/pages\/362129\/revisions"}],"predecessor-version":[{"id":362132,"href":"https:\/\/arenatours.com\/fr\/wp-json\/wp\/v2\/pages\/362129\/revisions\/362132"}],"up":[{"embeddable":true,"href":"https:\/\/arenatours.com\/fr\/wp-json\/wp\/v2\/pages\/361401"}],"wp:featuredmedia":[{"embeddable":true,"href":"https:\/\/arenatours.com\/fr\/wp-json\/wp\/v2\/media\/300102"}],"wp:attachment":[{"href":"https:\/\/arenatours.com\/fr\/wp-json\/wp\/v2\/media?parent=362129"}],"curies":[{"name":"wp","href":"https:\/\/api.w.org\/{rel}","templated":true}]}}