{"id":281041,"date":"2024-02-21T11:51:38","date_gmt":"2024-02-21T10:51:38","guid":{"rendered":"https:\/\/qa.arenatours.com\/?page_id=281041"},"modified":"2026-01-02T13:14:18","modified_gmt":"2026-01-02T12:14:18","slug":"voyage-qatar","status":"publish","type":"page","link":"https:\/\/arenatours.com\/fr\/voyage-qatar\/","title":{"rendered":"Qatar"},"content":{"rendered":"","protected":false},"excerpt":{"rendered":"","protected":false},"author":3,"featured_media":277591,"parent":0,"menu_order":8,"comment_status":"closed","ping_status":"closed","template":"","meta":{"_acf_changed":false,"footnotes":""},"class_list":["post-281041","page","type-page","status-publish","has-post-thumbnail"],"acf":[],"yoast_head":"<!-- This site is optimized with the Yoast SEO plugin v27.3 - https:\/\/yoast.com\/product\/yoast-seo-wordpress\/ -->\n<title>Voyages au Qatar - Visitez Doha et son incroyable d\u00e9sert<\/title>\n<meta name=\"description\" content=\"Cr\u00e9ez votre voyage au Qatar sur mesure avec nos conseillers sp\u00e9cialis\u00e9s \u2b50 Itin\u00e9raires personnalis\u00e9s \u2b50 Doha, le luxe entre les dunes\" \/>\n<meta name=\"robots\" content=\"index, follow, max-snippet:-1, max-image-preview:large, max-video-preview:-1\" \/>\n<link rel=\"canonical\" href=\"https:\/\/arenatours.com\/fr\/voyage-qatar\/\" \/>\n<meta property=\"og:locale\" content=\"fr_FR\" \/>\n<meta property=\"og:type\" content=\"article\" \/>\n<meta property=\"og:title\" content=\"Voyages au Qatar - Visitez Doha et son incroyable d\u00e9sert\" \/>\n<meta property=\"og:description\" content=\"Cr\u00e9ez votre voyage au Qatar sur mesure avec nos conseillers sp\u00e9cialis\u00e9s \u2b50 Itin\u00e9raires personnalis\u00e9s \u2b50 Doha, le luxe entre les dunes\" \/>\n<meta property=\"og:url\" content=\"https:\/\/arenatours.com\/fr\/voyage-qatar\/\" \/>\n<meta property=\"og:site_name\" content=\"Arenatours FR\" \/>\n<meta property=\"article:publisher\" content=\"https:\/\/facebook.com\/arenatoursofficial\" \/>\n<meta property=\"article:modified_time\" content=\"2026-01-02T12:14:18+00:00\" \/>\n<meta property=\"og:image\" content=\"https:\/\/arenatours.com\/wp-content\/uploads\/2024\/02\/viajes-a-qatar-header-destination-.jpg\" \/>\n\t<meta property=\"og:image:width\" content=\"2200\" \/>\n\t<meta property=\"og:image:height\" content=\"600\" \/>\n\t<meta property=\"og:image:type\" content=\"image\/jpeg\" \/>\n<meta name=\"twitter:card\" content=\"summary_large_image\" \/>\n<meta name=\"twitter:site\" content=\"@arenatours\" \/>\n<meta name=\"twitter:label1\" content=\"Dur\u00e9e de lecture estim\u00e9e\" \/>\n\t<meta name=\"twitter:data1\" content=\"7 minutes\" \/>\n<script type=\"application\/ld+json\" class=\"yoast-schema-graph\">{\"@context\":\"https:\\\/\\\/schema.org\",\"@graph\":[{\"@type\":\"WebPage\",\"@id\":\"https:\\\/\\\/arenatours.com\\\/fr\\\/voyage-qatar\\\/\",\"url\":\"https:\\\/\\\/arenatours.com\\\/fr\\\/voyage-qatar\\\/\",\"name\":\"Voyages au Qatar - Visitez Doha et son incroyable d\u00e9sert\",\"isPartOf\":{\"@id\":\"http:\\\/\\\/arenatours.com\\\/fr\\\/#website\"},\"primaryImageOfPage\":{\"@id\":\"https:\\\/\\\/arenatours.com\\\/fr\\\/voyage-qatar\\\/#primaryimage\"},\"image\":{\"@id\":\"https:\\\/\\\/arenatours.com\\\/fr\\\/voyage-qatar\\\/#primaryimage\"},\"thumbnailUrl\":\"https:\\\/\\\/arenatours.com\\\/wp-content\\\/uploads\\\/2024\\\/02\\\/viajes-a-qatar-header-destination-.jpg\",\"datePublished\":\"2024-02-21T10:51:38+00:00\",\"dateModified\":\"2026-01-02T12:14:18+00:00\",\"description\":\"Cr\u00e9ez votre voyage au Qatar sur mesure avec nos conseillers sp\u00e9cialis\u00e9s \u2b50 Itin\u00e9raires personnalis\u00e9s \u2b50 Doha, le luxe entre les dunes\",\"breadcrumb\":{\"@id\":\"https:\\\/\\\/arenatours.com\\\/fr\\\/voyage-qatar\\\/#breadcrumb\"},\"inLanguage\":\"fr-FR\",\"potentialAction\":[{\"@type\":\"ReadAction\",\"target\":[\"https:\\\/\\\/arenatours.com\\\/fr\\\/voyage-qatar\\\/\"]}]},{\"@type\":\"ImageObject\",\"inLanguage\":\"fr-FR\",\"@id\":\"https:\\\/\\\/arenatours.com\\\/fr\\\/voyage-qatar\\\/#primaryimage\",\"url\":\"https:\\\/\\\/arenatours.com\\\/wp-content\\\/uploads\\\/2024\\\/02\\\/viajes-a-qatar-header-destination-.jpg\",\"contentUrl\":\"https:\\\/\\\/arenatours.com\\\/wp-content\\\/uploads\\\/2024\\\/02\\\/viajes-a-qatar-header-destination-.jpg\",\"width\":2200,\"height\":600},{\"@type\":\"BreadcrumbList\",\"@id\":\"https:\\\/\\\/arenatours.com\\\/fr\\\/voyage-qatar\\\/#breadcrumb\",\"itemListElement\":[{\"@type\":\"ListItem\",\"position\":1,\"name\":\"Portada\",\"item\":\"https:\\\/\\\/arenatours.com\\\/fr\\\/\"},{\"@type\":\"ListItem\",\"position\":2,\"name\":\"Qatar\"}]},{\"@type\":\"WebSite\",\"@id\":\"http:\\\/\\\/arenatours.com\\\/fr\\\/#website\",\"url\":\"http:\\\/\\\/arenatours.com\\\/fr\\\/\",\"name\":\"Arenatours\",\"description\":\"Sp\u00e9cialistes des voyages sur mesure aux Maldives et dans des destinations exotiques\",\"publisher\":{\"@id\":\"http:\\\/\\\/arenatours.com\\\/fr\\\/#organization\"},\"potentialAction\":[{\"@type\":\"SearchAction\",\"target\":{\"@type\":\"EntryPoint\",\"urlTemplate\":\"http:\\\/\\\/arenatours.com\\\/fr\\\/?s={search_term_string}\"},\"query-input\":{\"@type\":\"PropertyValueSpecification\",\"valueRequired\":true,\"valueName\":\"search_term_string\"}}],\"inLanguage\":\"fr-FR\"},{\"@type\":\"Organization\",\"@id\":\"http:\\\/\\\/arenatours.com\\\/fr\\\/#organization\",\"name\":\"Arenatours\",\"url\":\"http:\\\/\\\/arenatours.com\\\/fr\\\/\",\"logo\":{\"@type\":\"ImageObject\",\"inLanguage\":\"fr-FR\",\"@id\":\"http:\\\/\\\/arenatours.com\\\/fr\\\/#\\\/schema\\\/logo\\\/image\\\/\",\"url\":\"https:\\\/\\\/arenatours.com\\\/wp-content\\\/uploads\\\/2024\\\/12\\\/logo-arenatours-x-1-1.png\",\"contentUrl\":\"https:\\\/\\\/arenatours.com\\\/wp-content\\\/uploads\\\/2024\\\/12\\\/logo-arenatours-x-1-1.png\",\"width\":1200,\"height\":728,\"caption\":\"Arenatours\"},\"image\":{\"@id\":\"http:\\\/\\\/arenatours.com\\\/fr\\\/#\\\/schema\\\/logo\\\/image\\\/\"},\"sameAs\":[\"https:\\\/\\\/facebook.com\\\/arenatoursofficial\",\"https:\\\/\\\/x.com\\\/arenatours\"]}]}<\/script>\n<!-- \/ Yoast SEO plugin. -->","yoast_head_json":{"title":"Voyages au Qatar - Visitez Doha et son incroyable d\u00e9sert","description":"Cr\u00e9ez votre voyage au Qatar sur mesure avec nos conseillers sp\u00e9cialis\u00e9s \u2b50 Itin\u00e9raires personnalis\u00e9s \u2b50 Doha, le luxe entre les dunes","robots":{"index":"index","follow":"follow","max-snippet":"max-snippet:-1","max-image-preview":"max-image-preview:large","max-video-preview":"max-video-preview:-1"},"canonical":"https:\/\/arenatours.com\/fr\/voyage-qatar\/","og_locale":"fr_FR","og_type":"article","og_title":"Voyages au Qatar - Visitez Doha et son incroyable d\u00e9sert","og_description":"Cr\u00e9ez votre voyage au Qatar sur mesure avec nos conseillers sp\u00e9cialis\u00e9s \u2b50 Itin\u00e9raires personnalis\u00e9s \u2b50 Doha, le luxe entre les dunes","og_url":"https:\/\/arenatours.com\/fr\/voyage-qatar\/","og_site_name":"Arenatours FR","article_publisher":"https:\/\/facebook.com\/arenatoursofficial","article_modified_time":"2026-01-02T12:14:18+00:00","og_image":[{"width":2200,"height":600,"url":"https:\/\/arenatours.com\/wp-content\/uploads\/2024\/02\/viajes-a-qatar-header-destination-.jpg","type":"image\/jpeg"}],"twitter_card":"summary_large_image","twitter_site":"@arenatours","twitter_misc":{"Dur\u00e9e de lecture estim\u00e9e":"7 minutes"},"schema":{"@context":"https:\/\/schema.org","@graph":[{"@type":"WebPage","@id":"https:\/\/arenatours.com\/fr\/voyage-qatar\/","url":"https:\/\/arenatours.com\/fr\/voyage-qatar\/","name":"Voyages au Qatar - Visitez Doha et son incroyable d\u00e9sert","isPartOf":{"@id":"http:\/\/arenatours.com\/fr\/#website"},"primaryImageOfPage":{"@id":"https:\/\/arenatours.com\/fr\/voyage-qatar\/#primaryimage"},"image":{"@id":"https:\/\/arenatours.com\/fr\/voyage-qatar\/#primaryimage"},"thumbnailUrl":"https:\/\/arenatours.com\/wp-content\/uploads\/2024\/02\/viajes-a-qatar-header-destination-.jpg","datePublished":"2024-02-21T10:51:38+00:00","dateModified":"2026-01-02T12:14:18+00:00","description":"Cr\u00e9ez votre voyage au Qatar sur mesure avec nos conseillers sp\u00e9cialis\u00e9s \u2b50 Itin\u00e9raires personnalis\u00e9s \u2b50 Doha, le luxe entre les dunes","breadcrumb":{"@id":"https:\/\/arenatours.com\/fr\/voyage-qatar\/#breadcrumb"},"inLanguage":"fr-FR","potentialAction":[{"@type":"ReadAction","target":["https:\/\/arenatours.com\/fr\/voyage-qatar\/"]}]},{"@type":"ImageObject","inLanguage":"fr-FR","@id":"https:\/\/arenatours.com\/fr\/voyage-qatar\/#primaryimage","url":"https:\/\/arenatours.com\/wp-content\/uploads\/2024\/02\/viajes-a-qatar-header-destination-.jpg","contentUrl":"https:\/\/arenatours.com\/wp-content\/uploads\/2024\/02\/viajes-a-qatar-header-destination-.jpg","width":2200,"height":600},{"@type":"BreadcrumbList","@id":"https:\/\/arenatours.com\/fr\/voyage-qatar\/#breadcrumb","itemListElement":[{"@type":"ListItem","position":1,"name":"Portada","item":"https:\/\/arenatours.com\/fr\/"},{"@type":"ListItem","position":2,"name":"Qatar"}]},{"@type":"WebSite","@id":"http:\/\/arenatours.com\/fr\/#website","url":"http:\/\/arenatours.com\/fr\/","name":"Arenatours","description":"Sp\u00e9cialistes des voyages sur mesure aux Maldives et dans des destinations exotiques","publisher":{"@id":"http:\/\/arenatours.com\/fr\/#organization"},"potentialAction":[{"@type":"SearchAction","target":{"@type":"EntryPoint","urlTemplate":"http:\/\/arenatours.com\/fr\/?s={search_term_string}"},"query-input":{"@type":"PropertyValueSpecification","valueRequired":true,"valueName":"search_term_string"}}],"inLanguage":"fr-FR"},{"@type":"Organization","@id":"http:\/\/arenatours.com\/fr\/#organization","name":"Arenatours","url":"http:\/\/arenatours.com\/fr\/","logo":{"@type":"ImageObject","inLanguage":"fr-FR","@id":"http:\/\/arenatours.com\/fr\/#\/schema\/logo\/image\/","url":"https:\/\/arenatours.com\/wp-content\/uploads\/2024\/12\/logo-arenatours-x-1-1.png","contentUrl":"https:\/\/arenatours.com\/wp-content\/uploads\/2024\/12\/logo-arenatours-x-1-1.png","width":1200,"height":728,"caption":"Arenatours"},"image":{"@id":"http:\/\/arenatours.com\/fr\/#\/schema\/logo\/image\/"},"sameAs":["https:\/\/facebook.com\/arenatoursofficial","https:\/\/x.com\/arenatours"]}]}},"_links":{"self":[{"href":"https:\/\/arenatours.com\/fr\/wp-json\/wp\/v2\/pages\/281041","targetHints":{"allow":["GET"]}}],"collection":[{"href":"https:\/\/arenatours.com\/fr\/wp-json\/wp\/v2\/pages"}],"about":[{"href":"https:\/\/arenatours.com\/fr\/wp-json\/wp\/v2\/types\/page"}],"author":[{"embeddable":true,"href":"https:\/\/arenatours.com\/fr\/wp-json\/wp\/v2\/users\/3"}],"replies":[{"embeddable":true,"href":"https:\/\/arenatours.com\/fr\/wp-json\/wp\/v2\/comments?post=281041"}],"version-history":[{"count":46,"href":"https:\/\/arenatours.com\/fr\/wp-json\/wp\/v2\/pages\/281041\/revisions"}],"predecessor-version":[{"id":372074,"href":"https:\/\/arenatours.com\/fr\/wp-json\/wp\/v2\/pages\/281041\/revisions\/372074"}],"wp:featuredmedia":[{"embeddable":true,"href":"https:\/\/arenatours.com\/fr\/wp-json\/wp\/v2\/media\/277591"}],"wp:attachment":[{"href":"https:\/\/arenatours.com\/fr\/wp-json\/wp\/v2\/media?parent=281041"}],"curies":[{"name":"wp","href":"https:\/\/api.w.org\/{rel}","templated":true}]}}