{"id":279970,"date":"2024-02-21T11:45:00","date_gmt":"2024-02-21T10:45:00","guid":{"rendered":"https:\/\/qa.arenatours.com\/?page_id=279970"},"modified":"2026-01-02T16:01:41","modified_gmt":"2026-01-02T15:01:41","slug":"voyage-polynesie-francaise","status":"publish","type":"page","link":"https:\/\/arenatours.com\/fr\/voyage-polynesie-francaise\/","title":{"rendered":"Polyn\u00e9sie fran\u00e7aise"},"content":{"rendered":"","protected":false},"excerpt":{"rendered":"","protected":false},"author":22,"featured_media":277318,"parent":0,"menu_order":10,"comment_status":"closed","ping_status":"closed","template":"","meta":{"_acf_changed":false,"footnotes":""},"class_list":["post-279970","page","type-page","status-publish","has-post-thumbnail"],"acf":[],"yoast_head":"<!-- This site is optimized with the Yoast SEO plugin v27.3 - https:\/\/yoast.com\/product\/yoast-seo-wordpress\/ -->\n<title>Voyage Polynesie Francaise, vous allez adorer!<\/title>\n<meta name=\"description\" content=\"D\u00e9couvrez les merveilles du Pacifique par la plong\u00e9e, le snorkeling et de nombreuses activit\u00e9s marines. O\u00f9? Voyage Polynesie Francaise Appelez maintenant !\" \/>\n<meta name=\"robots\" content=\"index, follow, max-snippet:-1, max-image-preview:large, max-video-preview:-1\" \/>\n<link rel=\"canonical\" href=\"https:\/\/arenatours.com\/fr\/voyage-polynesie-francaise\/\" \/>\n<meta property=\"og:locale\" content=\"fr_FR\" \/>\n<meta property=\"og:type\" content=\"article\" \/>\n<meta property=\"og:title\" content=\"Voyage Polynesie Francaise, vous allez adorer!\" \/>\n<meta property=\"og:description\" content=\"D\u00e9couvrez les merveilles du Pacifique par la plong\u00e9e, le snorkeling et de nombreuses activit\u00e9s marines. O\u00f9? Voyage Polynesie Francaise Appelez maintenant !\" \/>\n<meta property=\"og:url\" content=\"https:\/\/arenatours.com\/fr\/voyage-polynesie-francaise\/\" \/>\n<meta property=\"og:site_name\" content=\"Arenatours FR\" \/>\n<meta property=\"article:publisher\" content=\"https:\/\/facebook.com\/arenatoursofficial\" \/>\n<meta property=\"article:modified_time\" content=\"2026-01-02T15:01:41+00:00\" \/>\n<meta property=\"og:image\" content=\"https:\/\/arenatours.com\/wp-content\/uploads\/2024\/02\/viaje-polinesia-hero-destination1.webp\" \/>\n\t<meta property=\"og:image:width\" content=\"2200\" \/>\n\t<meta property=\"og:image:height\" content=\"600\" \/>\n\t<meta property=\"og:image:type\" content=\"image\/webp\" \/>\n<meta name=\"twitter:card\" content=\"summary_large_image\" \/>\n<meta name=\"twitter:site\" content=\"@arenatours\" \/>\n<meta name=\"twitter:label1\" content=\"Dur\u00e9e de lecture estim\u00e9e\" \/>\n\t<meta name=\"twitter:data1\" content=\"9 minutes\" \/>\n<script type=\"application\/ld+json\" class=\"yoast-schema-graph\">{\"@context\":\"https:\\\/\\\/schema.org\",\"@graph\":[{\"@type\":\"WebPage\",\"@id\":\"https:\\\/\\\/arenatours.com\\\/fr\\\/voyage-polynesie-francaise\\\/\",\"url\":\"https:\\\/\\\/arenatours.com\\\/fr\\\/voyage-polynesie-francaise\\\/\",\"name\":\"Voyage Polynesie Francaise, vous allez adorer!\",\"isPartOf\":{\"@id\":\"http:\\\/\\\/arenatours.com\\\/fr\\\/#website\"},\"primaryImageOfPage\":{\"@id\":\"https:\\\/\\\/arenatours.com\\\/fr\\\/voyage-polynesie-francaise\\\/#primaryimage\"},\"image\":{\"@id\":\"https:\\\/\\\/arenatours.com\\\/fr\\\/voyage-polynesie-francaise\\\/#primaryimage\"},\"thumbnailUrl\":\"https:\\\/\\\/arenatours.com\\\/wp-content\\\/uploads\\\/2024\\\/02\\\/viaje-polinesia-hero-destination1.webp\",\"datePublished\":\"2024-02-21T10:45:00+00:00\",\"dateModified\":\"2026-01-02T15:01:41+00:00\",\"description\":\"D\u00e9couvrez les merveilles du Pacifique par la plong\u00e9e, le snorkeling et de nombreuses activit\u00e9s marines. O\u00f9? Voyage Polynesie Francaise Appelez maintenant !\",\"breadcrumb\":{\"@id\":\"https:\\\/\\\/arenatours.com\\\/fr\\\/voyage-polynesie-francaise\\\/#breadcrumb\"},\"inLanguage\":\"fr-FR\",\"potentialAction\":[{\"@type\":\"ReadAction\",\"target\":[\"https:\\\/\\\/arenatours.com\\\/fr\\\/voyage-polynesie-francaise\\\/\"]}]},{\"@type\":\"ImageObject\",\"inLanguage\":\"fr-FR\",\"@id\":\"https:\\\/\\\/arenatours.com\\\/fr\\\/voyage-polynesie-francaise\\\/#primaryimage\",\"url\":\"https:\\\/\\\/arenatours.com\\\/wp-content\\\/uploads\\\/2024\\\/02\\\/viaje-polinesia-hero-destination1.webp\",\"contentUrl\":\"https:\\\/\\\/arenatours.com\\\/wp-content\\\/uploads\\\/2024\\\/02\\\/viaje-polinesia-hero-destination1.webp\",\"width\":2200,\"height\":600},{\"@type\":\"BreadcrumbList\",\"@id\":\"https:\\\/\\\/arenatours.com\\\/fr\\\/voyage-polynesie-francaise\\\/#breadcrumb\",\"itemListElement\":[{\"@type\":\"ListItem\",\"position\":1,\"name\":\"Portada\",\"item\":\"https:\\\/\\\/arenatours.com\\\/fr\\\/\"},{\"@type\":\"ListItem\",\"position\":2,\"name\":\"Polyn\u00e9sie fran\u00e7aise\"}]},{\"@type\":\"WebSite\",\"@id\":\"http:\\\/\\\/arenatours.com\\\/fr\\\/#website\",\"url\":\"http:\\\/\\\/arenatours.com\\\/fr\\\/\",\"name\":\"Arenatours\",\"description\":\"Sp\u00e9cialistes des voyages sur mesure aux Maldives et dans des destinations exotiques\",\"publisher\":{\"@id\":\"http:\\\/\\\/arenatours.com\\\/fr\\\/#organization\"},\"potentialAction\":[{\"@type\":\"SearchAction\",\"target\":{\"@type\":\"EntryPoint\",\"urlTemplate\":\"http:\\\/\\\/arenatours.com\\\/fr\\\/?s={search_term_string}\"},\"query-input\":{\"@type\":\"PropertyValueSpecification\",\"valueRequired\":true,\"valueName\":\"search_term_string\"}}],\"inLanguage\":\"fr-FR\"},{\"@type\":\"Organization\",\"@id\":\"http:\\\/\\\/arenatours.com\\\/fr\\\/#organization\",\"name\":\"Arenatours\",\"url\":\"http:\\\/\\\/arenatours.com\\\/fr\\\/\",\"logo\":{\"@type\":\"ImageObject\",\"inLanguage\":\"fr-FR\",\"@id\":\"http:\\\/\\\/arenatours.com\\\/fr\\\/#\\\/schema\\\/logo\\\/image\\\/\",\"url\":\"https:\\\/\\\/arenatours.com\\\/wp-content\\\/uploads\\\/2024\\\/12\\\/logo-arenatours-x-1-1.png\",\"contentUrl\":\"https:\\\/\\\/arenatours.com\\\/wp-content\\\/uploads\\\/2024\\\/12\\\/logo-arenatours-x-1-1.png\",\"width\":1200,\"height\":728,\"caption\":\"Arenatours\"},\"image\":{\"@id\":\"http:\\\/\\\/arenatours.com\\\/fr\\\/#\\\/schema\\\/logo\\\/image\\\/\"},\"sameAs\":[\"https:\\\/\\\/facebook.com\\\/arenatoursofficial\",\"https:\\\/\\\/x.com\\\/arenatours\"]}]}<\/script>\n<!-- \/ Yoast SEO plugin. -->","yoast_head_json":{"title":"Voyage Polynesie Francaise, vous allez adorer!","description":"D\u00e9couvrez les merveilles du Pacifique par la plong\u00e9e, le snorkeling et de nombreuses activit\u00e9s marines. O\u00f9? Voyage Polynesie Francaise Appelez maintenant !","robots":{"index":"index","follow":"follow","max-snippet":"max-snippet:-1","max-image-preview":"max-image-preview:large","max-video-preview":"max-video-preview:-1"},"canonical":"https:\/\/arenatours.com\/fr\/voyage-polynesie-francaise\/","og_locale":"fr_FR","og_type":"article","og_title":"Voyage Polynesie Francaise, vous allez adorer!","og_description":"D\u00e9couvrez les merveilles du Pacifique par la plong\u00e9e, le snorkeling et de nombreuses activit\u00e9s marines. O\u00f9? Voyage Polynesie Francaise Appelez maintenant !","og_url":"https:\/\/arenatours.com\/fr\/voyage-polynesie-francaise\/","og_site_name":"Arenatours FR","article_publisher":"https:\/\/facebook.com\/arenatoursofficial","article_modified_time":"2026-01-02T15:01:41+00:00","og_image":[{"width":2200,"height":600,"url":"https:\/\/arenatours.com\/wp-content\/uploads\/2024\/02\/viaje-polinesia-hero-destination1.webp","type":"image\/webp"}],"twitter_card":"summary_large_image","twitter_site":"@arenatours","twitter_misc":{"Dur\u00e9e de lecture estim\u00e9e":"9 minutes"},"schema":{"@context":"https:\/\/schema.org","@graph":[{"@type":"WebPage","@id":"https:\/\/arenatours.com\/fr\/voyage-polynesie-francaise\/","url":"https:\/\/arenatours.com\/fr\/voyage-polynesie-francaise\/","name":"Voyage Polynesie Francaise, vous allez adorer!","isPartOf":{"@id":"http:\/\/arenatours.com\/fr\/#website"},"primaryImageOfPage":{"@id":"https:\/\/arenatours.com\/fr\/voyage-polynesie-francaise\/#primaryimage"},"image":{"@id":"https:\/\/arenatours.com\/fr\/voyage-polynesie-francaise\/#primaryimage"},"thumbnailUrl":"https:\/\/arenatours.com\/wp-content\/uploads\/2024\/02\/viaje-polinesia-hero-destination1.webp","datePublished":"2024-02-21T10:45:00+00:00","dateModified":"2026-01-02T15:01:41+00:00","description":"D\u00e9couvrez les merveilles du Pacifique par la plong\u00e9e, le snorkeling et de nombreuses activit\u00e9s marines. O\u00f9? Voyage Polynesie Francaise Appelez maintenant !","breadcrumb":{"@id":"https:\/\/arenatours.com\/fr\/voyage-polynesie-francaise\/#breadcrumb"},"inLanguage":"fr-FR","potentialAction":[{"@type":"ReadAction","target":["https:\/\/arenatours.com\/fr\/voyage-polynesie-francaise\/"]}]},{"@type":"ImageObject","inLanguage":"fr-FR","@id":"https:\/\/arenatours.com\/fr\/voyage-polynesie-francaise\/#primaryimage","url":"https:\/\/arenatours.com\/wp-content\/uploads\/2024\/02\/viaje-polinesia-hero-destination1.webp","contentUrl":"https:\/\/arenatours.com\/wp-content\/uploads\/2024\/02\/viaje-polinesia-hero-destination1.webp","width":2200,"height":600},{"@type":"BreadcrumbList","@id":"https:\/\/arenatours.com\/fr\/voyage-polynesie-francaise\/#breadcrumb","itemListElement":[{"@type":"ListItem","position":1,"name":"Portada","item":"https:\/\/arenatours.com\/fr\/"},{"@type":"ListItem","position":2,"name":"Polyn\u00e9sie fran\u00e7aise"}]},{"@type":"WebSite","@id":"http:\/\/arenatours.com\/fr\/#website","url":"http:\/\/arenatours.com\/fr\/","name":"Arenatours","description":"Sp\u00e9cialistes des voyages sur mesure aux Maldives et dans des destinations exotiques","publisher":{"@id":"http:\/\/arenatours.com\/fr\/#organization"},"potentialAction":[{"@type":"SearchAction","target":{"@type":"EntryPoint","urlTemplate":"http:\/\/arenatours.com\/fr\/?s={search_term_string}"},"query-input":{"@type":"PropertyValueSpecification","valueRequired":true,"valueName":"search_term_string"}}],"inLanguage":"fr-FR"},{"@type":"Organization","@id":"http:\/\/arenatours.com\/fr\/#organization","name":"Arenatours","url":"http:\/\/arenatours.com\/fr\/","logo":{"@type":"ImageObject","inLanguage":"fr-FR","@id":"http:\/\/arenatours.com\/fr\/#\/schema\/logo\/image\/","url":"https:\/\/arenatours.com\/wp-content\/uploads\/2024\/12\/logo-arenatours-x-1-1.png","contentUrl":"https:\/\/arenatours.com\/wp-content\/uploads\/2024\/12\/logo-arenatours-x-1-1.png","width":1200,"height":728,"caption":"Arenatours"},"image":{"@id":"http:\/\/arenatours.com\/fr\/#\/schema\/logo\/image\/"},"sameAs":["https:\/\/facebook.com\/arenatoursofficial","https:\/\/x.com\/arenatours"]}]}},"_links":{"self":[{"href":"https:\/\/arenatours.com\/fr\/wp-json\/wp\/v2\/pages\/279970","targetHints":{"allow":["GET"]}}],"collection":[{"href":"https:\/\/arenatours.com\/fr\/wp-json\/wp\/v2\/pages"}],"about":[{"href":"https:\/\/arenatours.com\/fr\/wp-json\/wp\/v2\/types\/page"}],"author":[{"embeddable":true,"href":"https:\/\/arenatours.com\/fr\/wp-json\/wp\/v2\/users\/22"}],"replies":[{"embeddable":true,"href":"https:\/\/arenatours.com\/fr\/wp-json\/wp\/v2\/comments?post=279970"}],"version-history":[{"count":38,"href":"https:\/\/arenatours.com\/fr\/wp-json\/wp\/v2\/pages\/279970\/revisions"}],"predecessor-version":[{"id":372116,"href":"https:\/\/arenatours.com\/fr\/wp-json\/wp\/v2\/pages\/279970\/revisions\/372116"}],"wp:featuredmedia":[{"embeddable":true,"href":"https:\/\/arenatours.com\/fr\/wp-json\/wp\/v2\/media\/277318"}],"wp:attachment":[{"href":"https:\/\/arenatours.com\/fr\/wp-json\/wp\/v2\/media?parent=279970"}],"curies":[{"name":"wp","href":"https:\/\/api.w.org\/{rel}","templated":true}]}}