{"id":279867,"date":"2024-02-21T11:47:36","date_gmt":"2024-02-21T10:47:36","guid":{"rendered":"https:\/\/qa.arenatours.com\/?page_id=279867"},"modified":"2026-01-29T12:17:18","modified_gmt":"2026-01-29T11:17:18","slug":"voyage-seychelles","status":"publish","type":"page","link":"https:\/\/arenatours.com\/fr\/voyage-seychelles\/","title":{"rendered":"Seychelles"},"content":{"rendered":"","protected":false},"excerpt":{"rendered":"","protected":false},"author":22,"featured_media":276971,"parent":0,"menu_order":6,"comment_status":"closed","ping_status":"closed","template":"","meta":{"_acf_changed":false,"footnotes":""},"class_list":["post-279867","page","type-page","status-publish","has-post-thumbnail"],"acf":[],"yoast_head":"<!-- This site is optimized with the Yoast SEO plugin v27.3 - https:\/\/yoast.com\/product\/yoast-seo-wordpress\/ -->\n<title>Voyage Seychelles, un paradis cr\u00e9ole pour vous<\/title>\n<meta name=\"description\" content=\"Cr\u00e9ez votre Voyage Seychelles avec nos conseillers sp\u00e9cialis\u00e9s \u2b50 itin\u00e9raires personnalis\u00e9s \u2b50 D\u00e9couvrez les plus belles plages d&#039;Afrique.\" \/>\n<meta name=\"robots\" content=\"index, follow, max-snippet:-1, max-image-preview:large, max-video-preview:-1\" \/>\n<link rel=\"canonical\" href=\"https:\/\/arenatours.com\/fr\/voyage-seychelles\/\" \/>\n<meta property=\"og:locale\" content=\"fr_FR\" \/>\n<meta property=\"og:type\" content=\"article\" \/>\n<meta property=\"og:title\" content=\"Voyage Seychelles, un paradis cr\u00e9ole pour vous\" \/>\n<meta property=\"og:description\" content=\"Cr\u00e9ez votre Voyage Seychelles avec nos conseillers sp\u00e9cialis\u00e9s \u2b50 itin\u00e9raires personnalis\u00e9s \u2b50 D\u00e9couvrez les plus belles plages d&#039;Afrique.\" \/>\n<meta property=\"og:url\" content=\"https:\/\/arenatours.com\/fr\/voyage-seychelles\/\" \/>\n<meta property=\"og:site_name\" content=\"Arenatours FR\" \/>\n<meta property=\"article:publisher\" content=\"https:\/\/facebook.com\/arenatoursofficial\" \/>\n<meta property=\"article:modified_time\" content=\"2026-01-29T11:17:18+00:00\" \/>\n<meta property=\"og:image\" content=\"https:\/\/arenatours.com\/wp-content\/uploads\/2024\/02\/viajes-a-seychelles-todo-incluido1.webp\" \/>\n\t<meta property=\"og:image:width\" content=\"1900\" \/>\n\t<meta property=\"og:image:height\" content=\"800\" \/>\n\t<meta property=\"og:image:type\" content=\"image\/webp\" \/>\n<meta name=\"twitter:card\" content=\"summary_large_image\" \/>\n<meta name=\"twitter:site\" content=\"@arenatours\" \/>\n<meta name=\"twitter:label1\" content=\"Dur\u00e9e de lecture estim\u00e9e\" \/>\n\t<meta name=\"twitter:data1\" content=\"11 minutes\" \/>\n<script type=\"application\/ld+json\" class=\"yoast-schema-graph\">{\"@context\":\"https:\\\/\\\/schema.org\",\"@graph\":[{\"@type\":\"WebPage\",\"@id\":\"https:\\\/\\\/arenatours.com\\\/fr\\\/voyage-seychelles\\\/\",\"url\":\"https:\\\/\\\/arenatours.com\\\/fr\\\/voyage-seychelles\\\/\",\"name\":\"Voyage Seychelles, un paradis cr\u00e9ole pour vous\",\"isPartOf\":{\"@id\":\"http:\\\/\\\/arenatours.com\\\/fr\\\/#website\"},\"primaryImageOfPage\":{\"@id\":\"https:\\\/\\\/arenatours.com\\\/fr\\\/voyage-seychelles\\\/#primaryimage\"},\"image\":{\"@id\":\"https:\\\/\\\/arenatours.com\\\/fr\\\/voyage-seychelles\\\/#primaryimage\"},\"thumbnailUrl\":\"https:\\\/\\\/arenatours.com\\\/wp-content\\\/uploads\\\/2024\\\/02\\\/viajes-a-seychelles-todo-incluido1.webp\",\"datePublished\":\"2024-02-21T10:47:36+00:00\",\"dateModified\":\"2026-01-29T11:17:18+00:00\",\"description\":\"Cr\u00e9ez votre Voyage Seychelles avec nos conseillers sp\u00e9cialis\u00e9s \u2b50 itin\u00e9raires personnalis\u00e9s \u2b50 D\u00e9couvrez les plus belles plages d'Afrique.\",\"breadcrumb\":{\"@id\":\"https:\\\/\\\/arenatours.com\\\/fr\\\/voyage-seychelles\\\/#breadcrumb\"},\"inLanguage\":\"fr-FR\",\"potentialAction\":[{\"@type\":\"ReadAction\",\"target\":[\"https:\\\/\\\/arenatours.com\\\/fr\\\/voyage-seychelles\\\/\"]}]},{\"@type\":\"ImageObject\",\"inLanguage\":\"fr-FR\",\"@id\":\"https:\\\/\\\/arenatours.com\\\/fr\\\/voyage-seychelles\\\/#primaryimage\",\"url\":\"https:\\\/\\\/arenatours.com\\\/wp-content\\\/uploads\\\/2024\\\/02\\\/viajes-a-seychelles-todo-incluido1.webp\",\"contentUrl\":\"https:\\\/\\\/arenatours.com\\\/wp-content\\\/uploads\\\/2024\\\/02\\\/viajes-a-seychelles-todo-incluido1.webp\",\"width\":1900,\"height\":800},{\"@type\":\"BreadcrumbList\",\"@id\":\"https:\\\/\\\/arenatours.com\\\/fr\\\/voyage-seychelles\\\/#breadcrumb\",\"itemListElement\":[{\"@type\":\"ListItem\",\"position\":1,\"name\":\"Portada\",\"item\":\"https:\\\/\\\/arenatours.com\\\/fr\\\/\"},{\"@type\":\"ListItem\",\"position\":2,\"name\":\"Seychelles\"}]},{\"@type\":\"WebSite\",\"@id\":\"http:\\\/\\\/arenatours.com\\\/fr\\\/#website\",\"url\":\"http:\\\/\\\/arenatours.com\\\/fr\\\/\",\"name\":\"Arenatours\",\"description\":\"Sp\u00e9cialistes des voyages sur mesure aux Maldives et dans des destinations exotiques\",\"publisher\":{\"@id\":\"http:\\\/\\\/arenatours.com\\\/fr\\\/#organization\"},\"potentialAction\":[{\"@type\":\"SearchAction\",\"target\":{\"@type\":\"EntryPoint\",\"urlTemplate\":\"http:\\\/\\\/arenatours.com\\\/fr\\\/?s={search_term_string}\"},\"query-input\":{\"@type\":\"PropertyValueSpecification\",\"valueRequired\":true,\"valueName\":\"search_term_string\"}}],\"inLanguage\":\"fr-FR\"},{\"@type\":\"Organization\",\"@id\":\"http:\\\/\\\/arenatours.com\\\/fr\\\/#organization\",\"name\":\"Arenatours\",\"url\":\"http:\\\/\\\/arenatours.com\\\/fr\\\/\",\"logo\":{\"@type\":\"ImageObject\",\"inLanguage\":\"fr-FR\",\"@id\":\"http:\\\/\\\/arenatours.com\\\/fr\\\/#\\\/schema\\\/logo\\\/image\\\/\",\"url\":\"https:\\\/\\\/arenatours.com\\\/wp-content\\\/uploads\\\/2024\\\/12\\\/logo-arenatours-x-1-1.png\",\"contentUrl\":\"https:\\\/\\\/arenatours.com\\\/wp-content\\\/uploads\\\/2024\\\/12\\\/logo-arenatours-x-1-1.png\",\"width\":1200,\"height\":728,\"caption\":\"Arenatours\"},\"image\":{\"@id\":\"http:\\\/\\\/arenatours.com\\\/fr\\\/#\\\/schema\\\/logo\\\/image\\\/\"},\"sameAs\":[\"https:\\\/\\\/facebook.com\\\/arenatoursofficial\",\"https:\\\/\\\/x.com\\\/arenatours\"]}]}<\/script>\n<!-- \/ Yoast SEO plugin. -->","yoast_head_json":{"title":"Voyage Seychelles, un paradis cr\u00e9ole pour vous","description":"Cr\u00e9ez votre Voyage Seychelles avec nos conseillers sp\u00e9cialis\u00e9s \u2b50 itin\u00e9raires personnalis\u00e9s \u2b50 D\u00e9couvrez les plus belles plages d'Afrique.","robots":{"index":"index","follow":"follow","max-snippet":"max-snippet:-1","max-image-preview":"max-image-preview:large","max-video-preview":"max-video-preview:-1"},"canonical":"https:\/\/arenatours.com\/fr\/voyage-seychelles\/","og_locale":"fr_FR","og_type":"article","og_title":"Voyage Seychelles, un paradis cr\u00e9ole pour vous","og_description":"Cr\u00e9ez votre Voyage Seychelles avec nos conseillers sp\u00e9cialis\u00e9s \u2b50 itin\u00e9raires personnalis\u00e9s \u2b50 D\u00e9couvrez les plus belles plages d'Afrique.","og_url":"https:\/\/arenatours.com\/fr\/voyage-seychelles\/","og_site_name":"Arenatours FR","article_publisher":"https:\/\/facebook.com\/arenatoursofficial","article_modified_time":"2026-01-29T11:17:18+00:00","og_image":[{"width":1900,"height":800,"url":"https:\/\/arenatours.com\/wp-content\/uploads\/2024\/02\/viajes-a-seychelles-todo-incluido1.webp","type":"image\/webp"}],"twitter_card":"summary_large_image","twitter_site":"@arenatours","twitter_misc":{"Dur\u00e9e de lecture estim\u00e9e":"11 minutes"},"schema":{"@context":"https:\/\/schema.org","@graph":[{"@type":"WebPage","@id":"https:\/\/arenatours.com\/fr\/voyage-seychelles\/","url":"https:\/\/arenatours.com\/fr\/voyage-seychelles\/","name":"Voyage Seychelles, un paradis cr\u00e9ole pour vous","isPartOf":{"@id":"http:\/\/arenatours.com\/fr\/#website"},"primaryImageOfPage":{"@id":"https:\/\/arenatours.com\/fr\/voyage-seychelles\/#primaryimage"},"image":{"@id":"https:\/\/arenatours.com\/fr\/voyage-seychelles\/#primaryimage"},"thumbnailUrl":"https:\/\/arenatours.com\/wp-content\/uploads\/2024\/02\/viajes-a-seychelles-todo-incluido1.webp","datePublished":"2024-02-21T10:47:36+00:00","dateModified":"2026-01-29T11:17:18+00:00","description":"Cr\u00e9ez votre Voyage Seychelles avec nos conseillers sp\u00e9cialis\u00e9s \u2b50 itin\u00e9raires personnalis\u00e9s \u2b50 D\u00e9couvrez les plus belles plages d'Afrique.","breadcrumb":{"@id":"https:\/\/arenatours.com\/fr\/voyage-seychelles\/#breadcrumb"},"inLanguage":"fr-FR","potentialAction":[{"@type":"ReadAction","target":["https:\/\/arenatours.com\/fr\/voyage-seychelles\/"]}]},{"@type":"ImageObject","inLanguage":"fr-FR","@id":"https:\/\/arenatours.com\/fr\/voyage-seychelles\/#primaryimage","url":"https:\/\/arenatours.com\/wp-content\/uploads\/2024\/02\/viajes-a-seychelles-todo-incluido1.webp","contentUrl":"https:\/\/arenatours.com\/wp-content\/uploads\/2024\/02\/viajes-a-seychelles-todo-incluido1.webp","width":1900,"height":800},{"@type":"BreadcrumbList","@id":"https:\/\/arenatours.com\/fr\/voyage-seychelles\/#breadcrumb","itemListElement":[{"@type":"ListItem","position":1,"name":"Portada","item":"https:\/\/arenatours.com\/fr\/"},{"@type":"ListItem","position":2,"name":"Seychelles"}]},{"@type":"WebSite","@id":"http:\/\/arenatours.com\/fr\/#website","url":"http:\/\/arenatours.com\/fr\/","name":"Arenatours","description":"Sp\u00e9cialistes des voyages sur mesure aux Maldives et dans des destinations exotiques","publisher":{"@id":"http:\/\/arenatours.com\/fr\/#organization"},"potentialAction":[{"@type":"SearchAction","target":{"@type":"EntryPoint","urlTemplate":"http:\/\/arenatours.com\/fr\/?s={search_term_string}"},"query-input":{"@type":"PropertyValueSpecification","valueRequired":true,"valueName":"search_term_string"}}],"inLanguage":"fr-FR"},{"@type":"Organization","@id":"http:\/\/arenatours.com\/fr\/#organization","name":"Arenatours","url":"http:\/\/arenatours.com\/fr\/","logo":{"@type":"ImageObject","inLanguage":"fr-FR","@id":"http:\/\/arenatours.com\/fr\/#\/schema\/logo\/image\/","url":"https:\/\/arenatours.com\/wp-content\/uploads\/2024\/12\/logo-arenatours-x-1-1.png","contentUrl":"https:\/\/arenatours.com\/wp-content\/uploads\/2024\/12\/logo-arenatours-x-1-1.png","width":1200,"height":728,"caption":"Arenatours"},"image":{"@id":"http:\/\/arenatours.com\/fr\/#\/schema\/logo\/image\/"},"sameAs":["https:\/\/facebook.com\/arenatoursofficial","https:\/\/x.com\/arenatours"]}]}},"_links":{"self":[{"href":"https:\/\/arenatours.com\/fr\/wp-json\/wp\/v2\/pages\/279867","targetHints":{"allow":["GET"]}}],"collection":[{"href":"https:\/\/arenatours.com\/fr\/wp-json\/wp\/v2\/pages"}],"about":[{"href":"https:\/\/arenatours.com\/fr\/wp-json\/wp\/v2\/types\/page"}],"author":[{"embeddable":true,"href":"https:\/\/arenatours.com\/fr\/wp-json\/wp\/v2\/users\/22"}],"replies":[{"embeddable":true,"href":"https:\/\/arenatours.com\/fr\/wp-json\/wp\/v2\/comments?post=279867"}],"version-history":[{"count":58,"href":"https:\/\/arenatours.com\/fr\/wp-json\/wp\/v2\/pages\/279867\/revisions"}],"predecessor-version":[{"id":372638,"href":"https:\/\/arenatours.com\/fr\/wp-json\/wp\/v2\/pages\/279867\/revisions\/372638"}],"wp:featuredmedia":[{"embeddable":true,"href":"https:\/\/arenatours.com\/fr\/wp-json\/wp\/v2\/media\/276971"}],"wp:attachment":[{"href":"https:\/\/arenatours.com\/fr\/wp-json\/wp\/v2\/media?parent=279867"}],"curies":[{"name":"wp","href":"https:\/\/api.w.org\/{rel}","templated":true}]}}