{"id":119865,"date":"2020-04-09T12:54:08","date_gmt":"2020-04-09T10:54:08","guid":{"rendered":"https:\/\/arenatours.com\/te-llamamos\/"},"modified":"2025-11-27T15:08:04","modified_gmt":"2025-11-27T14:08:04","slug":"nous-vous-appelons","status":"publish","type":"page","link":"https:\/\/arenatours.com\/fr\/nous-vous-appelons\/","title":{"rendered":"Nous vous appelons"},"content":{"rendered":"\n<h1 class=\"wp-block-heading has-text-align-center\">Nous vous appelons!<\/h1>\n\n\n\n<p class=\"has-text-align-center\">Ce service n&rsquo;est actif que pour la France, si vous nous contactez depuis un autre pays nous serons heureux de vous assister <a href=\"https:\/\/wa.me\/34622370200\" target=\"_blank\" rel=\"noreferrer noopener\">via WhatsApp<\/a>.<\/p>\n\n\n\n<div class=\"wp-block-group form-llamamos\"><div class=\"wp-block-group__inner-container is-layout-flow wp-block-group-is-layout-flow\"><style id=\"wpforms-css-vars-147456\">\n\t\t\t\t#wpforms-147456 {\n\t\t\t\t--wpforms-container-padding: 0px;\n--wpforms-container-border-width: 1px;\n--wpforms-container-border-radius: 3px;\n--wpforms-background-color: rgba(0, 0, 0, 0);\n--wpforms-field-size-input-height: 43px;\n--wpforms-field-size-input-spacing: 15px;\n--wpforms-field-size-font-size: 16px;\n--wpforms-field-size-line-height: 19px;\n--wpforms-field-size-padding-h: 14px;\n--wpforms-field-size-checkbox-size: 16px;\n--wpforms-field-size-sublabel-spacing: 5px;\n--wpforms-field-size-icon-size: 1;\n--wpforms-label-size-font-size: 16px;\n--wpforms-label-size-line-height: 19px;\n--wpforms-label-size-sublabel-font-size: 14px;\n--wpforms-label-size-sublabel-line-height: 17px;\n--wpforms-button-size-font-size: 17px;\n--wpforms-button-size-height: 41px;\n--wpforms-button-size-padding-h: 15px;\n--wpforms-button-size-margin-top: 10px;\n--wpforms-container-shadow-size-box-shadow: none;\n\t\t\t}\n\t\t\t<\/style><div class=\"wpforms-container wpforms-container-full form-contacto wpforms-render-modern\" id=\"wpforms-147456\"><form id=\"wpforms-form-147456\" class=\"wpforms-validate wpforms-form\" data-formid=\"147456\" method=\"post\" enctype=\"multipart\/form-data\" action=\"\/fr\/wp-json\/wp\/v2\/pages\/119865\" data-token=\"3755e616a8ca20e6639c8e31b75dbd2a\" data-token-time=\"1776440040\"><noscript class=\"wpforms-error-noscript\">Veuillez activer JavaScript dans votre navigateur pour remplir ce formulaire.<\/noscript><div id=\"wpforms-error-noscript\" style=\"display: none;\">Veuillez activer JavaScript dans votre navigateur pour remplir ce formulaire.<\/div><div class=\"wpforms-field-container\"><div id=\"wpforms-147456-field_0-container\" class=\"wpforms-field wpforms-field-name\" data-field-id=\"0\"><label class=\"wpforms-field-label\" for=\"wpforms-147456-field_0\">Votre nom <span class=\"wpforms-required-label\" aria-hidden=\"true\">*<\/span><\/label><input type=\"text\" id=\"wpforms-147456-field_0\" class=\"wpforms-field-large wpforms-field-required\" name=\"wpforms[fields][0]\" aria-errormessage=\"wpforms-147456-field_0-error\" required><\/div><div id=\"wpforms-147456-field_5-container\" class=\"wpforms-field wpforms-field-text\" data-field-id=\"5\"><label class=\"wpforms-field-label\" for=\"wpforms-147456-field_5\">Votre t\u00e9l\u00e9phone <span class=\"wpforms-required-label\" aria-hidden=\"true\">*<\/span><\/label><input type=\"text\" id=\"wpforms-147456-field_5\" class=\"wpforms-field-large wpforms-field-required\" name=\"wpforms[fields][5]\" aria-errormessage=\"wpforms-147456-field_5-error\" required><\/div>\t\t<div id=\"wpforms-147456-field_1-container\"\n\t\t\tclass=\"wpforms-field wpforms-field-text\"\n\t\t\tdata-field-type=\"text\"\n\t\t\tdata-field-id=\"1\"\n\t\t\t>\n\t\t\t<label class=\"wpforms-field-label\" for=\"wpforms-147456-field_1\" >Votre email nom<\/label>\n\t\t\t<input type=\"text\" id=\"wpforms-147456-field_1\" class=\"wpforms-field-medium\" name=\"wpforms[fields][1]\" >\n\t\t<\/div>\n\t\t<div id=\"wpforms-147456-field_6-container\" class=\"wpforms-field wpforms-field-email\" data-field-id=\"6\"><label class=\"wpforms-field-label\" for=\"wpforms-147456-field_6\">Votre email <span class=\"wpforms-required-label\" aria-hidden=\"true\">*<\/span><\/label><input type=\"email\" id=\"wpforms-147456-field_6\" class=\"wpforms-field-large wpforms-field-required\" name=\"wpforms[fields][6]\" spellcheck=\"false\" aria-errormessage=\"wpforms-147456-field_6-error\" required><\/div><div id=\"wpforms-147456-field_4-container\" class=\"wpforms-field wpforms-field-checkbox consentimiento\" data-field-id=\"4\"><fieldset><legend class=\"wpforms-field-label wpforms-label-hide\" aria-hidden=\"false\">Consentimiento <span class=\"wpforms-required-label\" aria-hidden=\"true\">*<\/span><\/legend><ul id=\"wpforms-147456-field_4\" class=\"wpforms-field-required\"><li class=\"choice-1 depth-1\"><input type=\"checkbox\" id=\"wpforms-147456-field_4_1\" name=\"wpforms[fields][4][]\" value=\"J&#039;ai lu et j&#039;accepte la &lt;a href=&quot;https:\/\/arenatours.com\/fr\/politique-de-confidentialite&quot; target=&quot;_blank&quot;&gt; politique de confidentialit\u00e9 &lt;\/a&gt;\" aria-errormessage=\"wpforms-147456-field_4_1-error\" required ><label class=\"wpforms-field-label-inline\" for=\"wpforms-147456-field_4_1\">J'ai lu et j'accepte la <a href=\"https:\/\/arenatours.com\/fr\/politique-de-confidentialite\" target=\"_blank\"> politique de confidentialit\u00e9 <\/a><\/label><\/li><\/ul><\/fieldset><\/div><script>\n\t\t\t\t( function() {\n\t\t\t\t\tconst style = document.createElement( 'style' );\n\t\t\t\t\tstyle.appendChild( document.createTextNode( '#wpforms-147456-field_1-container { position: absolute !important; overflow: hidden !important; display: inline !important; height: 1px !important; width: 1px !important; z-index: -1000 !important; padding: 0 !important; } #wpforms-147456-field_1-container input { visibility: hidden; } #wpforms-conversational-form-page #wpforms-147456-field_1-container label { counter-increment: none; }' ) );\n\t\t\t\t\tdocument.head.appendChild( style );\n\t\t\t\t\tdocument.currentScript?.remove();\n\t\t\t\t} )();\n\t\t\t<\/script><\/div><!-- .wpforms-field-container --><div class=\"wpforms-recaptcha-container wpforms-is-recaptcha wpforms-is-recaptcha-type-v2\" ><div class=\"g-recaptcha\" data-sitekey=\"6LeuLnQsAAAAAK1nqYPFEfd56YZoLboVNM2I_GvP\"><\/div><input type=\"text\" name=\"g-recaptcha-hidden\" class=\"wpforms-recaptcha-hidden\" style=\"position:absolute!important;clip:rect(0,0,0,0)!important;height:1px!important;width:1px!important;border:0!important;overflow:hidden!important;padding:0!important;margin:0!important;\" data-rule-recaptcha=\"1\"><\/div><div class=\"wpforms-submit-container\" ><input type=\"hidden\" name=\"wpforms[id]\" value=\"147456\"><input type=\"hidden\" name=\"page_title\" value=\"\"><input type=\"hidden\" name=\"page_url\" value=\"https:\/\/arenatours.com\/fr\/wp-json\/wp\/v2\/pages\/119865\"><input type=\"hidden\" name=\"url_referer\" value=\"\"><button type=\"submit\" name=\"wpforms[submit]\" id=\"wpforms-submit-147456\" class=\"wpforms-submit btn-envio btn button\" data-alt-text=\"Enviando...\" data-submit-text=\"Envoyer\" aria-live=\"assertive\" value=\"wpforms-submit\">Envoyer<\/button><\/div><\/form><\/div>  <!-- .wpforms-container -->\n<\/div><\/div>\n\n\n\n<p class=\"has-text-align-center has-small-font-size\">Ce&nbsp;site est prot\u00e9g\u00e9&nbsp;par&nbsp;reCAPTCHA. Les <a href=\"https:\/\/policies.google.com\/privacy\">r\u00e8gles&nbsp;de&nbsp;confidentialit\u00e9<\/a> et les <a href=\"https:\/\/policies.google.com\/terms\">conditions d&rsquo;utilisation&nbsp;<\/a>de&nbsp;Google s&rsquo;appliquent.<br>Conform\u00e9ment aux dispositions du R\u00e8glement (UE) 2016\/679 sur la protection des donn\u00e9es personnelles et \u00e0 la Loi Organique 3\/2018 sur la protection des donn\u00e9es et la garantie des droits num\u00e9riques, VIAJES ARENA TOURS SL, avec CIFB84916337, et adresse \u00e0 PASEO DE LA CASTELLANA, 259 C, MADRID (28046), MADRID est responsable du traitement de vos donn\u00e9es personnelles.<\/p>\n","protected":false},"excerpt":{"rendered":"<p>Nous vous appelons! Ce service n&rsquo;est actif que pour la France, si vous nous contactez depuis un autre pays nous serons heureux de vous assister via WhatsApp. Ce&nbsp;site est prot\u00e9g\u00e9&nbsp;par&nbsp;reCAPTCHA. Les r\u00e8gles&nbsp;de&nbsp;confidentialit\u00e9 et les conditions d&rsquo;utilisation&nbsp;de&nbsp;Google s&rsquo;appliquent.Conform\u00e9ment aux dispositions du R\u00e8glement (UE) 2016\/679 sur la protection des donn\u00e9es personnelles et \u00e0 la Loi Organique 3\/2018 &#8230; <a title=\"Nous vous appelons\" class=\"read-more\" href=\"https:\/\/arenatours.com\/fr\/nous-vous-appelons\/\" aria-label=\"En savoir plus sur Nous vous appelons\">Lire la suite<\/a><\/p>\n","protected":false},"author":3,"featured_media":274204,"parent":0,"menu_order":100,"comment_status":"closed","ping_status":"closed","template":"","meta":{"_acf_changed":false,"footnotes":""},"class_list":["post-119865","page","type-page","status-publish","has-post-thumbnail"],"acf":[],"yoast_head":"<!-- This site is optimized with the Yoast SEO plugin v27.3 - https:\/\/yoast.com\/product\/yoast-seo-wordpress\/ -->\n<title>Arenatours Nous vous appelons<\/title>\n<meta name=\"robots\" content=\"noindex, follow\" \/>\n<meta property=\"og:locale\" content=\"fr_FR\" \/>\n<meta property=\"og:type\" content=\"article\" \/>\n<meta property=\"og:title\" content=\"Arenatours Nous vous appelons\" \/>\n<meta property=\"og:description\" content=\"Nous vous appelons! Ce service n&rsquo;est actif que pour la France, si vous nous contactez depuis un autre pays nous serons heureux de vous assister via WhatsApp. Ce&nbsp;site est prot\u00e9g\u00e9&nbsp;par&nbsp;reCAPTCHA. Les r\u00e8gles&nbsp;de&nbsp;confidentialit\u00e9 et les conditions d&rsquo;utilisation&nbsp;de&nbsp;Google s&rsquo;appliquent.Conform\u00e9ment aux dispositions du R\u00e8glement (UE) 2016\/679 sur la protection des donn\u00e9es personnelles et \u00e0 la Loi Organique 3\/2018 ... Lire la suite\" \/>\n<meta property=\"og:url\" content=\"https:\/\/arenatours.com\/fr\/nous-vous-appelons\/\" \/>\n<meta property=\"og:site_name\" content=\"Arenatours FR\" \/>\n<meta property=\"article:publisher\" content=\"https:\/\/facebook.com\/arenatoursofficial\" \/>\n<meta property=\"article:modified_time\" content=\"2025-11-27T14:08:04+00:00\" \/>\n<meta property=\"og:image\" content=\"http:\/\/arenatours.com\/wp-content\/uploads\/2024\/02\/le-meridien-maldivas-8.webp\" \/>\n\t<meta property=\"og:image:width\" content=\"1180\" \/>\n\t<meta property=\"og:image:height\" content=\"596\" \/>\n\t<meta property=\"og:image:type\" content=\"image\/webp\" \/>\n<meta name=\"twitter:card\" content=\"summary_large_image\" \/>\n<meta name=\"twitter:site\" content=\"@arenatours\" \/>\n<meta name=\"twitter:label1\" content=\"Dur\u00e9e de lecture estim\u00e9e\" \/>\n\t<meta name=\"twitter:data1\" content=\"1 minute\" \/>\n<script type=\"application\/ld+json\" class=\"yoast-schema-graph\">{\"@context\":\"https:\\\/\\\/schema.org\",\"@graph\":[{\"@type\":\"WebPage\",\"@id\":\"https:\\\/\\\/arenatours.com\\\/fr\\\/nous-vous-appelons\\\/\",\"url\":\"https:\\\/\\\/arenatours.com\\\/fr\\\/nous-vous-appelons\\\/\",\"name\":\"Arenatours Nous vous appelons\",\"isPartOf\":{\"@id\":\"http:\\\/\\\/arenatours.com\\\/fr\\\/#website\"},\"primaryImageOfPage\":{\"@id\":\"https:\\\/\\\/arenatours.com\\\/fr\\\/nous-vous-appelons\\\/#primaryimage\"},\"image\":{\"@id\":\"https:\\\/\\\/arenatours.com\\\/fr\\\/nous-vous-appelons\\\/#primaryimage\"},\"thumbnailUrl\":\"https:\\\/\\\/arenatours.com\\\/wp-content\\\/uploads\\\/2024\\\/02\\\/le-meridien-maldivas-8.webp\",\"datePublished\":\"2020-04-09T10:54:08+00:00\",\"dateModified\":\"2025-11-27T14:08:04+00:00\",\"breadcrumb\":{\"@id\":\"https:\\\/\\\/arenatours.com\\\/fr\\\/nous-vous-appelons\\\/#breadcrumb\"},\"inLanguage\":\"fr-FR\",\"potentialAction\":[{\"@type\":\"ReadAction\",\"target\":[\"https:\\\/\\\/arenatours.com\\\/fr\\\/nous-vous-appelons\\\/\"]}]},{\"@type\":\"ImageObject\",\"inLanguage\":\"fr-FR\",\"@id\":\"https:\\\/\\\/arenatours.com\\\/fr\\\/nous-vous-appelons\\\/#primaryimage\",\"url\":\"https:\\\/\\\/arenatours.com\\\/wp-content\\\/uploads\\\/2024\\\/02\\\/le-meridien-maldivas-8.webp\",\"contentUrl\":\"https:\\\/\\\/arenatours.com\\\/wp-content\\\/uploads\\\/2024\\\/02\\\/le-meridien-maldivas-8.webp\",\"width\":1180,\"height\":596},{\"@type\":\"BreadcrumbList\",\"@id\":\"https:\\\/\\\/arenatours.com\\\/fr\\\/nous-vous-appelons\\\/#breadcrumb\",\"itemListElement\":[{\"@type\":\"ListItem\",\"position\":1,\"name\":\"Portada\",\"item\":\"https:\\\/\\\/arenatours.com\\\/fr\\\/\"},{\"@type\":\"ListItem\",\"position\":2,\"name\":\"Nous vous appelons\"}]},{\"@type\":\"WebSite\",\"@id\":\"http:\\\/\\\/arenatours.com\\\/fr\\\/#website\",\"url\":\"http:\\\/\\\/arenatours.com\\\/fr\\\/\",\"name\":\"Arenatours\",\"description\":\"Sp\u00e9cialistes des voyages sur mesure aux Maldives et dans des destinations exotiques\",\"publisher\":{\"@id\":\"http:\\\/\\\/arenatours.com\\\/fr\\\/#organization\"},\"potentialAction\":[{\"@type\":\"SearchAction\",\"target\":{\"@type\":\"EntryPoint\",\"urlTemplate\":\"http:\\\/\\\/arenatours.com\\\/fr\\\/?s={search_term_string}\"},\"query-input\":{\"@type\":\"PropertyValueSpecification\",\"valueRequired\":true,\"valueName\":\"search_term_string\"}}],\"inLanguage\":\"fr-FR\"},{\"@type\":\"Organization\",\"@id\":\"http:\\\/\\\/arenatours.com\\\/fr\\\/#organization\",\"name\":\"Arenatours\",\"url\":\"http:\\\/\\\/arenatours.com\\\/fr\\\/\",\"logo\":{\"@type\":\"ImageObject\",\"inLanguage\":\"fr-FR\",\"@id\":\"http:\\\/\\\/arenatours.com\\\/fr\\\/#\\\/schema\\\/logo\\\/image\\\/\",\"url\":\"https:\\\/\\\/arenatours.com\\\/wp-content\\\/uploads\\\/2024\\\/12\\\/logo-arenatours-x-1-1.png\",\"contentUrl\":\"https:\\\/\\\/arenatours.com\\\/wp-content\\\/uploads\\\/2024\\\/12\\\/logo-arenatours-x-1-1.png\",\"width\":1200,\"height\":728,\"caption\":\"Arenatours\"},\"image\":{\"@id\":\"http:\\\/\\\/arenatours.com\\\/fr\\\/#\\\/schema\\\/logo\\\/image\\\/\"},\"sameAs\":[\"https:\\\/\\\/facebook.com\\\/arenatoursofficial\",\"https:\\\/\\\/x.com\\\/arenatours\"]}]}<\/script>\n<!-- \/ Yoast SEO plugin. -->","yoast_head_json":{"title":"Arenatours Nous vous appelons","robots":{"index":"noindex","follow":"follow"},"og_locale":"fr_FR","og_type":"article","og_title":"Arenatours Nous vous appelons","og_description":"Nous vous appelons! Ce service n&rsquo;est actif que pour la France, si vous nous contactez depuis un autre pays nous serons heureux de vous assister via WhatsApp. Ce&nbsp;site est prot\u00e9g\u00e9&nbsp;par&nbsp;reCAPTCHA. Les r\u00e8gles&nbsp;de&nbsp;confidentialit\u00e9 et les conditions d&rsquo;utilisation&nbsp;de&nbsp;Google s&rsquo;appliquent.Conform\u00e9ment aux dispositions du R\u00e8glement (UE) 2016\/679 sur la protection des donn\u00e9es personnelles et \u00e0 la Loi Organique 3\/2018 ... Lire la suite","og_url":"https:\/\/arenatours.com\/fr\/nous-vous-appelons\/","og_site_name":"Arenatours FR","article_publisher":"https:\/\/facebook.com\/arenatoursofficial","article_modified_time":"2025-11-27T14:08:04+00:00","og_image":[{"width":1180,"height":596,"url":"http:\/\/arenatours.com\/wp-content\/uploads\/2024\/02\/le-meridien-maldivas-8.webp","type":"image\/webp"}],"twitter_card":"summary_large_image","twitter_site":"@arenatours","twitter_misc":{"Dur\u00e9e de lecture estim\u00e9e":"1 minute"},"schema":{"@context":"https:\/\/schema.org","@graph":[{"@type":"WebPage","@id":"https:\/\/arenatours.com\/fr\/nous-vous-appelons\/","url":"https:\/\/arenatours.com\/fr\/nous-vous-appelons\/","name":"Arenatours Nous vous appelons","isPartOf":{"@id":"http:\/\/arenatours.com\/fr\/#website"},"primaryImageOfPage":{"@id":"https:\/\/arenatours.com\/fr\/nous-vous-appelons\/#primaryimage"},"image":{"@id":"https:\/\/arenatours.com\/fr\/nous-vous-appelons\/#primaryimage"},"thumbnailUrl":"https:\/\/arenatours.com\/wp-content\/uploads\/2024\/02\/le-meridien-maldivas-8.webp","datePublished":"2020-04-09T10:54:08+00:00","dateModified":"2025-11-27T14:08:04+00:00","breadcrumb":{"@id":"https:\/\/arenatours.com\/fr\/nous-vous-appelons\/#breadcrumb"},"inLanguage":"fr-FR","potentialAction":[{"@type":"ReadAction","target":["https:\/\/arenatours.com\/fr\/nous-vous-appelons\/"]}]},{"@type":"ImageObject","inLanguage":"fr-FR","@id":"https:\/\/arenatours.com\/fr\/nous-vous-appelons\/#primaryimage","url":"https:\/\/arenatours.com\/wp-content\/uploads\/2024\/02\/le-meridien-maldivas-8.webp","contentUrl":"https:\/\/arenatours.com\/wp-content\/uploads\/2024\/02\/le-meridien-maldivas-8.webp","width":1180,"height":596},{"@type":"BreadcrumbList","@id":"https:\/\/arenatours.com\/fr\/nous-vous-appelons\/#breadcrumb","itemListElement":[{"@type":"ListItem","position":1,"name":"Portada","item":"https:\/\/arenatours.com\/fr\/"},{"@type":"ListItem","position":2,"name":"Nous vous appelons"}]},{"@type":"WebSite","@id":"http:\/\/arenatours.com\/fr\/#website","url":"http:\/\/arenatours.com\/fr\/","name":"Arenatours","description":"Sp\u00e9cialistes des voyages sur mesure aux Maldives et dans des destinations exotiques","publisher":{"@id":"http:\/\/arenatours.com\/fr\/#organization"},"potentialAction":[{"@type":"SearchAction","target":{"@type":"EntryPoint","urlTemplate":"http:\/\/arenatours.com\/fr\/?s={search_term_string}"},"query-input":{"@type":"PropertyValueSpecification","valueRequired":true,"valueName":"search_term_string"}}],"inLanguage":"fr-FR"},{"@type":"Organization","@id":"http:\/\/arenatours.com\/fr\/#organization","name":"Arenatours","url":"http:\/\/arenatours.com\/fr\/","logo":{"@type":"ImageObject","inLanguage":"fr-FR","@id":"http:\/\/arenatours.com\/fr\/#\/schema\/logo\/image\/","url":"https:\/\/arenatours.com\/wp-content\/uploads\/2024\/12\/logo-arenatours-x-1-1.png","contentUrl":"https:\/\/arenatours.com\/wp-content\/uploads\/2024\/12\/logo-arenatours-x-1-1.png","width":1200,"height":728,"caption":"Arenatours"},"image":{"@id":"http:\/\/arenatours.com\/fr\/#\/schema\/logo\/image\/"},"sameAs":["https:\/\/facebook.com\/arenatoursofficial","https:\/\/x.com\/arenatours"]}]}},"_links":{"self":[{"href":"https:\/\/arenatours.com\/fr\/wp-json\/wp\/v2\/pages\/119865","targetHints":{"allow":["GET"]}}],"collection":[{"href":"https:\/\/arenatours.com\/fr\/wp-json\/wp\/v2\/pages"}],"about":[{"href":"https:\/\/arenatours.com\/fr\/wp-json\/wp\/v2\/types\/page"}],"author":[{"embeddable":true,"href":"https:\/\/arenatours.com\/fr\/wp-json\/wp\/v2\/users\/3"}],"replies":[{"embeddable":true,"href":"https:\/\/arenatours.com\/fr\/wp-json\/wp\/v2\/comments?post=119865"}],"version-history":[{"count":4,"href":"https:\/\/arenatours.com\/fr\/wp-json\/wp\/v2\/pages\/119865\/revisions"}],"predecessor-version":[{"id":329312,"href":"https:\/\/arenatours.com\/fr\/wp-json\/wp\/v2\/pages\/119865\/revisions\/329312"}],"wp:featuredmedia":[{"embeddable":true,"href":"https:\/\/arenatours.com\/fr\/wp-json\/wp\/v2\/media\/274204"}],"wp:attachment":[{"href":"https:\/\/arenatours.com\/fr\/wp-json\/wp\/v2\/media?parent=119865"}],"curies":[{"name":"wp","href":"https:\/\/api.w.org\/{rel}","templated":true}]}}