{"id":280497,"date":"2024-02-22T02:19:43","date_gmt":"2024-02-22T01:19:43","guid":{"rendered":"https:\/\/qa.arenatours.com\/?page_id=280497"},"modified":"2026-01-29T13:31:53","modified_gmt":"2026-01-29T12:31:53","slug":"reisen-sudafrika","status":"publish","type":"page","link":"https:\/\/arenatours.com\/de\/reisen-sudafrika\/","title":{"rendered":"S\u00fcdafrika"},"content":{"rendered":"","protected":false},"excerpt":{"rendered":"","protected":false},"author":22,"featured_media":279339,"parent":0,"menu_order":14,"comment_status":"closed","ping_status":"closed","template":"","meta":{"_acf_changed":false,"footnotes":""},"class_list":["post-280497","page","type-page","status-publish","has-post-thumbnail"],"acf":[],"yoast_head":"<!-- This site is optimized with the Yoast SEO plugin v27.3 - https:\/\/yoast.com\/product\/yoast-seo-wordpress\/ -->\n<title>Reisen nach S\u00fcdafrika \u2b50 Die wildeste Sch\u00f6nheit Afrikas<\/title>\n<meta name=\"description\" content=\"Ma\u00dfgeschneiderte und organisierte Reisen nach S\u00fcdafrika \u27a1 Entdecken Sie die Magie Afrikas: Safaris und faszinierende St\u00e4dte, ein unglaubliches Abenteuer!\" \/>\n<meta name=\"robots\" content=\"index, follow, max-snippet:-1, max-image-preview:large, max-video-preview:-1\" \/>\n<link rel=\"canonical\" href=\"https:\/\/arenatours.com\/de\/reisen-sudafrika\/\" \/>\n<meta property=\"og:locale\" content=\"de_DE\" \/>\n<meta property=\"og:type\" content=\"article\" \/>\n<meta property=\"og:title\" content=\"Reisen nach S\u00fcdafrika \u2b50 Die wildeste Sch\u00f6nheit Afrikas\" \/>\n<meta property=\"og:description\" content=\"Ma\u00dfgeschneiderte und organisierte Reisen nach S\u00fcdafrika \u27a1 Entdecken Sie die Magie Afrikas: Safaris und faszinierende St\u00e4dte, ein unglaubliches Abenteuer!\" \/>\n<meta property=\"og:url\" content=\"https:\/\/arenatours.com\/de\/reisen-sudafrika\/\" \/>\n<meta property=\"og:site_name\" content=\"Arenatours DE\" \/>\n<meta property=\"article:publisher\" content=\"https:\/\/facebook.com\/arenatoursofficial\" \/>\n<meta property=\"article:modified_time\" content=\"2026-01-29T12:31:53+00:00\" \/>\n<meta property=\"og:image\" content=\"https:\/\/arenatours.com\/wp-content\/uploads\/2024\/02\/viaje-a-sudafrica-a-medida-1.webp\" \/>\n\t<meta property=\"og:image:width\" content=\"1900\" \/>\n\t<meta property=\"og:image:height\" content=\"800\" \/>\n\t<meta property=\"og:image:type\" content=\"image\/webp\" \/>\n<meta name=\"twitter:card\" content=\"summary_large_image\" \/>\n<meta name=\"twitter:site\" content=\"@arenatours\" \/>\n<meta name=\"twitter:label1\" content=\"Gesch\u00e4tzte Lesezeit\" \/>\n\t<meta name=\"twitter:data1\" content=\"15\u00a0Minuten\" \/>\n<script type=\"application\/ld+json\" class=\"yoast-schema-graph\">{\"@context\":\"https:\\\/\\\/schema.org\",\"@graph\":[{\"@type\":\"WebPage\",\"@id\":\"https:\\\/\\\/arenatours.com\\\/de\\\/reisen-sudafrika\\\/\",\"url\":\"https:\\\/\\\/arenatours.com\\\/de\\\/reisen-sudafrika\\\/\",\"name\":\"Reisen nach S\u00fcdafrika \u2b50 Die wildeste Sch\u00f6nheit Afrikas\",\"isPartOf\":{\"@id\":\"http:\\\/\\\/arenatours.com\\\/de\\\/#website\"},\"primaryImageOfPage\":{\"@id\":\"https:\\\/\\\/arenatours.com\\\/de\\\/reisen-sudafrika\\\/#primaryimage\"},\"image\":{\"@id\":\"https:\\\/\\\/arenatours.com\\\/de\\\/reisen-sudafrika\\\/#primaryimage\"},\"thumbnailUrl\":\"https:\\\/\\\/arenatours.com\\\/wp-content\\\/uploads\\\/2024\\\/02\\\/viaje-a-sudafrica-a-medida-1.webp\",\"datePublished\":\"2024-02-22T01:19:43+00:00\",\"dateModified\":\"2026-01-29T12:31:53+00:00\",\"description\":\"Ma\u00dfgeschneiderte und organisierte Reisen nach S\u00fcdafrika \u27a1 Entdecken Sie die Magie Afrikas: Safaris und faszinierende St\u00e4dte, ein unglaubliches Abenteuer!\",\"breadcrumb\":{\"@id\":\"https:\\\/\\\/arenatours.com\\\/de\\\/reisen-sudafrika\\\/#breadcrumb\"},\"inLanguage\":\"de\",\"potentialAction\":[{\"@type\":\"ReadAction\",\"target\":[\"https:\\\/\\\/arenatours.com\\\/de\\\/reisen-sudafrika\\\/\"]}]},{\"@type\":\"ImageObject\",\"inLanguage\":\"de\",\"@id\":\"https:\\\/\\\/arenatours.com\\\/de\\\/reisen-sudafrika\\\/#primaryimage\",\"url\":\"https:\\\/\\\/arenatours.com\\\/wp-content\\\/uploads\\\/2024\\\/02\\\/viaje-a-sudafrica-a-medida-1.webp\",\"contentUrl\":\"https:\\\/\\\/arenatours.com\\\/wp-content\\\/uploads\\\/2024\\\/02\\\/viaje-a-sudafrica-a-medida-1.webp\",\"width\":1900,\"height\":800},{\"@type\":\"BreadcrumbList\",\"@id\":\"https:\\\/\\\/arenatours.com\\\/de\\\/reisen-sudafrika\\\/#breadcrumb\",\"itemListElement\":[{\"@type\":\"ListItem\",\"position\":1,\"name\":\"Portada\",\"item\":\"https:\\\/\\\/arenatours.com\\\/de\\\/\"},{\"@type\":\"ListItem\",\"position\":2,\"name\":\"S\u00fcdafrika\"}]},{\"@type\":\"WebSite\",\"@id\":\"http:\\\/\\\/arenatours.com\\\/de\\\/#website\",\"url\":\"http:\\\/\\\/arenatours.com\\\/de\\\/\",\"name\":\"Arenatours\",\"description\":\"Spezialisten f\u00fcr ma\u00dfgeschneiderte Reisen auf die Malediven und zu exotischen Reisezielen\",\"publisher\":{\"@id\":\"http:\\\/\\\/arenatours.com\\\/de\\\/#organization\"},\"potentialAction\":[{\"@type\":\"SearchAction\",\"target\":{\"@type\":\"EntryPoint\",\"urlTemplate\":\"http:\\\/\\\/arenatours.com\\\/de\\\/?s={search_term_string}\"},\"query-input\":{\"@type\":\"PropertyValueSpecification\",\"valueRequired\":true,\"valueName\":\"search_term_string\"}}],\"inLanguage\":\"de\"},{\"@type\":\"Organization\",\"@id\":\"http:\\\/\\\/arenatours.com\\\/de\\\/#organization\",\"name\":\"Arenatours\",\"url\":\"http:\\\/\\\/arenatours.com\\\/de\\\/\",\"logo\":{\"@type\":\"ImageObject\",\"inLanguage\":\"de\",\"@id\":\"http:\\\/\\\/arenatours.com\\\/de\\\/#\\\/schema\\\/logo\\\/image\\\/\",\"url\":\"https:\\\/\\\/arenatours.com\\\/wp-content\\\/uploads\\\/2024\\\/12\\\/logo-arenatours-x-1-1.png\",\"contentUrl\":\"https:\\\/\\\/arenatours.com\\\/wp-content\\\/uploads\\\/2024\\\/12\\\/logo-arenatours-x-1-1.png\",\"width\":1200,\"height\":728,\"caption\":\"Arenatours\"},\"image\":{\"@id\":\"http:\\\/\\\/arenatours.com\\\/de\\\/#\\\/schema\\\/logo\\\/image\\\/\"},\"sameAs\":[\"https:\\\/\\\/facebook.com\\\/arenatoursofficial\",\"https:\\\/\\\/x.com\\\/arenatours\"]}]}<\/script>\n<!-- \/ Yoast SEO plugin. -->","yoast_head_json":{"title":"Reisen nach S\u00fcdafrika \u2b50 Die wildeste Sch\u00f6nheit Afrikas","description":"Ma\u00dfgeschneiderte und organisierte Reisen nach S\u00fcdafrika \u27a1 Entdecken Sie die Magie Afrikas: Safaris und faszinierende St\u00e4dte, ein unglaubliches Abenteuer!","robots":{"index":"index","follow":"follow","max-snippet":"max-snippet:-1","max-image-preview":"max-image-preview:large","max-video-preview":"max-video-preview:-1"},"canonical":"https:\/\/arenatours.com\/de\/reisen-sudafrika\/","og_locale":"de_DE","og_type":"article","og_title":"Reisen nach S\u00fcdafrika \u2b50 Die wildeste Sch\u00f6nheit Afrikas","og_description":"Ma\u00dfgeschneiderte und organisierte Reisen nach S\u00fcdafrika \u27a1 Entdecken Sie die Magie Afrikas: Safaris und faszinierende St\u00e4dte, ein unglaubliches Abenteuer!","og_url":"https:\/\/arenatours.com\/de\/reisen-sudafrika\/","og_site_name":"Arenatours DE","article_publisher":"https:\/\/facebook.com\/arenatoursofficial","article_modified_time":"2026-01-29T12:31:53+00:00","og_image":[{"width":1900,"height":800,"url":"https:\/\/arenatours.com\/wp-content\/uploads\/2024\/02\/viaje-a-sudafrica-a-medida-1.webp","type":"image\/webp"}],"twitter_card":"summary_large_image","twitter_site":"@arenatours","twitter_misc":{"Gesch\u00e4tzte Lesezeit":"15\u00a0Minuten"},"schema":{"@context":"https:\/\/schema.org","@graph":[{"@type":"WebPage","@id":"https:\/\/arenatours.com\/de\/reisen-sudafrika\/","url":"https:\/\/arenatours.com\/de\/reisen-sudafrika\/","name":"Reisen nach S\u00fcdafrika \u2b50 Die wildeste Sch\u00f6nheit Afrikas","isPartOf":{"@id":"http:\/\/arenatours.com\/de\/#website"},"primaryImageOfPage":{"@id":"https:\/\/arenatours.com\/de\/reisen-sudafrika\/#primaryimage"},"image":{"@id":"https:\/\/arenatours.com\/de\/reisen-sudafrika\/#primaryimage"},"thumbnailUrl":"https:\/\/arenatours.com\/wp-content\/uploads\/2024\/02\/viaje-a-sudafrica-a-medida-1.webp","datePublished":"2024-02-22T01:19:43+00:00","dateModified":"2026-01-29T12:31:53+00:00","description":"Ma\u00dfgeschneiderte und organisierte Reisen nach S\u00fcdafrika \u27a1 Entdecken Sie die Magie Afrikas: Safaris und faszinierende St\u00e4dte, ein unglaubliches Abenteuer!","breadcrumb":{"@id":"https:\/\/arenatours.com\/de\/reisen-sudafrika\/#breadcrumb"},"inLanguage":"de","potentialAction":[{"@type":"ReadAction","target":["https:\/\/arenatours.com\/de\/reisen-sudafrika\/"]}]},{"@type":"ImageObject","inLanguage":"de","@id":"https:\/\/arenatours.com\/de\/reisen-sudafrika\/#primaryimage","url":"https:\/\/arenatours.com\/wp-content\/uploads\/2024\/02\/viaje-a-sudafrica-a-medida-1.webp","contentUrl":"https:\/\/arenatours.com\/wp-content\/uploads\/2024\/02\/viaje-a-sudafrica-a-medida-1.webp","width":1900,"height":800},{"@type":"BreadcrumbList","@id":"https:\/\/arenatours.com\/de\/reisen-sudafrika\/#breadcrumb","itemListElement":[{"@type":"ListItem","position":1,"name":"Portada","item":"https:\/\/arenatours.com\/de\/"},{"@type":"ListItem","position":2,"name":"S\u00fcdafrika"}]},{"@type":"WebSite","@id":"http:\/\/arenatours.com\/de\/#website","url":"http:\/\/arenatours.com\/de\/","name":"Arenatours","description":"Spezialisten f\u00fcr ma\u00dfgeschneiderte Reisen auf die Malediven und zu exotischen Reisezielen","publisher":{"@id":"http:\/\/arenatours.com\/de\/#organization"},"potentialAction":[{"@type":"SearchAction","target":{"@type":"EntryPoint","urlTemplate":"http:\/\/arenatours.com\/de\/?s={search_term_string}"},"query-input":{"@type":"PropertyValueSpecification","valueRequired":true,"valueName":"search_term_string"}}],"inLanguage":"de"},{"@type":"Organization","@id":"http:\/\/arenatours.com\/de\/#organization","name":"Arenatours","url":"http:\/\/arenatours.com\/de\/","logo":{"@type":"ImageObject","inLanguage":"de","@id":"http:\/\/arenatours.com\/de\/#\/schema\/logo\/image\/","url":"https:\/\/arenatours.com\/wp-content\/uploads\/2024\/12\/logo-arenatours-x-1-1.png","contentUrl":"https:\/\/arenatours.com\/wp-content\/uploads\/2024\/12\/logo-arenatours-x-1-1.png","width":1200,"height":728,"caption":"Arenatours"},"image":{"@id":"http:\/\/arenatours.com\/de\/#\/schema\/logo\/image\/"},"sameAs":["https:\/\/facebook.com\/arenatoursofficial","https:\/\/x.com\/arenatours"]}]}},"_links":{"self":[{"href":"https:\/\/arenatours.com\/de\/wp-json\/wp\/v2\/pages\/280497","targetHints":{"allow":["GET"]}}],"collection":[{"href":"https:\/\/arenatours.com\/de\/wp-json\/wp\/v2\/pages"}],"about":[{"href":"https:\/\/arenatours.com\/de\/wp-json\/wp\/v2\/types\/page"}],"author":[{"embeddable":true,"href":"https:\/\/arenatours.com\/de\/wp-json\/wp\/v2\/users\/22"}],"replies":[{"embeddable":true,"href":"https:\/\/arenatours.com\/de\/wp-json\/wp\/v2\/comments?post=280497"}],"version-history":[{"count":37,"href":"https:\/\/arenatours.com\/de\/wp-json\/wp\/v2\/pages\/280497\/revisions"}],"predecessor-version":[{"id":372684,"href":"https:\/\/arenatours.com\/de\/wp-json\/wp\/v2\/pages\/280497\/revisions\/372684"}],"wp:featuredmedia":[{"embeddable":true,"href":"https:\/\/arenatours.com\/de\/wp-json\/wp\/v2\/media\/279339"}],"wp:attachment":[{"href":"https:\/\/arenatours.com\/de\/wp-json\/wp\/v2\/media?parent=280497"}],"curies":[{"name":"wp","href":"https:\/\/api.w.org\/{rel}","templated":true}]}}