{"id":280075,"date":"2024-02-21T11:49:20","date_gmt":"2024-02-21T10:49:20","guid":{"rendered":"https:\/\/qa.arenatours.com\/?page_id=280075"},"modified":"2026-01-02T16:55:43","modified_gmt":"2026-01-02T15:55:43","slug":"reisen-oman","status":"publish","type":"page","link":"https:\/\/arenatours.com\/de\/reisen-oman\/","title":{"rendered":"Oman"},"content":{"rendered":"","protected":false},"excerpt":{"rendered":"","protected":false},"author":22,"featured_media":277559,"parent":0,"menu_order":15,"comment_status":"closed","ping_status":"closed","template":"","meta":{"_acf_changed":false,"footnotes":""},"class_list":["post-280075","page","type-page","status-publish","has-post-thumbnail"],"acf":[],"yoast_head":"<!-- This site is optimized with the Yoast SEO plugin v27.3 - https:\/\/yoast.com\/product\/yoast-seo-wordpress\/ -->\n<title>Reisen Oman - L\u00e4nder der W\u00fcsten<\/title>\n<meta name=\"description\" content=\"Eine Reise nach Oman bedeutet, eines der \u00e4ltesten arabischen L\u00e4nder zu entdecken. Ein magischer Ort, an dem Tradition, Kultur und Natur zusammenkommen.\" \/>\n<meta name=\"robots\" content=\"index, follow, max-snippet:-1, max-image-preview:large, max-video-preview:-1\" \/>\n<link rel=\"canonical\" href=\"https:\/\/arenatours.com\/de\/reisen-oman\/\" \/>\n<meta property=\"og:locale\" content=\"de_DE\" \/>\n<meta property=\"og:type\" content=\"article\" \/>\n<meta property=\"og:title\" content=\"Reisen Oman - L\u00e4nder der W\u00fcsten\" \/>\n<meta property=\"og:description\" content=\"Eine Reise nach Oman bedeutet, eines der \u00e4ltesten arabischen L\u00e4nder zu entdecken. Ein magischer Ort, an dem Tradition, Kultur und Natur zusammenkommen.\" \/>\n<meta property=\"og:url\" content=\"https:\/\/arenatours.com\/de\/reisen-oman\/\" \/>\n<meta property=\"og:site_name\" content=\"Arenatours DE\" \/>\n<meta property=\"article:publisher\" content=\"https:\/\/facebook.com\/arenatoursofficial\" \/>\n<meta property=\"article:modified_time\" content=\"2026-01-02T15:55:43+00:00\" \/>\n<meta property=\"og:image\" content=\"https:\/\/arenatours.com\/wp-content\/uploads\/2024\/02\/viajes-oman-destination-.jpg\" \/>\n\t<meta property=\"og:image:width\" content=\"2200\" \/>\n\t<meta property=\"og:image:height\" content=\"600\" \/>\n\t<meta property=\"og:image:type\" content=\"image\/jpeg\" \/>\n<meta name=\"twitter:card\" content=\"summary_large_image\" \/>\n<meta name=\"twitter:site\" content=\"@arenatours\" \/>\n<meta name=\"twitter:label1\" content=\"Gesch\u00e4tzte Lesezeit\" \/>\n\t<meta name=\"twitter:data1\" content=\"14\u00a0Minuten\" \/>\n<script type=\"application\/ld+json\" class=\"yoast-schema-graph\">{\"@context\":\"https:\\\/\\\/schema.org\",\"@graph\":[{\"@type\":\"WebPage\",\"@id\":\"https:\\\/\\\/arenatours.com\\\/de\\\/reisen-oman\\\/\",\"url\":\"https:\\\/\\\/arenatours.com\\\/de\\\/reisen-oman\\\/\",\"name\":\"Reisen Oman - L\u00e4nder der W\u00fcsten\",\"isPartOf\":{\"@id\":\"http:\\\/\\\/arenatours.com\\\/de\\\/#website\"},\"primaryImageOfPage\":{\"@id\":\"https:\\\/\\\/arenatours.com\\\/de\\\/reisen-oman\\\/#primaryimage\"},\"image\":{\"@id\":\"https:\\\/\\\/arenatours.com\\\/de\\\/reisen-oman\\\/#primaryimage\"},\"thumbnailUrl\":\"https:\\\/\\\/arenatours.com\\\/wp-content\\\/uploads\\\/2024\\\/02\\\/viajes-oman-destination-.jpg\",\"datePublished\":\"2024-02-21T10:49:20+00:00\",\"dateModified\":\"2026-01-02T15:55:43+00:00\",\"description\":\"Eine Reise nach Oman bedeutet, eines der \u00e4ltesten arabischen L\u00e4nder zu entdecken. Ein magischer Ort, an dem Tradition, Kultur und Natur zusammenkommen.\",\"breadcrumb\":{\"@id\":\"https:\\\/\\\/arenatours.com\\\/de\\\/reisen-oman\\\/#breadcrumb\"},\"inLanguage\":\"de\",\"potentialAction\":[{\"@type\":\"ReadAction\",\"target\":[\"https:\\\/\\\/arenatours.com\\\/de\\\/reisen-oman\\\/\"]}]},{\"@type\":\"ImageObject\",\"inLanguage\":\"de\",\"@id\":\"https:\\\/\\\/arenatours.com\\\/de\\\/reisen-oman\\\/#primaryimage\",\"url\":\"https:\\\/\\\/arenatours.com\\\/wp-content\\\/uploads\\\/2024\\\/02\\\/viajes-oman-destination-.jpg\",\"contentUrl\":\"https:\\\/\\\/arenatours.com\\\/wp-content\\\/uploads\\\/2024\\\/02\\\/viajes-oman-destination-.jpg\",\"width\":2200,\"height\":600},{\"@type\":\"BreadcrumbList\",\"@id\":\"https:\\\/\\\/arenatours.com\\\/de\\\/reisen-oman\\\/#breadcrumb\",\"itemListElement\":[{\"@type\":\"ListItem\",\"position\":1,\"name\":\"Portada\",\"item\":\"https:\\\/\\\/arenatours.com\\\/de\\\/\"},{\"@type\":\"ListItem\",\"position\":2,\"name\":\"Oman\"}]},{\"@type\":\"WebSite\",\"@id\":\"http:\\\/\\\/arenatours.com\\\/de\\\/#website\",\"url\":\"http:\\\/\\\/arenatours.com\\\/de\\\/\",\"name\":\"Arenatours\",\"description\":\"Spezialisten f\u00fcr ma\u00dfgeschneiderte Reisen auf die Malediven und zu exotischen Reisezielen\",\"publisher\":{\"@id\":\"http:\\\/\\\/arenatours.com\\\/de\\\/#organization\"},\"potentialAction\":[{\"@type\":\"SearchAction\",\"target\":{\"@type\":\"EntryPoint\",\"urlTemplate\":\"http:\\\/\\\/arenatours.com\\\/de\\\/?s={search_term_string}\"},\"query-input\":{\"@type\":\"PropertyValueSpecification\",\"valueRequired\":true,\"valueName\":\"search_term_string\"}}],\"inLanguage\":\"de\"},{\"@type\":\"Organization\",\"@id\":\"http:\\\/\\\/arenatours.com\\\/de\\\/#organization\",\"name\":\"Arenatours\",\"url\":\"http:\\\/\\\/arenatours.com\\\/de\\\/\",\"logo\":{\"@type\":\"ImageObject\",\"inLanguage\":\"de\",\"@id\":\"http:\\\/\\\/arenatours.com\\\/de\\\/#\\\/schema\\\/logo\\\/image\\\/\",\"url\":\"https:\\\/\\\/arenatours.com\\\/wp-content\\\/uploads\\\/2024\\\/12\\\/logo-arenatours-x-1-1.png\",\"contentUrl\":\"https:\\\/\\\/arenatours.com\\\/wp-content\\\/uploads\\\/2024\\\/12\\\/logo-arenatours-x-1-1.png\",\"width\":1200,\"height\":728,\"caption\":\"Arenatours\"},\"image\":{\"@id\":\"http:\\\/\\\/arenatours.com\\\/de\\\/#\\\/schema\\\/logo\\\/image\\\/\"},\"sameAs\":[\"https:\\\/\\\/facebook.com\\\/arenatoursofficial\",\"https:\\\/\\\/x.com\\\/arenatours\"]}]}<\/script>\n<!-- \/ Yoast SEO plugin. -->","yoast_head_json":{"title":"Reisen Oman - L\u00e4nder der W\u00fcsten","description":"Eine Reise nach Oman bedeutet, eines der \u00e4ltesten arabischen L\u00e4nder zu entdecken. Ein magischer Ort, an dem Tradition, Kultur und Natur zusammenkommen.","robots":{"index":"index","follow":"follow","max-snippet":"max-snippet:-1","max-image-preview":"max-image-preview:large","max-video-preview":"max-video-preview:-1"},"canonical":"https:\/\/arenatours.com\/de\/reisen-oman\/","og_locale":"de_DE","og_type":"article","og_title":"Reisen Oman - L\u00e4nder der W\u00fcsten","og_description":"Eine Reise nach Oman bedeutet, eines der \u00e4ltesten arabischen L\u00e4nder zu entdecken. Ein magischer Ort, an dem Tradition, Kultur und Natur zusammenkommen.","og_url":"https:\/\/arenatours.com\/de\/reisen-oman\/","og_site_name":"Arenatours DE","article_publisher":"https:\/\/facebook.com\/arenatoursofficial","article_modified_time":"2026-01-02T15:55:43+00:00","og_image":[{"width":2200,"height":600,"url":"https:\/\/arenatours.com\/wp-content\/uploads\/2024\/02\/viajes-oman-destination-.jpg","type":"image\/jpeg"}],"twitter_card":"summary_large_image","twitter_site":"@arenatours","twitter_misc":{"Gesch\u00e4tzte Lesezeit":"14\u00a0Minuten"},"schema":{"@context":"https:\/\/schema.org","@graph":[{"@type":"WebPage","@id":"https:\/\/arenatours.com\/de\/reisen-oman\/","url":"https:\/\/arenatours.com\/de\/reisen-oman\/","name":"Reisen Oman - L\u00e4nder der W\u00fcsten","isPartOf":{"@id":"http:\/\/arenatours.com\/de\/#website"},"primaryImageOfPage":{"@id":"https:\/\/arenatours.com\/de\/reisen-oman\/#primaryimage"},"image":{"@id":"https:\/\/arenatours.com\/de\/reisen-oman\/#primaryimage"},"thumbnailUrl":"https:\/\/arenatours.com\/wp-content\/uploads\/2024\/02\/viajes-oman-destination-.jpg","datePublished":"2024-02-21T10:49:20+00:00","dateModified":"2026-01-02T15:55:43+00:00","description":"Eine Reise nach Oman bedeutet, eines der \u00e4ltesten arabischen L\u00e4nder zu entdecken. Ein magischer Ort, an dem Tradition, Kultur und Natur zusammenkommen.","breadcrumb":{"@id":"https:\/\/arenatours.com\/de\/reisen-oman\/#breadcrumb"},"inLanguage":"de","potentialAction":[{"@type":"ReadAction","target":["https:\/\/arenatours.com\/de\/reisen-oman\/"]}]},{"@type":"ImageObject","inLanguage":"de","@id":"https:\/\/arenatours.com\/de\/reisen-oman\/#primaryimage","url":"https:\/\/arenatours.com\/wp-content\/uploads\/2024\/02\/viajes-oman-destination-.jpg","contentUrl":"https:\/\/arenatours.com\/wp-content\/uploads\/2024\/02\/viajes-oman-destination-.jpg","width":2200,"height":600},{"@type":"BreadcrumbList","@id":"https:\/\/arenatours.com\/de\/reisen-oman\/#breadcrumb","itemListElement":[{"@type":"ListItem","position":1,"name":"Portada","item":"https:\/\/arenatours.com\/de\/"},{"@type":"ListItem","position":2,"name":"Oman"}]},{"@type":"WebSite","@id":"http:\/\/arenatours.com\/de\/#website","url":"http:\/\/arenatours.com\/de\/","name":"Arenatours","description":"Spezialisten f\u00fcr ma\u00dfgeschneiderte Reisen auf die Malediven und zu exotischen Reisezielen","publisher":{"@id":"http:\/\/arenatours.com\/de\/#organization"},"potentialAction":[{"@type":"SearchAction","target":{"@type":"EntryPoint","urlTemplate":"http:\/\/arenatours.com\/de\/?s={search_term_string}"},"query-input":{"@type":"PropertyValueSpecification","valueRequired":true,"valueName":"search_term_string"}}],"inLanguage":"de"},{"@type":"Organization","@id":"http:\/\/arenatours.com\/de\/#organization","name":"Arenatours","url":"http:\/\/arenatours.com\/de\/","logo":{"@type":"ImageObject","inLanguage":"de","@id":"http:\/\/arenatours.com\/de\/#\/schema\/logo\/image\/","url":"https:\/\/arenatours.com\/wp-content\/uploads\/2024\/12\/logo-arenatours-x-1-1.png","contentUrl":"https:\/\/arenatours.com\/wp-content\/uploads\/2024\/12\/logo-arenatours-x-1-1.png","width":1200,"height":728,"caption":"Arenatours"},"image":{"@id":"http:\/\/arenatours.com\/de\/#\/schema\/logo\/image\/"},"sameAs":["https:\/\/facebook.com\/arenatoursofficial","https:\/\/x.com\/arenatours"]}]}},"_links":{"self":[{"href":"https:\/\/arenatours.com\/de\/wp-json\/wp\/v2\/pages\/280075","targetHints":{"allow":["GET"]}}],"collection":[{"href":"https:\/\/arenatours.com\/de\/wp-json\/wp\/v2\/pages"}],"about":[{"href":"https:\/\/arenatours.com\/de\/wp-json\/wp\/v2\/types\/page"}],"author":[{"embeddable":true,"href":"https:\/\/arenatours.com\/de\/wp-json\/wp\/v2\/users\/22"}],"replies":[{"embeddable":true,"href":"https:\/\/arenatours.com\/de\/wp-json\/wp\/v2\/comments?post=280075"}],"version-history":[{"count":35,"href":"https:\/\/arenatours.com\/de\/wp-json\/wp\/v2\/pages\/280075\/revisions"}],"predecessor-version":[{"id":372129,"href":"https:\/\/arenatours.com\/de\/wp-json\/wp\/v2\/pages\/280075\/revisions\/372129"}],"wp:featuredmedia":[{"embeddable":true,"href":"https:\/\/arenatours.com\/de\/wp-json\/wp\/v2\/media\/277559"}],"wp:attachment":[{"href":"https:\/\/arenatours.com\/de\/wp-json\/wp\/v2\/media?parent=280075"}],"curies":[{"name":"wp","href":"https:\/\/api.w.org\/{rel}","templated":true}]}}