{"id":123968,"date":"2020-04-09T12:54:08","date_gmt":"2020-04-09T10:54:08","guid":{"rendered":"https:\/\/arenatours.com\/?page_id=123968"},"modified":"2025-11-27T15:08:10","modified_gmt":"2025-11-27T14:08:10","slug":"wir-rufen-an","status":"publish","type":"page","link":"https:\/\/arenatours.com\/de\/wir-rufen-an\/","title":{"rendered":"Wir rufen an!"},"content":{"rendered":"\n<h1 class=\"wp-block-heading has-text-align-center\">Wir rufen an!<\/h1>\n\n\n\n<p class=\"has-text-align-center\">Dieser Service ist nur f\u00fcr Italien freigeschaltet. Wenn Sie uns aus einem anderen Land kontaktieren m\u00f6chten, helfen wir Ihnen sehr gerne <a href=\"https:\/\/web.whatsapp.com\/send\/?phone=34622370200\" target=\"_blank\" rel=\"noopener noreferrer\">\u00fcber WhatsApp <\/a>weiter.<\/p>\n\n\n\n<div class=\"wp-block-group form-llamamos\"><div class=\"wp-block-group__inner-container is-layout-flow wp-block-group-is-layout-flow\"><style id=\"wpforms-css-vars-147452\">\n\t\t\t\t#wpforms-147452 {\n\t\t\t\t--wpforms-container-padding: 0px;\n--wpforms-container-border-width: 1px;\n--wpforms-container-border-radius: 3px;\n--wpforms-background-color: rgba(0, 0, 0, 0);\n--wpforms-field-size-input-height: 43px;\n--wpforms-field-size-input-spacing: 15px;\n--wpforms-field-size-font-size: 16px;\n--wpforms-field-size-line-height: 19px;\n--wpforms-field-size-padding-h: 14px;\n--wpforms-field-size-checkbox-size: 16px;\n--wpforms-field-size-sublabel-spacing: 5px;\n--wpforms-field-size-icon-size: 1;\n--wpforms-label-size-font-size: 16px;\n--wpforms-label-size-line-height: 19px;\n--wpforms-label-size-sublabel-font-size: 14px;\n--wpforms-label-size-sublabel-line-height: 17px;\n--wpforms-button-size-font-size: 17px;\n--wpforms-button-size-height: 41px;\n--wpforms-button-size-padding-h: 15px;\n--wpforms-button-size-margin-top: 10px;\n--wpforms-container-shadow-size-box-shadow: none;\n\t\t\t}\n\t\t\t<\/style><div class=\"wpforms-container wpforms-container-full form-contacto wpforms-render-modern\" id=\"wpforms-147452\"><form id=\"wpforms-form-147452\" class=\"wpforms-validate wpforms-form\" data-formid=\"147452\" method=\"post\" enctype=\"multipart\/form-data\" action=\"\/de\/wp-json\/wp\/v2\/pages\/123968\" data-token=\"6145dcc4680174efa5426fdc1c2b5d57\" data-token-time=\"1775312327\"><noscript class=\"wpforms-error-noscript\">Bitte aktiviere JavaScript in deinem Browser, um dieses Formular fertigzustellen.<\/noscript><div id=\"wpforms-error-noscript\" style=\"display: none;\">Bitte aktiviere JavaScript in deinem Browser, um dieses Formular fertigzustellen.<\/div><div class=\"wpforms-field-container\"><div id=\"wpforms-147452-field_0-container\" class=\"wpforms-field wpforms-field-name\" data-field-id=\"0\"><label class=\"wpforms-field-label\" for=\"wpforms-147452-field_0\">Dein Name <span class=\"wpforms-required-label\" aria-hidden=\"true\">*<\/span><\/label><input type=\"text\" id=\"wpforms-147452-field_0\" class=\"wpforms-field-large wpforms-field-required\" name=\"wpforms[fields][0]\" aria-errormessage=\"wpforms-147452-field_0-error\" required><\/div>\t\t<div id=\"wpforms-147452-field_1-container\"\n\t\t\tclass=\"wpforms-field wpforms-field-text\"\n\t\t\tdata-field-type=\"text\"\n\t\t\tdata-field-id=\"1\"\n\t\t\t>\n\t\t\t<label class=\"wpforms-field-label\" for=\"wpforms-147452-field_1\" >Deine Telefon Dein<\/label>\n\t\t\t<input type=\"text\" id=\"wpforms-147452-field_1\" class=\"wpforms-field-medium\" name=\"wpforms[fields][1]\" >\n\t\t<\/div>\n\t\t<div id=\"wpforms-147452-field_5-container\" class=\"wpforms-field wpforms-field-text\" data-field-id=\"5\"><label class=\"wpforms-field-label\" for=\"wpforms-147452-field_5\">Dein Telefon <span class=\"wpforms-required-label\" aria-hidden=\"true\">*<\/span><\/label><input type=\"text\" id=\"wpforms-147452-field_5\" class=\"wpforms-field-large wpforms-field-required\" name=\"wpforms[fields][5]\" aria-errormessage=\"wpforms-147452-field_5-error\" required><\/div><div id=\"wpforms-147452-field_6-container\" class=\"wpforms-field wpforms-field-email\" data-field-id=\"6\"><label class=\"wpforms-field-label\" for=\"wpforms-147452-field_6\">Deine E-Mail <span class=\"wpforms-required-label\" aria-hidden=\"true\">*<\/span><\/label><input type=\"email\" id=\"wpforms-147452-field_6\" class=\"wpforms-field-large wpforms-field-required\" name=\"wpforms[fields][6]\" spellcheck=\"false\" aria-errormessage=\"wpforms-147452-field_6-error\" required><\/div><div id=\"wpforms-147452-field_4-container\" class=\"wpforms-field wpforms-field-checkbox consentimiento\" data-field-id=\"4\"><fieldset><legend class=\"wpforms-field-label wpforms-label-hide\" aria-hidden=\"false\">Consentimiento <span class=\"wpforms-required-label\" aria-hidden=\"true\">*<\/span><\/legend><ul id=\"wpforms-147452-field_4\" class=\"wpforms-field-required\"><li class=\"choice-1 depth-1\"><input type=\"checkbox\" id=\"wpforms-147452-field_4_1\" name=\"wpforms[fields][4][]\" value=\"Ich habe die &lt;a href=&quot;https:\/\/arenatours.com\/de\/datenschutz-bestimmungen\/&quot; target=&quot;_blank&quot;&gt; Datenschutzbestimmungen &lt;\/a&gt; gelesen und akzeptiere sie\" aria-errormessage=\"wpforms-147452-field_4_1-error\" required ><label class=\"wpforms-field-label-inline\" for=\"wpforms-147452-field_4_1\">Ich habe die <a href=\"https:\/\/arenatours.com\/de\/datenschutz-bestimmungen\/\" target=\"_blank\"> Datenschutzbestimmungen <\/a> gelesen und akzeptiere sie<\/label><\/li><\/ul><\/fieldset><\/div><script>\n\t\t\t\t( function() {\n\t\t\t\t\tconst style = document.createElement( 'style' );\n\t\t\t\t\tstyle.appendChild( document.createTextNode( '#wpforms-147452-field_1-container { position: absolute !important; overflow: hidden !important; display: inline !important; height: 1px !important; width: 1px !important; z-index: -1000 !important; padding: 0 !important; } #wpforms-147452-field_1-container input { visibility: hidden; } #wpforms-conversational-form-page #wpforms-147452-field_1-container label { counter-increment: none; }' ) );\n\t\t\t\t\tdocument.head.appendChild( style );\n\t\t\t\t\tdocument.currentScript?.remove();\n\t\t\t\t} )();\n\t\t\t<\/script><\/div><!-- .wpforms-field-container --><div class=\"wpforms-recaptcha-container wpforms-is-recaptcha wpforms-is-recaptcha-type-v2\" ><div class=\"g-recaptcha\" data-sitekey=\"6LeuLnQsAAAAAK1nqYPFEfd56YZoLboVNM2I_GvP\"><\/div><input type=\"text\" name=\"g-recaptcha-hidden\" class=\"wpforms-recaptcha-hidden\" style=\"position:absolute!important;clip:rect(0,0,0,0)!important;height:1px!important;width:1px!important;border:0!important;overflow:hidden!important;padding:0!important;margin:0!important;\" data-rule-recaptcha=\"1\"><\/div><div class=\"wpforms-submit-container\" ><input type=\"hidden\" name=\"wpforms[id]\" value=\"147452\"><input type=\"hidden\" name=\"page_title\" value=\"\"><input type=\"hidden\" name=\"page_url\" value=\"https:\/\/arenatours.com\/de\/wp-json\/wp\/v2\/pages\/123968\"><input type=\"hidden\" name=\"url_referer\" value=\"\"><button type=\"submit\" name=\"wpforms[submit]\" id=\"wpforms-submit-147452\" class=\"wpforms-submit btn-envio btn button\" data-alt-text=\"Enviando...\" data-submit-text=\"Senden\" aria-live=\"assertive\" value=\"wpforms-submit\">Senden<\/button><\/div><\/form><\/div>  <!-- .wpforms-container -->\n<\/div><\/div>\n\n\n\n<p class=\"has-text-align-center has-small-font-size\">Diese Website ist durch reCAPTCHA gesch\u00fctzt und es gelten die <a href=\"https:\/\/policies.google.com\/privacy\"> Datenschutzrichtlinien<\/a> und <a href=\"https:\/\/policies.google.com\/terms\">Nutzungsbedingungen<\/a> von Google.<br>In \u00dcbereinstimmung mit der Verordnung (EU) 2016\/679 \u00fcber den Schutz personenbezogener Daten und dem Organgesetz 3\/2018 \u00fcber den Datenschutz und die Gew\u00e4hrleistung digitaler Rechte, ist VIAJES ARENA TOURS SL, mit der Steuernummer CIFB84916337 und der Adresse PASEO DE LA CASTELLANA, 259 C, MADRID (28046), MADRID, verantwortlich f\u00fcr die Verarbeitung Ihrer personenbezogenen Daten.<\/p>\n","protected":false},"excerpt":{"rendered":"<p>Wir rufen an! Dieser Service ist nur f\u00fcr Italien freigeschaltet. Wenn Sie uns aus einem anderen Land kontaktieren m\u00f6chten, helfen wir Ihnen sehr gerne \u00fcber WhatsApp weiter. Diese Website ist durch reCAPTCHA gesch\u00fctzt und es gelten die Datenschutzrichtlinien und Nutzungsbedingungen von Google.In \u00dcbereinstimmung mit der Verordnung (EU) 2016\/679 \u00fcber den Schutz personenbezogener Daten und dem &#8230; <a title=\"Wir rufen an!\" class=\"read-more\" href=\"https:\/\/arenatours.com\/de\/wir-rufen-an\/\" aria-label=\"Mehr Informationen \u00fcber Wir rufen an!\">Weiterlesen<\/a><\/p>\n","protected":false},"author":3,"featured_media":274205,"parent":0,"menu_order":100,"comment_status":"closed","ping_status":"closed","template":"","meta":{"_acf_changed":false,"footnotes":""},"class_list":["post-123968","page","type-page","status-publish","has-post-thumbnail"],"acf":[],"yoast_head":"<!-- This site is optimized with the Yoast SEO plugin v27.3 - https:\/\/yoast.com\/product\/yoast-seo-wordpress\/ -->\n<title>Arenatours Wir rufen an!<\/title>\n<meta name=\"robots\" content=\"noindex, follow\" \/>\n<meta property=\"og:locale\" content=\"de_DE\" \/>\n<meta property=\"og:type\" content=\"article\" \/>\n<meta property=\"og:title\" content=\"Arenatours Wir rufen an!\" \/>\n<meta property=\"og:description\" content=\"Wir rufen an! Dieser Service ist nur f\u00fcr Italien freigeschaltet. Wenn Sie uns aus einem anderen Land kontaktieren m\u00f6chten, helfen wir Ihnen sehr gerne \u00fcber WhatsApp weiter. Diese Website ist durch reCAPTCHA gesch\u00fctzt und es gelten die Datenschutzrichtlinien und Nutzungsbedingungen von Google.In \u00dcbereinstimmung mit der Verordnung (EU) 2016\/679 \u00fcber den Schutz personenbezogener Daten und dem ... Weiterlesen\" \/>\n<meta property=\"og:url\" content=\"https:\/\/arenatours.com\/de\/wir-rufen-an\/\" \/>\n<meta property=\"og:site_name\" content=\"Arenatours DE\" \/>\n<meta property=\"article:publisher\" content=\"https:\/\/facebook.com\/arenatoursofficial\" \/>\n<meta property=\"article:modified_time\" content=\"2025-11-27T14:08:10+00:00\" \/>\n<meta property=\"og:image\" content=\"https:\/\/arenatours.com\/wp-content\/uploads\/2024\/02\/le-meridien-maldivas-8.webp\" \/>\n\t<meta property=\"og:image:width\" content=\"1180\" \/>\n\t<meta property=\"og:image:height\" content=\"596\" \/>\n\t<meta property=\"og:image:type\" content=\"image\/webp\" \/>\n<meta name=\"twitter:card\" content=\"summary_large_image\" \/>\n<meta name=\"twitter:site\" content=\"@arenatours\" \/>\n<meta name=\"twitter:label1\" content=\"Gesch\u00e4tzte Lesezeit\" \/>\n\t<meta name=\"twitter:data1\" content=\"1\u00a0Minute\" \/>\n<script type=\"application\/ld+json\" class=\"yoast-schema-graph\">{\"@context\":\"https:\\\/\\\/schema.org\",\"@graph\":[{\"@type\":\"WebPage\",\"@id\":\"https:\\\/\\\/arenatours.com\\\/de\\\/wir-rufen-an\\\/\",\"url\":\"https:\\\/\\\/arenatours.com\\\/de\\\/wir-rufen-an\\\/\",\"name\":\"Arenatours Wir rufen an!\",\"isPartOf\":{\"@id\":\"http:\\\/\\\/arenatours.com\\\/de\\\/#website\"},\"primaryImageOfPage\":{\"@id\":\"https:\\\/\\\/arenatours.com\\\/de\\\/wir-rufen-an\\\/#primaryimage\"},\"image\":{\"@id\":\"https:\\\/\\\/arenatours.com\\\/de\\\/wir-rufen-an\\\/#primaryimage\"},\"thumbnailUrl\":\"https:\\\/\\\/arenatours.com\\\/wp-content\\\/uploads\\\/2024\\\/02\\\/le-meridien-maldivas-8.webp\",\"datePublished\":\"2020-04-09T10:54:08+00:00\",\"dateModified\":\"2025-11-27T14:08:10+00:00\",\"breadcrumb\":{\"@id\":\"https:\\\/\\\/arenatours.com\\\/de\\\/wir-rufen-an\\\/#breadcrumb\"},\"inLanguage\":\"de\",\"potentialAction\":[{\"@type\":\"ReadAction\",\"target\":[\"https:\\\/\\\/arenatours.com\\\/de\\\/wir-rufen-an\\\/\"]}]},{\"@type\":\"ImageObject\",\"inLanguage\":\"de\",\"@id\":\"https:\\\/\\\/arenatours.com\\\/de\\\/wir-rufen-an\\\/#primaryimage\",\"url\":\"https:\\\/\\\/arenatours.com\\\/wp-content\\\/uploads\\\/2024\\\/02\\\/le-meridien-maldivas-8.webp\",\"contentUrl\":\"https:\\\/\\\/arenatours.com\\\/wp-content\\\/uploads\\\/2024\\\/02\\\/le-meridien-maldivas-8.webp\",\"width\":1180,\"height\":596},{\"@type\":\"BreadcrumbList\",\"@id\":\"https:\\\/\\\/arenatours.com\\\/de\\\/wir-rufen-an\\\/#breadcrumb\",\"itemListElement\":[{\"@type\":\"ListItem\",\"position\":1,\"name\":\"Portada\",\"item\":\"https:\\\/\\\/arenatours.com\\\/de\\\/\"},{\"@type\":\"ListItem\",\"position\":2,\"name\":\"Wir rufen an!\"}]},{\"@type\":\"WebSite\",\"@id\":\"http:\\\/\\\/arenatours.com\\\/de\\\/#website\",\"url\":\"http:\\\/\\\/arenatours.com\\\/de\\\/\",\"name\":\"Arenatours\",\"description\":\"Spezialisten f\u00fcr ma\u00dfgeschneiderte Reisen auf die Malediven und zu exotischen Reisezielen\",\"publisher\":{\"@id\":\"http:\\\/\\\/arenatours.com\\\/de\\\/#organization\"},\"potentialAction\":[{\"@type\":\"SearchAction\",\"target\":{\"@type\":\"EntryPoint\",\"urlTemplate\":\"http:\\\/\\\/arenatours.com\\\/de\\\/?s={search_term_string}\"},\"query-input\":{\"@type\":\"PropertyValueSpecification\",\"valueRequired\":true,\"valueName\":\"search_term_string\"}}],\"inLanguage\":\"de\"},{\"@type\":\"Organization\",\"@id\":\"http:\\\/\\\/arenatours.com\\\/de\\\/#organization\",\"name\":\"Arenatours\",\"url\":\"http:\\\/\\\/arenatours.com\\\/de\\\/\",\"logo\":{\"@type\":\"ImageObject\",\"inLanguage\":\"de\",\"@id\":\"http:\\\/\\\/arenatours.com\\\/de\\\/#\\\/schema\\\/logo\\\/image\\\/\",\"url\":\"https:\\\/\\\/arenatours.com\\\/wp-content\\\/uploads\\\/2024\\\/12\\\/logo-arenatours-x-1-1.png\",\"contentUrl\":\"https:\\\/\\\/arenatours.com\\\/wp-content\\\/uploads\\\/2024\\\/12\\\/logo-arenatours-x-1-1.png\",\"width\":1200,\"height\":728,\"caption\":\"Arenatours\"},\"image\":{\"@id\":\"http:\\\/\\\/arenatours.com\\\/de\\\/#\\\/schema\\\/logo\\\/image\\\/\"},\"sameAs\":[\"https:\\\/\\\/facebook.com\\\/arenatoursofficial\",\"https:\\\/\\\/x.com\\\/arenatours\"]}]}<\/script>\n<!-- \/ Yoast SEO plugin. -->","yoast_head_json":{"title":"Arenatours Wir rufen an!","robots":{"index":"noindex","follow":"follow"},"og_locale":"de_DE","og_type":"article","og_title":"Arenatours Wir rufen an!","og_description":"Wir rufen an! Dieser Service ist nur f\u00fcr Italien freigeschaltet. Wenn Sie uns aus einem anderen Land kontaktieren m\u00f6chten, helfen wir Ihnen sehr gerne \u00fcber WhatsApp weiter. Diese Website ist durch reCAPTCHA gesch\u00fctzt und es gelten die Datenschutzrichtlinien und Nutzungsbedingungen von Google.In \u00dcbereinstimmung mit der Verordnung (EU) 2016\/679 \u00fcber den Schutz personenbezogener Daten und dem ... Weiterlesen","og_url":"https:\/\/arenatours.com\/de\/wir-rufen-an\/","og_site_name":"Arenatours DE","article_publisher":"https:\/\/facebook.com\/arenatoursofficial","article_modified_time":"2025-11-27T14:08:10+00:00","og_image":[{"width":1180,"height":596,"url":"https:\/\/arenatours.com\/wp-content\/uploads\/2024\/02\/le-meridien-maldivas-8.webp","type":"image\/webp"}],"twitter_card":"summary_large_image","twitter_site":"@arenatours","twitter_misc":{"Gesch\u00e4tzte Lesezeit":"1\u00a0Minute"},"schema":{"@context":"https:\/\/schema.org","@graph":[{"@type":"WebPage","@id":"https:\/\/arenatours.com\/de\/wir-rufen-an\/","url":"https:\/\/arenatours.com\/de\/wir-rufen-an\/","name":"Arenatours Wir rufen an!","isPartOf":{"@id":"http:\/\/arenatours.com\/de\/#website"},"primaryImageOfPage":{"@id":"https:\/\/arenatours.com\/de\/wir-rufen-an\/#primaryimage"},"image":{"@id":"https:\/\/arenatours.com\/de\/wir-rufen-an\/#primaryimage"},"thumbnailUrl":"https:\/\/arenatours.com\/wp-content\/uploads\/2024\/02\/le-meridien-maldivas-8.webp","datePublished":"2020-04-09T10:54:08+00:00","dateModified":"2025-11-27T14:08:10+00:00","breadcrumb":{"@id":"https:\/\/arenatours.com\/de\/wir-rufen-an\/#breadcrumb"},"inLanguage":"de","potentialAction":[{"@type":"ReadAction","target":["https:\/\/arenatours.com\/de\/wir-rufen-an\/"]}]},{"@type":"ImageObject","inLanguage":"de","@id":"https:\/\/arenatours.com\/de\/wir-rufen-an\/#primaryimage","url":"https:\/\/arenatours.com\/wp-content\/uploads\/2024\/02\/le-meridien-maldivas-8.webp","contentUrl":"https:\/\/arenatours.com\/wp-content\/uploads\/2024\/02\/le-meridien-maldivas-8.webp","width":1180,"height":596},{"@type":"BreadcrumbList","@id":"https:\/\/arenatours.com\/de\/wir-rufen-an\/#breadcrumb","itemListElement":[{"@type":"ListItem","position":1,"name":"Portada","item":"https:\/\/arenatours.com\/de\/"},{"@type":"ListItem","position":2,"name":"Wir rufen an!"}]},{"@type":"WebSite","@id":"http:\/\/arenatours.com\/de\/#website","url":"http:\/\/arenatours.com\/de\/","name":"Arenatours","description":"Spezialisten f\u00fcr ma\u00dfgeschneiderte Reisen auf die Malediven und zu exotischen Reisezielen","publisher":{"@id":"http:\/\/arenatours.com\/de\/#organization"},"potentialAction":[{"@type":"SearchAction","target":{"@type":"EntryPoint","urlTemplate":"http:\/\/arenatours.com\/de\/?s={search_term_string}"},"query-input":{"@type":"PropertyValueSpecification","valueRequired":true,"valueName":"search_term_string"}}],"inLanguage":"de"},{"@type":"Organization","@id":"http:\/\/arenatours.com\/de\/#organization","name":"Arenatours","url":"http:\/\/arenatours.com\/de\/","logo":{"@type":"ImageObject","inLanguage":"de","@id":"http:\/\/arenatours.com\/de\/#\/schema\/logo\/image\/","url":"https:\/\/arenatours.com\/wp-content\/uploads\/2024\/12\/logo-arenatours-x-1-1.png","contentUrl":"https:\/\/arenatours.com\/wp-content\/uploads\/2024\/12\/logo-arenatours-x-1-1.png","width":1200,"height":728,"caption":"Arenatours"},"image":{"@id":"http:\/\/arenatours.com\/de\/#\/schema\/logo\/image\/"},"sameAs":["https:\/\/facebook.com\/arenatoursofficial","https:\/\/x.com\/arenatours"]}]}},"_links":{"self":[{"href":"https:\/\/arenatours.com\/de\/wp-json\/wp\/v2\/pages\/123968","targetHints":{"allow":["GET"]}}],"collection":[{"href":"https:\/\/arenatours.com\/de\/wp-json\/wp\/v2\/pages"}],"about":[{"href":"https:\/\/arenatours.com\/de\/wp-json\/wp\/v2\/types\/page"}],"author":[{"embeddable":true,"href":"https:\/\/arenatours.com\/de\/wp-json\/wp\/v2\/users\/3"}],"replies":[{"embeddable":true,"href":"https:\/\/arenatours.com\/de\/wp-json\/wp\/v2\/comments?post=123968"}],"version-history":[{"count":3,"href":"https:\/\/arenatours.com\/de\/wp-json\/wp\/v2\/pages\/123968\/revisions"}],"predecessor-version":[{"id":327748,"href":"https:\/\/arenatours.com\/de\/wp-json\/wp\/v2\/pages\/123968\/revisions\/327748"}],"wp:featuredmedia":[{"embeddable":true,"href":"https:\/\/arenatours.com\/de\/wp-json\/wp\/v2\/media\/274205"}],"wp:attachment":[{"href":"https:\/\/arenatours.com\/de\/wp-json\/wp\/v2\/media?parent=123968"}],"curies":[{"name":"wp","href":"https:\/\/api.w.org\/{rel}","templated":true}]}}