{"id":123783,"date":"2016-08-16T16:19:56","date_gmt":"2016-08-16T14:19:56","guid":{"rendered":"https:\/\/arenatours.com\/?page_id=123783"},"modified":"2024-11-05T17:00:56","modified_gmt":"2024-11-05T16:00:56","slug":"cookie-richtlinie","status":"publish","type":"page","link":"https:\/\/arenatours.com\/de\/cookie-richtlinie\/","title":{"rendered":"Cookie-Richtlinie"},"content":{"rendered":"\n<h1 class=\"wp-block-heading h-borde\">Cookie-Richtlinie<\/h1>\n\n\n\n<p>Diese Hinweise wurden von Arenatours erstellt, um Sie dar\u00fcber zu informieren, was Cookies sind und welche Cookies wir auf unserer Website verwenden, sowie um Sie dabei zu unterst\u00fctzen, diese Cookies nach Ihren W\u00fcnschen zu verwalten.<\/p>\n\n\n\n<p>Zustimmung zur Cookies-Meldung erkl\u00e4ren Sie sich mit der Speicherung der Cookies einverstanden, \u00fcber die Sie von uns informiert wurden oder die Sie selbst eingestellt haben (es sei denn, Sie haben Ihren Browser so voreingestellt, dass alle oder nur bestimmte Cookies automatisch abgelehnt werden).<\/p>\n\n\n\n<h2 class=\"wp-block-heading custom_cookies\">ALLGEMEINE INFORMATIONEN ZU COOKIES:<\/h2>\n\n\n\n<p>Ein Cookie ist eine kleine Textdatei, die von einer Website im Browser des Nutzers abgelegt wird. Cookies erleichtern die Nutzung und das Browsen durch eine Website und sind f\u00fcr das Funktionieren des Internets unerl\u00e4sslich, da sie viele Vorteile bei der Erbringung von interaktiven Dienstleistungen bieten.<\/p>\n\n\n\n<p>Cookies werden beispielsweise verwendet, um Nutzer-Sessions zu verwalten (und damit die H\u00e4ufigkeit zu reduzieren, mit der das Passwort eingegeben werden muss) und um die Inhalte einer Website an die Pr\u00e4ferenzen des Nutzers anzupassen.<\/p>\n\n\n\n<p>Man unterscheidet zwischen den sogenannten Session-Cookies, die automatisch gel\u00f6scht werden, sobald der Nutzer die entsprechende Website wieder verl\u00e4sst, und den persistenten Cookies, die f\u00fcr einen bestimmten Zeitraum auf dem Endger\u00e4t des Nutzers gespeichert werden.<\/p>\n\n\n\n<p>Dar\u00fcber hinaus wird zwischen \u201eeigenen\u201c Cookies und \u201eDrittanbieter\u201c-Cookies unterschieden. Eigene Cookies werden von Ger\u00e4ten oder Domains auf dem Endger\u00e4t des Nutzers abgelegt, die von Arenatours betrieben werden, w\u00e4hrend Drittanbieter-Cookies diejenigen sind, die von einem von Arenatours beauftragten Diensteanbieter (z.B. dem Webanalysedienst von Google) an das Endger\u00e4t des Nutzers gesendet werden.<\/p>\n\n\n\n<p>Die vorliegende Cookies-Politik wurde auf Grundlage eines externen Audits erstellt und unterliegt regelm\u00e4\u00dfigen Aktualisierungen. Sie soll Ihnen helfen, zu verstehen, wie unsere Website Cookies verwendet, welchen Zweck die verwendeten Cookies haben und wie Sie diese Cookies verwalten k\u00f6nnen.<\/p>\n\n\n\n<p>Ist Ihr Browser bei der Nutzung unserer Website so eingestellt, dass Cookies akzeptiert werden, gehen wir davon aus, dass Sie mit der auf unserer Website eingesetzten Cookie-Technologie einverstanden sind.<\/p>\n\n\n\n<h2 class=\"wp-block-heading custom_cookies\">VON DIESER WEBSITE GESETZTE COOKIES:<\/h2>\n\n\n\n<p><u>Technische Cookies f\u00fcr interne Zwecke:<\/u><\/p>\n\n\n\n<p>Diese Website verwendet Cookies f\u00fcr den internen Gebrauch, die f\u00fcr das einwandfreie Funktionieren der Website unerl\u00e4sslich sind, wie etwa f\u00fcr die Authentifizierung oder die Aufrechterhaltung der Session des registrierten Nutzers beim Surfen durch die Website, das Speichern von Favoriten oder die Anzeige von Produkten, die nur in dem Land verf\u00fcgbar sind, von dem aus Sie unsere Website besuchen.<\/p>\n\n\n\n<p><u>Analyse-Cookies:<\/u><\/p>\n\n\n\n<p>Diese Website verwendet Analyse-Cookies zur Erstellung von Statistiken \u00fcber das Surfverhalten des Nutzers auf der Website und ihre allgemeine Nutzung. Die gesammelten Informationen erm\u00f6glichen es uns, die Navigation auf unserer Website zu optimieren und den bestm\u00f6glichen Service f\u00fcr den Nutzer zu gew\u00e4hrleisten, indem wir unter anderem die Anzahl der besuchten Seiten, die verwendete Sprache, die H\u00e4ufigkeit und Wiederholung der Besuche, die Uhrzeit der Besuche oder den verwendeten Browser erfassen. Der Nutzer kann die Verfolgung seiner Aktivit\u00e4t mithilfe der Opt-Out-Funktion der Analysetools oder \u00fcber die Einstellungen seines Browsers jederzeit unterbinden.<\/p>\n\n\n\n<p>Die zur Erfassung dieser Informationen eingesetzten Anwendungen sind folgende:<\/p>\n\n\n\n<ul class=\"wp-block-list\">\n<li>Google: <a href=\"https:\/\/policies.google.com\/technologies\/partner-sites\">https:\/\/policies.google.com\/technologies\/partner-sites<\/a><\/li>\n<\/ul>\n\n\n\n<p><u>Werbe-Cookies:<\/u><\/p>\n\n\n\n<p>Diese Cookies werden f\u00fcr gew\u00f6hnlich von Drittanbietern gesetzt, die die den Besuchern unserer Website angezeigten Werbefl\u00e4chen verwalten. Sie erm\u00f6glichen es uns, die Effektivit\u00e4t unserer Online-Kampagnen zu messen, den Nutzern interessenbezogene Informationen und personalisierte Werbeinhalte anzubieten sowie die H\u00e4ufigkeit der Werbeeinblendungen bei dem einzelnen Nutzer zu begrenzen.<\/p>\n\n\n\n<p>Im Einklang mit ihren eigenen Datenschutzerkl\u00e4rungen k\u00f6nnen einige Werbeanzeigenmanager anonyme Cookies verwenden, um Ihnen interessenbezogene Werbung anzuzeigen, wenn Sie andere Websites besuchen. Die Nutzer k\u00f6nnen jedoch \u00fcber ihre Browsereinstellungen steuern, ob sie diese Cookies akzeptieren oder nicht.<\/p>\n\n\n\n<ul class=\"wp-block-list\">\n<li><strong>Service:<\/strong>\u00a0Google.\u00a0<strong>Anbieter:<\/strong>\u00a0Google.\u00a0<strong>Weitere Informationen:<\/strong>\u00a0<a href=\"https:\/\/marketingplatform.google.com\/about\/enterprise\/\" target=\"_blank\" rel=\"noreferrer noopener\">https:\/\/marketingplatform.google.com\/about\/enterprise\/<\/a><\/li>\n\n\n\n<li><strong>Service:<\/strong>\u00a0WCM (Adserver).\u00a0<strong>Anbieter:<\/strong>\u00a0WEBORAMA.\u00a0<strong>Weitere Informationen:<\/strong>\u00a0<a href=\"https:\/\/weborama.com\/privacy\/\" target=\"_blank\" rel=\"noreferrer noopener\">https:\/\/weborama.com\/privacy\/<\/a><\/li>\n\n\n\n<li><strong>Service:<\/strong>\u00a0WAM (DMP).\u00a0<strong>Anbieter:<\/strong>\u00a0WEBORAMA.\u00a0<strong>Weitere Informationen:<\/strong>\u00a0<a href=\"https:\/\/weborama.com\/privacy\/\" target=\"_blank\" rel=\"noreferrer noopener\">https:\/\/weborama.com\/privacy\/<\/a><\/li>\n\n\n\n<li><strong>Service:<\/strong>\u00a0<strong>Anbieter:<\/strong>\u00a0MEDIAMATH.\u00a0<strong>Weitere Informationen:<\/strong>\u00a0<a href=\"https:\/\/www.mediamath.com\/privacy-policy\/\" target=\"_blank\" rel=\"noreferrer noopener\">https:\/\/www.mediamath.com\/privacy-policy\/<\/a><\/li>\n\n\n\n<li><strong>Service:<\/strong>\u00a0Google Tagmanager.\u00a0<strong>Anbieter:<\/strong>\u00a0Google.\u00a0<strong>Weitere Informationen:<\/strong>\u00a0<a href=\"https:\/\/marketingplatform.google.com\/about\/tag-manager\/\" target=\"_blank\" rel=\"noreferrer noopener\">https:\/\/marketingplatform.google.com\/about\/tag-manager\/<\/a><\/li>\n\n\n\n<li><strong>Service:<\/strong>\u00a0Pinterest.\u00a0<strong>Anbieter:<\/strong>\u00a0Pinterest.\u00a0<strong>Weitere Informationen:<\/strong>\u00a0<a href=\"https:\/\/policy.pinterest.com\/privacy-policy\" target=\"_blank\" rel=\"noreferrer noopener\">https:\/\/policy.pinterest.com\/privacy-policy<\/a><\/li>\n\n\n\n<li><strong>Service:<\/strong>&nbsp;Custom Audience.&nbsp;<strong>Anbieter:<\/strong>&nbsp;Facebook.&nbsp;<strong>Weitere Informationen:<\/strong>&nbsp;<a href=\"https:\/\/www.facebook.com\/legal\/terms\/customaudience\" target=\"_blank\" rel=\"noreferrer noopener\">https:\/\/facebook.com\/legal\/terms\/customaudience<\/a><\/li>\n\n\n\n<li><strong>Service:<\/strong>&nbsp;Lookalike Audience.&nbsp;<strong>Anbieter:<\/strong>&nbsp;Facebook.&nbsp;<strong>Weitere Informationen:<\/strong>&nbsp;<a href=\"https:\/\/www.facebook.com\/business\/help\/164749007013531\">https:\/\/facebook.com\/business\/help\/568137493302217<\/a><\/li>\n<\/ul>\n\n\n\n<p><u>Cookies f\u00fcr Social-Media-Funktionen:<\/u><\/p>\n\n\n\n<p>Einige soziale Netzwerke wie Facebook sowie Websites und Dienste von Drittanbietern bieten Werbetreibenden die M\u00f6glichkeit, in ihrer eigenen Umgebung personalisierte Zielgruppen aus denjenigen Nutzern dieser Netzwerke, Websites oder Dienste zu erstellen, die unsere Website bereits besucht haben.<\/p>\n\n\n\n<p>Dies erm\u00f6glicht es uns, diese Nutzer direkt im Umfeld der Drittanbieter anzusprechen, indem wir Informationen, Angebote oder Werbeinhalte anzeigen, die auf die Interessen unserer Nutzer zugeschnitten sind.<\/p>\n\n\n\n<ul class=\"wp-block-list\">\n<li><strong>Service:<\/strong>&nbsp;Custom Audience.&nbsp;<strong>Anbieter:<\/strong>&nbsp;Facebook.<\/li>\n\n\n\n<li><strong>Service:<\/strong>&nbsp;Pinterest.&nbsp;<strong>Anbieter:<\/strong>&nbsp;Pinterest.<\/li>\n<\/ul>\n\n\n\n<p>Des Weiteren sind verschiedene Bereiche und Inhalte unserer Website mit Social-Media-Buttons versehen, damit die Nutzer unsere Inhalte in sozialen Netzwerken teilen k\u00f6nnen.<\/p>\n\n\n\n<p>Wir haben keine Kontrolle \u00fcber die Cookies, die von dem jeweiligen sozialen Netzwerk gesetzt werden. Allerdings handelt es sich in der Regel um technische Cookies zur Steuerung der Anmeldung oder zur Anzeige des Z\u00e4hlers, der angibt, wie oft ein bestimmter Inhalt geteilt wurde.<\/p>\n\n\n\n<p>Wir empfehlen allen Nutzern, die Datenschutz- und Cookie-Hinweise der einzelnen sozialen Netzwerke aufmerksam durchzulesen und gegebenenfalls ihre Datenschutzeinstellungen in den jeweiligen Netzwerken zu \u00e4ndern, um die eventuelle Nutzung von Tracking-Instrumenten einzuschr\u00e4nken.<\/p>\n\n\n\n<h2 class=\"wp-block-heading custom_cookies\">GARANTIEN UND OPTIONEN BEZ\u00dcGLICH COOKIES<\/h2>\n\n\n\n<p>Der Nutzer hat zu jeder Zeit die M\u00f6glichkeit, die Speicherung von Cookies generell zu akzeptieren oder abzulehnen oder aber die Speicherung von bestimmten Cookies wie etwa Werbe-Cookies und Drittanbieter-Cookies zu unterbinden. Dar\u00fcber hinaus kann er nach jeder Session alle oder einige der gespeicherten Cookies l\u00f6schen.<\/p>\n\n\n\n<p>Ebenso kann der Nutzer folgende Einstellungen aktivieren:<\/p>\n\n\n\n<p>\u2013 den Inkognito-Modus, bei dem sein Browser den Browserverlauf, Website-Passw\u00f6rter, Cookies und andere Informationen der besuchten Seiten nicht mehr speichert, oder<\/p>\n\n\n\n<p>\u2013 die Anti-Tracking-Funktion, bei der der Browser die besuchten Websites auffordert, das Surfverhalten des Nutzers nicht zu tracken, um ihm beispielsweise interessenbasierte Werbung anzuzeigen.<\/p>\n\n\n\n<p>Wir empfehlen Ihnen, sich im Hilfe-Men\u00fc Ihres Browsers \u00fcber die verschiedenen Optionen zur Verwaltung von Cookies zu informieren. Ber\u00fccksichtigen Sie bitte, dass das Blockieren von Cookies dazu f\u00fchren kann, dass Sie die Funktionen unserer Website nicht oder nur eingeschr\u00e4nkt nutzen k\u00f6nnen. Um Ihnen die Verwaltung von Cookies zu erleichtern, finden Sie nachfolgend Links zu den Hilfe-Men\u00fcs oder Cookie-Einstellungen der wichtigsten Browser:<\/p>\n\n\n\n<ul class=\"wp-block-list\">\n<li>Microsoft Internet Explorer 11<\/li>\n\n\n\n<li>Microsoft Edge<\/li>\n\n\n\n<li>Apple MacOS Safari<\/li>\n\n\n\n<li>Google Chrome<\/li>\n\n\n\n<li>Mozilla Firefox<\/li>\n<\/ul>\n\n\n\n<p>Die obigen Links k\u00f6nnen gegebenenfalls von den Entwicklern der jeweiligen Browser aktualisiert werden. Arenatours wird sich in angemessener Weise bem\u00fchen, die Liste auf dem neuesten Stand zu halten. Sollte ein Link nicht funktionieren oder nicht mehr aktuell sein, rufen Sie bitte das Hilfe-Men\u00fc Ihres Browsers auf.<\/p>\n\n\n\n<p>Wenn Sie eine bessere Kontrolle \u00fcber die Speicherung von Cookies haben m\u00f6chten, k\u00f6nnen Sie Programme oder Add-ons in Ihrem Browser installieren, die als \u201eDo Not Track\u201c-Tools bekannt sind und es Ihnen erm\u00f6glichen, auszuw\u00e4hlen, welche Cookies Sie zulassen m\u00f6chten.<\/p>\n\n\n\n<h2 class=\"wp-block-heading custom_cookies\">WIDERSPRUCH GEGEN DEN EINSATZ VON COOKIES DURCH DIENSTEANBIETER<\/h2>\n\n\n\n<p>Beim ersten Besuch unserer Website bieten wir Ihnen die M\u00f6glichkeit, festzulegen, welche Cookies Sie zulassen m\u00f6chten. Sie k\u00f6nnen die Speicherung von Cookies generell ablehnen; davon ausgenommen sind jedoch die technischen Cookies, die f\u00fcr das ordnungsgem\u00e4\u00dfe Funktionieren der Website erforderlich sind.<\/p>\n\n\n\n<p>Ebenso kann der Nutzer, wie im vorherigen Abschnitt beschrieben, jederzeit durch die entsprechenden Einstellungen in seinem Browser die Speicherung einer bestimmten Art von Cookies, wie z.B. Werbe- und Drittanbieter-Cookies, ablehnen.<\/p>\n\n\n\n<p>Wenn Sie in der anf\u00e4nglichen Cookie-Meldung der Installation einer bestimmten Kategorie von Cookies zugestimmt haben und sp\u00e4ter dieser Installation oder Speicherung widersprechen m\u00f6chten, m\u00fcssen Sie die bereits installierten Cookies \u00fcber die Browsereinstellungen l\u00f6schen und diejenigen, die Sie zulassen m\u00f6chten, neu konfigurieren.<\/p>\n\n\n\n<p>Au\u00dferdem haben einige unserer Diensteanbieter Systeme eingerichtet, um der Speicherung ihrer &nbsp;Cookies&nbsp; direkt zu widersprechen. Nachstehend eine Aufstellung dieser Diensteanbieter mit den entsprechenden Links (einige davon stehen m\u00f6glicherweise nicht in deutscher Sprache zur Verf\u00fcgung, die \u201eOpt-Out\u201c-Schaltfl\u00e4che ist jedoch leicht zu finden):<\/p>\n\n\n\n<ul class=\"wp-block-list\">\n<li><strong>Service:<\/strong>\u00a0Google Analytics.\u00a0<strong>Opt-out<\/strong><\/li>\n\n\n\n<li><strong>Service:<\/strong>\u00a0Google Doubleclick y Tagmanager.\u00a0<strong>Opt-out<\/strong><\/li>\n\n\n\n<li><strong>Service:\u00a0Opt-out<\/strong><\/li>\n<\/ul>\n\n\n\n<p>Bitte beachten Sie, dass, wenn Sie einmal die Cookies in Ihrem Browser l\u00f6schen, gegebenenfalls auch Ihre vorherigen Opt-Out-Einstellungen gel\u00f6scht werden, sodass Sie der Speicherung erneut widersprechen m\u00fcssen.<\/p>\n","protected":false},"excerpt":{"rendered":"<p>Cookie-Richtlinie Diese Hinweise wurden von Arenatours erstellt, um Sie dar\u00fcber zu informieren, was Cookies sind und welche Cookies wir auf unserer Website verwenden, sowie um Sie dabei zu unterst\u00fctzen, diese Cookies nach Ihren W\u00fcnschen zu verwalten. Zustimmung zur Cookies-Meldung erkl\u00e4ren Sie sich mit der Speicherung der Cookies einverstanden, \u00fcber die Sie von uns informiert wurden &#8230; <a title=\"Cookie-Richtlinie\" class=\"read-more\" href=\"https:\/\/arenatours.com\/de\/cookie-richtlinie\/\" aria-label=\"Mehr Informationen \u00fcber Cookie-Richtlinie\">Weiterlesen<\/a><\/p>\n","protected":false},"author":3,"featured_media":298894,"parent":0,"menu_order":100,"comment_status":"closed","ping_status":"closed","template":"","meta":{"_acf_changed":false,"footnotes":""},"class_list":["post-123783","page","type-page","status-publish","has-post-thumbnail"],"acf":[],"yoast_head":"<!-- This site is optimized with the Yoast SEO plugin v27.3 - https:\/\/yoast.com\/product\/yoast-seo-wordpress\/ -->\n<title>Arenatours Cookie-Richtlinie<\/title>\n<meta name=\"robots\" content=\"noindex, nofollow\" \/>\n<meta property=\"og:locale\" content=\"de_DE\" \/>\n<meta property=\"og:type\" content=\"article\" \/>\n<meta property=\"og:title\" content=\"Arenatours Cookie-Richtlinie\" \/>\n<meta property=\"og:description\" content=\"Cookie-Richtlinie Diese Hinweise wurden von Arenatours erstellt, um Sie dar\u00fcber zu informieren, was Cookies sind und welche Cookies wir auf unserer Website verwenden, sowie um Sie dabei zu unterst\u00fctzen, diese Cookies nach Ihren W\u00fcnschen zu verwalten. Zustimmung zur Cookies-Meldung erkl\u00e4ren Sie sich mit der Speicherung der Cookies einverstanden, \u00fcber die Sie von uns informiert wurden ... Weiterlesen\" \/>\n<meta property=\"og:url\" content=\"https:\/\/arenatours.com\/de\/cookie-richtlinie\/\" \/>\n<meta property=\"og:site_name\" content=\"Arenatours DE\" \/>\n<meta property=\"article:publisher\" content=\"https:\/\/facebook.com\/arenatoursofficial\" \/>\n<meta property=\"article:modified_time\" content=\"2024-11-05T16:00:56+00:00\" \/>\n<meta property=\"og:image\" content=\"http:\/\/arenatours.com\/wp-content\/uploads\/2020\/04\/viaje-maldivas-todo-incluido-oblu-select-slider-hp.jpg\" \/>\n\t<meta property=\"og:image:width\" content=\"1600\" \/>\n\t<meta property=\"og:image:height\" content=\"774\" \/>\n\t<meta property=\"og:image:type\" content=\"image\/jpeg\" \/>\n<meta name=\"twitter:card\" content=\"summary_large_image\" \/>\n<meta name=\"twitter:site\" content=\"@arenatours\" \/>\n<meta name=\"twitter:label1\" content=\"Gesch\u00e4tzte Lesezeit\" \/>\n\t<meta name=\"twitter:data1\" content=\"6\u00a0Minuten\" \/>\n<script type=\"application\/ld+json\" class=\"yoast-schema-graph\">{\"@context\":\"https:\\\/\\\/schema.org\",\"@graph\":[{\"@type\":\"WebPage\",\"@id\":\"https:\\\/\\\/arenatours.com\\\/de\\\/cookie-richtlinie\\\/\",\"url\":\"https:\\\/\\\/arenatours.com\\\/de\\\/cookie-richtlinie\\\/\",\"name\":\"Arenatours Cookie-Richtlinie\",\"isPartOf\":{\"@id\":\"http:\\\/\\\/arenatours.com\\\/de\\\/#website\"},\"primaryImageOfPage\":{\"@id\":\"https:\\\/\\\/arenatours.com\\\/de\\\/cookie-richtlinie\\\/#primaryimage\"},\"image\":{\"@id\":\"https:\\\/\\\/arenatours.com\\\/de\\\/cookie-richtlinie\\\/#primaryimage\"},\"thumbnailUrl\":\"https:\\\/\\\/arenatours.com\\\/wp-content\\\/uploads\\\/2020\\\/04\\\/viaje-maldivas-todo-incluido-oblu-select-slider-hp.jpg\",\"datePublished\":\"2016-08-16T14:19:56+00:00\",\"dateModified\":\"2024-11-05T16:00:56+00:00\",\"breadcrumb\":{\"@id\":\"https:\\\/\\\/arenatours.com\\\/de\\\/cookie-richtlinie\\\/#breadcrumb\"},\"inLanguage\":\"de\",\"potentialAction\":[{\"@type\":\"ReadAction\",\"target\":[\"https:\\\/\\\/arenatours.com\\\/de\\\/cookie-richtlinie\\\/\"]}]},{\"@type\":\"ImageObject\",\"inLanguage\":\"de\",\"@id\":\"https:\\\/\\\/arenatours.com\\\/de\\\/cookie-richtlinie\\\/#primaryimage\",\"url\":\"https:\\\/\\\/arenatours.com\\\/wp-content\\\/uploads\\\/2020\\\/04\\\/viaje-maldivas-todo-incluido-oblu-select-slider-hp.jpg\",\"contentUrl\":\"https:\\\/\\\/arenatours.com\\\/wp-content\\\/uploads\\\/2020\\\/04\\\/viaje-maldivas-todo-incluido-oblu-select-slider-hp.jpg\",\"width\":1600,\"height\":774},{\"@type\":\"BreadcrumbList\",\"@id\":\"https:\\\/\\\/arenatours.com\\\/de\\\/cookie-richtlinie\\\/#breadcrumb\",\"itemListElement\":[{\"@type\":\"ListItem\",\"position\":1,\"name\":\"Portada\",\"item\":\"https:\\\/\\\/arenatours.com\\\/de\\\/\"},{\"@type\":\"ListItem\",\"position\":2,\"name\":\"Cookie-Richtlinie\"}]},{\"@type\":\"WebSite\",\"@id\":\"http:\\\/\\\/arenatours.com\\\/de\\\/#website\",\"url\":\"http:\\\/\\\/arenatours.com\\\/de\\\/\",\"name\":\"Arenatours\",\"description\":\"Spezialisten f\u00fcr ma\u00dfgeschneiderte Reisen auf die Malediven und zu exotischen Reisezielen\",\"publisher\":{\"@id\":\"http:\\\/\\\/arenatours.com\\\/de\\\/#organization\"},\"potentialAction\":[{\"@type\":\"SearchAction\",\"target\":{\"@type\":\"EntryPoint\",\"urlTemplate\":\"http:\\\/\\\/arenatours.com\\\/de\\\/?s={search_term_string}\"},\"query-input\":{\"@type\":\"PropertyValueSpecification\",\"valueRequired\":true,\"valueName\":\"search_term_string\"}}],\"inLanguage\":\"de\"},{\"@type\":\"Organization\",\"@id\":\"http:\\\/\\\/arenatours.com\\\/de\\\/#organization\",\"name\":\"Arenatours\",\"url\":\"http:\\\/\\\/arenatours.com\\\/de\\\/\",\"logo\":{\"@type\":\"ImageObject\",\"inLanguage\":\"de\",\"@id\":\"http:\\\/\\\/arenatours.com\\\/de\\\/#\\\/schema\\\/logo\\\/image\\\/\",\"url\":\"https:\\\/\\\/arenatours.com\\\/wp-content\\\/uploads\\\/2024\\\/12\\\/logo-arenatours-x-1-1.png\",\"contentUrl\":\"https:\\\/\\\/arenatours.com\\\/wp-content\\\/uploads\\\/2024\\\/12\\\/logo-arenatours-x-1-1.png\",\"width\":1200,\"height\":728,\"caption\":\"Arenatours\"},\"image\":{\"@id\":\"http:\\\/\\\/arenatours.com\\\/de\\\/#\\\/schema\\\/logo\\\/image\\\/\"},\"sameAs\":[\"https:\\\/\\\/facebook.com\\\/arenatoursofficial\",\"https:\\\/\\\/x.com\\\/arenatours\"]}]}<\/script>\n<!-- \/ Yoast SEO plugin. -->","yoast_head_json":{"title":"Arenatours Cookie-Richtlinie","robots":{"index":"noindex","follow":"nofollow"},"og_locale":"de_DE","og_type":"article","og_title":"Arenatours Cookie-Richtlinie","og_description":"Cookie-Richtlinie Diese Hinweise wurden von Arenatours erstellt, um Sie dar\u00fcber zu informieren, was Cookies sind und welche Cookies wir auf unserer Website verwenden, sowie um Sie dabei zu unterst\u00fctzen, diese Cookies nach Ihren W\u00fcnschen zu verwalten. Zustimmung zur Cookies-Meldung erkl\u00e4ren Sie sich mit der Speicherung der Cookies einverstanden, \u00fcber die Sie von uns informiert wurden ... Weiterlesen","og_url":"https:\/\/arenatours.com\/de\/cookie-richtlinie\/","og_site_name":"Arenatours DE","article_publisher":"https:\/\/facebook.com\/arenatoursofficial","article_modified_time":"2024-11-05T16:00:56+00:00","og_image":[{"width":1600,"height":774,"url":"http:\/\/arenatours.com\/wp-content\/uploads\/2020\/04\/viaje-maldivas-todo-incluido-oblu-select-slider-hp.jpg","type":"image\/jpeg"}],"twitter_card":"summary_large_image","twitter_site":"@arenatours","twitter_misc":{"Gesch\u00e4tzte Lesezeit":"6\u00a0Minuten"},"schema":{"@context":"https:\/\/schema.org","@graph":[{"@type":"WebPage","@id":"https:\/\/arenatours.com\/de\/cookie-richtlinie\/","url":"https:\/\/arenatours.com\/de\/cookie-richtlinie\/","name":"Arenatours Cookie-Richtlinie","isPartOf":{"@id":"http:\/\/arenatours.com\/de\/#website"},"primaryImageOfPage":{"@id":"https:\/\/arenatours.com\/de\/cookie-richtlinie\/#primaryimage"},"image":{"@id":"https:\/\/arenatours.com\/de\/cookie-richtlinie\/#primaryimage"},"thumbnailUrl":"https:\/\/arenatours.com\/wp-content\/uploads\/2020\/04\/viaje-maldivas-todo-incluido-oblu-select-slider-hp.jpg","datePublished":"2016-08-16T14:19:56+00:00","dateModified":"2024-11-05T16:00:56+00:00","breadcrumb":{"@id":"https:\/\/arenatours.com\/de\/cookie-richtlinie\/#breadcrumb"},"inLanguage":"de","potentialAction":[{"@type":"ReadAction","target":["https:\/\/arenatours.com\/de\/cookie-richtlinie\/"]}]},{"@type":"ImageObject","inLanguage":"de","@id":"https:\/\/arenatours.com\/de\/cookie-richtlinie\/#primaryimage","url":"https:\/\/arenatours.com\/wp-content\/uploads\/2020\/04\/viaje-maldivas-todo-incluido-oblu-select-slider-hp.jpg","contentUrl":"https:\/\/arenatours.com\/wp-content\/uploads\/2020\/04\/viaje-maldivas-todo-incluido-oblu-select-slider-hp.jpg","width":1600,"height":774},{"@type":"BreadcrumbList","@id":"https:\/\/arenatours.com\/de\/cookie-richtlinie\/#breadcrumb","itemListElement":[{"@type":"ListItem","position":1,"name":"Portada","item":"https:\/\/arenatours.com\/de\/"},{"@type":"ListItem","position":2,"name":"Cookie-Richtlinie"}]},{"@type":"WebSite","@id":"http:\/\/arenatours.com\/de\/#website","url":"http:\/\/arenatours.com\/de\/","name":"Arenatours","description":"Spezialisten f\u00fcr ma\u00dfgeschneiderte Reisen auf die Malediven und zu exotischen Reisezielen","publisher":{"@id":"http:\/\/arenatours.com\/de\/#organization"},"potentialAction":[{"@type":"SearchAction","target":{"@type":"EntryPoint","urlTemplate":"http:\/\/arenatours.com\/de\/?s={search_term_string}"},"query-input":{"@type":"PropertyValueSpecification","valueRequired":true,"valueName":"search_term_string"}}],"inLanguage":"de"},{"@type":"Organization","@id":"http:\/\/arenatours.com\/de\/#organization","name":"Arenatours","url":"http:\/\/arenatours.com\/de\/","logo":{"@type":"ImageObject","inLanguage":"de","@id":"http:\/\/arenatours.com\/de\/#\/schema\/logo\/image\/","url":"https:\/\/arenatours.com\/wp-content\/uploads\/2024\/12\/logo-arenatours-x-1-1.png","contentUrl":"https:\/\/arenatours.com\/wp-content\/uploads\/2024\/12\/logo-arenatours-x-1-1.png","width":1200,"height":728,"caption":"Arenatours"},"image":{"@id":"http:\/\/arenatours.com\/de\/#\/schema\/logo\/image\/"},"sameAs":["https:\/\/facebook.com\/arenatoursofficial","https:\/\/x.com\/arenatours"]}]}},"_links":{"self":[{"href":"https:\/\/arenatours.com\/de\/wp-json\/wp\/v2\/pages\/123783","targetHints":{"allow":["GET"]}}],"collection":[{"href":"https:\/\/arenatours.com\/de\/wp-json\/wp\/v2\/pages"}],"about":[{"href":"https:\/\/arenatours.com\/de\/wp-json\/wp\/v2\/types\/page"}],"author":[{"embeddable":true,"href":"https:\/\/arenatours.com\/de\/wp-json\/wp\/v2\/users\/3"}],"replies":[{"embeddable":true,"href":"https:\/\/arenatours.com\/de\/wp-json\/wp\/v2\/comments?post=123783"}],"version-history":[{"count":7,"href":"https:\/\/arenatours.com\/de\/wp-json\/wp\/v2\/pages\/123783\/revisions"}],"predecessor-version":[{"id":329329,"href":"https:\/\/arenatours.com\/de\/wp-json\/wp\/v2\/pages\/123783\/revisions\/329329"}],"wp:featuredmedia":[{"embeddable":true,"href":"https:\/\/arenatours.com\/de\/wp-json\/wp\/v2\/media\/298894"}],"wp:attachment":[{"href":"https:\/\/arenatours.com\/de\/wp-json\/wp\/v2\/media?parent=123783"}],"curies":[{"name":"wp","href":"https:\/\/api.w.org\/{rel}","templated":true}]}}